{"id":26210,"date":"2026-03-18T12:09:23","date_gmt":"2026-03-18T12:09:23","guid":{"rendered":"https:\/\/soydeaqui.ddns.net\/pachuca\/index.php\/producto\/lector-con-teclado-capacitivo-signo-r40-multitecnologia-40knks-01-00001h-garantia-de-por-vida-pigtail-wiegand-osdp-mullion\/"},"modified":"2026-03-18T12:09:24","modified_gmt":"2026-03-18T12:09:24","slug":"lector-con-teclado-capacitivo-signo-r40-multitecnologia-40knks-01-00001h-garantia-de-por-vida-pigtail-wiegand-osdp-mullion","status":"publish","type":"product","link":"https:\/\/soydeaqui.ddns.net\/pachuca\/index.php\/producto\/lector-con-teclado-capacitivo-signo-r40-multitecnologia-40knks-01-00001h-garantia-de-por-vida-pigtail-wiegand-osdp-mullion\/","title":{"rendered":"Lector con Teclado Capacitivo SIGNO R40 Multitecnologia\/ 40KNKS-01-00001H\/ Garantia de Por Vida\/ Pigtail\/Wiegand &#038; OSDP\/Mullion"},"content":{"rendered":"<div style='width: 100%; max-width: 1200px; margin: 0 auto; font-family: sans-serif; line-height: 1.6; color: inherit; background-color: transparent;'>\n<div style='display: flex; flex-wrap: wrap; gap: 30px; margin-bottom: 30px;'>\n<div style='flex: 1 1 300px; min-width: 280px;'>\n<h3 style='font-size: 22px; border-bottom: 2px solid currentColor; padding-bottom: 5px; margin-top: 0; color: inherit; opacity: 0.8;'>Descripci\u00f3n<\/h3>\n<p style='margin: 0 0 15px; color: inherit; font-size: 15px;'>HID Signo\u2122 es la l\u00ednea ic\u00f3nica de lectores de control de acceso de HID Global. La versatilidad&comma; el rendimiento y las prestaciones de conexi\u00f3n de los lectores HID Signo marcan un nuevo punto de referencia en la industria como la soluci\u00f3n m\u00e1s adaptable&comma; interoperable y segura para el control de acceso electr\u00f3nico.<\/p>\n<\/p><\/div>\n<\/p><\/div>\n<div style='display: flex; flex-wrap: wrap; gap: 20px; margin-bottom: 30px;'>\n<div style='flex: 1 1 250px; border: 1px solid rgba(150&comma; 150&comma; 150&comma; 0.4); border-radius: 8px; overflow: hidden; display: flex; flex-direction: column;'>\n<div style='padding: 15px; border-bottom: 1px solid rgba(150&comma; 150&comma; 150&comma; 0.2); font-weight: bold; font-size: 18px; color: inherit;'>Caracter\u00edsticas t\u00e9cnicas<\/div>\n<div style='padding: 15px; color: inherit;'>\n<ul style='padding-left: 20px; margin: 0; font-size: 14px; list-style-type: disc;'>\n<li style='margin-bottom: 5px;'><strong>Lector modelo:<\/strong> 40KNKS-01-00001H<\/li>\n<li style='margin-bottom: 5px;'><strong>Alimentaci\u00f3n:<\/strong> 12 Vcc<\/li>\n<li style='margin-bottom: 5px;'><strong>Teclado:<\/strong> Dise\u00f1o 2 x 6<\/li>\n<li style='margin-bottom: 5px;'><strong>Salida del teclado:<\/strong> 4 bits<\/li>\n<li style='margin-bottom: 5px;'><strong>Tecnolog\u00eda soportada:<\/strong> Seos (Mobile IDs via NFC\/BLE)<\/li>\n<li style='margin-bottom: 5px;'><strong>Instalaci\u00f3n:<\/strong> Marcos de puerta o superficie plana<\/li>\n<li style='margin-bottom: 5px;'><strong>Dimensiones:<\/strong> 80 mm x 121.5 mm x 21.5 mm (3.16 pulgadas x 4.79 pulgadas x 0.8 pulgadas)<\/li>\n<li style='margin-bottom: 5px;'><strong>Entrada:<\/strong> LED tricolor&comma; indicador ac\u00fastico&comma; retenci\u00f3n en bajo activo<\/li>\n<li style='margin-bottom: 5px;'><strong>Salida de datos:<\/strong> Pigtail<\/li>\n<li style='margin-bottom: 5px;'><strong>Protocolos:<\/strong> Wiegand y RS-485 semid\u00faplex (OSDP)<\/li>\n<li style='margin-bottom: 5px;'><strong>Garant\u00eda:<\/strong> De por vida<\/li>\n<\/ul><\/div>\n<\/p><\/div>\n<\/p><\/div>\n<hr style='border: 0; border-top: 1px solid rgba(150&comma; 150&comma; 150&comma; 0.3); margin: 30px 0;'> <\/div>\n","protected":false},"excerpt":{"rendered":"<p>Lector con Teclado Capacitivo SIGNO R40 Multitecnologia\/ 40KNKS-01-00001H\/ Garantia de Por Vida\/ Pigtail\/Wiegand &#038; OSDP\/Mullion<\/p>\n","protected":false},"featured_media":26209,"comment_status":"open","ping_status":"closed","template":"","meta":[],"product_brand":[],"product_cat":[770],"product_tag":[814,466,771],"class_list":{"0":"post-26210","1":"product","2":"type-product","3":"status-publish","4":"has-post-thumbnail","6":"product_cat-mifare-iclass-13-56-mhz","7":"product_tag-hid","8":"product_tag-lectoras-y-tarjetas","9":"product_tag-mifare-iclass-13-56-mhz","11":"first","12":"outofstock","13":"sale","14":"shipping-taxable","15":"purchasable","16":"product-type-simple"},"yoast_head":"<!-- This site is optimized with the Yoast SEO plugin v27.4 - https:\/\/yoast.com\/product\/yoast-seo-wordpress\/ -->\r\n<title>Lector con Teclado Capacitivo SIGNO R40 Multitecnologia\/ 40KNKS-01-00001H\/ Garantia de Por Vida\/ Pigtail\/Wiegand &amp; OSDP\/Mullion - Instalaci\u00f3n de C\u00e1maras de Seguridad en Pachuca<\/title>\r\n<meta name=\"robots\" content=\"index, follow, max-snippet:-1, max-image-preview:large, max-video-preview:-1\" \/>\r\n<link rel=\"canonical\" href=\"https:\/\/soydeaqui.ddns.net\/pachuca\/index.php\/producto\/lector-con-teclado-capacitivo-signo-r40-multitecnologia-40knks-01-00001h-garantia-de-por-vida-pigtail-wiegand-osdp-mullion\/\" \/>\r\n<meta property=\"og:locale\" content=\"es_MX\" \/>\r\n<meta property=\"og:type\" content=\"article\" \/>\r\n<meta property=\"og:title\" content=\"Lector con Teclado Capacitivo SIGNO R40 Multitecnologia\/ 40KNKS-01-00001H\/ Garantia de Por Vida\/ Pigtail\/Wiegand &amp; OSDP\/Mullion - Instalaci\u00f3n de C\u00e1maras de Seguridad en Pachuca\" \/>\r\n<meta property=\"og:description\" content=\"Lector con Teclado Capacitivo SIGNO R40 Multitecnologia\/ 40KNKS-01-00001H\/ Garantia de Por Vida\/ Pigtail\/Wiegand &amp; OSDP\/Mullion\" \/>\r\n<meta property=\"og:url\" content=\"https:\/\/soydeaqui.ddns.net\/pachuca\/index.php\/producto\/lector-con-teclado-capacitivo-signo-r40-multitecnologia-40knks-01-00001h-garantia-de-por-vida-pigtail-wiegand-osdp-mullion\/\" \/>\r\n<meta property=\"og:site_name\" content=\"Instalaci\u00f3n de C\u00e1maras de Seguridad en Pachuca\" \/>\r\n<meta property=\"article:modified_time\" content=\"2026-03-18T12:09:24+00:00\" \/>\r\n<meta property=\"og:image\" content=\"https:\/\/soydeaqui.ddns.net\/pachuca\/wp-content\/uploads\/2026\/03\/RS40KS-l.png\" \/>\r\n\t<meta property=\"og:image:width\" content=\"1000\" \/>\r\n\t<meta property=\"og:image:height\" content=\"1000\" \/>\r\n\t<meta property=\"og:image:type\" content=\"image\/png\" \/>\r\n<meta name=\"twitter:card\" content=\"summary_large_image\" \/>\r\n<meta name=\"twitter:label1\" content=\"Tiempo de lectura\" \/>\n\t<meta name=\"twitter:data1\" content=\"1 minuto\" \/>\r\n<script type=\"application\/ld+json\" class=\"yoast-schema-graph\">{\"@context\":\"https:\\\/\\\/schema.org\",\"@graph\":[{\"@type\":\"WebPage\",\"@id\":\"https:\\\/\\\/soydeaqui.ddns.net\\\/pachuca\\\/index.php\\\/producto\\\/lector-con-teclado-capacitivo-signo-r40-multitecnologia-40knks-01-00001h-garantia-de-por-vida-pigtail-wiegand-osdp-mullion\\\/\",\"url\":\"https:\\\/\\\/soydeaqui.ddns.net\\\/pachuca\\\/index.php\\\/producto\\\/lector-con-teclado-capacitivo-signo-r40-multitecnologia-40knks-01-00001h-garantia-de-por-vida-pigtail-wiegand-osdp-mullion\\\/\",\"name\":\"Lector con Teclado Capacitivo SIGNO R40 Multitecnologia\\\/ 40KNKS-01-00001H\\\/ Garantia de Por Vida\\\/ Pigtail\\\/Wiegand & OSDP\\\/Mullion - Instalaci\u00f3n de C\u00e1maras de Seguridad en Pachuca\",\"isPartOf\":{\"@id\":\"https:\\\/\\\/soydeaqui.ddns.net\\\/pachuca\\\/#website\"},\"primaryImageOfPage\":{\"@id\":\"https:\\\/\\\/soydeaqui.ddns.net\\\/pachuca\\\/index.php\\\/producto\\\/lector-con-teclado-capacitivo-signo-r40-multitecnologia-40knks-01-00001h-garantia-de-por-vida-pigtail-wiegand-osdp-mullion\\\/#primaryimage\"},\"image\":{\"@id\":\"https:\\\/\\\/soydeaqui.ddns.net\\\/pachuca\\\/index.php\\\/producto\\\/lector-con-teclado-capacitivo-signo-r40-multitecnologia-40knks-01-00001h-garantia-de-por-vida-pigtail-wiegand-osdp-mullion\\\/#primaryimage\"},\"thumbnailUrl\":\"https:\\\/\\\/soydeaqui.ddns.net\\\/pachuca\\\/wp-content\\\/uploads\\\/2026\\\/03\\\/RS40KS-l.png\",\"datePublished\":\"2026-03-18T12:09:23+00:00\",\"dateModified\":\"2026-03-18T12:09:24+00:00\",\"breadcrumb\":{\"@id\":\"https:\\\/\\\/soydeaqui.ddns.net\\\/pachuca\\\/index.php\\\/producto\\\/lector-con-teclado-capacitivo-signo-r40-multitecnologia-40knks-01-00001h-garantia-de-por-vida-pigtail-wiegand-osdp-mullion\\\/#breadcrumb\"},\"inLanguage\":\"es\",\"potentialAction\":[{\"@type\":\"ReadAction\",\"target\":[\"https:\\\/\\\/soydeaqui.ddns.net\\\/pachuca\\\/index.php\\\/producto\\\/lector-con-teclado-capacitivo-signo-r40-multitecnologia-40knks-01-00001h-garantia-de-por-vida-pigtail-wiegand-osdp-mullion\\\/\"]}]},{\"@type\":\"ImageObject\",\"inLanguage\":\"es\",\"@id\":\"https:\\\/\\\/soydeaqui.ddns.net\\\/pachuca\\\/index.php\\\/producto\\\/lector-con-teclado-capacitivo-signo-r40-multitecnologia-40knks-01-00001h-garantia-de-por-vida-pigtail-wiegand-osdp-mullion\\\/#primaryimage\",\"url\":\"https:\\\/\\\/soydeaqui.ddns.net\\\/pachuca\\\/wp-content\\\/uploads\\\/2026\\\/03\\\/RS40KS-l.png\",\"contentUrl\":\"https:\\\/\\\/soydeaqui.ddns.net\\\/pachuca\\\/wp-content\\\/uploads\\\/2026\\\/03\\\/RS40KS-l.png\",\"width\":1000,\"height\":1000},{\"@type\":\"BreadcrumbList\",\"@id\":\"https:\\\/\\\/soydeaqui.ddns.net\\\/pachuca\\\/index.php\\\/producto\\\/lector-con-teclado-capacitivo-signo-r40-multitecnologia-40knks-01-00001h-garantia-de-por-vida-pigtail-wiegand-osdp-mullion\\\/#breadcrumb\",\"itemListElement\":[{\"@type\":\"ListItem\",\"position\":1,\"name\":\"Inicio\",\"item\":\"https:\\\/\\\/soydeaqui.ddns.net\\\/pachuca\\\/\"},{\"@type\":\"ListItem\",\"position\":2,\"name\":\"Shop\",\"item\":\"https:\\\/\\\/soydeaqui.ddns.net\\\/pachuca\\\/index.php\\\/shop\\\/\"},{\"@type\":\"ListItem\",\"position\":3,\"name\":\"Lector con Teclado Capacitivo SIGNO R40 Multitecnologia\\\/ 40KNKS-01-00001H\\\/ Garantia de Por Vida\\\/ Pigtail\\\/Wiegand &#038; OSDP\\\/Mullion\"}]},{\"@type\":\"WebSite\",\"@id\":\"https:\\\/\\\/soydeaqui.ddns.net\\\/pachuca\\\/#website\",\"url\":\"https:\\\/\\\/soydeaqui.ddns.net\\\/pachuca\\\/\",\"name\":\"Instalaci\u00f3n de C\u00e1maras de Seguridad en Pachuca\",\"description\":\"Instalaci\u00f3n de CCTV en Pachuca\",\"potentialAction\":[{\"@type\":\"SearchAction\",\"target\":{\"@type\":\"EntryPoint\",\"urlTemplate\":\"https:\\\/\\\/soydeaqui.ddns.net\\\/pachuca\\\/?s={search_term_string}\"},\"query-input\":{\"@type\":\"PropertyValueSpecification\",\"valueRequired\":true,\"valueName\":\"search_term_string\"}}],\"inLanguage\":\"es\"}]}<\/script>\r\n<!-- \/ Yoast SEO plugin. -->","yoast_head_json":{"title":"Lector con Teclado Capacitivo SIGNO R40 Multitecnologia\/ 40KNKS-01-00001H\/ Garantia de Por Vida\/ Pigtail\/Wiegand & OSDP\/Mullion - Instalaci\u00f3n de C\u00e1maras de Seguridad en Pachuca","robots":{"index":"index","follow":"follow","max-snippet":"max-snippet:-1","max-image-preview":"max-image-preview:large","max-video-preview":"max-video-preview:-1"},"canonical":"https:\/\/soydeaqui.ddns.net\/pachuca\/index.php\/producto\/lector-con-teclado-capacitivo-signo-r40-multitecnologia-40knks-01-00001h-garantia-de-por-vida-pigtail-wiegand-osdp-mullion\/","og_locale":"es_MX","og_type":"article","og_title":"Lector con Teclado Capacitivo SIGNO R40 Multitecnologia\/ 40KNKS-01-00001H\/ Garantia de Por Vida\/ Pigtail\/Wiegand & OSDP\/Mullion - Instalaci\u00f3n de C\u00e1maras de Seguridad en Pachuca","og_description":"Lector con Teclado Capacitivo SIGNO R40 Multitecnologia\/ 40KNKS-01-00001H\/ Garantia de Por Vida\/ Pigtail\/Wiegand & OSDP\/Mullion","og_url":"https:\/\/soydeaqui.ddns.net\/pachuca\/index.php\/producto\/lector-con-teclado-capacitivo-signo-r40-multitecnologia-40knks-01-00001h-garantia-de-por-vida-pigtail-wiegand-osdp-mullion\/","og_site_name":"Instalaci\u00f3n de C\u00e1maras de Seguridad en Pachuca","article_modified_time":"2026-03-18T12:09:24+00:00","og_image":[{"width":1000,"height":1000,"url":"https:\/\/soydeaqui.ddns.net\/pachuca\/wp-content\/uploads\/2026\/03\/RS40KS-l.png","type":"image\/png"}],"twitter_card":"summary_large_image","twitter_misc":{"Tiempo de lectura":"1 minuto"},"schema":{"@context":"https:\/\/schema.org","@graph":[{"@type":"WebPage","@id":"https:\/\/soydeaqui.ddns.net\/pachuca\/index.php\/producto\/lector-con-teclado-capacitivo-signo-r40-multitecnologia-40knks-01-00001h-garantia-de-por-vida-pigtail-wiegand-osdp-mullion\/","url":"https:\/\/soydeaqui.ddns.net\/pachuca\/index.php\/producto\/lector-con-teclado-capacitivo-signo-r40-multitecnologia-40knks-01-00001h-garantia-de-por-vida-pigtail-wiegand-osdp-mullion\/","name":"Lector con Teclado Capacitivo SIGNO R40 Multitecnologia\/ 40KNKS-01-00001H\/ Garantia de Por Vida\/ Pigtail\/Wiegand & OSDP\/Mullion - Instalaci\u00f3n de C\u00e1maras de Seguridad en Pachuca","isPartOf":{"@id":"https:\/\/soydeaqui.ddns.net\/pachuca\/#website"},"primaryImageOfPage":{"@id":"https:\/\/soydeaqui.ddns.net\/pachuca\/index.php\/producto\/lector-con-teclado-capacitivo-signo-r40-multitecnologia-40knks-01-00001h-garantia-de-por-vida-pigtail-wiegand-osdp-mullion\/#primaryimage"},"image":{"@id":"https:\/\/soydeaqui.ddns.net\/pachuca\/index.php\/producto\/lector-con-teclado-capacitivo-signo-r40-multitecnologia-40knks-01-00001h-garantia-de-por-vida-pigtail-wiegand-osdp-mullion\/#primaryimage"},"thumbnailUrl":"https:\/\/soydeaqui.ddns.net\/pachuca\/wp-content\/uploads\/2026\/03\/RS40KS-l.png","datePublished":"2026-03-18T12:09:23+00:00","dateModified":"2026-03-18T12:09:24+00:00","breadcrumb":{"@id":"https:\/\/soydeaqui.ddns.net\/pachuca\/index.php\/producto\/lector-con-teclado-capacitivo-signo-r40-multitecnologia-40knks-01-00001h-garantia-de-por-vida-pigtail-wiegand-osdp-mullion\/#breadcrumb"},"inLanguage":"es","potentialAction":[{"@type":"ReadAction","target":["https:\/\/soydeaqui.ddns.net\/pachuca\/index.php\/producto\/lector-con-teclado-capacitivo-signo-r40-multitecnologia-40knks-01-00001h-garantia-de-por-vida-pigtail-wiegand-osdp-mullion\/"]}]},{"@type":"ImageObject","inLanguage":"es","@id":"https:\/\/soydeaqui.ddns.net\/pachuca\/index.php\/producto\/lector-con-teclado-capacitivo-signo-r40-multitecnologia-40knks-01-00001h-garantia-de-por-vida-pigtail-wiegand-osdp-mullion\/#primaryimage","url":"https:\/\/soydeaqui.ddns.net\/pachuca\/wp-content\/uploads\/2026\/03\/RS40KS-l.png","contentUrl":"https:\/\/soydeaqui.ddns.net\/pachuca\/wp-content\/uploads\/2026\/03\/RS40KS-l.png","width":1000,"height":1000},{"@type":"BreadcrumbList","@id":"https:\/\/soydeaqui.ddns.net\/pachuca\/index.php\/producto\/lector-con-teclado-capacitivo-signo-r40-multitecnologia-40knks-01-00001h-garantia-de-por-vida-pigtail-wiegand-osdp-mullion\/#breadcrumb","itemListElement":[{"@type":"ListItem","position":1,"name":"Inicio","item":"https:\/\/soydeaqui.ddns.net\/pachuca\/"},{"@type":"ListItem","position":2,"name":"Shop","item":"https:\/\/soydeaqui.ddns.net\/pachuca\/index.php\/shop\/"},{"@type":"ListItem","position":3,"name":"Lector con Teclado Capacitivo SIGNO R40 Multitecnologia\/ 40KNKS-01-00001H\/ Garantia de Por Vida\/ Pigtail\/Wiegand &#038; OSDP\/Mullion"}]},{"@type":"WebSite","@id":"https:\/\/soydeaqui.ddns.net\/pachuca\/#website","url":"https:\/\/soydeaqui.ddns.net\/pachuca\/","name":"Instalaci\u00f3n de C\u00e1maras de Seguridad en Pachuca","description":"Instalaci\u00f3n de CCTV en Pachuca","potentialAction":[{"@type":"SearchAction","target":{"@type":"EntryPoint","urlTemplate":"https:\/\/soydeaqui.ddns.net\/pachuca\/?s={search_term_string}"},"query-input":{"@type":"PropertyValueSpecification","valueRequired":true,"valueName":"search_term_string"}}],"inLanguage":"es"}]}},"_links":{"self":[{"href":"https:\/\/soydeaqui.ddns.net\/pachuca\/index.php\/wp-json\/wp\/v2\/product\/26210","targetHints":{"allow":["GET"]}}],"collection":[{"href":"https:\/\/soydeaqui.ddns.net\/pachuca\/index.php\/wp-json\/wp\/v2\/product"}],"about":[{"href":"https:\/\/soydeaqui.ddns.net\/pachuca\/index.php\/wp-json\/wp\/v2\/types\/product"}],"replies":[{"embeddable":true,"href":"https:\/\/soydeaqui.ddns.net\/pachuca\/index.php\/wp-json\/wp\/v2\/comments?post=26210"}],"wp:featuredmedia":[{"embeddable":true,"href":"https:\/\/soydeaqui.ddns.net\/pachuca\/index.php\/wp-json\/wp\/v2\/media\/26209"}],"wp:attachment":[{"href":"https:\/\/soydeaqui.ddns.net\/pachuca\/index.php\/wp-json\/wp\/v2\/media?parent=26210"}],"wp:term":[{"taxonomy":"product_brand","embeddable":true,"href":"https:\/\/soydeaqui.ddns.net\/pachuca\/index.php\/wp-json\/wp\/v2\/product_brand?post=26210"},{"taxonomy":"product_cat","embeddable":true,"href":"https:\/\/soydeaqui.ddns.net\/pachuca\/index.php\/wp-json\/wp\/v2\/product_cat?post=26210"},{"taxonomy":"product_tag","embeddable":true,"href":"https:\/\/soydeaqui.ddns.net\/pachuca\/index.php\/wp-json\/wp\/v2\/product_tag?post=26210"}],"curies":[{"name":"wp","href":"https:\/\/api.w.org\/{rel}","templated":true}]}}