{"id":26187,"date":"2026-03-18T12:08:56","date_gmt":"2026-03-18T12:08:56","guid":{"rendered":"https:\/\/soydeaqui.ddns.net\/pachuca\/index.php\/producto\/lector-signo-multitecnologia-20tks-00-000000-garantia-de-por-vida-terminal-strip-wiegand-osdp\/"},"modified":"2026-03-18T12:08:57","modified_gmt":"2026-03-18T12:08:57","slug":"lector-signo-multitecnologia-20tks-00-000000-garantia-de-por-vida-terminal-strip-wiegand-osdp","status":"publish","type":"product","link":"https:\/\/soydeaqui.ddns.net\/pachuca\/index.php\/producto\/lector-signo-multitecnologia-20tks-00-000000-garantia-de-por-vida-terminal-strip-wiegand-osdp\/","title":{"rendered":"Lector SIGNO Multitecnologia\/ 20TKS-00-000000\/ Garantia de Por Vida\/ Terminal Strip \/Wiegand &#038; OSDP"},"content":{"rendered":"<div style='width: 100%; max-width: 1200px; margin: 0 auto; font-family: sans-serif; line-height: 1.6; color: inherit; background-color: transparent;'>\n<div style='display: flex; flex-wrap: wrap; gap: 30px; margin-bottom: 30px;'>\n<div style='flex: 1 1 300px; min-width: 280px;'>\n<h3 style='font-size: 22px; border-bottom: 2px solid currentColor; padding-bottom: 5px; margin-top: 0; color: inherit; opacity: 0.8;'>Descripci\u00f3n<\/h3>\n<p style='font-size: 15px; color: inherit;'>HID Signo\u2122 es la l\u00ednea ic\u00f3nica de lectores de control de acceso de HID Global. La versatilidad&comma; el rendimiento y las prestaciones de conexi\u00f3n de los lectores HID Signo marcan un nuevo punto de referencia en la industria como la soluci\u00f3n m\u00e1s adaptable&comma; interoperable y segura para el control de acceso electr\u00f3nico.<\/p>\n<\/p><\/div>\n<\/p><\/div>\n<div style='display: flex; flex-wrap: wrap; gap: 20px; margin-bottom: 30px;'>\n<div style='flex: 1 1 250px; border: 1px solid rgba(150&comma; 150&comma; 150&comma; 0.4); border-radius: 8px; overflow: hidden; display: flex; flex-direction: column;'>\n<div style='padding: 15px; border-bottom: 1px solid rgba(150&comma; 150&comma; 150&comma; 0.2); font-weight: bold; font-size: 18px; color: inherit;'>Caracter\u00edsticas<\/div>\n<div style='padding: 15px; color: inherit;'>\n<ul style='padding-left: 20px; margin: 0; font-size: 14px; list-style-type: disc;'>\n<li style='margin-bottom: 5px;'>Lector modelo 20TKS-00-000000<\/li>\n<li style='margin-bottom: 5px;'>Voltaje de alimentaci\u00f3n: 12 Vcc<\/li>\n<li style='margin-bottom: 5px;'>Tecnologia soportada: Seos&comma; iCLASS SE\u00ae&comma; iCLASS SR\u00ae&comma; iCLASS\u00ae&comma; MIFARE Classic&comma; MIFARE DESFire EV1 \/ EV2&comma; credenciales m\u00f3viles con tecnolog\u00eda Seos (HID Mobile Access).<\/li>\n<li style='margin-bottom: 5px;'>Tecnologia soportada: HID Proximity\u00ae&comma; Indala\u00ae Proximity&comma; AWID Proximity y EM Proximity<\/li>\n<li style='margin-bottom: 5px;'>Ideal para instalaci\u00f3n en marcos de puerta o en cualquier superficie de montaje plana<\/li>\n<li style='margin-bottom: 5px;'>Dimensiones: 45 mm x 121.5 mm x 19.5 mm (1.77 pulgadas x 4.78 pulgadas x 0.77 pulgadas)<\/li>\n<li style='margin-bottom: 5px;'>Entrada: LED tricolor&comma; indicador ac\u00fastico&comma; retenci\u00f3n en bajo activo.<\/li>\n<li style='margin-bottom: 5px;'>Salida de datos por <strong>Terminal Strip<\/strong><\/li>\n<li style='margin-bottom: 5px;'>Salida de datos: <strong>Wiegand<\/strong> y RS-485 semid\u00faplex (<strong>OSDP<\/strong>) a trav\u00e9s de cable flexible (18 pulgadas \/ 0.5 m) o regleta de bornes<\/li>\n<li style='margin-bottom: 5px;'>Garantia: De por vida.<\/li>\n<\/ul><\/div>\n<\/p><\/div>\n<\/p><\/div>\n<hr style='border: 0; border-top: 1px solid rgba(150&comma; 150&comma; 150&comma; 0.3); margin: 30px 0;'> <\/div>\n","protected":false},"excerpt":{"rendered":"<p>Lector SIGNO Multitecnologia\/ 20TKS-00-000000\/ Garantia de Por Vida\/ Terminal Strip \/Wiegand &#038; OSDP<\/p>\n","protected":false},"featured_media":26186,"comment_status":"open","ping_status":"closed","template":"","meta":[],"product_brand":[],"product_cat":[770],"product_tag":[814,466,771],"class_list":{"0":"post-26187","1":"product","2":"type-product","3":"status-publish","4":"has-post-thumbnail","6":"product_cat-mifare-iclass-13-56-mhz","7":"product_tag-hid","8":"product_tag-lectoras-y-tarjetas","9":"product_tag-mifare-iclass-13-56-mhz","11":"first","12":"instock","13":"sale","14":"shipping-taxable","15":"purchasable","16":"product-type-simple"},"_links":{"self":[{"href":"https:\/\/soydeaqui.ddns.net\/pachuca\/index.php\/wp-json\/wp\/v2\/product\/26187","targetHints":{"allow":["GET"]}}],"collection":[{"href":"https:\/\/soydeaqui.ddns.net\/pachuca\/index.php\/wp-json\/wp\/v2\/product"}],"about":[{"href":"https:\/\/soydeaqui.ddns.net\/pachuca\/index.php\/wp-json\/wp\/v2\/types\/product"}],"replies":[{"embeddable":true,"href":"https:\/\/soydeaqui.ddns.net\/pachuca\/index.php\/wp-json\/wp\/v2\/comments?post=26187"}],"wp:featuredmedia":[{"embeddable":true,"href":"https:\/\/soydeaqui.ddns.net\/pachuca\/index.php\/wp-json\/wp\/v2\/media\/26186"}],"wp:attachment":[{"href":"https:\/\/soydeaqui.ddns.net\/pachuca\/index.php\/wp-json\/wp\/v2\/media?parent=26187"}],"wp:term":[{"taxonomy":"product_brand","embeddable":true,"href":"https:\/\/soydeaqui.ddns.net\/pachuca\/index.php\/wp-json\/wp\/v2\/product_brand?post=26187"},{"taxonomy":"product_cat","embeddable":true,"href":"https:\/\/soydeaqui.ddns.net\/pachuca\/index.php\/wp-json\/wp\/v2\/product_cat?post=26187"},{"taxonomy":"product_tag","embeddable":true,"href":"https:\/\/soydeaqui.ddns.net\/pachuca\/index.php\/wp-json\/wp\/v2\/product_tag?post=26187"}],"curies":[{"name":"wp","href":"https:\/\/api.w.org\/{rel}","templated":true}]}}