{"id":26178,"date":"2026-03-18T12:08:45","date_gmt":"2026-03-18T12:08:45","guid":{"rendered":"https:\/\/soydeaqui.ddns.net\/pachuca\/index.php\/producto\/tarjeta-virtual-seos-licencia-para-aumento-de-tarjetas-a-la-subscripcion\/"},"modified":"2026-03-18T12:08:49","modified_gmt":"2026-03-18T12:08:49","slug":"tarjeta-virtual-seos-licencia-para-aumento-de-tarjetas-a-la-subscripcion","status":"publish","type":"product","link":"https:\/\/soydeaqui.ddns.net\/pachuca\/index.php\/producto\/tarjeta-virtual-seos-licencia-para-aumento-de-tarjetas-a-la-subscripcion\/","title":{"rendered":"Tarjeta Virtual SEOS \/ Licencia para Aumento de Tarjetas a la Subscripci\u00f3n"},"content":{"rendered":"<div style='width: 100%; max-width: 1200px; margin: 0 auto; font-family: sans-serif; line-height: 1.6; color: inherit; background-color: transparent;'>\n<div style='display: flex; flex-wrap: wrap; gap: 30px; margin-bottom: 30px;'>\n<div style='flex: 1 1 300px; min-width: 280px;'>\n<h3 style='font-size: 22px; border-bottom: 2px solid currentColor; padding-bottom: 5px; margin-top: 0; color: inherit; opacity: 0.8;'>L\u00f3gica de la Soluci\u00f3n<\/h3>\n<ul style='padding-left: 20px; font-size: 15px; color: inherit;'>\n<li style='margin-bottom: 15px;'>Cuando se desea <strong style='color: inherit;'>agregar<\/strong> m\u00e1s licencias al Portal creado con el modelo <a style='color: #005cb9; text-decoration: none;' href='https:\/\/www.syscom.mx\/principal\/searchcont?route=MID-SUB-T100-HID-168373&#038;autodetect=midsubt100' target='_blank' rel='noopener'>MID-SUB-T100<\/a> a una suscripci\u00f3n anual es necesario solicitarlas con el modelo <strong><a style='color: #005cb9; text-decoration: none;' href='https:\/\/www.syscom.mx\/principal\/searchcont?route=MIDSUBT100ADD-HID-185654&#038;autodetect=midsubt100' target='_blank' rel='noopener'>MIDSUBT100ADD.<\/a><\/strong><\/li>\n<li style='margin-bottom: 15px;'>En \u00e9ste tipo de Plan se considera precios prorrateados (Consulte con su Ejecutivo de Cuenta el precio que le corresponde).<\/li>\n<li>\n<div style='background-color: #f1c40f; padding: 10px; border-radius: 4px; margin-bottom: 10px;'> <strong style='color: inherit;'>PRODUCTO BAJO PEDIDO:<\/strong> <\/div>\n<div style='background-color: #f1c40f; padding: 10px; border-radius: 4px;'> <strong style='color: inherit;'>No es posible realizar compras directas en el Portal a pesar de que marque existencia puesto que est\u00e1n sujetas al env\u00edo de la informaci\u00f3n indispensable para procesar la compra&comma; ya que estas se hacen a la medida.<\/strong> <\/div>\n<\/li>\n<\/ul><\/div>\n<\/p><\/div>\n<div style='display: flex; flex-wrap: wrap; gap: 30px; margin-bottom: 30px;'>\n<div style='flex: 1 1 300px; min-width: 280px;'>\n<h3 style='font-size: 22px; border-bottom: 2px solid currentColor; padding-bottom: 5px; margin-top: 0; color: inherit; opacity: 0.8;'>\u00bfQu\u00e9 informaci\u00f3n requiere SYSCOM para entregar tarjetas virtuales?<\/h3>\n<ul style='padding-left: 20px; font-size: 15px; color: inherit;'>\n<li style='margin-bottom: 10px;'>Mobile Keyset (MOB o Elite)<\/li>\n<li style='margin-bottom: 10px;'>Organization ID<\/li>\n<li style='margin-bottom: 10px;'><strong style='color: inherit;'>Es <em style='color: inherit;'>indispensable<\/em> para ordenar indicar formato&comma; c\u00f3digo de sitio&comma; consecutivo de tarjeta. Por favor llenar el siguiente <a style='color: #005cb9; text-decoration: none;' href='https:\/\/ftp3.syscom.mx\/usuarios\/ftp\/2022\/03\/22\/813ac\/Solicitud_MIDSUBT100_1.docx' target='_blank' rel='noopener'>FORMULARIO<\/a><\/strong><\/li>\n<li><a style='color: #005cb9; text-decoration: none;' href='https:\/\/ftp3.syscom.mx\/usuarios\/ftp\/2021\/11\/12\/6fb01\/Datos_renovacion_MIDSUBT100.pdf' target='_blank' rel='noopener'><strong style='color: inherit;'>\u00bfC\u00f3mo encontrar los datos en su portal existente?<\/strong><\/a><\/li>\n<\/ul><\/div>\n<\/p><\/div>\n<\/p><\/div>\n","protected":false},"excerpt":{"rendered":"<p>Tarjeta Virtual SEOS \/ Licencia para Aumento de Tarjetas a la Subscripci\u00f3n<\/p>\n","protected":false},"featured_media":26177,"comment_status":"open","ping_status":"closed","template":"","meta":[],"product_brand":[],"product_cat":[808],"product_tag":[814,466,809],"class_list":{"0":"post-26178","1":"product","2":"type-product","3":"status-publish","4":"has-post-thumbnail","6":"product_cat-seos","7":"product_tag-hid","8":"product_tag-lectoras-y-tarjetas","9":"product_tag-seos","11":"first","12":"instock","13":"sale","14":"shipping-taxable","15":"purchasable","16":"product-type-simple"},"_links":{"self":[{"href":"https:\/\/soydeaqui.ddns.net\/pachuca\/index.php\/wp-json\/wp\/v2\/product\/26178","targetHints":{"allow":["GET"]}}],"collection":[{"href":"https:\/\/soydeaqui.ddns.net\/pachuca\/index.php\/wp-json\/wp\/v2\/product"}],"about":[{"href":"https:\/\/soydeaqui.ddns.net\/pachuca\/index.php\/wp-json\/wp\/v2\/types\/product"}],"replies":[{"embeddable":true,"href":"https:\/\/soydeaqui.ddns.net\/pachuca\/index.php\/wp-json\/wp\/v2\/comments?post=26178"}],"wp:featuredmedia":[{"embeddable":true,"href":"https:\/\/soydeaqui.ddns.net\/pachuca\/index.php\/wp-json\/wp\/v2\/media\/26177"}],"wp:attachment":[{"href":"https:\/\/soydeaqui.ddns.net\/pachuca\/index.php\/wp-json\/wp\/v2\/media?parent=26178"}],"wp:term":[{"taxonomy":"product_brand","embeddable":true,"href":"https:\/\/soydeaqui.ddns.net\/pachuca\/index.php\/wp-json\/wp\/v2\/product_brand?post=26178"},{"taxonomy":"product_cat","embeddable":true,"href":"https:\/\/soydeaqui.ddns.net\/pachuca\/index.php\/wp-json\/wp\/v2\/product_cat?post=26178"},{"taxonomy":"product_tag","embeddable":true,"href":"https:\/\/soydeaqui.ddns.net\/pachuca\/index.php\/wp-json\/wp\/v2\/product_tag?post=26178"}],"curies":[{"name":"wp","href":"https:\/\/api.w.org\/{rel}","templated":true}]}}