{"id":26176,"date":"2026-03-18T12:08:42","date_gmt":"2026-03-18T12:08:42","guid":{"rendered":"https:\/\/soydeaqui.ddns.net\/pachuca\/index.php\/producto\/operador-de-puertas-corredizas-de-680-kg-y-13-7-m\/"},"modified":"2026-03-18T12:08:43","modified_gmt":"2026-03-18T12:08:43","slug":"operador-de-puertas-corredizas-de-680-kg-y-13-7-m","status":"publish","type":"product","link":"https:\/\/soydeaqui.ddns.net\/pachuca\/index.php\/producto\/operador-de-puertas-corredizas-de-680-kg-y-13-7-m\/","title":{"rendered":"Operador de puertas corredizas de 680 Kg y 13.7 m"},"content":{"rendered":"<div style='width: 100%; max-width: 1200px; margin: 0 auto; font-family: sans-serif; line-height: 1.6; color: inherit; background-color: transparent;'>\n<div style='display: flex; flex-wrap: wrap; gap: 30px; margin-bottom: 30px;'>\n<div style='flex: 1 1 300px; min-width: 280px;'>\n<h3 style='font-size: 22px; border-bottom: 2px solid currentColor; padding-bottom: 5px; margin-top: 0; color: inherit; opacity: 0.8;'>Caracter\u00edsticas<\/h3>\n<ul style='padding-left: 20px; font-size: 15px; color: inherit;'>\n<li style='margin-bottom: 5px;'>Los l\u00edmites magn\u00e9ticos electr\u00f3nicos eliminan los interruptores mec\u00e1nicos de estilo antiguo que pueden desgastarse&comma; romperse o fallar<\/li>\n<li style='margin-bottom: 5px;'>Los l\u00edmites de autoajuste autom\u00e1tico significan que no hay ajustes de los interruptores de l\u00edmite&comma; nunca<\/li>\n<li style='margin-bottom: 5px;'>Seguridad: sistema de marcha atr\u00e1s mec\u00e1nico y electr\u00f3nico incorporado<\/li>\n<li style='margin-bottom: 5px;'>El tablero de control de microprocesador avanzado presenta interruptores de programaci\u00f3n para establecer el modo de operaci\u00f3n requerido y tiene puertos para detectores de bucle enchufables DKS para simplificar el cableado<\/li>\n<\/ul><\/div>\n<\/p><\/div>\n<div style='display: flex; flex-wrap: wrap; gap: 20px; margin-bottom: 30px;'>\n<div style='flex: 1 1 250px; border: 1px solid rgba(150&comma; 150&comma; 150&comma; 0.4); border-radius: 8px; overflow: hidden; display: flex; flex-direction: column;'>\n<div style='padding: 15px; border-bottom: 1px solid rgba(150&comma; 150&comma; 150&comma; 0.2); font-weight: bold; font-size: 18px; color: inherit;'>Especificaciones<\/div>\n<div style='padding: 15px; color: inherit;'>\n<ul style='padding-left: 20px; margin: 0; font-size: 14px; list-style-type: disc;'>\n<li style='margin-bottom: 5px;'><strong>HP:<\/strong> 1 HP<\/li>\n<li style='margin-bottom: 5px;'><strong>Longitud m\u00e1xima de la puerta:<\/strong> 45 ft (13.7 m)<\/li>\n<li style='margin-bottom: 5px;'><strong>Peso m\u00e1ximo de la puerta:<\/strong> 1500 lb (680 kg)<\/li>\n<li style='margin-bottom: 5px;'><strong>Motor:<\/strong> motor de CA de uso continuo de 1HP<\/li>\n<\/ul><\/div>\n<\/p><\/div>\n<\/p><\/div>\n<hr style='border: 0; border-top: 1px solid rgba(150&comma; 150&comma; 150&comma; 0.3); margin: 30px 0;'> <\/div>\n","protected":false},"excerpt":{"rendered":"<p>Operador de puertas corredizas de 680 Kg y 13.7 m<\/p>\n","protected":false},"featured_media":26175,"comment_status":"open","ping_status":"closed","template":"","meta":[],"product_brand":[],"product_cat":[860],"product_tag":[401,781,861],"class_list":{"0":"post-26176","1":"product","2":"type-product","3":"status-publish","4":"has-post-thumbnail","6":"product_cat-puertas-corredizas","7":"product_tag-acceso-vehicular","8":"product_tag-dks-doorking","9":"product_tag-puertas-corredizas","11":"first","12":"outofstock","13":"sale","14":"shipping-taxable","15":"purchasable","16":"product-type-simple"},"_links":{"self":[{"href":"https:\/\/soydeaqui.ddns.net\/pachuca\/index.php\/wp-json\/wp\/v2\/product\/26176","targetHints":{"allow":["GET"]}}],"collection":[{"href":"https:\/\/soydeaqui.ddns.net\/pachuca\/index.php\/wp-json\/wp\/v2\/product"}],"about":[{"href":"https:\/\/soydeaqui.ddns.net\/pachuca\/index.php\/wp-json\/wp\/v2\/types\/product"}],"replies":[{"embeddable":true,"href":"https:\/\/soydeaqui.ddns.net\/pachuca\/index.php\/wp-json\/wp\/v2\/comments?post=26176"}],"wp:featuredmedia":[{"embeddable":true,"href":"https:\/\/soydeaqui.ddns.net\/pachuca\/index.php\/wp-json\/wp\/v2\/media\/26175"}],"wp:attachment":[{"href":"https:\/\/soydeaqui.ddns.net\/pachuca\/index.php\/wp-json\/wp\/v2\/media?parent=26176"}],"wp:term":[{"taxonomy":"product_brand","embeddable":true,"href":"https:\/\/soydeaqui.ddns.net\/pachuca\/index.php\/wp-json\/wp\/v2\/product_brand?post=26176"},{"taxonomy":"product_cat","embeddable":true,"href":"https:\/\/soydeaqui.ddns.net\/pachuca\/index.php\/wp-json\/wp\/v2\/product_cat?post=26176"},{"taxonomy":"product_tag","embeddable":true,"href":"https:\/\/soydeaqui.ddns.net\/pachuca\/index.php\/wp-json\/wp\/v2\/product_tag?post=26176"}],"curies":[{"name":"wp","href":"https:\/\/api.w.org\/{rel}","templated":true}]}}