{"id":2617,"date":"2026-03-18T05:59:01","date_gmt":"2026-03-18T05:59:01","guid":{"rendered":"https:\/\/soydeaqui.ddns.net\/pachuca\/index.php\/producto\/mini-interruptor-inteligente-con-wi-fi-contacto-seco-1-canal-8a-compatible-con-asistentes-de-voz-alexa-y-googlehome\/"},"modified":"2026-03-18T05:59:02","modified_gmt":"2026-03-18T05:59:02","slug":"mini-interruptor-inteligente-con-wi-fi-contacto-seco-1-canal-8a-compatible-con-asistentes-de-voz-alexa-y-googlehome","status":"publish","type":"product","link":"https:\/\/soydeaqui.ddns.net\/pachuca\/index.php\/producto\/mini-interruptor-inteligente-con-wi-fi-contacto-seco-1-canal-8a-compatible-con-asistentes-de-voz-alexa-y-googlehome\/","title":{"rendered":"Mini Interruptor inteligente con Wi-Fi, contacto seco, 1 canal 8A, compatible con asistentes de voz Alexa y GoogleHome"},"content":{"rendered":"<div style='width: 100%; max-width: 1200px; margin: 0 auto; font-family: sans-serif; line-height: 1.6; color: inherit; background-color: transparent;'>\n<div style='width: 100%; margin-bottom: 30px;'>\n<p style='text-align: center; font-weight: bold; font-size: 18px; color: inherit; margin: 0 0 15px 0;'>Interruptor inteligente con Wi-Fi&comma; 1 canal 8 A<\/p>\n<p style='text-align: center; font-size: 14px; color: inherit; margin: 0;'>El interruptor de rel\u00e9 m\u00e1s peque\u00f1o del mundo para control inteligente. Automatiza tus luces&comma; puerta de garaje&comma; sistema de riego u otros peque\u00f1os electrodom\u00e9sticos en menos de 10 minutos y contr\u00f3lalos desde cualquier lugar. Lo suficientemente peque\u00f1o como para caber detr\u00e1s de cualquier interruptor o enchufe de pared&comma; Shelly Plus 1 Mini se puede adaptar y es altamente compatible con ecosistemas inteligentes existentes.<\/p>\n<\/p><\/div>\n<div style='display: flex; flex-wrap: wrap; gap: 30px; margin-bottom: 30px;'> <!-- Caracter\u00edsticas principales --> <\/p>\n<div style='flex: 1 1 300px; min-width: 280px;'>\n<h3 style='font-size: 22px; border-bottom: 2px solid currentColor; padding-bottom: 5px; margin-top: 0; color: inherit; opacity: 0.8;'>Caracter\u00edsticas principales<\/h3>\n<ul style='padding-left: 20px; font-size: 15px; color: inherit;'>\n<li style='margin-bottom: 5px;'>Control de encendido\/apagado desde app o voz<\/li>\n<li style='margin-bottom: 5px;'>Dise\u00f1o ultra compacto para instalaciones reducidas<\/li>\n<li style='margin-bottom: 5px;'>Compatible con interruptores f\u00edsicos existentes<\/li>\n<li style='margin-bottom: 5px;'>Conectividad WiFi 2.4GHz<\/li>\n<li style='margin-bottom: 5px;'>Bluetooth para configuraci\u00f3n inicial<\/li>\n<li style='margin-bottom: 5px;'>Sin necesidad de HUB<\/li>\n<li style='margin-bottom: 5px;'>Control local y remoto v\u00eda app Shelly Smart Control<\/li>\n<\/ul><\/div>\n<p> <!-- Especificaciones t\u00e9cnicas --> <\/p>\n<div style='flex: 1 1 300px; min-width: 280px;'>\n<h3 style='font-size: 22px; border-bottom: 2px solid currentColor; padding-bottom: 5px; margin-top: 0; color: inherit; opacity: 0.8;'>Especificaciones t\u00e9cnicas<\/h3>\n<ul style='padding-left: 20px; font-size: 15px; color: inherit;'>\n<li style='margin-bottom: 5px;'><strong>Alimentaci\u00f3n:<\/strong> 110-230V \u00b110% AC&comma; 50\/60Hz<\/li>\n<li style='margin-bottom: 5px;'><strong>Carga m\u00e1xima:<\/strong> 8A (2000W)<\/li>\n<li style='margin-bottom: 5px;'><strong>Consumo propio:<\/strong> < 1W<\/li>\n<li style='margin-bottom: 5px;'><strong>Temperatura operativa:<\/strong> -20\u00b0C a +40\u00b0C<\/li>\n<li style='margin-bottom: 5px;'>Interfaz Web Integrada<\/li>\n<li style='margin-bottom: 5px;'>Actualizaciones OTA (Over the Air)<\/li>\n<li style='margin-bottom: 5px;'><strong>Dimensiones:<\/strong> 29 x 35 x 16 mm<\/li>\n<\/ul><\/div>\n<p> <!-- Aplicaciones comunes --> <\/p>\n<div style='flex: 1 1 300px; min-width: 280px;'>\n<h3 style='font-size: 22px; border-bottom: 2px solid currentColor; padding-bottom: 5px; margin-top: 0; color: inherit; opacity: 0.8;'>Aplicaciones comunes<\/h3>\n<ul style='padding-left: 20px; font-size: 15px; color: inherit;'>\n<li style='margin-bottom: 5px;'>Automatizaci\u00f3n de interruptores de luz<\/li>\n<li style='margin-bottom: 5px;'>Control remoto de enchufes empotrados<\/li>\n<li style='margin-bottom: 5px;'>Compatibilidad con cajas de interruptores peque\u00f1as<\/li>\n<li style='margin-bottom: 5px;'>Integraci\u00f3n en sistemas dom\u00f3ticos con Alexa&comma; Google Assistant&comma; Home Assistant<\/li>\n<li style='margin-bottom: 5px;'><a href='https:\/\/kb.shelly.cloud\/knowledge-base\/shelly-1-mini-gen3' target='_blank' rel='noopener' style='color: inherit; text-decoration: underline;'>Base de conocimiento oficial de Shelly<\/a><\/li>\n<\/ul><\/div>\n<\/p><\/div>\n<p> <!-- Separador --> <\/p>\n<hr style='border: 0; border-top: 1px solid rgba(150&comma; 150&comma; 150&comma; 0.3); margin: 30px 0;'> <!-- Video --> <\/p>\n<div style='width: 100%; max-width: 800px; margin: 30px auto;'>\n<div style='position: relative; padding-bottom: 56.25%; height: 0; overflow: hidden;'> <video style='position: absolute; top: 0; left: 0; width: 100%; height: 100%; border: 1px solid rgba(150&comma;150&comma;150&comma;0.3); border-radius: 8px; background-color: rgba(0&comma;0&comma;0&comma;0.05);' controls><source src='http:\/\/ftp3.syscom.mx\/usuarios\/mbarrio\/shelly\/shelly1minigen4.mp4' type='video\/mp4'><\/video> <\/div>\n<\/p><\/div>\n<p> <!-- Im\u00e1genes --> <\/p>\n<div style='display: flex; flex-wrap: wrap; gap: 20px; justify-content: center; margin: 30px 0;'>\n<div style='flex: 1 1 300px; min-width: 280px;'> <img style='width: 100%; height: auto; border: 1px solid rgba(150&comma;150&comma;150&comma;0.3); border-radius: 8px;' src='http:\/\/ftp3.syscom.mx\/usuarios\/mbarrio\/shelly\/shelly1minigen3_1.JPG' alt=''> <\/div>\n<div style='flex: 1 1 300px; min-width: 280px;'> <img style='width: 100%; height: auto; border: 1px solid rgba(150&comma;150&comma;150&comma;0.3); border-radius: 8px;' src='http:\/\/ftp3.syscom.mx\/usuarios\/mbarrio\/shelly\/shelly1minigen3_1.png' alt=''> <\/div>\n<\/p><\/div>\n<\/p><\/div>\n","protected":false},"excerpt":{"rendered":"<p>Mini Interruptor inteligente con Wi-Fi, contacto seco, 1 canal 8A, compatible con asistentes de voz Alexa y GoogleHome<\/p>\n","protected":false},"featured_media":2616,"comment_status":"open","ping_status":"closed","template":"","meta":[],"product_brand":[],"product_cat":[56],"product_tag":[30,57,58],"class_list":{"0":"post-2617","1":"product","2":"type-product","3":"status-publish","4":"has-post-thumbnail","6":"product_cat-control-de-iluminacion","7":"product_tag-automatizacion-casa-inteligente","8":"product_tag-control-de-iluminacion","9":"product_tag-shelly","11":"first","12":"instock","13":"sale","14":"shipping-taxable","15":"purchasable","16":"product-type-simple"},"_links":{"self":[{"href":"https:\/\/soydeaqui.ddns.net\/pachuca\/index.php\/wp-json\/wp\/v2\/product\/2617","targetHints":{"allow":["GET"]}}],"collection":[{"href":"https:\/\/soydeaqui.ddns.net\/pachuca\/index.php\/wp-json\/wp\/v2\/product"}],"about":[{"href":"https:\/\/soydeaqui.ddns.net\/pachuca\/index.php\/wp-json\/wp\/v2\/types\/product"}],"replies":[{"embeddable":true,"href":"https:\/\/soydeaqui.ddns.net\/pachuca\/index.php\/wp-json\/wp\/v2\/comments?post=2617"}],"wp:featuredmedia":[{"embeddable":true,"href":"https:\/\/soydeaqui.ddns.net\/pachuca\/index.php\/wp-json\/wp\/v2\/media\/2616"}],"wp:attachment":[{"href":"https:\/\/soydeaqui.ddns.net\/pachuca\/index.php\/wp-json\/wp\/v2\/media?parent=2617"}],"wp:term":[{"taxonomy":"product_brand","embeddable":true,"href":"https:\/\/soydeaqui.ddns.net\/pachuca\/index.php\/wp-json\/wp\/v2\/product_brand?post=2617"},{"taxonomy":"product_cat","embeddable":true,"href":"https:\/\/soydeaqui.ddns.net\/pachuca\/index.php\/wp-json\/wp\/v2\/product_cat?post=2617"},{"taxonomy":"product_tag","embeddable":true,"href":"https:\/\/soydeaqui.ddns.net\/pachuca\/index.php\/wp-json\/wp\/v2\/product_tag?post=2617"}],"curies":[{"name":"wp","href":"https:\/\/api.w.org\/{rel}","templated":true}]}}