{"id":26141,"date":"2026-03-18T12:07:58","date_gmt":"2026-03-18T12:07:58","guid":{"rendered":"https:\/\/soydeaqui.ddns.net\/pachuca\/index.php\/producto\/barrera-vehicular-hidraulica-faac-615-ideal-para-accesos-de-medio-flujo-soporta-brazos-de-hasta-4-8-metros\/"},"modified":"2026-03-18T12:08:04","modified_gmt":"2026-03-18T12:08:04","slug":"barrera-vehicular-hidraulica-faac-615-ideal-para-accesos-de-medio-flujo-soporta-brazos-de-hasta-4-8-metros","status":"publish","type":"product","link":"https:\/\/soydeaqui.ddns.net\/pachuca\/index.php\/producto\/barrera-vehicular-hidraulica-faac-615-ideal-para-accesos-de-medio-flujo-soporta-brazos-de-hasta-4-8-metros\/","title":{"rendered":"Barrera Vehicular Hidraulica FAAC 615 \/ Ideal Para Accesos de Medio Flujo \/ Soporta Brazos de Hasta 4.8 Metros"},"content":{"rendered":"<div style='width: 100%; max-width: 1200px; margin: 0 auto; font-family: sans-serif; line-height: 1.6; color: inherit; background-color: transparent;'>\n<div style='display: flex; flex-wrap: wrap; gap: 30px; margin-bottom: 30px;'>\n<div style='flex: 1 1 300px; min-width: 280px;'>\n<h3 style='font-size: 22px; border-bottom: 2px solid currentColor; padding-bottom: 5px; margin-top: 0; color: inherit; opacity: 0.8;'>Caracter\u00edsticas principales<\/h3>\n<ul style='padding-left: 20px; font-size: 15px; color: inherit;'>\n<li style='margin-bottom: 5px;'>Barrera vehicular hidr\u00e1ulica<\/li>\n<li style='margin-bottom: 5px;'>Protecci\u00f3n t\u00e9rmica 120 \u00b0C<\/li>\n<li style='margin-bottom: 5px;'>Temperatura de operaci\u00f3n -20\u00b0C a 55\u00b0C.<\/li>\n<\/ul><\/div>\n<div style='flex: 1 1 300px; min-width: 280px;'>\n<h3 style='font-size: 22px; border-bottom: 2px solid currentColor; padding-bottom: 5px; margin-top: 0; color: inherit; opacity: 0.8;'>Caracter\u00edsticas F\u00edsicas y El\u00e9ctricas<\/h3>\n<ul style='padding-left: 20px; font-size: 15px; color: inherit;'>\n<li style='margin-bottom: 5px;'>Alimentaci\u00f3n 115 Vac.<\/li>\n<li style='margin-bottom: 5px;'>Consumo el\u00e9ctrico 2 Amp.<\/li>\n<li style='margin-bottom: 5px;'>Dimensiones 270 x 140 x 1065 mm<\/li>\n<\/ul><\/div>\n<div style='flex: 1 1 300px; min-width: 280px;'>\n<h3 style='font-size: 22px; border-bottom: 2px solid currentColor; padding-bottom: 5px; margin-top: 0; color: inherit; opacity: 0.8;'>Caracter\u00edsticas Destacadas<\/h3>\n<ul style='padding-left: 20px; font-size: 15px; color: inherit;'>\n<li style='margin-bottom: 5px;'>Liberaci\u00f3n manual por llave triangular.<\/li>\n<li style='margin-bottom: 5px;'>Ideal para accesos de medio tr\u00e1fico.<\/li>\n<li style='margin-bottom: 5px;'>Equipada con switches de l\u00edmite magn\u00e9ticos.<\/li>\n<\/ul><\/div>\n<\/p><\/div>\n<hr style='border: 0; border-top: 1px solid rgba(150&comma; 150&comma; 150&comma; 0.3); margin: 30px 0;'>\n<div style='display: flex; flex-wrap: wrap; gap: 30px; margin-bottom: 30px;'>\n<div style='flex: 1 1 300px; min-width: 280px;'>\n<h3 style='font-size: 22px; border-bottom: 2px solid currentColor; padding-bottom: 5px; margin-top: 0; color: inherit; opacity: 0.8;'>Contenido del modelo<\/h3>\n<ul style='padding-left: 20px; font-size: 15px; color: inherit;'>\n<li style='margin-bottom: 5px;'>Barrera vehicular FAAC 615 <strong>1049062<\/strong><\/li>\n<\/ul>\n<h3 style='font-size: 22px; border-bottom: 2px solid currentColor; padding-bottom: 5px; margin-top: 20px; color: inherit; opacity: 0.8;'>Caracter\u00edsticas adicionales<\/h3>\n<ul style='padding-left: 20px; font-size: 15px; color: inherit;'>\n<li style='margin-bottom: 5px;'>Color naranja RAL 2004<\/li>\n<li style='margin-bottom: 5px;'>Frecuencia de uso del 50%<\/li>\n<li style='margin-bottom: 5px;'>Proteccion Termina<\/li>\n<li style='margin-bottom: 5px;'>Soporta brazo de perfil rectangular y redondo (Requiere enganche adecuado que se vende por separado)<\/li>\n<li style='margin-bottom: 5px;'>Versi\u00f3n Standard para brazo de hasta 4.8 metros<\/li>\n<li style='margin-bottom: 5px;'>Tarjeta electronica 615BPR integrada.<\/li>\n<\/ul>\n<h3 style='font-size: 22px; border-bottom: 2px solid currentColor; padding-bottom: 5px; margin-top: 20px; color: inherit; opacity: 0.8;'>Notas adicionales<\/h3>\n<ul style='padding-left: 20px; font-size: 15px; color: inherit;'>\n<li style='margin-bottom: 5px;'><strong>Utilice aceite Shell Tellus 22 para su mantenimiento<\/strong><\/li>\n<li style='margin-bottom: 5px;'>Equipo con un a\u00f1o de garant\u00eda<\/li>\n<\/ul><\/div>\n<div style='flex: 1 1 300px; min-width: 280px;'> <img style='width: 100%; height: auto; border: 1px solid rgba(150&comma;150&comma;150&comma;0.3); border-radius: 8px;' src='https:\/\/ftp3.syscom.mx\/usuarios\/fotos\/BancoFotografiasSyscom\/FAAC\/1049062\/1049062-p.PNG' alt=''> <\/div>\n<\/p><\/div>\n<hr style='border: 0; border-top: 1px solid rgba(150&comma; 150&comma; 150&comma; 0.3); margin: 30px 0;'>\n<div style='margin-bottom: 30px;'>\n<h3 style='font-size: 22px; text-align: center; border-bottom: 2px solid currentColor; padding-bottom: 5px; margin-bottom: 20px; color: inherit; opacity: 0.8;'>Accesorios recomendados para una instalaci\u00f3n no incluidos<\/h3>\n<div style='display: flex; flex-direction: column; gap: 15px;'>\n<p style='text-align: center; margin: 0; font-size: 15px; color: inherit;'>Enganche para brazo rectangular <strong>428342<\/strong><\/p>\n<p style='text-align: center; margin: 0; font-size: 15px; color: inherit;'>Brazo de perfil rectangular de 3.8 mts <strong>428090<\/strong> requiere un resorte de di\u00e1metro 7 <strong>721006<\/strong><\/p>\n<p style='text-align: center; margin: 0; font-size: 15px; color: inherit;'>Brazo de perfil rectangular de 4.8 mts <strong>428091<\/strong> requiere un resorte de di\u00e1metro 8 <strong>721018<\/strong><\/p>\n<p style='text-align: center; margin: 0; font-size: 15px; color: inherit;'>Base de fijaci\u00f3n para barreras FAAC 615 <strong>490073<\/strong><\/p>\n<p style='text-align: center; margin: 0; font-size: 15px; color: inherit;'>Fotocelda de seguridad FAAC de hasta 20 mts de alcance <strong>785102<\/strong><\/p>\n<\/p><\/div>\n<\/p><\/div>\n<hr style='border: 0; border-top: 1px solid rgba(150&comma; 150&comma; 150&comma; 0.3); margin: 30px 0;'>\n<div style='text-align: center; margin: 30px 0;'>\n<p style='font-size: 15px; color: inherit; margin: 0;'><strong>NOTA:<\/strong> Considerar descansabrazos <a href='https:\/\/www.syscom.mx\/principal\/searchcont?route=XB-POST-AccessPRO-Industrial-183352&#038;autodetect=xbpost' target='_blank' rel='noopener' style='color: #0091ff; text-decoration: none;'>XB-POST<\/a> en brazos de 4 m o m\u00e1s para evitar da\u00f1o prematuro del mecanismo.<\/p>\n<\/p><\/div>\n<hr style='border: 0; border-top: 1px solid rgba(150&comma; 150&comma; 150&comma; 0.3); margin: 30px 0;'> <\/div>\n","protected":false},"excerpt":{"rendered":"<p>Barrera Vehicular Hidraulica FAAC 615 \/ Ideal Para Accesos de Medio Flujo \/ Soporta Brazos de Hasta 4.8 Metros<\/p>\n","protected":false},"featured_media":26140,"comment_status":"open","ping_status":"closed","template":"","meta":[],"product_brand":[],"product_cat":[748],"product_tag":[401,749,778],"class_list":{"0":"post-26141","1":"product","2":"type-product","3":"status-publish","4":"has-post-thumbnail","6":"product_cat-barreras-vehiculares","7":"product_tag-acceso-vehicular","8":"product_tag-barreras-vehiculares","9":"product_tag-faac","11":"first","12":"outofstock","13":"sale","14":"shipping-taxable","15":"purchasable","16":"product-type-simple"},"_links":{"self":[{"href":"https:\/\/soydeaqui.ddns.net\/pachuca\/index.php\/wp-json\/wp\/v2\/product\/26141","targetHints":{"allow":["GET"]}}],"collection":[{"href":"https:\/\/soydeaqui.ddns.net\/pachuca\/index.php\/wp-json\/wp\/v2\/product"}],"about":[{"href":"https:\/\/soydeaqui.ddns.net\/pachuca\/index.php\/wp-json\/wp\/v2\/types\/product"}],"replies":[{"embeddable":true,"href":"https:\/\/soydeaqui.ddns.net\/pachuca\/index.php\/wp-json\/wp\/v2\/comments?post=26141"}],"wp:featuredmedia":[{"embeddable":true,"href":"https:\/\/soydeaqui.ddns.net\/pachuca\/index.php\/wp-json\/wp\/v2\/media\/26140"}],"wp:attachment":[{"href":"https:\/\/soydeaqui.ddns.net\/pachuca\/index.php\/wp-json\/wp\/v2\/media?parent=26141"}],"wp:term":[{"taxonomy":"product_brand","embeddable":true,"href":"https:\/\/soydeaqui.ddns.net\/pachuca\/index.php\/wp-json\/wp\/v2\/product_brand?post=26141"},{"taxonomy":"product_cat","embeddable":true,"href":"https:\/\/soydeaqui.ddns.net\/pachuca\/index.php\/wp-json\/wp\/v2\/product_cat?post=26141"},{"taxonomy":"product_tag","embeddable":true,"href":"https:\/\/soydeaqui.ddns.net\/pachuca\/index.php\/wp-json\/wp\/v2\/product_tag?post=26141"}],"curies":[{"name":"wp","href":"https:\/\/api.w.org\/{rel}","templated":true}]}}