{"id":2613,"date":"2026-03-18T05:59:00","date_gmt":"2026-03-18T05:59:00","guid":{"rendered":"https:\/\/soydeaqui.ddns.net\/pachuca\/index.php\/producto\/relevador-inalambrico-inteligente-16a-110-230-v-1-salida-de-contacto-seco-compatible-con-asistente-de-voz-alexa-google-home\/"},"modified":"2026-03-18T05:59:01","modified_gmt":"2026-03-18T05:59:01","slug":"relevador-inalambrico-inteligente-16a-110-230-v-1-salida-de-contacto-seco-compatible-con-asistente-de-voz-alexa-google-home","status":"publish","type":"product","link":"https:\/\/soydeaqui.ddns.net\/pachuca\/index.php\/producto\/relevador-inalambrico-inteligente-16a-110-230-v-1-salida-de-contacto-seco-compatible-con-asistente-de-voz-alexa-google-home\/","title":{"rendered":"Relevador inal\u00e1mbrico inteligente 16A, 110-230 V, 1  salida de contacto seco, compatible con asistente de voz Alexa, Google Home"},"content":{"rendered":"<div style='width: 100%; max-width: 1200px; margin: 0 auto; font-family: sans-serif; line-height: 1.6; color: inherit; background-color: transparent;'>\n<p style='text-align: center;'><strong>Automatizaci\u00f3n vers\u00e1til para cualquier proyecto<\/strong><\/p>\n<p style='text-align: center;'>\n<p style='text-align: center;'>Nuestro \u00e9xito de ventas&comma; ahora a\u00fan m\u00e1s potente&comma; equipado con nuestro chip Shelly. Perfecto para automatizar la iluminaci\u00f3n&comma; gestionar puertas de garaje y modernizar electrodom\u00e9sticos antiguos&comma; Shelly 1 Gen3 es la opci\u00f3n ideal para crear un hogar y una oficina m\u00e1s eficientes y conectados. Su versatilidad lo hace ideal para una amplia gama de proyectos de automatizaci\u00f3n.<\/p>\n<p style='text-align: center;'>\n<div style='display: flex; flex-wrap: wrap; gap: 30px; margin-bottom: 30px;'>\n<div style='flex: 1 1 300px; min-width: 280px;'>\n<h3 style='font-size: 22px; border-bottom: 2px solid currentColor; padding-bottom: 5px; margin-top: 0; color: inherit; opacity: 0.8;'>Caracter\u00edsticas principales<\/h3>\n<ul style='padding-left: 20px; font-size: 15px; color: inherit;'>\n<li style='margin-bottom: 5px;'>No requiere HUB<\/li>\n<li style='margin-bottom: 5px;'>Contacto seco<\/li>\n<li style='margin-bottom: 5px;'>Protecci\u00f3n contra temperatura<\/li>\n<li style='margin-bottom: 5px;'>Protecci\u00f3n contra sobrecarga<\/li>\n<li style='margin-bottom: 5px;'>Canales: 1<\/li>\n<li style='margin-bottom: 5px;'>Conectividad WiFi 2.4GHz<\/li>\n<li style='margin-bottom: 5px;'>Bluetooth configuracion y control.<\/li>\n<\/ul><\/div>\n<div style='flex: 1 1 300px; min-width: 280px;'>\n<h3 style='font-size: 22px; border-bottom: 2px solid currentColor; padding-bottom: 5px; margin-top: 0; color: inherit; opacity: 0.8;'>Caracter\u00edsticas f\u00edsicas y el\u00e9ctricas<\/h3>\n<ul style='padding-left: 20px; font-size: 15px; color: inherit;'>\n<li style='margin-bottom: 5px;'>Alimentaci\u00f3n AC: 110V &#8211; 230V&comma; 50\/60Hz<\/li>\n<li style='margin-bottom: 5px;'>Alimentaci\u00f3n DC: 12V (estabilizado)&comma; 24 &#8211; 48V<\/li>\n<li style='margin-bottom: 5px;'>Carga m\u00e1xima soportada: 16A<\/li>\n<li style='margin-bottom: 5px;'>Temperatura de operaci\u00f3n: -20\u00b0C a +40\u00b0C<\/li>\n<li style='margin-bottom: 5px;'>Consumo de corriente: < 1W<\/li>\n<li style='margin-bottom: 5px;'>Dimensiones: 41mm x 36mm x 16mm<\/li>\n<li style='margin-bottom: 5px;'>Usuarios simult\u00e1neos: 10 (compartible hasta 100)<\/li>\n<\/ul><\/div>\n<div style='flex: 1 1 300px; min-width: 280px;'>\n<h3 style='font-size: 22px; border-bottom: 2px solid currentColor; padding-bottom: 5px; margin-top: 0; color: inherit; opacity: 0.8;'>Ejemplos de instalaci\u00f3n<\/h3>\n<ul style='padding-left: 20px; font-size: 15px; color: inherit;'>\n<li style='margin-bottom: 5px;'>Iluminaci\u00f3n<\/li>\n<li style='margin-bottom: 5px;'>Sirena o estrobo<\/li>\n<li style='margin-bottom: 5px;'>Cerco el\u00e9ctrico<\/li>\n<li style='margin-bottom: 5px;'>Chapa el\u00e9ctrica<\/li>\n<li style='margin-bottom: 5px;'>Puerta de garage<\/li>\n<li style='margin-bottom: 5px;'><a href='https:\/\/kb.shelly.cloud\/knowledge-base\/devices' target='_blank' rel='noopener' style='color: inherit; text-decoration: underline;'>Material de apoyo &#8211; Base de datos<\/a><\/li>\n<\/ul><\/div>\n<\/p><\/div>\n<div style='display: flex; flex-direction: column; align-items: center; justify-content: center; margin: 30px 0;'> <img style='width: 100%; height: auto; border: 1px solid rgba(150&comma;150&comma;150&comma;0.3); border-radius: 8px;' src='http:\/\/ftp3.syscom.mx\/usuarios\/mbarrio\/shelly\/shelly1gen3_1.png' alt=''> <\/p>\n<div style='height: 20px;'><\/div>\n<p> <img style='width: 100%; height: auto; border: 1px solid rgba(150&comma;150&comma;150&comma;0.3); border-radius: 8px;' src='http:\/\/ftp3.syscom.mx\/usuarios\/mbarrio\/shelly\/shelly1gen3_2.png' alt=''> <\/div>\n<\/p><\/div>\n","protected":false},"excerpt":{"rendered":"<p>Relevador inal\u00e1mbrico inteligente 16A, 110-230 V, 1  salida de contacto seco, compatible con asistente de voz Alexa, Google Home<\/p>\n","protected":false},"featured_media":2612,"comment_status":"open","ping_status":"closed","template":"","meta":[],"product_brand":[],"product_cat":[56],"product_tag":[30,57,58],"class_list":{"0":"post-2613","1":"product","2":"type-product","3":"status-publish","4":"has-post-thumbnail","6":"product_cat-control-de-iluminacion","7":"product_tag-automatizacion-casa-inteligente","8":"product_tag-control-de-iluminacion","9":"product_tag-shelly","11":"first","12":"instock","13":"sale","14":"shipping-taxable","15":"purchasable","16":"product-type-simple"},"_links":{"self":[{"href":"https:\/\/soydeaqui.ddns.net\/pachuca\/index.php\/wp-json\/wp\/v2\/product\/2613","targetHints":{"allow":["GET"]}}],"collection":[{"href":"https:\/\/soydeaqui.ddns.net\/pachuca\/index.php\/wp-json\/wp\/v2\/product"}],"about":[{"href":"https:\/\/soydeaqui.ddns.net\/pachuca\/index.php\/wp-json\/wp\/v2\/types\/product"}],"replies":[{"embeddable":true,"href":"https:\/\/soydeaqui.ddns.net\/pachuca\/index.php\/wp-json\/wp\/v2\/comments?post=2613"}],"wp:featuredmedia":[{"embeddable":true,"href":"https:\/\/soydeaqui.ddns.net\/pachuca\/index.php\/wp-json\/wp\/v2\/media\/2612"}],"wp:attachment":[{"href":"https:\/\/soydeaqui.ddns.net\/pachuca\/index.php\/wp-json\/wp\/v2\/media?parent=2613"}],"wp:term":[{"taxonomy":"product_brand","embeddable":true,"href":"https:\/\/soydeaqui.ddns.net\/pachuca\/index.php\/wp-json\/wp\/v2\/product_brand?post=2613"},{"taxonomy":"product_cat","embeddable":true,"href":"https:\/\/soydeaqui.ddns.net\/pachuca\/index.php\/wp-json\/wp\/v2\/product_cat?post=2613"},{"taxonomy":"product_tag","embeddable":true,"href":"https:\/\/soydeaqui.ddns.net\/pachuca\/index.php\/wp-json\/wp\/v2\/product_tag?post=2613"}],"curies":[{"name":"wp","href":"https:\/\/api.w.org\/{rel}","templated":true}]}}