{"id":26067,"date":"2026-03-18T12:06:32","date_gmt":"2026-03-18T12:06:32","guid":{"rendered":"https:\/\/soydeaqui.ddns.net\/pachuca\/index.php\/producto\/lector-esclavo-de-tarjetas-con-teclado-de-uso-en-exterior-multitecnolgia-nfc-y-bluetooth\/"},"modified":"2026-03-18T12:06:35","modified_gmt":"2026-03-18T12:06:35","slug":"lector-esclavo-de-tarjetas-con-teclado-de-uso-en-exterior-multitecnolgia-nfc-y-bluetooth","status":"publish","type":"product","link":"https:\/\/soydeaqui.ddns.net\/pachuca\/index.php\/producto\/lector-esclavo-de-tarjetas-con-teclado-de-uso-en-exterior-multitecnolgia-nfc-y-bluetooth\/","title":{"rendered":"Lector Esclavo de Tarjetas con teclado de uso en exterior,  Multitecnolgia, NFC y Bluetooth"},"content":{"rendered":"<div style='width: 100%; max-width: 1200px; margin: 0 auto; font-family: sans-serif; line-height: 1.6; color: inherit; background-color: transparent;'> <!-- Descripci\u00f3n principal --> <\/p>\n<div style='margin-bottom: 30px;'>\n<h2 style='font-size: 24px; margin-top: 0; margin-bottom: 15px; color: inherit; opacity: 0.9;'>Lectort Esclavo compatible con serie XPASS 2<\/h2>\n<p style='font-size: 15px; color: inherit; opacity: 0.8; margin-bottom: 15px;'>El nuevo Lector compacto de RFID serie XPass D2&comma; optimiza los procesos del sistema de control de acceso centralizados del core station. Utilizando tecnolog\u00eda de Multiformato&comma; instalaci\u00f3n de sobreponer y con soporte de una amplia lectura de tarjetas de diversas tecnolog\u00edas (125kHz \/ 13.56MHz)&comma; incluyendo NFC y BLE. Fabricado de forma robusta bajo el est\u00e1ndar IP65\/IP67 soportando polvo y humedad y construido con el nivel de protecci\u00f3n contra impactos IK08&comma; agradable y seguro para todos los ambientes de instalaci\u00f3n.<\/p>\n<\/p><\/div>\n<p> <!-- Especificaciones t\u00e9cnicas --> <\/p>\n<div style='display: flex; flex-wrap: wrap; gap: 30px; margin-bottom: 30px;'>\n<div style='flex: 1 1 300px; min-width: 280px;'>\n<h3 style='font-size: 20px; border-bottom: 2px solid currentColor; padding-bottom: 5px; margin-top: 0; color: inherit; opacity: 0.8;'>RFID<\/h3>\n<ul style='padding-left: 20px; font-size: 15px; color: inherit; list-style-type: disc;'>\n<li style='margin-bottom: 8px;'><strong>Soporta RF:<\/strong> 125kHz EM &#038; 13.56MHz MIFARE&comma; MIFARE Plus&comma; DESFire\/EV1&comma; FeliCa<\/li>\n<li style='margin-bottom: 8px;'><strong>Soporta Mobile Card:<\/strong> NFC&comma; BLE<\/li>\n<\/ul><\/div>\n<div style='flex: 1 1 300px; min-width: 280px;'>\n<h3 style='font-size: 20px; border-bottom: 2px solid currentColor; padding-bottom: 5px; margin-top: 0; color: inherit; opacity: 0.8;'>Protecci\u00f3n<\/h3>\n<ul style='padding-left: 20px; font-size: 15px; color: inherit; list-style-type: disc;'>\n<li style='margin-bottom: 8px;'><strong>Grado de Protecci\u00f3n:<\/strong> IP65&comma; IP67<\/li>\n<li style='margin-bottom: 8px;'><strong>Grado contra Impacto:<\/strong> IK08<\/li>\n<\/ul><\/div>\n<div style='flex: 1 1 300px; min-width: 280px;'>\n<h3 style='font-size: 20px; border-bottom: 2px solid currentColor; padding-bottom: 5px; margin-top: 0; color: inherit; opacity: 0.8;'>Especificaciones T\u00e9cnicas<\/h3>\n<ul style='padding-left: 20px; font-size: 15px; color: inherit; list-style-type: disc;'>\n<li style='margin-bottom: 8px;'><strong>CPU:<\/strong> 80 MHz<\/li>\n<li style='margin-bottom: 8px;'><strong>Memoria:<\/strong> 256 KB Flash + 64 KB RAM<\/li>\n<li style='margin-bottom: 8px;'><strong>LED:<\/strong> M\u00faltiples colores<\/li>\n<li style='margin-bottom: 8px;'><strong>Sonido:<\/strong> Multi-tono<\/li>\n<li style='margin-bottom: 8px;'><strong>Peso:<\/strong> Dispositivo: 117g&comma; Bracket: 30g<\/li>\n<li style='margin-bottom: 8px;'><strong>Dimensiones:<\/strong> 80 x 130 x 25 mm<\/li>\n<li style='margin-bottom: 8px;'><strong>RS-485:<\/strong> 1 salida esclavo (Slave)<\/li>\n<li style='margin-bottom: 8px;'><strong>Wiegand:<\/strong> 1 salida<\/li>\n<li style='margin-bottom: 8px;'><strong>Voltaje:<\/strong> DC 12 V<\/li>\n<\/ul><\/div>\n<\/p><\/div>\n<p> <!-- Notas importantes --> <\/p>\n<div style='margin-bottom: 30px;'>\n<h3 style='font-size: 20px; border-bottom: 2px solid currentColor; padding-bottom: 5px; margin-top: 0; color: inherit; opacity: 0.8;'>Notas<\/h3>\n<ul style='padding-left: 20px; font-size: 15px; color: inherit; list-style-type: disc;'>\n<li style='margin-bottom: 8px;'>Compatible con el controlador CS40 y lectores serie XP2<\/li>\n<li style='margin-bottom: 8px;'>Nota 1: Algunos lectores XPD2MDB son de versi\u00f3n 01&comma; por lo tanto es importante utilizar el m\u00f3dulo APM que viene en el equipo para tener la funci\u00f3n de bluetooth y poder hacer uso de las credenciales m\u00f3viles de Suprema<\/li>\n<li style='margin-bottom: 8px;'>Nota 2: Los XPD2MDB de versi\u00f3n 02&comma; ya vienen con el m\u00f3dulo bluetooth incorporado por lo cual no necesitan el m\u00f3dulo APM<\/li>\n<\/ul><\/div>\n<p> <!-- Separador --> <\/p>\n<hr style='border: 0; border-top: 1px solid rgba(150&comma; 150&comma; 150&comma; 0.3); margin: 30px 0;'> <\/div>\n","protected":false},"excerpt":{"rendered":"<p>Lector Esclavo de Tarjetas con teclado de uso en exterior,  Multitecnolgia, NFC y Bluetooth<\/p>\n","protected":false},"featured_media":26066,"comment_status":"open","ping_status":"closed","template":"","meta":[],"product_brand":[],"product_cat":[465],"product_tag":[466,467,798],"class_list":{"0":"post-26067","1":"product","2":"type-product","3":"status-publish","4":"has-post-thumbnail","6":"product_cat-proximidad-125-khz","7":"product_tag-lectoras-y-tarjetas","8":"product_tag-proximidad-125-khz","9":"product_tag-suprema","11":"first","12":"instock","13":"sale","14":"shipping-taxable","15":"purchasable","16":"product-type-simple"},"_links":{"self":[{"href":"https:\/\/soydeaqui.ddns.net\/pachuca\/index.php\/wp-json\/wp\/v2\/product\/26067","targetHints":{"allow":["GET"]}}],"collection":[{"href":"https:\/\/soydeaqui.ddns.net\/pachuca\/index.php\/wp-json\/wp\/v2\/product"}],"about":[{"href":"https:\/\/soydeaqui.ddns.net\/pachuca\/index.php\/wp-json\/wp\/v2\/types\/product"}],"replies":[{"embeddable":true,"href":"https:\/\/soydeaqui.ddns.net\/pachuca\/index.php\/wp-json\/wp\/v2\/comments?post=26067"}],"wp:featuredmedia":[{"embeddable":true,"href":"https:\/\/soydeaqui.ddns.net\/pachuca\/index.php\/wp-json\/wp\/v2\/media\/26066"}],"wp:attachment":[{"href":"https:\/\/soydeaqui.ddns.net\/pachuca\/index.php\/wp-json\/wp\/v2\/media?parent=26067"}],"wp:term":[{"taxonomy":"product_brand","embeddable":true,"href":"https:\/\/soydeaqui.ddns.net\/pachuca\/index.php\/wp-json\/wp\/v2\/product_brand?post=26067"},{"taxonomy":"product_cat","embeddable":true,"href":"https:\/\/soydeaqui.ddns.net\/pachuca\/index.php\/wp-json\/wp\/v2\/product_cat?post=26067"},{"taxonomy":"product_tag","embeddable":true,"href":"https:\/\/soydeaqui.ddns.net\/pachuca\/index.php\/wp-json\/wp\/v2\/product_tag?post=26067"}],"curies":[{"name":"wp","href":"https:\/\/api.w.org\/{rel}","templated":true}]}}