{"id":25982,"date":"2026-03-18T12:04:44","date_gmt":"2026-03-18T12:04:44","guid":{"rendered":"https:\/\/soydeaqui.ddns.net\/pachuca\/index.php\/producto\/tarjeta-para-anadir-respaldo-con-baterias-a-las-barreras-gard4-g3750-came-con-tarjeta-zl39\/"},"modified":"2026-03-18T12:04:48","modified_gmt":"2026-03-18T12:04:48","slug":"tarjeta-para-anadir-respaldo-con-baterias-a-las-barreras-gard4-g3750-came-con-tarjeta-zl39","status":"publish","type":"product","link":"https:\/\/soydeaqui.ddns.net\/pachuca\/index.php\/producto\/tarjeta-para-anadir-respaldo-con-baterias-a-las-barreras-gard4-g3750-came-con-tarjeta-zl39\/","title":{"rendered":"Tarjeta para a\u00f1adir respaldo con bater\u00edas a las barreras GARD4 \/ G3750 CAME con Tarjeta ZL39"},"content":{"rendered":"<div style='width: 100%; max-width: 1200px; margin: 0 auto; font-family: sans-serif; line-height: 1.6; color: inherit; background-color: transparent;'> <!-- Secci\u00f3n de caracter\u00edsticas principales --> <\/p>\n<div style='margin-bottom: 30px;'>\n<h2 style='font-size: 24px; border-bottom: 2px solid currentColor; padding-bottom: 8px; margin-top: 0; color: inherit; opacity: 0.85;'>Caracter\u00edsticas Principales<\/h2>\n<ul style='padding-left: 20px; font-size: 15px; color: inherit; list-style-type: disc;'>\n<li style='margin-bottom: 8px;'>Requiere 3 bater\u00edas de 12 Vcc &#8211; 7 Ah<\/li>\n<li style='margin-bottom: 8px;'>Compatible con modelo de bater\u00edas PL712<\/li>\n<li style='margin-bottom: 8px;'>Compatibilidad con tarjeta ZL39 especializada<\/li>\n<li style='margin-bottom: 8px;'>Sistema optimizado para mayor durabilidad del equipo<\/li>\n<li style='margin-bottom: 8px;'>Dise\u00f1ado para operaci\u00f3n con alta eficiencia energ\u00e9tica<\/li>\n<\/ul><\/div>\n<p> <!-- Secci\u00f3n de especificaciones t\u00e9cnicas --> <\/p>\n<div style='display: flex; flex-wrap: wrap; gap: 20px; margin-bottom: 30px;'>\n<div style='flex: 1 1 250px; border: 1px solid rgba(150&comma; 150&comma; 150&comma; 0.4); border-radius: 8px; overflow: hidden; display: flex; flex-direction: column;'>\n<div style='padding: 15px; border-bottom: 1px solid rgba(150&comma; 150&comma; 150&comma; 0.2); font-weight: bold; font-size: 18px; color: inherit;'>Especificaciones El\u00e9ctricas<\/div>\n<div style='padding: 15px; color: inherit;'>\n<ul style='padding-left: 20px; margin: 0; font-size: 14px; list-style-type: disc;'>\n<li style='margin-bottom: 5px;'><strong>Alimentaci\u00f3n:<\/strong> 24 V DC<\/li>\n<li style='margin-bottom: 5px;'><strong>Consumo:<\/strong> 30 mA<\/li>\n<li style='margin-bottom: 5px;'><strong>Corriente de carga (m\u00e1x.):<\/strong> 400 mA<\/li>\n<li style='margin-bottom: 5px;'><strong>Fusible:<\/strong> 10 A<\/li>\n<\/ul><\/div>\n<\/p><\/div>\n<div style='flex: 1 1 250px; border: 1px solid rgba(150&comma; 150&comma; 150&comma; 0.4); border-radius: 8px; overflow: hidden; display: flex; flex-direction: column;'>\n<div style='padding: 15px; border-bottom: 1px solid rgba(150&comma; 150&comma; 150&comma; 0.2); font-weight: bold; font-size: 18px; color: inherit;'>Especificaciones de Bater\u00eda<\/div>\n<div style='padding: 15px; color: inherit;'>\n<ul style='padding-left: 20px; margin: 0; font-size: 14px; list-style-type: disc;'>\n<li style='margin-bottom: 5px;'><strong>Tipo:<\/strong> Recargable<\/li>\n<li style='margin-bottom: 5px;'><strong>Voltaje:<\/strong> 12 V<\/li>\n<li style='margin-bottom: 5px;'><strong>Amperaje:<\/strong> 7 Ah<\/li>\n<li style='margin-bottom: 5px;'><strong>Cantidad:<\/strong> 3 unidades<\/li>\n<\/ul><\/div>\n<\/p><\/div>\n<div style='flex: 1 1 250px; border: 1px solid rgba(150&comma; 150&comma; 150&comma; 0.4); border-radius: 8px; overflow: hidden; display: flex; flex-direction: column;'>\n<div style='padding: 15px; border-bottom: 1px solid rgba(150&comma; 150&comma; 150&comma; 0.2); font-weight: bold; font-size: 18px; color: inherit;'>Especificaciones de Funcionamiento<\/div>\n<div style='padding: 15px; color: inherit;'>\n<ul style='padding-left: 20px; margin: 0; font-size: 14px; list-style-type: disc;'>\n<li style='margin-bottom: 5px;'><strong>Rango de temperatura:<\/strong> -20\u00b0C a +55\u00b0C<\/li>\n<li style='margin-bottom: 5px;'><strong>Conexi\u00f3n:<\/strong> 2 x 1.5 mm\u00b2 < 10 m<\/li>\n<\/ul><\/div>\n<\/p><\/div>\n<\/p><\/div>\n<p> <!-- Secci\u00f3n de indicadores LED --> <\/p>\n<div style='margin-bottom: 30px;'>\n<h2 style='font-size: 24px; border-bottom: 2px solid currentColor; padding-bottom: 8px; margin-top: 0; color: inherit; opacity: 0.85;'>Indicadores LED<\/h2>\n<ul style='padding-left: 20px; font-size: 15px; color: inherit; list-style-type: disc;'>\n<li style='margin-bottom: 8px;'><strong>Verde fijo:<\/strong> Tensi\u00f3n de l\u00ednea presente&comma; en carga<\/li>\n<li style='margin-bottom: 8px;'><strong>Verde intermitente:<\/strong> Tensi\u00f3n de l\u00ednea presente&comma; NO en carga<\/li>\n<li style='margin-bottom: 8px;'><strong>Azul fijo:<\/strong> Funcionamiento con bater\u00eda<\/li>\n<li style='margin-bottom: 8px;'><strong>Azul intermitente:<\/strong> Funcionamiento en modalidad Power<\/li>\n<li style='margin-bottom: 8px;'><strong>Rojo:<\/strong> Bater\u00eda descargada<\/li>\n<\/ul><\/div>\n<p> <!-- Secci\u00f3n de instalaci\u00f3n --> <\/p>\n<div style='margin-bottom: 30px;'>\n<h2 style='font-size: 24px; border-bottom: 2px solid currentColor; padding-bottom: 8px; margin-top: 0; color: inherit; opacity: 0.85;'>Instrucciones de Instalaci\u00f3n<\/h2>\n<ul style='padding-left: 20px; font-size: 15px; color: inherit; list-style-type: disc;'>\n<li style='margin-bottom: 8px;'>Antes de cualquier intervenci\u00f3n&comma; desligue a tens\u00e3o de rede.<\/li>\n<li style='margin-bottom: 8px;'>Coloque a placa LB39 e as baterias onde indicado nas imagens e fixe-as com os parafusos.<\/li>\n<li style='margin-bottom: 8px;'>Desligue o transformador da placa eletr\u00f4nica da automatiza\u00e7\u00e3o e religue na placa do carregador de baterias.<\/li>\n<li style='margin-bottom: 8px;'>Ligue a placa LB39 na placa eletr\u00f4nica com o cabo fornecido.<\/li>\n<li style='margin-bottom: 8px;'>Ligue as barreiras na placa.<\/li>\n<\/ul><\/div>\n<p> <!-- Secci\u00f3n de compatibilidad --> <\/p>\n<div style='margin-bottom: 30px;'>\n<h2 style='font-size: 24px; border-bottom: 2px solid currentColor; padding-bottom: 8px; margin-top: 0; color: inherit; opacity: 0.85;'>Compatibilidad<\/h2>\n<ul style='padding-left: 20px; font-size: 15px; color: inherit; list-style-type: disc;'>\n<li style='margin-bottom: 8px;'>Modelos compatibles: GARD4&comma; G3750&comma; G2080E&comma; G2080IE&comma; G4040E&comma; G4040IE<\/li>\n<li style='margin-bottom: 8px;'>Tarjeta compatible: ZL39<\/li>\n<li style='margin-bottom: 8px;'>Conector Deutsch EESS NNLL PPTT<\/li>\n<\/ul><\/div>\n<p> <!-- Secci\u00f3n de seguridad --> <\/p>\n<div style='margin-bottom: 30px;'>\n<h2 style='font-size: 24px; border-bottom: 2px solid currentColor; padding-bottom: 8px; margin-top: 0; color: inherit; opacity: 0.85;'>Informaci\u00f3n de Seguridad<\/h2>\n<ul style='padding-left: 20px; font-size: 15px; color: inherit; list-style-type: disc;'>\n<li style='margin-bottom: 8px;'>Las bater\u00edas deben ser eliminadas de forma diferenciada.<\/li>\n<li style='margin-bottom: 8px;'>No tirar al medio ambiente.<\/li>\n<li style='margin-bottom: 8px;'>Verifique la legislaci\u00f3n local para disposici\u00f3n de bater\u00edas.<\/li>\n<li style='margin-bottom: 8px;'>Todas las medidas est\u00e1n en mil\u00edmetros salvo indicaci\u00f3n contraria.<\/li>\n<\/ul><\/div>\n<p> <!-- Separador final --> <\/p>\n<hr style='border: 0; border-top: 1px solid rgba(150&comma; 150&comma; 150&comma; 0.3); margin: 30px 0;'> <\/div>\n","protected":false},"excerpt":{"rendered":"<p>Tarjeta para a\u00f1adir respaldo con bater\u00edas a las barreras GARD4 \/ G3750 CAME con Tarjeta ZL39<\/p>\n","protected":false},"featured_media":25981,"comment_status":"open","ping_status":"closed","template":"","meta":[],"product_brand":[],"product_cat":[777],"product_tag":[401,93,779],"class_list":{"0":"post-25982","1":"product","2":"type-product","3":"status-publish","4":"has-post-thumbnail","6":"product_cat-accesorios-acceso-vehicular","7":"product_tag-acceso-vehicular","8":"product_tag-accesorios","9":"product_tag-came","11":"first","12":"instock","13":"sale","14":"shipping-taxable","15":"purchasable","16":"product-type-simple"},"_links":{"self":[{"href":"https:\/\/soydeaqui.ddns.net\/pachuca\/index.php\/wp-json\/wp\/v2\/product\/25982","targetHints":{"allow":["GET"]}}],"collection":[{"href":"https:\/\/soydeaqui.ddns.net\/pachuca\/index.php\/wp-json\/wp\/v2\/product"}],"about":[{"href":"https:\/\/soydeaqui.ddns.net\/pachuca\/index.php\/wp-json\/wp\/v2\/types\/product"}],"replies":[{"embeddable":true,"href":"https:\/\/soydeaqui.ddns.net\/pachuca\/index.php\/wp-json\/wp\/v2\/comments?post=25982"}],"wp:featuredmedia":[{"embeddable":true,"href":"https:\/\/soydeaqui.ddns.net\/pachuca\/index.php\/wp-json\/wp\/v2\/media\/25981"}],"wp:attachment":[{"href":"https:\/\/soydeaqui.ddns.net\/pachuca\/index.php\/wp-json\/wp\/v2\/media?parent=25982"}],"wp:term":[{"taxonomy":"product_brand","embeddable":true,"href":"https:\/\/soydeaqui.ddns.net\/pachuca\/index.php\/wp-json\/wp\/v2\/product_brand?post=25982"},{"taxonomy":"product_cat","embeddable":true,"href":"https:\/\/soydeaqui.ddns.net\/pachuca\/index.php\/wp-json\/wp\/v2\/product_cat?post=25982"},{"taxonomy":"product_tag","embeddable":true,"href":"https:\/\/soydeaqui.ddns.net\/pachuca\/index.php\/wp-json\/wp\/v2\/product_tag?post=25982"}],"curies":[{"name":"wp","href":"https:\/\/api.w.org\/{rel}","templated":true}]}}