{"id":25965,"date":"2026-03-18T12:04:23","date_gmt":"2026-03-18T12:04:23","guid":{"rendered":"https:\/\/soydeaqui.ddns.net\/pachuca\/index.php\/producto\/rotomart-atorn-1-2inv-v-r-0-600-0-1900-rpm-li-ion-1-bat-1-5-a-h-y-carg-c-luz-freno-maletin-18v\/"},"modified":"2026-03-18T12:04:24","modified_gmt":"2026-03-18T12:04:24","slug":"rotomart-atorn-1-2inv-v-r-0-600-0-1900-rpm-li-ion-1-bat-1-5-a-h-y-carg-c-luz-freno-maletin-18v","status":"publish","type":"product","link":"https:\/\/soydeaqui.ddns.net\/pachuca\/index.php\/producto\/rotomart-atorn-1-2inv-v-r-0-600-0-1900-rpm-li-ion-1-bat-1-5-a-h-y-carg-c-luz-freno-maletin-18v\/","title":{"rendered":"ROTOMART. ATORN. 1\/2INV.V.R. 0-600 0-1900 RPM LI-ION 1 BAT. 1.5 A.H Y CARG C\/LUZ FRENO MALETIN 18V"},"content":{"rendered":"<div style='width: 100%; max-width: 1200px; margin: 0 auto; font-family: sans-serif; line-height: 1.6; color: inherit; background-color: transparent;'> <!-- Logo de la marca --> <\/p>\n<div style='width: 100%; margin-bottom: 30px;'> <img style='width: 100%; max-width: 500px; height: auto; border: 1px solid rgba(150&comma;150&comma;150&comma;0.3); border-radius: 8px;' src='https:\/\/ftp3.syscom.mx\/usuarios\/nortega\/makita\/imagenes\/makita.png' alt=''> <\/div>\n<p> <!-- Caracter\u00edsticas destacadas --> <\/p>\n<div style='display: flex; flex-wrap: wrap; gap: 30px; margin-bottom: 30px;'>\n<div style='flex: 1 1 300px; min-width: 280px;'>\n<h3 style='font-size: 22px; border-bottom: 2px solid currentColor; padding-bottom: 5px; margin-top: 0; color: inherit; opacity: 0.8;'>Caracter\u00edsticas destacadas<\/h3>\n<ul style='padding-left: 20px; font-size: 15px; color: inherit;'>\n<li style='margin-bottom: 5px;'>Alta velocidad de 1.900 rpm (Alta) y 600 rpm (Baja).<\/li>\n<li style='margin-bottom: 5px;'>Empu\u00f1adura dise\u00f1ada ergon\u00f3micamente<\/li>\n<li style='margin-bottom: 5px;'>Alta luminosidad con Luz LED doble para trabajo con funciones pre y post accionamiento.<\/li>\n<li style='margin-bottom: 5px;'>Mandril de 13 mm (1\/2&#8242;)<\/li>\n<\/ul><\/div>\n<\/p><\/div>\n<p> <!-- Caracter\u00edsticas de operaci\u00f3n --> <\/p>\n<div style='display: flex; flex-wrap: wrap; gap: 30px; margin-bottom: 30px;'>\n<div style='flex: 1 1 300px; min-width: 280px;'>\n<h3 style='font-size: 22px; border-bottom: 2px solid currentColor; padding-bottom: 5px; margin-top: 0; color: inherit; opacity: 0.8;'>Caracter\u00edsticas de operaci\u00f3n<\/h3>\n<ul style='padding-left: 20px; font-size: 15px; color: inherit;'>\n<li style='margin-bottom: 5px;'><strong>Capacidad de perforaci\u00f3n:<\/strong> Acero: 13mm (1\/2&#8242;)&comma; Madera: 38mm (1-1\/2&#8242;)&comma; Mamposter\u00eda: 13mm (1\/2&#8242;)<\/li>\n<li style='margin-bottom: 5px;'><strong>Velocidad sin carga:<\/strong> Alta: 0-1&comma;900 RPM. Baja: 0-600 RPM<\/li>\n<li style='margin-bottom: 5px;'><strong>Impactos por minuto:<\/strong> Alta: 0-28&comma;500. Baja: 0-9&comma;000.<\/li>\n<li style='margin-bottom: 5px;'><strong>Torque m\u00e1ximo:<\/strong> Fuerte\/Suave: 62\/36N.m (550 \/ 320 in.lbs.)<\/li>\n<li style='margin-bottom: 5px;'><strong>M\u00e1ximo Torque de Bloqueo:<\/strong> 54 N\u00b7m (480 in.lbs.)<\/li>\n<li style='margin-bottom: 5px;'><strong>Voltaje de Bater\u00eda:<\/strong> 18 Vcc<\/li>\n<\/ul><\/div>\n<\/p><\/div>\n<p> <!-- Caracter\u00edsticas F\u00edsicas --> <\/p>\n<div style='display: flex; flex-wrap: wrap; gap: 30px; margin-bottom: 30px;'>\n<div style='flex: 1 1 300px; min-width: 280px;'>\n<h3 style='font-size: 22px; border-bottom: 2px solid currentColor; padding-bottom: 5px; margin-top: 0; color: inherit; opacity: 0.8;'>Caracter\u00edsticas F\u00edsicas<\/h3>\n<ul style='padding-left: 20px; font-size: 15px; color: inherit;'>\n<li style='margin-bottom: 5px;'><strong>Dimensiones:<\/strong> 198x79x249mm (7-3\/4&#8242; x 3-1\/8&#8242; x 9-3\/4&#8242;)<\/li>\n<li style='margin-bottom: 5px;'><strong>Peso neto:<\/strong> 1&comma;5kg (3&comma;4lbs)<\/li>\n<\/ul><\/div>\n<\/p><\/div>\n<p> <!-- Incluye --> <\/p>\n<div style='display: flex; flex-wrap: wrap; gap: 30px; margin-bottom: 30px;'>\n<div style='flex: 1 1 300px; min-width: 280px;'>\n<h3 style='font-size: 22px; border-bottom: 2px solid currentColor; padding-bottom: 5px; margin-top: 0; color: inherit; opacity: 0.8;'>Incluye<\/h3>\n<ul style='padding-left: 20px; font-size: 15px; color: inherit;'>\n<li style='margin-bottom: 5px;'>1- Taladro<\/li>\n<li style='margin-bottom: 5px;'>1- Cargador (DC18SD).<\/li>\n<li style='margin-bottom: 5px;'>1- Bater\u00edas (BL1815N ) a 18 Vcc.<\/li>\n<li style='margin-bottom: 5px;'>1- Punta Phillips\/Plana<\/li>\n<li style='margin-bottom: 5px;'>1- Clip para cintur\u00f3n.<\/li>\n<li style='margin-bottom: 5px;'>1- Malet\u00edn.<\/li>\n<\/ul><\/div>\n<\/p><\/div>\n<\/p><\/div>\n","protected":false},"excerpt":{"rendered":"<p>ROTOMART. ATORN. 1\/2INV.V.R. 0-600 0-1900 RPM LI-ION 1 BAT. 1.5 A.H Y CARG C\/LUZ FRENO MALETIN 18V<\/p>\n","protected":false},"featured_media":25964,"comment_status":"open","ping_status":"closed","template":"","meta":[],"product_brand":[],"product_cat":[130],"product_tag":[25,131,252],"class_list":{"0":"post-25965","1":"product","2":"type-product","3":"status-publish","4":"has-post-thumbnail","6":"product_cat-herramientas-electricas","7":"product_tag-herramientas","8":"product_tag-herramientas-electricas","9":"product_tag-makita","11":"first","12":"outofstock","13":"sale","14":"shipping-taxable","15":"purchasable","16":"product-type-simple"},"_links":{"self":[{"href":"https:\/\/soydeaqui.ddns.net\/pachuca\/index.php\/wp-json\/wp\/v2\/product\/25965","targetHints":{"allow":["GET"]}}],"collection":[{"href":"https:\/\/soydeaqui.ddns.net\/pachuca\/index.php\/wp-json\/wp\/v2\/product"}],"about":[{"href":"https:\/\/soydeaqui.ddns.net\/pachuca\/index.php\/wp-json\/wp\/v2\/types\/product"}],"replies":[{"embeddable":true,"href":"https:\/\/soydeaqui.ddns.net\/pachuca\/index.php\/wp-json\/wp\/v2\/comments?post=25965"}],"wp:featuredmedia":[{"embeddable":true,"href":"https:\/\/soydeaqui.ddns.net\/pachuca\/index.php\/wp-json\/wp\/v2\/media\/25964"}],"wp:attachment":[{"href":"https:\/\/soydeaqui.ddns.net\/pachuca\/index.php\/wp-json\/wp\/v2\/media?parent=25965"}],"wp:term":[{"taxonomy":"product_brand","embeddable":true,"href":"https:\/\/soydeaqui.ddns.net\/pachuca\/index.php\/wp-json\/wp\/v2\/product_brand?post=25965"},{"taxonomy":"product_cat","embeddable":true,"href":"https:\/\/soydeaqui.ddns.net\/pachuca\/index.php\/wp-json\/wp\/v2\/product_cat?post=25965"},{"taxonomy":"product_tag","embeddable":true,"href":"https:\/\/soydeaqui.ddns.net\/pachuca\/index.php\/wp-json\/wp\/v2\/product_tag?post=25965"}],"curies":[{"name":"wp","href":"https:\/\/api.w.org\/{rel}","templated":true}]}}