{"id":25963,"date":"2026-03-18T12:04:21","date_gmt":"2026-03-18T12:04:21","guid":{"rendered":"https:\/\/soydeaqui.ddns.net\/pachuca\/index.php\/producto\/maquina-de-inspeccion-por-rayos-x-con-inteligencia-artificial-tunel-de-65-x-50-cms-4-camaras-integradas-de-2-megapixel-mesa-de-operacion-incluida-puesta-en-marcha-y-capacitacion-incluida\/"},"modified":"2026-03-18T12:04:22","modified_gmt":"2026-03-18T12:04:22","slug":"maquina-de-inspeccion-por-rayos-x-con-inteligencia-artificial-tunel-de-65-x-50-cms-4-camaras-integradas-de-2-megapixel-mesa-de-operacion-incluida-puesta-en-marcha-y-capacitacion-incluida","status":"publish","type":"product","link":"https:\/\/soydeaqui.ddns.net\/pachuca\/index.php\/producto\/maquina-de-inspeccion-por-rayos-x-con-inteligencia-artificial-tunel-de-65-x-50-cms-4-camaras-integradas-de-2-megapixel-mesa-de-operacion-incluida-puesta-en-marcha-y-capacitacion-incluida\/","title":{"rendered":"M\u00e1quina de Inspecci\u00f3n por Rayos X con Inteligencia Artificial \/ T\u00fanel de 65 x 50 cms \/ 4 C\u00e1maras Integradas de 2 Megapixel \/ Mesa de Operaci\u00f3n Incluida \/ Puesta en Marcha y Capacitaci\u00f3n Incluida"},"content":{"rendered":"<div style='width: 100%; max-width: 1200px; margin: 0 auto; font-family: sans-serif; line-height: 1.6; color: inherit; background-color: transparent;'> <!-- Secci\u00f3n de contenido con flex --> <\/p>\n<div style='display: flex; flex-wrap: wrap; gap: 30px; margin-bottom: 30px;'>\n<div style='flex: 1 1 300px; min-width: 280px;'>\n<h3 style='font-size: 22px; border-bottom: 2px solid currentColor; padding-bottom: 5px; margin-top: 0; color: inherit; opacity: 0.8;'>Caracter\u00edsticas Principales<\/h3>\n<ul style='padding-left: 20px; font-size: 15px; color: inherit;'>\n<li style='margin-bottom: 5px;'>Im\u00e1genes mas claras y delicadas&comma; con mayor detalle<\/li>\n<li style='margin-bottom: 5px;'>Tecnolog\u00eda avanzada de identificaci\u00f3n de materiales<\/li>\n<li style='margin-bottom: 5px;'>Algoritmo Deep Learning para mejor reconocimiento<\/li>\n<li style='margin-bottom: 5px;'>Cortina doble para reducci\u00f3n de radiaci\u00f3n<\/li>\n<li style='margin-bottom: 5px;'>Rastreo de inspecciones con imagen de pasajero e imagen de rayos X<\/li>\n<li style='margin-bottom: 5px;'>Login mediante huella dactilar<\/li>\n<li style='margin-bottom: 5px;'>Medida del t\u00fanel: 660 mm x 505 mm<\/li>\n<li style='margin-bottom: 5px;'>Carga m\u00e1xima: 150 Kg<\/li>\n<li style='margin-bottom: 5px;'>Velocidad: 0.2 &#8211; 0.4 m\/s<\/li>\n<\/ul><\/div>\n<div style='flex: 1 1 300px; min-width: 280px;'>\n<h3 style='font-size: 22px; border-bottom: 2px solid currentColor; padding-bottom: 5px; margin-top: 0; color: inherit; opacity: 0.8;'>Caracter\u00edsticas F\u00edsicas y El\u00e9ctricas<\/h3>\n<ul style='padding-left: 20px; font-size: 15px; color: inherit;'>\n<li style='margin-bottom: 5px;'>Alimentaci\u00f3n 110VAC<\/li>\n<li style='margin-bottom: 5px;'>Consumo: 0.8 Kw<\/li>\n<li style='margin-bottom: 5px;'>Penetraci\u00f3n: 30mm standard&comma; 36 mm t\u00edpico&comma; 40+ mm por customizaci\u00f3n<\/li>\n<li style='margin-bottom: 5px;'>Resoluci\u00f3n espacial: Vertical: 1.0 mm (0.04&#8242;) Horizontal: 1.0 mm (0.04&#8242;)<\/li>\n<li style='margin-bottom: 5px;'>Peso de la m\u00e1quina: 530 Kg<\/li>\n<li style='margin-bottom: 5px;'>Temperatura de operaci\u00f3n: 0\u00b0 a 40\u00b0 C<\/li>\n<li style='margin-bottom: 5px;'>Humedad 0% al 90%<\/li>\n<li style='margin-bottom: 5px;'>Dimensiones:\n<ul style='padding-left: 20px; margin-top: 8px; margin-bottom: 0; color: inherit;'>\n<li style='margin-bottom: 5px;'>M\u00e1quina: 2127 x 989 x 1351 mm (Largo x Ancho x Alto)<\/li>\n<li style='margin-bottom: 5px;'>Escritorio: 850 x 700 x 1200 mm (Largo x Ancho x Alto)<\/li>\n<\/ul>\n<\/li>\n<\/ul><\/div>\n<div style='flex: 1 1 300px; min-width: 280px;'>\n<h3 style='font-size: 22px; border-bottom: 2px solid currentColor; padding-bottom: 5px; margin-top: 0; color: inherit; opacity: 0.8;'>Caracter\u00edsticas Destacadas<\/h3>\n<ul style='padding-left: 20px; font-size: 15px; color: inherit;'>\n<li style='margin-bottom: 5px;'>Cuenta con un algoritmo de reconocimiento inteligente que ayuda al operador a identificar mejor los objetos prohibidos. Cuenta tambi\u00e9n con c\u00e1maras que toman evidencia de la persona y de la maleta a inspeccionar al momento de dejarla en la banda transportadora.<\/li>\n<li style='margin-bottom: 5px;'>Compatible con HiKCentral Professional para evidencia<\/li>\n<\/ul><\/div>\n<\/p><\/div>\n<p> <!-- Separador --> <\/p>\n<hr style='border: 0; border-top: 1px solid rgba(150&comma; 150&comma; 150&comma; 0.3); margin: 30px 0;'> <!-- Secci\u00f3n de videos --> <\/p>\n<div style='display: flex; flex-wrap: wrap; gap: 20px; margin-bottom: 30px;'>\n<div style='flex: 1 1 300px; min-width: 300px;'>\n<div style='position: relative; padding-bottom: 56.25%; height: 0; overflow: hidden; margin-bottom: 30px;'>   <\/div>\n<\/p><\/div>\n<div style='flex: 1 1 300px; min-width: 300px;'>\n<div style='position: relative; padding-bottom: 56.25%; height: 0; overflow: hidden; margin-bottom: 30px;'>   <\/div>\n<\/p><\/div>\n<\/p><\/div>\n<\/p><\/div>\n","protected":false},"excerpt":{"rendered":"<p>M\u00e1quina de Inspecci\u00f3n por Rayos X con Inteligencia Artificial \/ T\u00fanel de 65 x 50 cms \/ 4 C\u00e1maras Integradas de 2 Megapixel \/ Mesa de Operaci\u00f3n Incluida \/ Puesta en Marcha y Capacitaci\u00f3n Incluida<\/p>\n","protected":false},"featured_media":25962,"comment_status":"open","ping_status":"closed","template":"","meta":[],"product_brand":[],"product_cat":[853],"product_tag":[54,854,855],"class_list":{"0":"post-25963","1":"product","2":"type-product","3":"status-publish","4":"has-post-thumbnail","6":"product_cat-sistemas-de-inspeccion-por-rayos-x","7":"product_tag-hikvision","8":"product_tag-inspeccion-por-rayos-x-y-explosivos","9":"product_tag-sistemas-de-inspeccion-por-rayos-x","11":"first","12":"outofstock","13":"sale","14":"shipping-taxable","15":"purchasable","16":"product-type-simple"},"_links":{"self":[{"href":"https:\/\/soydeaqui.ddns.net\/pachuca\/index.php\/wp-json\/wp\/v2\/product\/25963","targetHints":{"allow":["GET"]}}],"collection":[{"href":"https:\/\/soydeaqui.ddns.net\/pachuca\/index.php\/wp-json\/wp\/v2\/product"}],"about":[{"href":"https:\/\/soydeaqui.ddns.net\/pachuca\/index.php\/wp-json\/wp\/v2\/types\/product"}],"replies":[{"embeddable":true,"href":"https:\/\/soydeaqui.ddns.net\/pachuca\/index.php\/wp-json\/wp\/v2\/comments?post=25963"}],"wp:featuredmedia":[{"embeddable":true,"href":"https:\/\/soydeaqui.ddns.net\/pachuca\/index.php\/wp-json\/wp\/v2\/media\/25962"}],"wp:attachment":[{"href":"https:\/\/soydeaqui.ddns.net\/pachuca\/index.php\/wp-json\/wp\/v2\/media?parent=25963"}],"wp:term":[{"taxonomy":"product_brand","embeddable":true,"href":"https:\/\/soydeaqui.ddns.net\/pachuca\/index.php\/wp-json\/wp\/v2\/product_brand?post=25963"},{"taxonomy":"product_cat","embeddable":true,"href":"https:\/\/soydeaqui.ddns.net\/pachuca\/index.php\/wp-json\/wp\/v2\/product_cat?post=25963"},{"taxonomy":"product_tag","embeddable":true,"href":"https:\/\/soydeaqui.ddns.net\/pachuca\/index.php\/wp-json\/wp\/v2\/product_tag?post=25963"}],"curies":[{"name":"wp","href":"https:\/\/api.w.org\/{rel}","templated":true}]}}