{"id":25936,"date":"2026-03-18T12:03:50","date_gmt":"2026-03-18T12:03:50","guid":{"rendered":"https:\/\/soydeaqui.ddns.net\/pachuca\/index.php\/producto\/chapa-magnetica-171hd-para-puntos-peligrosos\/"},"modified":"2026-03-18T12:03:51","modified_gmt":"2026-03-18T12:03:51","slug":"chapa-magnetica-171hd-para-puntos-peligrosos","status":"publish","type":"product","link":"https:\/\/soydeaqui.ddns.net\/pachuca\/index.php\/producto\/chapa-magnetica-171hd-para-puntos-peligrosos\/","title":{"rendered":"Chapa Magn\u00e9tica 171HD para Puntos Peligrosos"},"content":{"rendered":"<div style='width: 100%; max-width: 1200px; margin: 0 auto; font-family: sans-serif; line-height: 1.6; color: inherit; background-color: transparent;'>\n<div style='display: flex; flex-wrap: wrap; gap: 30px; margin-bottom: 30px;'>\n<div style='flex: 1 1 300px; min-width: 280px;'>\n<h3 style='font-size: 22px; border-bottom: 2px solid currentColor; padding-bottom: 5px; margin-top: 0; color: inherit; opacity: 0.8;'>Caracter\u00edsticas<\/h3>\n<ul style='padding-left: 20px; font-size: 15px; color: inherit;'>\n<li style='margin-bottom: 5px;'>Para puertas Simples que abren hacia afuera&comma; con montaje lateral.<\/li>\n<li style='margin-bottom: 5px;'>Bajas proyecciones de cabecera. Esto se adaptar\u00e1 a la mayor\u00eda condiciones de la puerta sin necesidad de placa de relleno o especial soporte.<\/li>\n<li style='margin-bottom: 5px;'>Bajo consumo de energ\u00eda; 0&comma;26 amperios a 24 VCC<\/li>\n<li style='margin-bottom: 5px;'>0&comma;50 amperios a 12 V CC. 24 V CC suministrado como est\u00e1ndar<\/li>\n<li style='margin-bottom: 5px;'>1200 libras. fuerza de retenci\u00f3n.<\/li>\n<li style='margin-bottom: 5px;'>Caracter\u00edstica est\u00e1ndar del interruptor de posici\u00f3n de la puerta (DPS).<\/li>\n<li style='margin-bottom: 5px;'>Protecci\u00f3n contra sobretensiones incorporada.<\/li>\n<li style='margin-bottom: 5px;'>Sin pasadores&comma; pestillos ni piezas m\u00f3viles para evitar fallas que podr\u00edan impedir la salida segura en una situaci\u00f3n de emergencia.<\/li>\n<li style='margin-bottom: 5px;'>Acabado en aluminio anodizado satinado.<\/li>\n<li style='margin-bottom: 5px;'>Soportes de puerta para ubicaciones peligrosas:<\/li>\n<li style='margin-bottom: 5px;'>Categor\u00eda \u2013 FDGF. Cumple con la clase I&comma; divisi\u00f3n 2.<\/li>\n<li style='margin-bottom: 5px;'>Probado seg\u00fan UL228 &#8211; soportes de cierrapuertas con\/sin detectores de humo integrales.<\/li>\n<\/ul><\/div>\n<\/p><\/div>\n<div style='display: flex; justify-content: center; margin-bottom: 30px;'> <img style='width: 100%; max-width: 200px; height: auto; border: 1px solid rgba(150&comma;150&comma;150&comma;0.3); border-radius: 8px;' src='http:\/\/ftp3.syscom.mx\/usuarios\/ftp\/2017\/03\/02\/f97ed\/RCI_logo-plus-DOKAEndorsement_4C.jpg' alt='Logo RCI' \/> <\/div>\n<\/p><\/div>\n","protected":false},"excerpt":{"rendered":"<p>Chapa Magn\u00e9tica 171HD para Puntos Peligrosos<\/p>\n","protected":false},"featured_media":25935,"comment_status":"open","ping_status":"closed","template":"","meta":[],"product_brand":[],"product_cat":[761],"product_tag":[87,762,453],"class_list":{"0":"post-25936","1":"product","2":"type-product","3":"status-publish","4":"has-post-thumbnail","6":"product_cat-chapas-magneticas","7":"product_tag-cerraduras","8":"product_tag-chapas-magneticas","9":"product_tag-rci-dormakaba","11":"first","12":"outofstock","13":"sale","14":"shipping-taxable","15":"purchasable","16":"product-type-simple"},"_links":{"self":[{"href":"https:\/\/soydeaqui.ddns.net\/pachuca\/index.php\/wp-json\/wp\/v2\/product\/25936","targetHints":{"allow":["GET"]}}],"collection":[{"href":"https:\/\/soydeaqui.ddns.net\/pachuca\/index.php\/wp-json\/wp\/v2\/product"}],"about":[{"href":"https:\/\/soydeaqui.ddns.net\/pachuca\/index.php\/wp-json\/wp\/v2\/types\/product"}],"replies":[{"embeddable":true,"href":"https:\/\/soydeaqui.ddns.net\/pachuca\/index.php\/wp-json\/wp\/v2\/comments?post=25936"}],"wp:featuredmedia":[{"embeddable":true,"href":"https:\/\/soydeaqui.ddns.net\/pachuca\/index.php\/wp-json\/wp\/v2\/media\/25935"}],"wp:attachment":[{"href":"https:\/\/soydeaqui.ddns.net\/pachuca\/index.php\/wp-json\/wp\/v2\/media?parent=25936"}],"wp:term":[{"taxonomy":"product_brand","embeddable":true,"href":"https:\/\/soydeaqui.ddns.net\/pachuca\/index.php\/wp-json\/wp\/v2\/product_brand?post=25936"},{"taxonomy":"product_cat","embeddable":true,"href":"https:\/\/soydeaqui.ddns.net\/pachuca\/index.php\/wp-json\/wp\/v2\/product_cat?post=25936"},{"taxonomy":"product_tag","embeddable":true,"href":"https:\/\/soydeaqui.ddns.net\/pachuca\/index.php\/wp-json\/wp\/v2\/product_tag?post=25936"}],"curies":[{"name":"wp","href":"https:\/\/api.w.org\/{rel}","templated":true}]}}