{"id":25917,"date":"2026-03-18T12:03:28","date_gmt":"2026-03-18T12:03:28","guid":{"rendered":"https:\/\/soydeaqui.ddns.net\/pachuca\/index.php\/producto\/tarjeta-hid-iclass-seos-prox-8kb\/"},"modified":"2026-03-18T12:03:29","modified_gmt":"2026-03-18T12:03:29","slug":"tarjeta-hid-iclass-seos-prox-8kb","status":"publish","type":"product","link":"https:\/\/soydeaqui.ddns.net\/pachuca\/index.php\/producto\/tarjeta-hid-iclass-seos-prox-8kb\/","title":{"rendered":"Tarjeta HID iCLASS SEOS + PROX 8KB"},"content":{"rendered":"<div style='width: 100%; max-width: 1200px; margin: 0 auto; font-family: sans-serif; line-height: 1.6; color: inherit; background-color: transparent;'>\n<div style='display: flex; flex-wrap: wrap; gap: 30px; margin-bottom: 30px;'>\n<div style='flex: 1 1 300px; min-width: 280px;'>\n<h3 style='font-size: 22px; border-bottom: 2px solid currentColor; padding-bottom: 5px; margin-top: 0; color: inherit; opacity: 0.8;'>Descripci\u00f3n<\/h3>\n<p style='margin-top: 0; margin-bottom: 15px; color: inherit; font-size: 15px;'> <strong style='color: inherit;'>SEOS:<\/strong> S \u2013 Security Identity Object&comma; E \u2013 Enable&comma; O \u2013 On&comma; S \u2013 System<\/p>\n<p> La tarjeta inteligente iCLASS SEOS es una soluci\u00f3n de alta frecuencia para aumentar la seguridad&comma; la privacidad y la movilidad.<br \/> Al ser una tecnolog\u00eda segura&comma; basada en est\u00e1ndares para administrar y autentificar las identidades&comma; la credencial de dise\u00f1o abierto puede ser utilizada para control de acceso f\u00edsico y l\u00f3gico. <\/p>\n<\/p><\/div>\n<\/p><\/div>\n<div style='display: flex; flex-wrap: wrap; gap: 20px; margin-bottom: 30px;'>\n<div style='flex: 1 1 250px; border: 1px solid rgba(150&comma; 150&comma; 150&comma; 0.4); border-radius: 8px; overflow: hidden; display: flex; flex-direction: column;'>\n<div style='padding: 15px; border-bottom: 1px solid rgba(150&comma; 150&comma; 150&comma; 0.2); font-weight: bold; font-size: 18px; color: inherit;'>Caracter\u00edsticas Principales<\/div>\n<div style='padding: 15px; color: inherit;'>\n<ul style='padding-left: 20px; margin: 0; font-size: 14px; list-style-type: disc;'>\n<li style='margin-bottom: 5px;'><strong style='color: inherit;'>Referencia HID:<\/strong> 5106RGGMNM<\/li>\n<li style='margin-bottom: 5px;'><strong style='color: inherit;'>Memoria:<\/strong> 8 KB<\/li>\n<li style='margin-bottom: 5px;'><strong style='color: inherit;'>Dimensiones:<\/strong> 5.4 x 8.57 x 0.084 cm<\/li>\n<li style='margin-bottom: 5px;'><strong style='color: inherit;'>Seguridad:<\/strong> Objeto Seguro&comma; NO Clonable<\/li>\n<li style='margin-bottom: 5px;'><strong style='color: inherit;'>Observaci\u00f3n:<\/strong> No es posible perforar la tarjeta<\/li>\n<li style='margin-bottom: 5px;'><strong style='color: inherit;'>Pedido m\u00ednimo:<\/strong> 100 piezas<\/li>\n<\/ul><\/div>\n<\/p><\/div>\n<div style='flex: 1 1 250px; border: 1px solid rgba(150&comma; 150&comma; 150&comma; 0.4); border-radius: 8px; overflow: hidden; display: flex; flex-direction: column;'>\n<div style='padding: 15px; border-bottom: 1px solid rgba(150&comma; 150&comma; 150&comma; 0.2); font-weight: bold; font-size: 18px; color: inherit;'>Requisitos de Compra<\/div>\n<div style='padding: 15px; color: inherit;'>\n<ul style='padding-left: 20px; margin: 0; font-size: 14px; list-style-type: disc;'>\n<li style='margin-bottom: 10px;'>Producto bajo pedido<\/li>\n<li style='margin-bottom: 10px;'><strong style='color: inherit;'>Es indispensable<\/strong> para ordenar indicar formato&comma; c\u00f3digo de sitio&comma; consecutivo de tarjeta<\/li>\n<li style='margin-bottom: 10px;'>Por favor llenar el siguiente <a href='https:\/\/ftp3.syscom.mx\/usuarios\/ftp\/2021\/05\/04\/4ba4d\/FOR%208.4%20025%20CMP%20Formato%20para%20solicitud%20de%20tarjetas%20REV.%20002.docx' target='_blank' rel='noopener' style='color: #005cb9; text-decoration: none; color: inherit; font-weight: 500;'>formulario<\/a><\/li>\n<li style='margin-bottom: 10px;'><strong style='color: inherit;'>Todas las compras de este modelo a trav\u00e9s de este portal est\u00e1n sujetas al env\u00edo de la informaci\u00f3n indispensable<\/strong> para procesar la compra<\/li>\n<\/ul><\/div>\n<\/p><\/div>\n<div style='flex: 1 1 250px; border: 1px solid rgba(150&comma; 150&comma; 150&comma; 0.4); border-radius: 8px; overflow: hidden; display: flex; flex-direction: column;'>\n<div style='padding: 15px; border-bottom: 1px solid rgba(150&comma; 150&comma; 150&comma; 0.2); font-weight: bold; font-size: 18px; color: inherit;'>Formato Corporate 1000<\/div>\n<div style='padding: 15px; color: inherit;'>\n<ul style='padding-left: 20px; margin: 0; font-size: 14px; list-style-type: disc;'>\n<li style='margin-bottom: 10px;'>Agregue un formato controlado por el usuario<\/li>\n<li style='margin-bottom: 10px;'>Disponible en SYSCOM a 48 bits<\/li>\n<li style='margin-bottom: 10px;'><strong style='color: inherit;'>Documentaci\u00f3n requerida:<\/strong><\/li>\n<ul style='padding-left: 20px; margin: 0; font-size: 14px; list-style-type: disc;'>\n<li style='margin-bottom: 5px;'><a href='http:\/\/ftp3.syscom.mx\/usuarios\/ftp\/2017\/09\/15\/96cc8\/Corporate_1000_nuevo.pdf' target='_blank' rel='noopener' style='color: #005cb9; text-decoration: none; color: inherit; font-weight: 500;'>Solicitud para nuevos proyectos<\/a><\/li>\n<li style='margin-bottom: 5px;'><a href='http:\/\/ftp3.syscom.mx\/usuarios\/ftp\/2018\/01\/16\/6a208\/Credential_Program_License_Agreement%20(1).pdf' target='_blank' rel='noopener' style='color: #005cb9; text-decoration: none; color: inherit; font-weight: 500;'>Credential Program<\/a><\/li>\n<li style='margin-bottom: 5px;'><a href='http:\/\/ftp3.syscom.mx\/usuarios\/ftp\/2017\/09\/15\/e939a\/Corporate_1000_existente.pdf' target='_top' style='color: #005cb9; text-decoration: none; color: inherit; font-weight: 500;'>Proyectos existentes<\/a><\/li>\n<\/ul>\n<li style='margin-top: 10px;'><a href='https:\/\/www.syscom.mx\/principal\/searchcont?route=MC-1000-HID-156476&#038;autodetect=mc100' style='color: #005cb9; text-decoration: none; color: inherit; font-weight: 500;'>MC-1000<\/a> &#8211; Cargo adicional por tarjeta programada en C1000<\/li>\n<\/ul><\/div>\n<\/p><\/div>\n<div style='flex: 1 1 250px; border: 1px solid rgba(150&comma; 150&comma; 150&comma; 0.4); border-radius: 8px; overflow: hidden; display: flex; flex-direction: column;'>\n<div style='padding: 15px; border-bottom: 1px solid rgba(150&comma; 150&comma; 150&comma; 0.2); font-weight: bold; font-size: 18px; color: inherit;'>Formato H10301<\/div>\n<div style='padding: 15px; color: inherit;'>\n<ul style='padding-left: 20px; margin: 0; font-size: 14px; list-style-type: disc;'>\n<li style='margin-bottom: 5px;'><strong style='color: inherit;'>Formato:<\/strong> H10301 (26 bits)<\/li>\n<li style='margin-bottom: 5px;'><strong style='color: inherit;'>C\u00f3digo de sitio:<\/strong> 0 a 255<\/li>\n<li style='margin-bottom: 5px;'><strong style='color: inherit;'>Consecutivo:<\/strong> 0-65535<\/li>\n<li style='margin-bottom: 5px;'>Se puede llenar el siguiente <a href='https:\/\/ftp3.syscom.mx\/usuarios\/ftp\/2021\/05\/04\/4ba4d\/FOR%208.4%20025%20CMP%20Formato%20para%20solicitud%20de%20tarjetas%20REV.%20002.docx' target='_blank' rel='noopener' style='color: #005cb9; text-decoration: none; color: inherit; font-weight: 500;'>formulario<\/a> y enviarlo a su ejecutivo de ventas<\/li>\n<\/ul><\/div>\n<\/p><\/div>\n<\/p><\/div>\n<div style='display: flex; flex-wrap: wrap; gap: 30px; margin-bottom: 30px;'>\n<div style='flex: 1 1 300px; min-width: 280px;'>\n<h3 style='font-size: 22px; border-bottom: 2px solid currentColor; padding-bottom: 5px; margin-top: 0; color: inherit; opacity: 0.8;'>Documentaci\u00f3n Adicional<\/h3>\n<ul style='padding-left: 20px; font-size: 15px; color: inherit;'>\n<li style='margin-bottom: 5px;'><a href='http:\/\/ftp3.syscom.mx\/usuarios\/ftp\/2017\/09\/08\/ae5a5\/corporate1000_ds_es.pdf' target='_blank' rel='noopener' style='color: #005cb9; text-decoration: none; color: inherit; font-weight: 500;'>Corporate 1000 &#8211; Hoja T\u00e9cnica<\/a><\/li>\n<\/ul><\/div>\n<\/p><\/div>\n<hr style='border: 0; border-top: 1px solid rgba(150&comma; 150&comma; 150&comma; 0.3); margin: 30px 0;'> <\/div>\n","protected":false},"excerpt":{"rendered":"<p>Tarjeta HID iCLASS SEOS + PROX 8KB<\/p>\n","protected":false},"featured_media":25916,"comment_status":"open","ping_status":"closed","template":"","meta":[],"product_brand":[],"product_cat":[469],"product_tag":[93,814,470],"class_list":{"0":"post-25917","1":"product","2":"type-product","3":"status-publish","4":"has-post-thumbnail","6":"product_cat-tarjetas-y-tags","7":"product_tag-accesorios","8":"product_tag-hid","9":"product_tag-tarjetas-y-tags","11":"first","12":"outofstock","13":"sale","14":"shipping-taxable","15":"purchasable","16":"product-type-simple"},"_links":{"self":[{"href":"https:\/\/soydeaqui.ddns.net\/pachuca\/index.php\/wp-json\/wp\/v2\/product\/25917","targetHints":{"allow":["GET"]}}],"collection":[{"href":"https:\/\/soydeaqui.ddns.net\/pachuca\/index.php\/wp-json\/wp\/v2\/product"}],"about":[{"href":"https:\/\/soydeaqui.ddns.net\/pachuca\/index.php\/wp-json\/wp\/v2\/types\/product"}],"replies":[{"embeddable":true,"href":"https:\/\/soydeaqui.ddns.net\/pachuca\/index.php\/wp-json\/wp\/v2\/comments?post=25917"}],"wp:featuredmedia":[{"embeddable":true,"href":"https:\/\/soydeaqui.ddns.net\/pachuca\/index.php\/wp-json\/wp\/v2\/media\/25916"}],"wp:attachment":[{"href":"https:\/\/soydeaqui.ddns.net\/pachuca\/index.php\/wp-json\/wp\/v2\/media?parent=25917"}],"wp:term":[{"taxonomy":"product_brand","embeddable":true,"href":"https:\/\/soydeaqui.ddns.net\/pachuca\/index.php\/wp-json\/wp\/v2\/product_brand?post=25917"},{"taxonomy":"product_cat","embeddable":true,"href":"https:\/\/soydeaqui.ddns.net\/pachuca\/index.php\/wp-json\/wp\/v2\/product_cat?post=25917"},{"taxonomy":"product_tag","embeddable":true,"href":"https:\/\/soydeaqui.ddns.net\/pachuca\/index.php\/wp-json\/wp\/v2\/product_tag?post=25917"}],"curies":[{"name":"wp","href":"https:\/\/api.w.org\/{rel}","templated":true}]}}