{"id":2591,"date":"2026-03-18T05:58:37","date_gmt":"2026-03-18T05:58:37","guid":{"rendered":"https:\/\/soydeaqui.ddns.net\/pachuca\/index.php\/producto\/m42-receptora-de-alarmas-solo-para-m2m-alula-para-su-central-de-monitoreo-recepcion-tcp-ip-o-gprs\/"},"modified":"2026-03-18T05:58:39","modified_gmt":"2026-03-18T05:58:39","slug":"m42-receptora-de-alarmas-solo-para-m2m-alula-para-su-central-de-monitoreo-recepcion-tcp-ip-o-gprs","status":"publish","type":"product","link":"https:\/\/soydeaqui.ddns.net\/pachuca\/index.php\/producto\/m42-receptora-de-alarmas-solo-para-m2m-alula-para-su-central-de-monitoreo-recepcion-tcp-ip-o-gprs\/","title":{"rendered":"M42 Receptora de alarmas solo para M2M\/ALULA, para su central de monitoreo, recepci\u00f3n  TCP\/IP o GPRS"},"content":{"rendered":"<div style='width: 100%; max-width: 1200px; margin: 0 auto; font-family: sans-serif; line-height: 1.6; color: inherit; background-color: transparent;'>\n<div style='display: flex; flex-wrap: wrap; gap: 30px; margin-bottom: 30px;'>\n<div style='flex: 1 1 300px; min-width: 280px;'>\n<h3 style='font-size: 22px; border-bottom: 2px solid currentColor; padding-bottom: 5px; margin-top: 0; color: inherit; opacity: 0.8;'>Caracter\u00edsticas principales<\/h3>\n<ul style='padding-left: 20px; font-size: 15px; color: inherit;'>\n<li style='margin-bottom: 5px;'>Base de datos interna para 2000 cuentas<\/li>\n<li style='margin-bottom: 5px;'>Interfaz acceso web<\/li>\n<li style='margin-bottom: 5px;'>Recepci\u00f3n de eventos IP\/GPRS<\/li>\n<li style='margin-bottom: 5px;'>Ventana Web de tr\u00e1fico<\/li>\n<li style='margin-bottom: 5px;'>Comunicaci\u00f3n directa Ip con Securithor v2 software de monitoreo de alarmas y\/u otros (Consultarlo con depto. Ingenier\u00eda)<\/li>\n<li style='margin-bottom: 5px;'>Reportes personalizados a su empresa<\/li>\n<li style='margin-bottom: 5px;'>Alerta de alarma por sonido y color personalizado<\/li>\n<\/ul><\/div>\n<div style='flex: 1 1 300px; min-width: 280px;'>\n<h3 style='font-size: 22px; border-bottom: 2px solid currentColor; padding-bottom: 5px; margin-top: 0; color: inherit; opacity: 0.8;'>Caracter\u00edsticas principales<\/h3>\n<ul style='padding-left: 20px; font-size: 15px; color: inherit;'>\n<li style='margin-bottom: 5px;'>Sistema Operativo Linux<\/li>\n<li style='margin-bottom: 5px;'>Dise\u00f1o compacto 160x120x40 mm<\/li>\n<li style='margin-bottom: 5px;'>Racqueable 1U de rack<\/li>\n<li style='margin-bottom: 5px;'>Recepci\u00f3n de multi protocolos y marcas IP en paneles de alarma (Consultar al depto. de Ingenier\u00eda)<\/li>\n<\/ul><\/div>\n<div style='flex: 1 1 300px; min-width: 280px;'>\n<h3 style='font-size: 22px; border-bottom: 2px solid currentColor; padding-bottom: 5px; margin-top: 0; color: inherit; opacity: 0.8;'>Caracter\u00edsticas Destacadas<\/h3>\n<ul style='padding-left: 20px; font-size: 15px; color: inherit;'>\n<li style='margin-bottom: 5px;'>Recepci\u00f3n de eventos de M2M Services<\/li>\n<li style='margin-bottom: 5px;'>Paneles M2M y comunicadores M2M<\/li>\n<li style='margin-bottom: 5px;'>DCHP activado para tomar IP en su red LAN<\/li>\n<li style='margin-bottom: 5px;'>1 puerto ethernet<\/li>\n<li style='margin-bottom: 5px;'>Alimentaci\u00f3n 5Vcc 2A (ya incluye la fuentes de alimentaci\u00f3n P5DC2A)<\/li>\n<li style='margin-bottom: 5px;'><a href='https:\/\/soporte.syscom.mx\/es\/articles\/4952857-mcdi-configurar-extriumdt42v2-con-el-software-securithor' style='color: inherit; text-decoration: underline;'>Tip tecnico de configuracion a Securithor<\/a><\/li>\n<\/ul>\n<p style='font-weight: bold; font-size: 14px; color: inherit; margin-top: 15px;'>Nota: Asegurar que el suministro de energ\u00eda el\u00e9ctrica sea estable y no se cuente con variaciones constante en el mismo ya que puede llegar a da\u00f1ar el equipo. Es recomendable utilizar un respaldo de energ\u00eda para proteger el equipo y mantener el servicio en caso de fallas de suministro el\u00e9ctrico.<\/p>\n<\/p><\/div>\n<\/p><\/div>\n<div style='width: 100%; text-align: center; margin: 30px 0;'>\n<div style='position: relative; padding-bottom: 56.25%; height: 0; overflow: hidden; margin-bottom: 30px;'>   <\/div>\n<\/p><\/div>\n<\/p><\/div>\n","protected":false},"excerpt":{"rendered":"<p>M42 Receptora de alarmas solo para M2M\/ALULA, para su central de monitoreo, recepci\u00f3n  TCP\/IP o GPRS<\/p>\n","protected":false},"featured_media":2590,"comment_status":"open","ping_status":"closed","template":"","meta":[],"product_brand":[],"product_cat":[39],"product_tag":[40,41,165,164],"class_list":{"0":"post-2591","1":"product","2":"type-product","3":"status-publish","4":"has-post-thumbnail","6":"product_cat-centrales-de-monitoreo-de-alarmas","7":"product_tag-centrales-de-monitoreo","8":"product_tag-centrales-de-monitoreo-de-alarmas","9":"product_tag-inc","10":"product_tag-mcdi-security-products","12":"first","13":"outofstock","14":"sale","15":"shipping-taxable","16":"purchasable","17":"product-type-simple"},"_links":{"self":[{"href":"https:\/\/soydeaqui.ddns.net\/pachuca\/index.php\/wp-json\/wp\/v2\/product\/2591","targetHints":{"allow":["GET"]}}],"collection":[{"href":"https:\/\/soydeaqui.ddns.net\/pachuca\/index.php\/wp-json\/wp\/v2\/product"}],"about":[{"href":"https:\/\/soydeaqui.ddns.net\/pachuca\/index.php\/wp-json\/wp\/v2\/types\/product"}],"replies":[{"embeddable":true,"href":"https:\/\/soydeaqui.ddns.net\/pachuca\/index.php\/wp-json\/wp\/v2\/comments?post=2591"}],"wp:featuredmedia":[{"embeddable":true,"href":"https:\/\/soydeaqui.ddns.net\/pachuca\/index.php\/wp-json\/wp\/v2\/media\/2590"}],"wp:attachment":[{"href":"https:\/\/soydeaqui.ddns.net\/pachuca\/index.php\/wp-json\/wp\/v2\/media?parent=2591"}],"wp:term":[{"taxonomy":"product_brand","embeddable":true,"href":"https:\/\/soydeaqui.ddns.net\/pachuca\/index.php\/wp-json\/wp\/v2\/product_brand?post=2591"},{"taxonomy":"product_cat","embeddable":true,"href":"https:\/\/soydeaqui.ddns.net\/pachuca\/index.php\/wp-json\/wp\/v2\/product_cat?post=2591"},{"taxonomy":"product_tag","embeddable":true,"href":"https:\/\/soydeaqui.ddns.net\/pachuca\/index.php\/wp-json\/wp\/v2\/product_tag?post=2591"}],"curies":[{"name":"wp","href":"https:\/\/api.w.org\/{rel}","templated":true}]}}