{"id":25832,"date":"2026-03-18T12:01:43","date_gmt":"2026-03-18T12:01:43","guid":{"rendered":"https:\/\/soydeaqui.ddns.net\/pachuca\/index.php\/producto\/lector-signo-priority-multitecnologia-20nks-t0-000000-garantia-de-por-vida-pigtail-wiegand-osdp\/"},"modified":"2026-03-18T12:01:50","modified_gmt":"2026-03-18T12:01:50","slug":"lector-signo-priority-multitecnologia-20nks-t0-000000-garantia-de-por-vida-pigtail-wiegand-osdp","status":"publish","type":"product","link":"https:\/\/soydeaqui.ddns.net\/pachuca\/index.php\/producto\/lector-signo-priority-multitecnologia-20nks-t0-000000-garantia-de-por-vida-pigtail-wiegand-osdp\/","title":{"rendered":"Lector SIGNO PRIORITY  Multitecnologia\/  20NKS-T0-000000\/ Garantia de Por Vida\/ Pigtail\/Wiegand &#038; OSDP"},"content":{"rendered":"<div style='width: 100%; max-width: 1200px; margin: 0 auto; font-family: sans-serif; line-height: 1.6; color: inherit; background-color: transparent;'>\n<div style='margin-bottom: 30px;'>\n<p style='margin-top: 0; font-size: 15px; color: inherit;'>HID Signo\u2122 es la l\u00ednea ic\u00f3nica de lectores de control de acceso de HID Global. La versatilidad&comma; el rendimiento y las prestaciones de conexi\u00f3n de los lectores HID Signo marcan un nuevo punto de referencia en la industria como la soluci\u00f3n m\u00e1s adaptable&comma; interoperable y segura para el control de acceso electr\u00f3nico.<\/p>\n<\/p><\/div>\n<div style='margin-bottom: 30px;'>\n<h3 style='font-size: 22px; border-bottom: 2px solid currentColor; padding-bottom: 5px; margin-top: 0; color: inherit; opacity: 0.8;'>Caracter\u00edsticas<\/h3>\n<ul style='padding-left: 20px; font-size: 15px; color: inherit;'>\n<li style='margin-bottom: 5px;'>Lector modelo <strong style='color: inherit;'>20NKS-T0-000000<\/strong><\/li>\n<li style='margin-bottom: 5px;'>Voltaje de alimentaci\u00f3n: 12 Vcc<\/li>\n<li style='margin-bottom: 5px;'>Tecnolog\u00eda soportada: Seos&comma; iCLASS SE\u00ae&comma; iCLASS SR\u00ae&comma; iCLASS\u00ae&comma; MIFARE Classic&comma; credenciales m\u00f3viles con tecnolog\u00eda Seos (HID Mobile Access&comma; <a style='color: #005cb9; text-decoration: none; font-weight: 600; color: inherit;' href='https:\/\/www.syscom.mx\/producto\/MID-SUB-T100-HID-168373.html'>MID-SUB-T100<\/a>).<\/li>\n<li style='margin-bottom: 5px;'><strong style='color: inherit;'>No soporta tecnolog\u00eda 125 KHz<\/strong><\/li>\n<li style='margin-bottom: 5px;'>Ideal para instalaci\u00f3n en marcos de puerta o en cualquier superficie de montaje plana<\/li>\n<li style='margin-bottom: 5px;'>Dimensiones: 45 mm x 121.5 mm x 19.5 mm (1.77 pulgadas x 4.78 pulgadas x 0.77 pulgadas)<\/li>\n<li style='margin-bottom: 5px;'>Entrada: LED tricolor&comma; indicador ac\u00fastico&comma; retenci\u00f3n en bajo activo.<\/li>\n<li style='margin-bottom: 5px;'>Salida de datos por <strong style='color: inherit;'>Pigtail.<\/strong><\/li>\n<li style='margin-bottom: 5px;'>Salida de datos: <strong style='color: inherit;'>Wiegand<\/strong> y RS-485 semid\u00faplex (<strong style='color: inherit;'>OSDP<\/strong>) a trav\u00e9s de cable flexible (18 pulgadas \/ 0.5 m) o regleta de bornes<\/li>\n<li style='margin-bottom: 5px;'>Garant\u00eda: De por vida.<\/li>\n<\/ul><\/div>\n<div style='margin-bottom: 30px;'> <img style='width: 100%; height: auto; border: 1px solid rgba(150&comma;150&comma;150&comma;0.3); border-radius: 8px;' src='https:\/\/ftp3.syscom.mx\/usuarios\/ftp\/2022\/05\/18\/88563\/R20SP_Spec.png' alt=''> <\/div>\n<div style='margin-bottom: 30px;'>\n<h3 style='font-size: 22px; border-bottom: 2px solid currentColor; padding-bottom: 5px; margin-top: 0; color: inherit; opacity: 0.8;'>\u00bfC\u00f3mo se programan los lectores?<\/h3>\n<p style='margin-top: 0; font-size: 15px; color: inherit;'>Solo requieren programarse si se usa el NFC o Bluetooth&comma; o bien cuando se desea ajustar rangos y colores de los LEDs<\/p>\n<ul style='padding-left: 20px; font-size: 15px; color: inherit; margin-top: 15px;'>\n<li style='margin-bottom: 5px;'>Aqu\u00ed un tutorial de uso <a style='color: #005cb9; text-decoration: none; color: inherit;' href='https:\/\/www.youtube.com\/watch?v=ToZfmfr5NtE&#038;feature=youtu.be' target='_blank' rel='noopener'>Video<\/a> <a style='color: #005cb9; text-decoration: none; color: inherit;' href='http:\/\/ftp3.syscom.mx\/usuarios\/ftp\/2019\/11\/13\/21397\/Readermanager.pdf' target='_blank' rel='noopener'>Tutorial de Uso<\/a><\/li>\n<\/ul><\/div>\n<hr style='border: 0; border-top: 1px solid rgba(150&comma; 150&comma; 150&comma; 0.3); margin: 30px 0;'> <\/div>\n","protected":false},"excerpt":{"rendered":"<p>Lector SIGNO PRIORITY  Multitecnologia\/  20NKS-T0-000000\/ Garantia de Por Vida\/ Pigtail\/Wiegand &#038; OSDP<\/p>\n","protected":false},"featured_media":25831,"comment_status":"open","ping_status":"closed","template":"","meta":[],"product_brand":[],"product_cat":[770],"product_tag":[814,466,771],"class_list":{"0":"post-25832","1":"product","2":"type-product","3":"status-publish","4":"has-post-thumbnail","6":"product_cat-mifare-iclass-13-56-mhz","7":"product_tag-hid","8":"product_tag-lectoras-y-tarjetas","9":"product_tag-mifare-iclass-13-56-mhz","11":"first","12":"instock","13":"sale","14":"shipping-taxable","15":"purchasable","16":"product-type-simple"},"_links":{"self":[{"href":"https:\/\/soydeaqui.ddns.net\/pachuca\/index.php\/wp-json\/wp\/v2\/product\/25832","targetHints":{"allow":["GET"]}}],"collection":[{"href":"https:\/\/soydeaqui.ddns.net\/pachuca\/index.php\/wp-json\/wp\/v2\/product"}],"about":[{"href":"https:\/\/soydeaqui.ddns.net\/pachuca\/index.php\/wp-json\/wp\/v2\/types\/product"}],"replies":[{"embeddable":true,"href":"https:\/\/soydeaqui.ddns.net\/pachuca\/index.php\/wp-json\/wp\/v2\/comments?post=25832"}],"wp:featuredmedia":[{"embeddable":true,"href":"https:\/\/soydeaqui.ddns.net\/pachuca\/index.php\/wp-json\/wp\/v2\/media\/25831"}],"wp:attachment":[{"href":"https:\/\/soydeaqui.ddns.net\/pachuca\/index.php\/wp-json\/wp\/v2\/media?parent=25832"}],"wp:term":[{"taxonomy":"product_brand","embeddable":true,"href":"https:\/\/soydeaqui.ddns.net\/pachuca\/index.php\/wp-json\/wp\/v2\/product_brand?post=25832"},{"taxonomy":"product_cat","embeddable":true,"href":"https:\/\/soydeaqui.ddns.net\/pachuca\/index.php\/wp-json\/wp\/v2\/product_cat?post=25832"},{"taxonomy":"product_tag","embeddable":true,"href":"https:\/\/soydeaqui.ddns.net\/pachuca\/index.php\/wp-json\/wp\/v2\/product_tag?post=25832"}],"curies":[{"name":"wp","href":"https:\/\/api.w.org\/{rel}","templated":true}]}}