{"id":25823,"date":"2026-03-18T12:01:32","date_gmt":"2026-03-18T12:01:32","guid":{"rendered":"https:\/\/soydeaqui.ddns.net\/pachuca\/index.php\/producto\/motor-para-puertas-de-garage-1-2hp-fuerte-iluminacion-led-433mhz\/"},"modified":"2026-03-18T12:01:41","modified_gmt":"2026-03-18T12:01:41","slug":"motor-para-puertas-de-garage-1-2hp-fuerte-iluminacion-led-433mhz","status":"publish","type":"product","link":"https:\/\/soydeaqui.ddns.net\/pachuca\/index.php\/producto\/motor-para-puertas-de-garage-1-2hp-fuerte-iluminacion-led-433mhz\/","title":{"rendered":"Motor para puertas de garage\/1\/2HP\/Fuerte\/Iluminaci\u00f3n LED\/433Mhz\/."},"content":{"rendered":"<div style='width: 100%; max-width: 1200px; margin: 0 auto; font-family: sans-serif; line-height: 1.6; color: inherit; background-color: transparent;'>\n<h1 style='font-size: 24px; color: inherit; margin-top: 0; margin-bottom: 20px;'>Especificaciones t\u00e9cnicas:<\/h1>\n<div style='display: flex; flex-wrap: wrap; gap: 30px; margin-bottom: 30px;'>\n<div style='flex: 1 1 300px; min-width: 280px;'>\n<div style='border-left: 5px solid #0091ff; border-radius: 8px; padding: 15px; box-shadow: 2px 2px 10px rgba(216&comma; 216&comma; 216&comma; 0.5);'> <strong style='font-size: 18px; display: block; margin-bottom: 10px; color: inherit;'>Caracter\u00edsticas principales:<\/strong> <\/p>\n<ul style='padding-left: 20px; margin: 0; font-size: 15px; color: inherit;'>\n<li style='margin-bottom: 8px;'>Motor de 1\/2 HP de Fuerza.<\/li>\n<li style='margin-bottom: 8px;'><strong>Solo motor (No incluye riel)<\/strong><\/li>\n<li style='margin-bottom: 8px;'>Compatible con cualquier fotocelda (COM &comma;NC).<\/li>\n<li style='margin-bottom: 8px;'>Entrada para bot\u00f3n cableado (COM&comma;NO).<\/li>\n<li style='margin-bottom: 8px;'><strong>Capacidad de 25 controles inal\u00e1mbricos. (433Mhz C\u00f3digo variante)<\/strong><\/li>\n<li style='margin-bottom: 8px;'>Arranque suave\/parada suave.<\/li>\n<li style='margin-bottom: 8px;'><strong>Entrada de sensor de estado de puerta peatonal.<\/strong><\/li>\n<\/ul><\/div>\n<\/p><\/div>\n<div style='flex: 1 1 300px; min-width: 280px;'>\n<div style='border-left: 5px solid #0091ff; border-radius: 8px; padding: 15px; box-shadow: 2px 2px 10px rgba(216&comma; 216&comma; 216&comma; 0.5);'> <strong style='font-size: 18px; display: block; margin-bottom: 10px; color: inherit;'>Caracter\u00edsticas F\u00edsicas y El\u00e9ctricas:<\/strong> <\/p>\n<ul style='padding-left: 20px; margin: 0; font-size: 15px; color: inherit;'>\n<li style='margin-bottom: 8px;'>Voltaje de operaci\u00f3n: 127 Vca.<\/li>\n<li style='margin-bottom: 8px;'>Salida de voltaje de 24Vcc.<\/li>\n<li style='margin-bottom: 8px;'>Transformador con protecci\u00f3n de sobrecarga.<\/li>\n<\/ul><\/div>\n<\/p><\/div>\n<div style='flex: 1 1 300px; min-width: 280px;'>\n<div style='border-left: 5px solid #0091ff; border-radius: 8px; padding: 15px; box-shadow: 2px 2px 10px rgba(216&comma; 216&comma; 216&comma; 0.5);'> <strong style='font-size: 18px; display: block; margin-bottom: 10px; color: inherit;'>Caracter\u00edsticas Destacadas:<\/strong> <\/p>\n<ul style='padding-left: 20px; margin: 0; font-size: 15px; color: inherit;'>\n<li style='margin-bottom: 8px;'>Entrada para bot\u00f3n cableado (COM&comma;NO).<\/li>\n<li style='margin-bottom: 8px;'><strong>Bater\u00eda de respaldo.<\/strong> (no incluida)<\/li>\n<li style='margin-bottom: 8px;'>Ajuste del l\u00edmite de recorrido electr\u00f3nico.<\/li>\n<li style='margin-bottom: 8px;'>Compatible con riel tipo T y tipo C. (no incluidos).<\/li>\n<\/ul><\/div>\n<\/p><\/div>\n<\/p><\/div>\n<div style='margin: 30px 0; font-size: 15px; color: inherit;'>\n<p>(Bater\u00edas de respaldo no incluidas&comma; colocar 2 bater\u00edas PL1.212 en serie&comma; requiere cable modelo <a style='color: #0091ff; text-decoration: none;' href='https:\/\/www.syscom.mx\/producto\/ACCESS-CORD-ACCESSPRO-196161.html'>ACCESSCORD<\/a> y la base <a style='color: #0091ff; text-decoration: none;' href='https:\/\/www.syscom.mx\/producto\/HOLDER-BAT-ACCESSPRO-192690.html'>HOLDERBAT<\/a>)<\/p>\n<p style='margin: 20px 0;'>***No incluye riel&comma; torniller\u00eda y herrajes (\u00fanicamente motor)<\/p>\n<p style='color: #d35400; margin-bottom: 20px;'>El equipo no cuenta con salida de relevador para conectar cerradura el\u00e9ctrica<\/p>\n<p style='margin-bottom: 20px;'>Actualice su viejo motor por uno de ACCESSPRO<\/p>\n<p>Instalaci\u00f3n en puerta corrediza&comma; <a style='color: #0091ff; text-decoration: none;' href='https:\/\/youtu.be\/nUtjNyWT0CI'>aqu\u00ed<\/a><\/p>\n<\/p><\/div>\n<hr style='border: 0; border-top: 1px solid rgba(150&comma; 150&comma; 150&comma; 0.3); margin: 30px 0;'>\n<div style='display: flex; flex-wrap: wrap; gap: 30px; margin-bottom: 30px;'>\n<div style='flex: 1 1 400px; min-width: 300px;'> <img style='width: 100%; height: auto; border: 1px solid rgba(150&comma;150&comma;150&comma;0.3); border-radius: 8px;' src='https:\/\/ftp3.syscom.mx\/usuarios\/mario.rodriguez\/MOTORPUERTASDEGARAJE\/ACCESSFORCE\/Imagen.PNG' alt=''> <\/div>\n<\/p><\/div>\n<div style='margin: 30px 0; font-size: 15px; color: inherit;'>\n<p>La distancia m\u00e1xima para automatizar una puerta corrediza es de 6mts.<\/p>\n<p>El n\u00famero de ciclos que soporta la bater\u00eda de respaldo var\u00eda dependiendo del peso de la puerta (si es una puerta corrediza&comma; abatible o seccional).<\/p>\n<\/p><\/div>\n<hr style='border: 0; border-top: 1px solid rgba(150&comma; 150&comma; 150&comma; 0.3); margin: 30px 0;'>\n<div style='display: flex; flex-wrap: wrap; gap: 20px; margin-bottom: 30px;'>\n<div style='flex: 1 1 300px; min-width: 280px;'>\n<div style='position: relative; padding-bottom: 56.25%; height: 0; overflow: hidden; margin-bottom: 30px;'>   <\/div>\n<\/p><\/div>\n<div style='flex: 1 1 300px; min-width: 280px;'>\n<div style='position: relative; padding-bottom: 56.25%; height: 0; overflow: hidden; margin-bottom: 30px;'>   <\/div>\n<\/p><\/div>\n<div style='flex: 1 1 300px; min-width: 280px;'>\n<div style='position: relative; padding-bottom: 56.25%; height: 0; overflow: hidden; margin-bottom: 30px;'>   <\/div>\n<\/p><\/div>\n<\/p><\/div>\n<\/p><\/div>\n","protected":false},"excerpt":{"rendered":"<p>Motor para puertas de garage\/1\/2HP\/Fuerte\/Iluminaci\u00f3n LED\/433Mhz\/.<\/p>\n","protected":false},"featured_media":25822,"comment_status":"open","ping_status":"closed","template":"","meta":[],"product_brand":[],"product_cat":[400],"product_tag":[401,234,402],"class_list":{"0":"post-25823","1":"product","2":"type-product","3":"status-publish","4":"has-post-thumbnail","6":"product_cat-puertas-de-garage","7":"product_tag-acceso-vehicular","8":"product_tag-accesspro","9":"product_tag-puertas-de-garage","11":"first","12":"outofstock","13":"sale","14":"shipping-taxable","15":"purchasable","16":"product-type-simple"},"_links":{"self":[{"href":"https:\/\/soydeaqui.ddns.net\/pachuca\/index.php\/wp-json\/wp\/v2\/product\/25823","targetHints":{"allow":["GET"]}}],"collection":[{"href":"https:\/\/soydeaqui.ddns.net\/pachuca\/index.php\/wp-json\/wp\/v2\/product"}],"about":[{"href":"https:\/\/soydeaqui.ddns.net\/pachuca\/index.php\/wp-json\/wp\/v2\/types\/product"}],"replies":[{"embeddable":true,"href":"https:\/\/soydeaqui.ddns.net\/pachuca\/index.php\/wp-json\/wp\/v2\/comments?post=25823"}],"wp:featuredmedia":[{"embeddable":true,"href":"https:\/\/soydeaqui.ddns.net\/pachuca\/index.php\/wp-json\/wp\/v2\/media\/25822"}],"wp:attachment":[{"href":"https:\/\/soydeaqui.ddns.net\/pachuca\/index.php\/wp-json\/wp\/v2\/media?parent=25823"}],"wp:term":[{"taxonomy":"product_brand","embeddable":true,"href":"https:\/\/soydeaqui.ddns.net\/pachuca\/index.php\/wp-json\/wp\/v2\/product_brand?post=25823"},{"taxonomy":"product_cat","embeddable":true,"href":"https:\/\/soydeaqui.ddns.net\/pachuca\/index.php\/wp-json\/wp\/v2\/product_cat?post=25823"},{"taxonomy":"product_tag","embeddable":true,"href":"https:\/\/soydeaqui.ddns.net\/pachuca\/index.php\/wp-json\/wp\/v2\/product_tag?post=25823"}],"curies":[{"name":"wp","href":"https:\/\/api.w.org\/{rel}","templated":true}]}}