{"id":2582,"date":"2026-03-18T05:58:32","date_gmt":"2026-03-18T05:58:32","guid":{"rendered":"https:\/\/soydeaqui.ddns.net\/pachuca\/index.php\/producto\/ax-pro-camara-inalambrica-pir-6-anos-de-bateria-inmunidad-a-mascotas-rango-de-deteccion-de-12-mts-angulo-de-85-9-de-cobertura-uso-interior\/"},"modified":"2026-03-18T05:58:35","modified_gmt":"2026-03-18T05:58:35","slug":"ax-pro-camara-inalambrica-pir-6-anos-de-bateria-inmunidad-a-mascotas-rango-de-deteccion-de-12-mts-angulo-de-85-9-de-cobertura-uso-interior","status":"publish","type":"product","link":"https:\/\/soydeaqui.ddns.net\/pachuca\/index.php\/producto\/ax-pro-camara-inalambrica-pir-6-anos-de-bateria-inmunidad-a-mascotas-rango-de-deteccion-de-12-mts-angulo-de-85-9-de-cobertura-uso-interior\/","title":{"rendered":"(AX PRO) C\u00c1MARA Inal\u00e1mbrica + PIR \/ 6 A\u00f1os de Bater\u00eda \/ Inmunidad a Mascotas \/ Rango de Detecci\u00f3n de 12 mts \/ Angulo de 85.9\u00b0 de Cobertura \/ Uso Interior"},"content":{"rendered":"<div style='width: 100%; max-width: 1200px; margin: 0 auto; font-family: sans-serif; line-height: 1.6; color: inherit; background-color: transparent;'> <!-- Logo --> <\/p>\n<div style='text-align: center; margin: 20px 0;'> <img style='width: 45%; max-width: 600px; height: auto; border: 1px solid rgba(150&comma;150&comma;150&comma;0.3); border-radius: 8px;' src='https:\/\/ftp3.syscom.mx\/usuarios\/jsosa\/HIKVISION\/imagenes\/logo\/hikvision%20see%20far.png' alt='Logo Hikvision'> <\/div>\n<p> <!-- Video principal --> <\/p>\n<div style='margin: 30px 0;'>\n<h3 style='text-align: center; font-size: 20px; margin-bottom: 20px; color: inherit;'><strong>Conoce la serie AX PRO de alarmas Hikvision<\/strong><\/h3>\n<div style='position: relative; padding-bottom: 56.25%; height: 0; overflow: hidden;'>   <\/div>\n<\/p><\/div>\n<p> <!-- Consideraciones --> <\/p>\n<div style='margin: 30px 0;'>\n<div style='border: 1px solid rgba(150&comma;150&comma;150&comma;0.4); border-radius: 16px; overflow: hidden;'>\n<div style='padding: 15px; background: #df001e; border-bottom: 1px solid #a80000;'> <span style='font-size: 14px; color: #ffffff; font-family: sans-serif; font-weight: bold; display: inline-block;'>Consideraciones<\/span> <\/div>\n<div style='padding: 15px;'>\n<ul style='padding-left: 20px; margin: 0; font-size: 14px; color: inherit;'>\n<li style='margin: 8px 0;'><span style='font-family: sans-serif;'>Las distancias de comunicaci\u00f3n entre los sensores y el panel pueden variar en cada instalaci\u00f3n por cuestiones como: ruido ambiental&comma; materiales y grosor de los muros&comma; ruido digital&comma; etc.<\/span><\/li>\n<\/ul><\/div>\n<\/p><\/div>\n<\/p><\/div>\n<p> <!-- Videos secundarios --> <\/p>\n<div style='margin: 30px 0;'>\n<div style='display: flex; flex-wrap: wrap; gap: 20px;'>\n<div style='flex: 1 1 300px; min-width: 280px;'>\n<h4 style='text-align: center; font-size: 16px; margin-bottom: 15px; color: inherit;'><strong>Configuraci\u00f3n de la alarma AX PRO de Hikvision<\/strong><\/h4>\n<div style='position: relative; padding-bottom: 56.25%; height: 0; overflow: hidden;'>   <\/div>\n<\/p><\/div>\n<div style='flex: 1 1 300px; min-width: 280px;'>\n<h4 style='text-align: center; font-size: 16px; margin-bottom: 15px; color: inherit;'><strong>Bienvenido al futuro con AX PRO Hikvision<\/strong><\/h4>\n<div style='position: relative; padding-bottom: 56.25%; height: 0; overflow: hidden;'>   <\/div>\n<\/p><\/div>\n<div style='flex: 1 1 300px; min-width: 280px;'>\n<h4 style='text-align: center; font-size: 16px; margin-bottom: 15px; color: inherit;'><strong>Sistema Robusto contra Intrusiones AX PRO<\/strong><\/h4>\n<div style='position: relative; padding-bottom: 56.25%; height: 0; overflow: hidden;'>   <\/div>\n<\/p><\/div>\n<\/p><\/div>\n<\/p><\/div>\n<p> <!-- Especificaciones --> <\/p>\n<div style='margin: 30px 0;'>\n<div style='text-align: center; margin-bottom: 30px;'>\n<h1 style='color: #232a6f; font-size: 24px; margin: 0; font-family: sans-serif;'><span style='color: inherit;'>Especif\u00edcaciones<\/span><\/h1>\n<\/p><\/div>\n<div style='display: flex; flex-wrap: wrap; gap: 20px;'> <!-- Caracter\u00edsticas Principales --> <\/p>\n<div style='flex: 1 1 300px; min-width: 280px;'>\n<div style='border: 1px solid rgba(150&comma;150&comma;150&comma;0.4); border-radius: 16px; overflow: hidden; display: flex; flex-direction: column; height: 100%;'>\n<div style='padding: 15px; background: #df001e; border-bottom: 1px solid #a80000;'> <span style='font-size: 14px; color: #ffffff; font-family: sans-serif; font-weight: bold; display: inline-block;'>Caracter\u00edsticas Principales:<\/span> <\/div>\n<div style='padding: 15px; flex-grow: 1;'>\n<ul style='padding-left: 20px; margin: 0; font-size: 14px; color: inherit;'>\n<li style='margin: 8px 0;'><span style='font-family: sans-serif;'>Alarma de intrusi\u00f3n.<\/span><\/li>\n<li style='margin: 8px 0;'><span style='font-family: sans-serif;'>Rango de detecci\u00f3n: 12 m.<\/span><\/li>\n<li style='margin: 8px 0;'><span style='font-family: sans-serif;'>Angulo de detecci\u00f3n: 85.9\u00b0.<\/span><\/li>\n<li style='margin: 8px 0;'><span style='font-family: sans-serif;'>Inmunidad contra mascotas: 30Kg.<\/span><\/li>\n<li style='margin: 8px 0;'><span style='font-family: sans-serif;'>Resoluci\u00f3n m\u00e1xima de la c\u00e1mara: 640 x 480.<\/span><\/li>\n<li style='margin: 8px 0;'><span style='font-family: sans-serif;'>No incluye montaje (cotizar el modelo <strong><a href='https:\/\/www.syscom.mx\/producto\/DS-PDB-IN-U-HIKVISION-207035.html' target='_blank' rel='noopener' style='color: inherit; text-decoration: underline;'>DS-PDB-IN-U<\/a><\/strong>).<\/span><\/li>\n<\/ul><\/div>\n<\/p><\/div>\n<\/p><\/div>\n<p> <!-- Caracter\u00edsticas F\u00edsicas y El\u00e9ctricas --> <\/p>\n<div style='flex: 1 1 300px; min-width: 280px;'>\n<div style='border: 1px solid rgba(150&comma;150&comma;150&comma;0.4); border-radius: 16px; overflow: hidden; display: flex; flex-direction: column; height: 100%;'>\n<div style='padding: 15px; background: #df001e; border-bottom: 1px solid #a80000;'> <span style='font-size: 14px; color: #ffffff; font-family: sans-serif; font-weight: bold; display: inline-block;'>Caracter\u00edsticas F\u00edsicas y El\u00e9ctricas:<\/span> <\/div>\n<div style='padding: 15px; flex-grow: 1;'>\n<ul style='padding-left: 20px; margin: 0; font-size: 14px; color: inherit;'>\n<li style='margin: 8px 0;'><span style='font-family: sans-serif;'>Voltaje de Operaci\u00f3n: Bater\u00edas de 3V \/ 3 x CR123A (Incluida).<\/span><\/li>\n<li style='margin: 8px 0;'><span style='font-family: sans-serif;'>Tiempo util de la bater\u00eda: 6 a\u00f1os<\/span><\/li>\n<li style='margin: 8px 0;'><span style='font-family: sans-serif;'>Tamper antisabotaje.<\/span><\/li>\n<li style='margin: 8px 0;'><span style='font-family: sans-serif;'>Temperatura de operaci\u00f3n: -10\u00b0 &#8211; 55\u00b0C.<\/span><\/li>\n<li style='margin: 8px 0;'><span style='font-family: sans-serif;'>Dimensiones: 72.2 x 120.5 x 56.7 mm.<\/span><\/li>\n<\/ul>\n<p style='margin: 15px 0 0 0;'><span style='font-family: sans-serif;'>Configuraciones b\u00e1sicas clic <a href='https:\/\/soporte.syscom.mx\/es\/articles\/5117840-hikvision-alarmas-dspwa48-axpro-configuraciones-basicas-del-panel?_gl=1*1jcae36*_gcl_au*MTA3OTUxMzEyMS4xNzQxMTE1NDIy' target='_blank' rel='noopener' style='color: inherit; text-decoration: underline;'>Aqu\u00ed<\/a><\/span><\/p>\n<\/p><\/div>\n<\/p><\/div>\n<\/p><\/div>\n<\/p><\/div>\n<\/p><\/div>\n<p> <!-- Caracter\u00edsticas Destacadas --> <\/p>\n<div style='margin: 30px 0;'>\n<div style='border: 1px solid rgba(150&comma;150&comma;150&comma;0.4); border-radius: 16px; overflow: hidden;'>\n<div style='padding: 15px; background: #df001e; border-bottom: 1px solid #a80000;'> <span style='font-size: 14px; color: #ffffff; font-family: sans-serif; font-weight: bold; display: inline-block;'>Caracter\u00edsticas Destacadas:<\/span> <\/div>\n<div style='padding: 15px;'>\n<p style='margin: 10px 0;'><span style='font-family: sans-serif;'>Detector inal\u00e1mbrico bidireccional totalmente supervisado con c\u00e1mara incorporada de alta calidad que puede proporcionar una soluci\u00f3n ideal para la verificaci\u00f3n de video a trav\u00e9s de im\u00e1genes en movimiento transmitidas a un ARC o tel\u00e9fonos personales a trav\u00e9s de aplicaciones.<\/span><\/p>\n<p style='margin: 10px 0;'><span style='font-family: sans-serif;'>Conozca todos los dispositivos que pueden integrar en la Serie AX PRO dando clic <strong><a href='https:\/\/www.syscom.mx\/principal\/listadoproductosazul\/intrusion-hikvision-paneles-de-alarma-y-accesorios-ax-pro-series-66286.html?ordenar=Precio_de_Menor_a_Mayor&#038;pag=1' target='_blank' rel='noopener' style='color: inherit; text-decoration: underline;'>aqu\u00ed<\/a><\/strong>.<\/span><\/p>\n<\/p><\/div>\n<\/p><\/div>\n<\/p><\/div>\n<p> <!-- Diagrama Familia AX PRO --> <\/p>\n<div style='margin: 30px 0;'>\n<h2 style='text-align: center; font-size: 20px; margin-bottom: 20px; color: inherit;'><strong>Linea de Productos AX PRO<\/strong><\/h2>\n<div style='text-align: center;'> <a href='https:\/\/www.syscom.mx\/principal\/listadoproductosazul\/intrusion-hikvision-paneles-de-alarma-y-accesorios-ax-pro-series-66286.html?ordenar=Precio_de_Menor_a_Mayor&#038;pag=1' target='_blank' rel='noopener'> <img style='width: 100%; max-width: 800px; height: auto; border: 1px solid rgba(150&comma;150&comma;150&comma;0.3); border-radius: 8px;' src='https:\/\/ftp3.syscom.mx\/usuarios\/jsosa\/HIKVISION\/alarmas\/AXPPRO\/banner\/AX%20PRO%20disgramas-hikvision.jpg' alt='Diagrama Familia AX PRO'> <\/a> <\/div>\n<\/p><\/div>\n<p> <!-- Videos PIRCAM --> <\/p>\n<div style='margin: 30px 0;'>\n<div style='display: flex; flex-wrap: wrap; gap: 20px;'>\n<div style='flex: 1 1 300px; min-width: 280px;'>\n<h3 style='text-align: center; font-size: 18px; margin-bottom: 15px; color: inherit;'><strong>Configuraci\u00f3n e Instalaci\u00f3n PIRCAM<\/strong><\/h3>\n<div style='position: relative; padding-bottom: 56.25%; height: 0; overflow: hidden;'>   <\/div>\n<\/p><\/div>\n<div style='flex: 1 1 300px; min-width: 280px;'>\n<h3 style='text-align: center; font-size: 18px; margin-bottom: 15px; color: inherit;'><strong>Conociendo PIRCAM Hikvision<\/strong><\/h3>\n<div style='position: relative; padding-bottom: 56.25%; height: 0; overflow: hidden;'>   <\/div>\n<\/p><\/div>\n<\/p><\/div>\n<\/p><\/div>\n<p> <!-- Serie AX PRO --> <\/p>\n<div style='margin: 30px 0;'>\n<div style='display: flex; flex-wrap: wrap; gap: 20px; align-items: center;'>\n<div style='flex: 1 1 300px; min-width: 250px;'> <a href='https:\/\/www.syscom.mx\/principal\/listadoproductosazul\/intrusion-hikvision-paneles-de-alarma-y-accesorios-ax-pro-series-66286.html?ordenar=Precio_de_Menor_a_Mayor&#038;pag=1' target='_blank' rel='noopener'> <img style='width: 100%; max-width: 400px; height: auto; border: 1px solid rgba(150&comma;150&comma;150&comma;0.3); border-radius: 8px;' src='https:\/\/ftp3.syscom.mx\/usuarios\/jsosa\/HIKVISION\/alarmas\/AXPPRO\/Serie%20AXPRO.png' alt='Serie AX PRO'> <\/a> <\/div>\n<div style='flex: 1 1 300px; min-width: 250px;'>\n<h2 style='font-size: 18px; margin-top: 0; margin-bottom: 15px; color: inherit;'><span style='font-family: sans-serif;'>Serie AX PRO<\/span><\/h2>\n<p style='margin: 10px 0;'><span style='font-family: sans-serif;'>\u00bfNecesita proteger su hogar&comma; oficina o tienda?<\/span><\/p>\n<p style='margin: 10px 0;'><span style='font-family: sans-serif;'>\u00bfCansado de tantos cables y mucho tiempo de instalaci\u00f3n?<\/span><\/p>\n<p style='margin: 10px 0;'><span style='font-family: sans-serif;'>\u00a1Utilice una soluci\u00f3n de alarma inal\u00e1mbrica profesional!<\/span><\/p>\n<p style='margin: 10px 0;'><span style='font-family: sans-serif;'>Conozca todos los dispositivos que pueden integrar en la Serie AX PRO dando clic <a href='https:\/\/www.syscom.mx\/principal\/listadoproductosazul\/intrusion-hikvision-paneles-de-alarma-y-accesorios-ax-pro-series-66286.html?ordenar=Precio_de_Menor_a_Mayor&#038;pag=1' target='_blank' rel='noopener' style='color: inherit; text-decoration: underline;'><strong>aqu\u00ed<\/strong><\/a>.<\/span><\/p>\n<\/p><\/div>\n<\/p><\/div>\n<\/p><\/div>\n<p> <!-- Video Verificaci\u00f3n --> <\/p>\n<div style='margin: 30px 0; text-align: center;'>\n<h3 style='font-size: 18px; margin-bottom: 15px; color: inherit;'><strong>Video Verificaci\u00f3n con PIR con C\u00e1mara<\/strong><\/h3>\n<div style='position: relative; padding-bottom: 56.25%; height: 0; overflow: hidden; max-width: 800px; margin: 0 auto;'>   <\/div>\n<\/p><\/div>\n<p> <!-- Comparaci\u00f3n de producto --> <\/p>\n<div style='margin: 30px 0; text-align: center;'>\n<h3 style='font-size: 18px; margin-bottom: 15px; color: inherit;'><strong>Comparaci\u00f3n en una sala de reuniones<\/strong><\/h3>\n<p> <img style='width: 100%; max-width: 800px; height: auto; border: 1px solid rgba(150&comma;150&comma;150&comma;0.3); border-radius: 8px;' src='https:\/\/ftp3.syscom.mx\/usuarios\/jsosa\/HIKVISION\/alarmas\/AXPPRO\/DSPDPC12PEG2WB\/DS-PDPC12P-EG2-WB%20imagen.png' alt='Comparaci\u00f3n de producto'> <\/div>\n<p> <!-- Banner --> <\/p>\n<div style='margin: 30px 0; text-align: center;'> <a title='Serie AX PRO' href='https:\/\/www.syscom.mx\/principal\/promociones\/serie_ax_pro_alarmas_hikvision-5416.html?ordenar=Relevancia&#038;pag=1' target='_blank' rel='noopener'> <img style='width: 100%; max-width: 1000px; height: auto; border: 1px solid rgba(150&comma;150&comma;150&comma;0.3); border-radius: 8px;' src='https:\/\/ftp3.syscom.mx\/usuarios\/jsosa\/HIKVISION\/alarmas\/AXPPRO\/banner\/HIKVISION-AXPRO-SERIES.jpg' alt='Banner Serie AX PRO'> <\/a> <\/div>\n<\/p><\/div>\n","protected":false},"excerpt":{"rendered":"<p>(AX PRO) C\u00c1MARA Inal\u00e1mbrica + PIR \/ 6 A\u00f1os de Bater\u00eda \/ Inmunidad a Mascotas \/ Rango de Detecci\u00f3n de 12 mts \/ Angulo de 85.9\u00b0 de Cobertura \/ Uso Interior<\/p>\n","protected":false},"featured_media":2581,"comment_status":"open","ping_status":"closed","template":"","meta":[],"product_brand":[],"product_cat":[68],"product_tag":[70,54,69],"class_list":{"0":"post-2582","1":"product","2":"type-product","3":"status-publish","4":"has-post-thumbnail","6":"product_cat-ax-pro-series","7":"product_tag-ax-pro-series","8":"product_tag-hikvision","9":"product_tag-paneles-de-alarma-y-accesorios-hikvision","11":"first","12":"instock","13":"sale","14":"shipping-taxable","15":"purchasable","16":"product-type-simple"},"_links":{"self":[{"href":"https:\/\/soydeaqui.ddns.net\/pachuca\/index.php\/wp-json\/wp\/v2\/product\/2582","targetHints":{"allow":["GET"]}}],"collection":[{"href":"https:\/\/soydeaqui.ddns.net\/pachuca\/index.php\/wp-json\/wp\/v2\/product"}],"about":[{"href":"https:\/\/soydeaqui.ddns.net\/pachuca\/index.php\/wp-json\/wp\/v2\/types\/product"}],"replies":[{"embeddable":true,"href":"https:\/\/soydeaqui.ddns.net\/pachuca\/index.php\/wp-json\/wp\/v2\/comments?post=2582"}],"wp:featuredmedia":[{"embeddable":true,"href":"https:\/\/soydeaqui.ddns.net\/pachuca\/index.php\/wp-json\/wp\/v2\/media\/2581"}],"wp:attachment":[{"href":"https:\/\/soydeaqui.ddns.net\/pachuca\/index.php\/wp-json\/wp\/v2\/media?parent=2582"}],"wp:term":[{"taxonomy":"product_brand","embeddable":true,"href":"https:\/\/soydeaqui.ddns.net\/pachuca\/index.php\/wp-json\/wp\/v2\/product_brand?post=2582"},{"taxonomy":"product_cat","embeddable":true,"href":"https:\/\/soydeaqui.ddns.net\/pachuca\/index.php\/wp-json\/wp\/v2\/product_cat?post=2582"},{"taxonomy":"product_tag","embeddable":true,"href":"https:\/\/soydeaqui.ddns.net\/pachuca\/index.php\/wp-json\/wp\/v2\/product_tag?post=2582"}],"curies":[{"name":"wp","href":"https:\/\/api.w.org\/{rel}","templated":true}]}}