{"id":25770,"date":"2026-03-18T12:00:33","date_gmt":"2026-03-18T12:00:33","guid":{"rendered":"https:\/\/soydeaqui.ddns.net\/pachuca\/index.php\/producto\/kit-de-operadores-abatibles-6006-de-doorking-para-puertas-de-hasta-5-5-metros-soporta-respaldo-de-baterias\/"},"modified":"2026-03-18T12:00:33","modified_gmt":"2026-03-18T12:00:33","slug":"kit-de-operadores-abatibles-6006-de-doorking-para-puertas-de-hasta-5-5-metros-soporta-respaldo-de-baterias","status":"publish","type":"product","link":"https:\/\/soydeaqui.ddns.net\/pachuca\/index.php\/producto\/kit-de-operadores-abatibles-6006-de-doorking-para-puertas-de-hasta-5-5-metros-soporta-respaldo-de-baterias\/","title":{"rendered":"Kit de Operadores Abatibles 6006 de Doorking \/ Para Puertas de Hasta 5.5 Metros  \/ Soporta Respaldo de Baterias"},"content":{"rendered":"<div style='width: 100%; max-width: 1200px; margin: 0 auto; font-family: sans-serif; line-height: 1.6; color: inherit; background-color: transparent;'>\n<div style='display: flex; flex-wrap: wrap; gap: 30px; margin-bottom: 30px;'>\n<div style='flex: 1 1 300px; min-width: 280px;'>\n<h3 style='font-size: 22px; border-bottom: 2px solid currentColor; padding-bottom: 5px; margin-top: 0; color: inherit; opacity: 0.8;'>Caracter\u00edsticas de funcionamiento<\/h3>\n<ul style='padding-left: 20px; font-size: 15px; color: inherit;'>\n<li style='margin-bottom: 5px;'>2.43 metros hasta 700 kgs<\/li>\n<li style='margin-bottom: 5px;'>4.87 metros hasta 360 kgs<\/li>\n<li style='margin-bottom: 5px;'>5.48 metros hasta 272 kgs<\/li>\n<\/ul><\/div>\n<div style='flex: 1 1 300px; min-width: 280px;'>\n<h3 style='font-size: 22px; border-bottom: 2px solid currentColor; padding-bottom: 5px; margin-top: 0; color: inherit; opacity: 0.8;'>Caracter\u00edsticas F\u00edsicas y El\u00e9ctricas<\/h3>\n<ul style='padding-left: 20px; font-size: 15px; color: inherit;'>\n<li style='margin-bottom: 5px;'>Alimentaci\u00f3n del cuadro de mando 110VAC<\/li>\n<li style='margin-bottom: 5px;'>Voltaje de operaci\u00f3n de los brazos 24VDC<\/li>\n<li style='margin-bottom: 5px;'>L\u00edmites de carrera ajustables<\/li>\n<\/ul><\/div>\n<div style='flex: 1 1 300px; min-width: 280px;'>\n<h3 style='font-size: 22px; border-bottom: 2px solid currentColor; padding-bottom: 5px; margin-top: 0; color: inherit; opacity: 0.8;'>Caracter\u00edsticas Destacadas<\/h3>\n<ul style='padding-left: 20px; font-size: 15px; color: inherit;'>\n<li style='margin-bottom: 5px;'>Soporta respaldo de bater\u00edas (No incluidas)<\/li>\n<li style='margin-bottom: 5px;'>Liberaci\u00f3n manual por medio de llave<\/li>\n<li style='margin-bottom: 5px;'>Cumplimiento con norma UL325<\/li>\n<\/ul><\/div>\n<\/p><\/div>\n<div style='width: 100%; text-align: center; margin: 30px 0;'>\n<h2 style='font-size: 20px; color: inherit;'>Frecuencia de uso de hasta 300 ciclos por d\u00eda<\/h2>\n<\/p><\/div>\n<div style='display: flex; flex-wrap: wrap; gap: 30px; margin-bottom: 30px;'>\n<div style='flex: 1 1 300px; min-width: 280px;'>\n<h3 style='font-size: 22px; border-bottom: 2px solid currentColor; padding-bottom: 5px; margin-top: 0; color: inherit; opacity: 0.8;'>Contenido del kit<\/h3>\n<ul style='padding-left: 20px; font-size: 15px; color: inherit;'>\n<li style='margin-bottom: 5px;'>2 x <strong>6006-380<\/strong> Brazos abatibles Doorking<\/li>\n<li style='margin-bottom: 5px;'>1 x <strong>4302-311<\/strong> Cuadro de mando Doorking<\/li>\n<\/ul><\/div>\n<div style='flex: 1 1 300px; min-width: 280px;'> <img style='width: 100%; height: auto; border: 1px solid rgba(150&comma;150&comma;150&comma;0.3); border-radius: 8px;' src='https:\/\/ftp3.syscom.mx\/usuarios\/fotos\/6006380\/205099-medidas_6006.jpg' alt='Medidas 6006'> <\/div>\n<\/p><\/div>\n<div style='width: 100%; text-align: center; margin: 30px 0;'>\n<h3 style='font-size: 22px; border-bottom: 2px solid currentColor; padding-bottom: 5px; margin-top: 0; color: inherit; opacity: 0.8;'>Accesorios Opcionales<\/h3>\n<p style='margin: 0; font-size: 15px; color: inherit;'><strong>XBS-SW-01<\/strong> Botonera triple de uso rudo<\/p>\n<\/p><\/div>\n<div style='width: 100%; margin: 30px 0;'>\n<div style='padding: 20px; border: 1px solid rgba(150&comma;150&comma;150&comma;0.3); border-radius: 8px; font-size: 14px; color: inherit;'> Es importante tener en cuenta la resistencia que el viento puede generar en los portones sin ranuras de ventilaci\u00f3n al operar los motores en apertura y cierre de puertas abatibles. Recomendamos considerar la instalaci\u00f3n de rejillas que permitan la adecuada ventilaci\u00f3n para facilitar el correcto funcionamiento de los dispositivos. <\/div>\n<\/p><\/div>\n<hr style='border: 0; border-top: 1px solid rgba(150&comma; 150&comma; 150&comma; 0.3); margin: 30px 0;'> <\/div>\n","protected":false},"excerpt":{"rendered":"<p>Kit de Operadores Abatibles 6006 de Doorking \/ Para Puertas de Hasta 5.5 Metros  \/ Soporta Respaldo de Baterias<\/p>\n","protected":false},"featured_media":25769,"comment_status":"open","ping_status":"closed","template":"","meta":[],"product_brand":[],"product_cat":[821],"product_tag":[401,781,822],"class_list":{"0":"post-25770","1":"product","2":"type-product","3":"status-publish","4":"has-post-thumbnail","6":"product_cat-puertas-abatibles","7":"product_tag-acceso-vehicular","8":"product_tag-dks-doorking","9":"product_tag-puertas-abatibles","11":"first","12":"instock","13":"sale","14":"shipping-taxable","15":"purchasable","16":"product-type-simple"},"_links":{"self":[{"href":"https:\/\/soydeaqui.ddns.net\/pachuca\/index.php\/wp-json\/wp\/v2\/product\/25770","targetHints":{"allow":["GET"]}}],"collection":[{"href":"https:\/\/soydeaqui.ddns.net\/pachuca\/index.php\/wp-json\/wp\/v2\/product"}],"about":[{"href":"https:\/\/soydeaqui.ddns.net\/pachuca\/index.php\/wp-json\/wp\/v2\/types\/product"}],"replies":[{"embeddable":true,"href":"https:\/\/soydeaqui.ddns.net\/pachuca\/index.php\/wp-json\/wp\/v2\/comments?post=25770"}],"wp:featuredmedia":[{"embeddable":true,"href":"https:\/\/soydeaqui.ddns.net\/pachuca\/index.php\/wp-json\/wp\/v2\/media\/25769"}],"wp:attachment":[{"href":"https:\/\/soydeaqui.ddns.net\/pachuca\/index.php\/wp-json\/wp\/v2\/media?parent=25770"}],"wp:term":[{"taxonomy":"product_brand","embeddable":true,"href":"https:\/\/soydeaqui.ddns.net\/pachuca\/index.php\/wp-json\/wp\/v2\/product_brand?post=25770"},{"taxonomy":"product_cat","embeddable":true,"href":"https:\/\/soydeaqui.ddns.net\/pachuca\/index.php\/wp-json\/wp\/v2\/product_cat?post=25770"},{"taxonomy":"product_tag","embeddable":true,"href":"https:\/\/soydeaqui.ddns.net\/pachuca\/index.php\/wp-json\/wp\/v2\/product_tag?post=25770"}],"curies":[{"name":"wp","href":"https:\/\/api.w.org\/{rel}","templated":true}]}}