{"id":25758,"date":"2026-03-18T12:00:17","date_gmt":"2026-03-18T12:00:17","guid":{"rendered":"https:\/\/soydeaqui.ddns.net\/pachuca\/index.php\/producto\/controlador-de-acceso-para-4-puertas-50000-tarjetas-servidor-web\/"},"modified":"2026-03-18T12:00:21","modified_gmt":"2026-03-18T12:00:21","slug":"controlador-de-acceso-para-4-puertas-50000-tarjetas-servidor-web","status":"publish","type":"product","link":"https:\/\/soydeaqui.ddns.net\/pachuca\/index.php\/producto\/controlador-de-acceso-para-4-puertas-50000-tarjetas-servidor-web\/","title":{"rendered":"Controlador de Acceso para 4 puertas \/ 50,000 tarjetas \/ Servidor Web"},"content":{"rendered":"<div style='width: 100%; max-width: 1200px; margin: 0 auto; font-family: sans-serif; line-height: 1.6; color: inherit; background-color: transparent;'>\n<div style='display: flex; flex-wrap: wrap; gap: 30px; margin-bottom: 30px;'>\n<div style='flex: 1 1 300px; min-width: 280px;'>\n<h3 style='font-size: 22px; border-bottom: 2px solid currentColor; padding-bottom: 5px; margin-top: 0; color: inherit; opacity: 0.8;'>Descripci\u00f3n General<\/h3>\n<p style='font-size: 15px; color: inherit; margin-bottom: 15px;'>Controlador Inteligente y Elegante de 4 Puertas<\/p>\n<p style='font-size: 15px; color: inherit; margin-bottom: 15px;'>Akuvox A094 es un controlador de acceso inteligente alojado en un elegante gabinete SGCC. Proporciona las ventajas del control de acceso de dos puertas sobre un sistema centralizado. Compatible con la implementaci\u00f3n independiente y en red&comma; se puede aplicar a proyectos de varias escalas.<\/p>\n<ul style='padding-left: 20px; font-size: 15px; color: inherit;'>\n<li style='margin-bottom: 5px;'>Aspecto elegante.<\/li>\n<li style='margin-bottom: 5px;'>Soporta comunicaci\u00f3n TCP \/ IP e interfaz web para gesti\u00f3n.<\/li>\n<li style='margin-bottom: 5px;'>Admite hasta 50&comma;000 tarjetas y 100&comma;000 registros de presentaci\u00f3n de tarjetas.<\/li>\n<li style='margin-bottom: 5px;'>Admite la funci\u00f3n de bloqueo de m\u00faltiples puertas y la funci\u00f3n anti-paso atr\u00e1s.<\/li>\n<li style='margin-bottom: 5px;'>Soporta RS-485&comma; OSDP&comma; protocolo Wiegand para acceder a lectores de tarjetas.<\/li>\n<li style='margin-bottom: 5px;'>Soporte de apertura de puerta de emergencia (EDR).<\/li>\n<li style='margin-bottom: 5px;'>Soporte de alarma a prueba de manipulaciones.<\/li>\n<li style='margin-bottom: 5px;'>F\u00e1cil de establecer sistema de control de acceso a gran escala con Akuvox ACMS.<\/li>\n<li style='margin-bottom: 5px;'>Dise\u00f1o de bater\u00eda de respaldo.<\/li>\n<\/ul><\/div>\n<\/p><\/div>\n<div style='display: flex; flex-wrap: wrap; gap: 20px; margin-bottom: 30px;'>\n<div style='flex: 1 1 250px; border: 1px solid rgba(150&comma; 150&comma; 150&comma; 0.4); border-radius: 8px; overflow: hidden; display: flex; flex-direction: column;'>\n<div style='padding: 15px; border-bottom: 1px solid rgba(150&comma; 150&comma; 150&comma; 0.2); font-weight: bold; font-size: 18px; color: inherit;'>F\u00edsico y Potencia<\/div>\n<div style='padding: 15px; color: inherit;'>\n<ul style='padding-left: 20px; margin: 0; font-size: 14px; list-style-type: disc;'>\n<li style='margin-bottom: 5px;'><strong>Panel frontal:<\/strong> SGCC<\/li>\n<li style='margin-bottom: 5px;'><strong>RAM \/ ROM:<\/strong> 64MB \/ 128MB<\/li>\n<li style='margin-bottom: 5px;'><strong>Entrada de energ\u00eda:<\/strong> 100~240VAC 50 \/ 60Hz<\/li>\n<li style='margin-bottom: 5px;'><strong>Puerto de Wiegand:<\/strong> 4<\/li>\n<li style='margin-bottom: 5px;'><strong>Rel\u00e9s de salida:<\/strong> 24<\/li>\n<li style='margin-bottom: 5px;'><strong>Entrada del bot\u00f3n de salida:<\/strong> 4<\/li>\n<li style='margin-bottom: 5px;'><strong>Puerto RS485:<\/strong> Soporte<\/li>\n<li style='margin-bottom: 5px;'><strong>Puerto Ethernet:<\/strong> RJ45&comma; 10\/100 Mbps&comma; adaptable<\/li>\n<li style='margin-bottom: 5px;'><strong>Luces de estado:<\/strong> Soporte<\/li>\n<li style='margin-bottom: 5px;'><strong>Alarma a prueba de manipulaciones:<\/strong> Soporte<\/li>\n<li style='margin-bottom: 5px;'><strong>Potencia de salida:<\/strong> 12V 800mA por puerta para cerraduras \/ golpes&comma; lectores y dispositivos de entrada<\/li>\n<li style='margin-bottom: 5px;'><strong>Bater\u00eda de respaldo:<\/strong> Soporte<\/li>\n<li style='margin-bottom: 5px;'><strong>Instalaci\u00f3n:<\/strong> Montado en la pared<\/li>\n<li style='margin-bottom: 5px;'><strong>Dimensi\u00f3n:<\/strong> 365 x 340 x 86 (mm)<\/li>\n<li style='margin-bottom: 5px;'><strong>Humedad de trabajo:<\/strong> 10%~90%<\/li>\n<li style='margin-bottom: 5px;'><strong>Temperatura De Trabajo:<\/strong> -20\u00b0C ~ +55\u00b0C<\/li>\n<li style='margin-bottom: 5px;'><strong>Temperatura De Almacenamiento:<\/strong> -40\u00b0C ~ +70\u00b0C<\/li>\n<\/ul><\/div>\n<\/p><\/div>\n<div style='flex: 1 1 250px; border: 1px solid rgba(150&comma; 150&comma; 150&comma; 0.4); border-radius: 8px; overflow: hidden; display: flex; flex-direction: column;'>\n<div style='padding: 15px; border-bottom: 1px solid rgba(150&comma; 150&comma; 150&comma; 0.2); font-weight: bold; font-size: 18px; color: inherit;'>Caracter\u00edstica de Entrada de Puerta<\/div>\n<div style='padding: 15px; color: inherit;'>\n<ul style='padding-left: 20px; margin: 0; font-size: 14px; list-style-type: disc;'>\n<li style='margin-bottom: 5px;'>50&comma;000 tarjetas de almacenamiento<\/li>\n<li style='margin-bottom: 5px;'>Funci\u00f3n antipaso de vuelta<\/li>\n<li style='margin-bottom: 5px;'>Funci\u00f3n de bloqueo de m\u00faltiples puertas<\/li>\n<li style='margin-bottom: 5px;'>Tabla de acceso exportar \/ importar<\/li>\n<li style='margin-bottom: 5px;'>Gesti\u00f3n del nivel de acceso<\/li>\n<\/ul>\n<p style='margin-top: 15px; margin-bottom: 5px; font-weight: bold; font-size: 16px; color: inherit;'>Lectores de Tarjetas<\/p>\n<ul style='padding-left: 20px; margin: 0; font-size: 14px; list-style-type: disc;'>\n<li style='margin-bottom: 5px;'>Soporta lectores Wiegand 26\/34<\/li>\n<li style='margin-bottom: 5px;'>Soporta lectores OSDP<\/li>\n<li style='margin-bottom: 5px;'>Soporta lectores RS485<\/li>\n<\/ul><\/div>\n<\/p><\/div>\n<div style='flex: 1 1 250px; border: 1px solid rgba(150&comma; 150&comma; 150&comma; 0.4); border-radius: 8px; overflow: hidden; display: flex; flex-direction: column;'>\n<div style='padding: 15px; border-bottom: 1px solid rgba(150&comma; 150&comma; 150&comma; 0.2); font-weight: bold; font-size: 18px; color: inherit;'>Conexi\u00f3n de redes<\/div>\n<div style='padding: 15px; color: inherit;'>\n<ul style='padding-left: 20px; margin: 0; font-size: 14px; list-style-type: disc;'>\n<li style='margin-bottom: 5px;'>Compatibilidad con protocolos: IPv4&comma; HTTP&comma; HTTPS&comma; FTP&comma; TFTP&comma; SNMP&comma; DNS&comma; SNTP&comma; TCP&comma; UDP&comma; TLS&comma; ICMP&comma; DHCP&comma; ARP<\/li>\n<\/ul><\/div>\n<\/p><\/div>\n<div style='flex: 1 1 250px; border: 1px solid rgba(150&comma; 150&comma; 150&comma; 0.4); border-radius: 8px; overflow: hidden; display: flex; flex-direction: column;'>\n<div style='padding: 15px; border-bottom: 1px solid rgba(150&comma; 150&comma; 150&comma; 0.2); font-weight: bold; font-size: 18px; color: inherit;'>Implementaci\u00f3n y Mantenimiento<\/div>\n<div style='padding: 15px; color: inherit;'>\n<ul style='padding-left: 20px; margin: 0; font-size: 14px; list-style-type: disc;'>\n<li style='margin-bottom: 5px;'>Auto-Aprovisionamiento<\/li>\n<li style='margin-bottom: 5px;'>Portal de gesti\u00f3n web<\/li>\n<li style='margin-bottom: 5px;'>Volcado de paquetes basado en web<\/li>\n<li style='margin-bottom: 5px;'>Copia de seguridad \/ restauraci\u00f3n de la configuraci\u00f3n<\/li>\n<li style='margin-bottom: 5px;'>Actualizaci\u00f3n de firmware<\/li>\n<li style='margin-bottom: 5px;'>Registros del sistema<\/li>\n<\/ul><\/div>\n<\/p><\/div>\n<\/p><\/div>\n<div style='display: flex; flex-wrap: wrap; gap: 15px; margin-bottom: 30px;'>\n<div style='flex: 1 1 100%;'>\n<h3 style='font-size: 22px; border-bottom: 2px solid currentColor; padding-bottom: 5px; margin-top: 0; color: inherit; opacity: 0.8;'>Im\u00e1genes del Producto<\/h3>\n<\/p><\/div>\n<div style='flex: 1 1 100%; display: flex; flex-wrap: wrap; gap: 15px;'>\n<div style='flex: 1 1 200px; min-width: 180px;'> <img style='width: 100%; height: auto; border: 1px solid rgba(150&comma;150&comma;150&comma;0.3); border-radius: 8px;' src='https:\/\/akuvox.com\/uploads\/202301\/2023011209232165.jpg' alt=''> <\/div>\n<div style='flex: 1 1 200px; min-width: 180px;'> <img style='width: 100%; height: auto; border: 1px solid rgba(150&comma;150&comma;150&comma;0.3); border-radius: 8px;' src='https:\/\/akuvox.com\/uploads\/202301\/2023011209233295.jpg' alt=''> <\/div>\n<div style='flex: 1 1 200px; min-width: 180px;'> <img style='width: 100%; height: auto; border: 1px solid rgba(150&comma;150&comma;150&comma;0.3); border-radius: 8px;' src='https:\/\/akuvox.com\/uploads\/202301\/2023011209234165.jpg' alt=''> <\/div>\n<div style='flex: 1 1 200px; min-width: 180px;'> <img style='width: 100%; height: auto; border: 1px solid rgba(150&comma;150&comma;150&comma;0.3); border-radius: 8px;' src='https:\/\/akuvox.com\/uploads\/202301\/2023011209235418.jpg' alt=''> <\/div>\n<div style='flex: 1 1 200px; min-width: 180px;'> <img style='width: 100%; height: auto; border: 1px solid rgba(150&comma;150&comma;150&comma;0.3); border-radius: 8px;' src='https:\/\/akuvox.com\/uploads\/202301\/2023011209240154.jpg' alt=''> <\/div>\n<\/p><\/div>\n<\/p><\/div>\n<hr style='border: 0; border-top: 1px solid rgba(150&comma; 150&comma; 150&comma; 0.3); margin: 30px 0;'> <\/div>\n","protected":false},"excerpt":{"rendered":"<p>Controlador de Acceso para 4 puertas \/ 50,000 tarjetas \/ Servidor Web<\/p>\n","protected":false},"featured_media":25757,"comment_status":"open","ping_status":"closed","template":"","meta":[],"product_brand":[],"product_cat":[783],"product_tag":[786,785,784],"class_list":{"0":"post-25758","1":"product","2":"type-product","3":"status-publish","4":"has-post-thumbnail","6":"product_cat-controladores-de-acceso","7":"product_tag-akuvox","8":"product_tag-controladores-de-acceso","9":"product_tag-paneles-de-control-de-acceso","11":"first","12":"outofstock","13":"sale","14":"shipping-taxable","15":"purchasable","16":"product-type-simple"},"_links":{"self":[{"href":"https:\/\/soydeaqui.ddns.net\/pachuca\/index.php\/wp-json\/wp\/v2\/product\/25758","targetHints":{"allow":["GET"]}}],"collection":[{"href":"https:\/\/soydeaqui.ddns.net\/pachuca\/index.php\/wp-json\/wp\/v2\/product"}],"about":[{"href":"https:\/\/soydeaqui.ddns.net\/pachuca\/index.php\/wp-json\/wp\/v2\/types\/product"}],"replies":[{"embeddable":true,"href":"https:\/\/soydeaqui.ddns.net\/pachuca\/index.php\/wp-json\/wp\/v2\/comments?post=25758"}],"wp:featuredmedia":[{"embeddable":true,"href":"https:\/\/soydeaqui.ddns.net\/pachuca\/index.php\/wp-json\/wp\/v2\/media\/25757"}],"wp:attachment":[{"href":"https:\/\/soydeaqui.ddns.net\/pachuca\/index.php\/wp-json\/wp\/v2\/media?parent=25758"}],"wp:term":[{"taxonomy":"product_brand","embeddable":true,"href":"https:\/\/soydeaqui.ddns.net\/pachuca\/index.php\/wp-json\/wp\/v2\/product_brand?post=25758"},{"taxonomy":"product_cat","embeddable":true,"href":"https:\/\/soydeaqui.ddns.net\/pachuca\/index.php\/wp-json\/wp\/v2\/product_cat?post=25758"},{"taxonomy":"product_tag","embeddable":true,"href":"https:\/\/soydeaqui.ddns.net\/pachuca\/index.php\/wp-json\/wp\/v2\/product_tag?post=25758"}],"curies":[{"name":"wp","href":"https:\/\/api.w.org\/{rel}","templated":true}]}}