{"id":2575,"date":"2026-03-18T05:58:26","date_gmt":"2026-03-18T05:58:26","guid":{"rendered":"https:\/\/soydeaqui.ddns.net\/pachuca\/index.php\/producto\/alula-sirena-inalambrica-para-exterior-volumen-sonoro-100-dba-vida-util-bateria-2-5-anos-alimentacion-ac-opcional-resistente-al-agua-ip56-compatible-connect\/"},"modified":"2026-03-18T05:58:26","modified_gmt":"2026-03-18T05:58:26","slug":"alula-sirena-inalambrica-para-exterior-volumen-sonoro-100-dba-vida-util-bateria-2-5-anos-alimentacion-ac-opcional-resistente-al-agua-ip56-compatible-connect","status":"publish","type":"product","link":"https:\/\/soydeaqui.ddns.net\/pachuca\/index.php\/producto\/alula-sirena-inalambrica-para-exterior-volumen-sonoro-100-dba-vida-util-bateria-2-5-anos-alimentacion-ac-opcional-resistente-al-agua-ip56-compatible-connect\/","title":{"rendered":"ALULA &#8211; Sirena Inal\u00e1mbrica para Exterior \/ Volumen Sonoro 100 dBA \/ Vida \u00datil Bater\u00eda 2-5 a\u00f1os \/ Alimentaci\u00f3n AC Opcional \/ Resistente al Agua IP56 \/ Compatible Connect+"},"content":{"rendered":"<div style='width: 100%; max-width: 1200px; margin: 0 auto; font-family: sans-serif; line-height: 1.6; color: inherit; background-color: transparent;'>\n<div style='width: 100%;'> <img style='width: 100%; height: auto; border: 1px solid rgba(150&comma;150&comma;150&comma;0.3); border-radius: 8px;' src='https:\/\/ftp3.syscom.mx\/usuarios\/vvega\/alula\/imagenes\/encabezado.jpg' alt=''> <\/div>\n<div style='display: flex; flex-wrap: wrap; gap: 30px; margin-bottom: 30px;'>\n<div style='flex: 1 1 300px; min-width: 280px;'>\n<h3 style='font-size: 22px; border-bottom: 2px solid currentColor; padding-bottom: 5px; margin-top: 0; color: inherit; opacity: 0.8;'>Descripci\u00f3n General<\/h3>\n<p style='font-size: 15px; color: inherit; margin-top: 0;'>La Sirena Inal\u00e1mbrica para Exterior RE636 de Alula es un dispositivo de advertencia auditivo que produce sonidos de advertencia de alto volumen y estrobosc\u00f3picos visuales&comma; dise\u00f1ado para alertar en situaciones de alarma de robo&comma; humo y mon\u00f3xido de carbono. Su volumen es ajustable a trav\u00e9s de la aplicaci\u00f3n Connect+ Installer o el portal web del proveedor del servicio interactivo.<\/p>\n<\/p><\/div>\n<\/p><\/div>\n<div style='display: flex; flex-wrap: wrap; gap: 20px; margin-bottom: 30px;'>\n<div style='flex: 1 1 250px; border: 1px solid rgba(150&comma; 150&comma; 150&comma; 0.4); border-radius: 8px; overflow: hidden; display: flex; flex-direction: column;'>\n<div style='padding: 15px; border-bottom: 1px solid rgba(150&comma; 150&comma; 150&comma; 0.2); font-weight: bold; font-size: 18px; color: inherit;'>Caracter\u00edsticas Principales<\/div>\n<div style='padding: 15px; color: inherit;'>\n<ul style='padding-left: 20px; margin: 0; font-size: 14px; list-style-type: disc;'>\n<li style='margin-bottom: 5px;'>Sirena multi-cadencia<\/li>\n<li style='margin-bottom: 5px;'>Volumen m\u00ednimo de 100 dBA a 1 metro<\/li>\n<li style='margin-bottom: 5px;'>Vida \u00fatil de bater\u00eda de 2 a 5 a\u00f1os con bater\u00edas incluidas<\/li>\n<li style='margin-bottom: 5px;'>Carcasa resistente al agua IP56<\/li>\n<\/ul><\/div>\n<\/p><\/div>\n<div style='flex: 1 1 250px; border: 1px solid rgba(150&comma; 150&comma; 150&comma; 0.4); border-radius: 8px; overflow: hidden; display: flex; flex-direction: column;'>\n<div style='padding: 15px; border-bottom: 1px solid rgba(150&comma; 150&comma; 150&comma; 0.2); font-weight: bold; font-size: 18px; color: inherit;'>Funcionalidades<\/div>\n<div style='padding: 15px; color: inherit;'>\n<ul style='padding-left: 20px; margin: 0; font-size: 14px; list-style-type: disc;'>\n<li style='margin-bottom: 5px;'>Advertencia sonora para condiciones de alarma de robo&comma; humo y mon\u00f3xido de carbono<\/li>\n<li style='margin-bottom: 5px;'>Compatibilidad con hasta ocho sirenas RE636 en un panel<\/li>\n<li style='margin-bottom: 5px;'>Enrolamiento inal\u00e1mbrico f\u00e1cil a trav\u00e9s de LEDs<\/li>\n<li style='margin-bottom: 5px;'>LED de alimentaci\u00f3n y RF para indicaciones de estado<\/li>\n<\/ul><\/div>\n<\/p><\/div>\n<\/p><\/div>\n<div style='display: flex; flex-wrap: wrap; gap: 20px; margin-bottom: 30px;'>\n<div style='flex: 1 1 250px; border: 1px solid rgba(150&comma; 150&comma; 150&comma; 0.4); border-radius: 8px; overflow: hidden; display: flex; flex-direction: column;'>\n<div style='padding: 15px; border-bottom: 1px solid rgba(150&comma; 150&comma; 150&comma; 0.2); font-weight: bold; font-size: 18px; color: inherit;'>Interfaces y Conectividad<\/div>\n<div style='padding: 15px; color: inherit;'>\n<ul style='padding-left: 20px; margin: 0; font-size: 14px; list-style-type: disc;'>\n<li style='margin-bottom: 5px;'>Frecuencia de operaci\u00f3n de 433 MHz<\/li>\n<li style='margin-bottom: 5px;'>Conexi\u00f3n de pared opcional con clavijas el\u00e9ctricas de 2 pines<\/li>\n<\/ul><\/div>\n<\/p><\/div>\n<div style='flex: 1 1 250px; border: 1px solid rgba(150&comma; 150&comma; 150&comma; 0.4); border-radius: 8px; overflow: hidden; display: flex; flex-direction: column;'>\n<div style='padding: 15px; border-bottom: 1px solid rgba(150&comma; 150&comma; 150&comma; 0.2); font-weight: bold; font-size: 18px; color: inherit;'>Requisitos y Compatibilidad<\/div>\n<div style='padding: 15px; color: inherit;'>\n<ul style='padding-left: 20px; margin: 0; font-size: 14px; list-style-type: disc;'>\n<li style='margin-bottom: 5px;'>3 bater\u00edas C-Cell no recargables con voltaje nominal de 4.5 VDC<\/li>\n<li style='margin-bottom: 5px;'>Compatibilidad con Connect+\u2122<\/li>\n<li style='margin-bottom: 5px;'>Condiciones ambientales de operaci\u00f3n de 0\u00b0F a 130\u00b0F y 85% de humedad m\u00e1xima<\/li>\n<li style='margin-bottom: 5px;'>Certificaciones FCC&comma; IC&comma; EN 60950-1:2015<\/li>\n<\/ul><\/div>\n<\/p><\/div>\n<\/p><\/div>\n<div style='display: flex; flex-wrap: wrap; gap: 30px; margin-bottom: 30px;'>\n<div style='flex: 1 1 300px; min-width: 280px;'>\n<h3 style='font-size: 22px; border-bottom: 2px solid currentColor; padding-bottom: 5px; margin-top: 0; color: inherit; opacity: 0.8;'>Aplicaciones y Casos de Uso<\/h3>\n<p style='font-size: 15px; color: inherit; margin-top: 0;'>Ideal para instalaciones al aire libre donde se requiere una alerta sonora y visual potente.<\/p>\n<\/p><\/div>\n<\/p><\/div>\n<hr style='border: 0; border-top: 1px solid rgba(150&comma; 150&comma; 150&comma; 0.3); margin: 30px 0;'> <\/div>\n","protected":false},"excerpt":{"rendered":"<p>ALULA &#8211; Sirena Inal\u00e1mbrica para Exterior \/ Volumen Sonoro 100 dBA \/ Vida \u00datil Bater\u00eda 2-5 a\u00f1os \/ Alimentaci\u00f3n AC Opcional \/ Resistente al Agua IP56 \/ Compatible Connect+<\/p>\n","protected":false},"featured_media":2574,"comment_status":"open","ping_status":"closed","template":"","meta":[],"product_brand":[],"product_cat":[146],"product_tag":[93,188,147],"class_list":{"0":"post-2575","1":"product","2":"type-product","3":"status-publish","4":"has-post-thumbnail","6":"product_cat-sirenas-y-estrobos","7":"product_tag-accesorios","8":"product_tag-m2m-services","9":"product_tag-sirenas-y-estrobos","11":"first","12":"instock","13":"sale","14":"shipping-taxable","15":"purchasable","16":"product-type-simple"},"_links":{"self":[{"href":"https:\/\/soydeaqui.ddns.net\/pachuca\/index.php\/wp-json\/wp\/v2\/product\/2575","targetHints":{"allow":["GET"]}}],"collection":[{"href":"https:\/\/soydeaqui.ddns.net\/pachuca\/index.php\/wp-json\/wp\/v2\/product"}],"about":[{"href":"https:\/\/soydeaqui.ddns.net\/pachuca\/index.php\/wp-json\/wp\/v2\/types\/product"}],"replies":[{"embeddable":true,"href":"https:\/\/soydeaqui.ddns.net\/pachuca\/index.php\/wp-json\/wp\/v2\/comments?post=2575"}],"wp:featuredmedia":[{"embeddable":true,"href":"https:\/\/soydeaqui.ddns.net\/pachuca\/index.php\/wp-json\/wp\/v2\/media\/2574"}],"wp:attachment":[{"href":"https:\/\/soydeaqui.ddns.net\/pachuca\/index.php\/wp-json\/wp\/v2\/media?parent=2575"}],"wp:term":[{"taxonomy":"product_brand","embeddable":true,"href":"https:\/\/soydeaqui.ddns.net\/pachuca\/index.php\/wp-json\/wp\/v2\/product_brand?post=2575"},{"taxonomy":"product_cat","embeddable":true,"href":"https:\/\/soydeaqui.ddns.net\/pachuca\/index.php\/wp-json\/wp\/v2\/product_cat?post=2575"},{"taxonomy":"product_tag","embeddable":true,"href":"https:\/\/soydeaqui.ddns.net\/pachuca\/index.php\/wp-json\/wp\/v2\/product_tag?post=2575"}],"curies":[{"name":"wp","href":"https:\/\/api.w.org\/{rel}","templated":true}]}}