{"id":2573,"date":"2026-03-18T05:58:25","date_gmt":"2026-03-18T05:58:25","guid":{"rendered":"https:\/\/soydeaqui.ddns.net\/pachuca\/index.php\/producto\/alula-sirena-inalambrica-aviso-auditivo-sonidos-de-alta-y-baja-volumen-led-sincronizados-con-panel-encriptacion-connect-frecuencia-433-mhz-vida-util-de-bateria-de-respaldo-48-horas-in\/"},"modified":"2026-03-18T05:58:25","modified_gmt":"2026-03-18T05:58:25","slug":"alula-sirena-inalambrica-aviso-auditivo-sonidos-de-alta-y-baja-volumen-led-sincronizados-con-panel-encriptacion-connect-frecuencia-433-mhz-vida-util-de-bateria-de-respaldo-48-horas-in","status":"publish","type":"product","link":"https:\/\/soydeaqui.ddns.net\/pachuca\/index.php\/producto\/alula-sirena-inalambrica-aviso-auditivo-sonidos-de-alta-y-baja-volumen-led-sincronizados-con-panel-encriptacion-connect-frecuencia-433-mhz-vida-util-de-bateria-de-respaldo-48-horas-in\/","title":{"rendered":"ALULA &#8211; Sirena Inal\u00e1mbrica \/ Aviso Auditivo \/ Sonidos de Alta y Baja Volumen \/ LED Sincronizados con Panel \/ Encriptaci\u00f3n Connect+ \/ Frecuencia 433 MHz \/ Vida \u00datil de Bater\u00eda de Respaldo 48 Horas \/ Instalaci\u00f3n Atornillad"},"content":{"rendered":"<div style='width: 100%; max-width: 1200px; margin: 0 auto; font-family: sans-serif; line-height: 1.6; color: inherit; background-color: transparent;'>\n<div style='width: 100%; margin-bottom: 30px;'> <img style='width: 100%; height: auto; border: 1px solid rgba(150&comma;150&comma;150&comma;0.3); border-radius: 8px;' src='https:\/\/ftp3.syscom.mx\/usuarios\/vvega\/alula\/imagenes\/encabezado.jpg' alt=''> <\/div>\n<div style='display: flex; flex-wrap: wrap; gap: 30px; margin-bottom: 30px;'>\n<div style='flex: 1 1 300px; min-width: 280px;'>\n<h3 style='font-size: 22px; border-bottom: 2px solid currentColor; padding-bottom: 5px; margin-top: 0; color: inherit; opacity: 0.8;'>Descripci\u00f3n General<\/h3>\n<p style='font-size: 15px; color: inherit;'>La Sirena Inal\u00e1mbrica RE616 de Alula es un dispositivo de advertencia auditiva que emite sonidos de advertencia de alto volumen y sonidos de notificaci\u00f3n de bajo volumen. Cuenta con LEDs que siguen el estado de armamento y condiciones de problemas del panel&comma; y puede ajustar los sonidos y volumen a trav\u00e9s de la aplicaci\u00f3n Connect+ Installer o el portal AlulaConnect\u2122.<\/p>\n<\/p><\/div>\n<\/p><\/div>\n<div style='display: flex; flex-wrap: wrap; gap: 20px; margin-bottom: 30px;'>\n<div style='flex: 1 1 250px; border: 1px solid rgba(150&comma; 150&comma; 150&comma; 0.4); border-radius: 8px; overflow: hidden; display: flex; flex-direction: column;'>\n<div style='padding: 15px; border-bottom: 1px solid rgba(150&comma; 150&comma; 150&comma; 0.2); font-weight: bold; font-size: 18px; color: inherit;'>Caracter\u00edsticas Principales<\/div>\n<div style='padding: 15px; color: inherit;'>\n<ul style='padding-left: 20px; margin: 0; font-size: 14px; list-style-type: disc;'>\n<li style='margin-bottom: 5px;'>Sincro de cadencia de sirena con el panel<\/li>\n<li style='margin-bottom: 5px;'>85 dBA m\u00ednimo a 1m<\/li>\n<li style='margin-bottom: 5px;'>LEDs sincronizados con el panel<\/li>\n<li style='margin-bottom: 5px;'>Sonidos de notificaci\u00f3n y advertencia ajustables<\/li>\n<\/ul><\/div>\n<\/p><\/div>\n<div style='flex: 1 1 250px; border: 1px solid rgba(150&comma; 150&comma; 150&comma; 0.4); border-radius: 8px; overflow: hidden; display: flex; flex-direction: column;'>\n<div style='padding: 15px; border-bottom: 1px solid rgba(150&comma; 150&comma; 150&comma; 0.2); font-weight: bold; font-size: 18px; color: inherit;'>Funcionalidades<\/div>\n<div style='padding: 15px; color: inherit;'>\n<ul style='padding-left: 20px; margin: 0; font-size: 14px; list-style-type: disc;'>\n<li style='margin-bottom: 5px;'>Advertencia de volumen alto para alarmas de robo&comma; humo y mon\u00f3xido de carbono<\/li>\n<li style='margin-bottom: 5px;'>Notificaciones de volumen bajo para condiciones auxiliares&comma; de estado y problemas<\/li>\n<li style='margin-bottom: 5px;'>Chime y pitidos de estado controlables por DIP switch<\/li>\n<\/ul><\/div>\n<\/p><\/div>\n<\/p><\/div>\n<div style='display: flex; flex-wrap: wrap; gap: 20px; margin-bottom: 30px;'>\n<div style='flex: 1 1 250px; border: 1px solid rgba(150&comma; 150&comma; 150&comma; 0.4); border-radius: 8px; overflow: hidden; display: flex; flex-direction: column;'>\n<div style='padding: 15px; border-bottom: 1px solid rgba(150&comma; 150&comma; 150&comma; 0.2); font-weight: bold; font-size: 18px; color: inherit;'>Ficha T\u00e9cnica<\/div>\n<div style='padding: 15px; color: inherit;'>\n<ul style='padding-left: 20px; margin: 0; font-size: 14px; list-style-type: disc;'>\n<li style='margin-bottom: 5px;'>Frecuencia de 433 MHz<\/li>\n<li style='margin-bottom: 5px;'>Conexi\u00f3n el\u00e9ctrica con clavijas de 2 pines<\/li>\n<li style='margin-bottom: 5px;'>Indicaci\u00f3n de bater\u00eda baja&comma; supervisi\u00f3n y violaci\u00f3n de cubierta<\/li>\n<\/ul><\/div>\n<\/p><\/div>\n<div style='flex: 1 1 250px; border: 1px solid rgba(150&comma; 150&comma; 150&comma; 0.4); border-radius: 8px; overflow: hidden; display: flex; flex-direction: column;'>\n<div style='padding: 15px; border-bottom: 1px solid rgba(150&comma; 150&comma; 150&comma; 0.2); font-weight: bold; font-size: 18px; color: inherit;'>Requisitos y Compatibilidad<\/div>\n<div style='padding: 15px; color: inherit;'>\n<ul style='padding-left: 20px; margin: 0; font-size: 14px; list-style-type: disc;'>\n<li style='margin-bottom: 5px;'>Funciona con la aplicaci\u00f3n Connect+ Installer y AlulaConnect\u2122<\/li>\n<li style='margin-bottom: 5px;'>Montaje opcional con tornillo<\/li>\n<li style='margin-bottom: 5px;'>Bater\u00eda CR123A de repuesto<\/li>\n<\/ul><\/div>\n<\/p><\/div>\n<\/p><\/div>\n<div style='display: flex; flex-wrap: wrap; gap: 30px; margin-bottom: 30px;'>\n<div style='flex: 1 1 300px; min-width: 280px;'>\n<h3 style='font-size: 22px; border-bottom: 2px solid currentColor; padding-bottom: 5px; margin-top: 0; color: inherit; opacity: 0.8;'>Aplicaciones y Casos de Uso<\/h3>\n<p style='font-size: 15px; color: inherit;'>Ideal para integraci\u00f3n en sistemas de seguridad residenciales o comerciales donde se necesita una soluci\u00f3n auditiva sincronizada con el panel de control.<\/p>\n<\/p><\/div>\n<\/p><\/div>\n<\/p><\/div>\n","protected":false},"excerpt":{"rendered":"<p>ALULA &#8211; Sirena Inal\u00e1mbrica \/ Aviso Auditivo \/ Sonidos de Alta y Baja Volumen \/ LED Sincronizados con Panel \/ Encriptaci\u00f3n Connect+ \/ Frecuencia 433 MHz \/ Vida \u00datil de Bater\u00eda de Respaldo 48 Horas \/ Instalaci\u00f3n Atornillad<\/p>\n","protected":false},"featured_media":2572,"comment_status":"open","ping_status":"closed","template":"","meta":[],"product_brand":[],"product_cat":[146],"product_tag":[93,188,147],"class_list":{"0":"post-2573","1":"product","2":"type-product","3":"status-publish","4":"has-post-thumbnail","6":"product_cat-sirenas-y-estrobos","7":"product_tag-accesorios","8":"product_tag-m2m-services","9":"product_tag-sirenas-y-estrobos","11":"first","12":"instock","13":"sale","14":"shipping-taxable","15":"purchasable","16":"product-type-simple"},"_links":{"self":[{"href":"https:\/\/soydeaqui.ddns.net\/pachuca\/index.php\/wp-json\/wp\/v2\/product\/2573","targetHints":{"allow":["GET"]}}],"collection":[{"href":"https:\/\/soydeaqui.ddns.net\/pachuca\/index.php\/wp-json\/wp\/v2\/product"}],"about":[{"href":"https:\/\/soydeaqui.ddns.net\/pachuca\/index.php\/wp-json\/wp\/v2\/types\/product"}],"replies":[{"embeddable":true,"href":"https:\/\/soydeaqui.ddns.net\/pachuca\/index.php\/wp-json\/wp\/v2\/comments?post=2573"}],"wp:featuredmedia":[{"embeddable":true,"href":"https:\/\/soydeaqui.ddns.net\/pachuca\/index.php\/wp-json\/wp\/v2\/media\/2572"}],"wp:attachment":[{"href":"https:\/\/soydeaqui.ddns.net\/pachuca\/index.php\/wp-json\/wp\/v2\/media?parent=2573"}],"wp:term":[{"taxonomy":"product_brand","embeddable":true,"href":"https:\/\/soydeaqui.ddns.net\/pachuca\/index.php\/wp-json\/wp\/v2\/product_brand?post=2573"},{"taxonomy":"product_cat","embeddable":true,"href":"https:\/\/soydeaqui.ddns.net\/pachuca\/index.php\/wp-json\/wp\/v2\/product_cat?post=2573"},{"taxonomy":"product_tag","embeddable":true,"href":"https:\/\/soydeaqui.ddns.net\/pachuca\/index.php\/wp-json\/wp\/v2\/product_tag?post=2573"}],"curies":[{"name":"wp","href":"https:\/\/api.w.org\/{rel}","templated":true}]}}