{"id":25718,"date":"2026-03-18T11:59:27","date_gmt":"2026-03-18T11:59:27","guid":{"rendered":"https:\/\/soydeaqui.ddns.net\/pachuca\/index.php\/producto\/lector-de-huella-morphowave-compact-prox-hid-iclasss-mifare-desfire-card-reader-and-hid-mobile-access\/"},"modified":"2026-03-18T11:59:29","modified_gmt":"2026-03-18T11:59:29","slug":"lector-de-huella-morphowave-compact-prox-hid-iclasss-mifare-desfire-card-reader-and-hid-mobile-access","status":"publish","type":"product","link":"https:\/\/soydeaqui.ddns.net\/pachuca\/index.php\/producto\/lector-de-huella-morphowave-compact-prox-hid-iclasss-mifare-desfire-card-reader-and-hid-mobile-access\/","title":{"rendered":"Lector de huella MorphoWave Compact \/Prox HID\/iClasss\/Mifare\/Desfire card reader and HID Mobile Access"},"content":{"rendered":"<div style='width: 100%; max-width: 1200px; margin: 0 auto; font-family: sans-serif; line-height: 1.6; color: inherit;'>\n<div style='display: flex; flex-direction: column; gap: 20px;'>\n<div>\n<h2 style='font-size: 24px; margin-top: 0; color: inherit; opacity: 0.9;'>MorphoWave SP MDPI by IDEMIA es la \u00faltima incorporaci\u00f3n a IDEMIA<\/h2>\n<p>Gama de lectores para control de acceso biom\u00e9trico sin fricci\u00f3n. Esta obra maestra de ingenier\u00eda ofrece el rendimiento galardonado y probado en el campo de Tecnolog\u00eda de huellas dactilares 3D sin contacto MorphoWave \u2122 en un dise\u00f1o compacto y elegante<\/p>\n<p>Dispositivo de pared&comma; adecuado para cualquier ubicaci\u00f3n.<\/p>\n<p>La tecnolog\u00eda de huellas dactilares 3D sin contacto de MorphoWave SP MDPI est\u00e1 dise\u00f1ada para el mundo real.<\/p>\n<ul style='padding-left: 20px; font-size: 15px; color: inherit;'>\n<li style='margin-bottom: 5px;'>Captura 4 dedos en la mano derecha o izquierda&comma; en cualquier direcci\u00f3n<\/li>\n<li style='margin-bottom: 5px;'>Inmune a factores ambientales (luz externa&comma; polvo)<\/li>\n<li style='margin-bottom: 5px;'>Copes con dedos h\u00famedos y secos<\/li>\n<li style='margin-bottom: 5px;'>No quedan impresiones latentes en el esc\u00e1ner<\/li>\n<li style='margin-bottom: 5px;'>Mitiga las preocupaciones de higiene<\/li>\n<\/ul>\n<p>Instalaciones de infraestructura&comma; universidades y organizaciones sanitarias.<\/p>\n<\/p><\/div>\n<div>\n<h3 style='font-size: 24px; margin-top: 0; color: inherit; opacity: 0.8;'>Caracter\u00edsticas:<\/h3>\n<ul style='padding-left: 20px; font-size: 15px; color: inherit;'>\n<li style='margin-bottom: 5px;'>Altavoz y micr\u00f3fono. Funci\u00f3n de intercomunicaci\u00f3n.<\/li>\n<li style='margin-bottom: 5px;'>Sensor de huellas dactilares sin contacto Detecci\u00f3n de presencia manual<\/li>\n<li style='margin-bottom: 5px;'>Opciones de lector sin contacto: <strong style='color: inherit;'>Prox HID\/iClasss\/Mifare\/Desfire card reader and HID Mobile Access<\/strong><\/li>\n<li style='margin-bottom: 5px;'>Red \/ Comunicaci\u00f3n: &#8211; Ethernet<\/li>\n<li style='margin-bottom: 5px;'>Fuente de alimentaci\u00f3n: 12 a 24 V DC (2.5A min @ 12V) Alimentaci\u00f3n a trav\u00e9s de Ethernet con conmutadores PoE +<\/li>\n<li style='margin-bottom: 5px;'>Condiciones de funcionamiento: &#8211; Temperatura: -10 \u00b0C a 55 \u00b0C (14 \u00b0F a 131 \u00b0F) &#8211; Humedad: 10% a 95% (sin condensaci\u00f3n)<\/li>\n<li style='margin-bottom: 5px;'>Protecci\u00f3n de ingreso: IP65<\/li>\n<li style='margin-bottom: 5px;'>Dimensiones: 250 * 152 * 216 mm (9.9 * 6 * 8.5 pulg.)<\/li>\n<li style='margin-bottom: 5px;'>Peso: 2.2 kg (4.85 lb.)<\/li>\n<li style='margin-bottom: 5px;'>Est\u00e1ndares de seguridad \/ EMC: CE&comma; CB&comma; FCC \u2022 Cumple con RoHS&comma; REACh y WEEE<\/li>\n<\/ul><\/div>\n<div>\n<h3 style='font-size: 20px; margin-top: 0; color: inherit; opacity: 0.8;'>Software<\/h3>\n<p><strong>Morpho Manager licenciado<\/strong><\/p>\n<ul style='padding-left: 20px; font-size: 15px; color: inherit;'>\n<li style='margin-bottom: 5px;'>Gratuito para 5 terminales&comma; despu\u00e9s de esto requiere licencia<\/li>\n<li style='margin-bottom: 5px;'>Licencia de 10 terminales modelo A00070702<\/li>\n<li style='margin-bottom: 5px;'>Licencia de 20 terminales modelo A000703<\/li>\n<li style='margin-bottom: 5px;'>Licencia de 50 terminales modelo A00070704<\/li>\n<li style='margin-bottom: 5px;'>Licencia de 100 terminales modelo A00070707<\/li>\n<\/ul><\/div>\n<div style='position: relative; padding-bottom: 56.25%; height: 0; overflow: hidden; margin-bottom: 30px;'>   <\/div>\n<\/p><\/div>\n<\/p><\/div>\n","protected":false},"excerpt":{"rendered":"<p>Lector de huella MorphoWave Compact \/Prox HID\/iClasss\/Mifare\/Desfire card reader and HID Mobile Access<\/p>\n","protected":false},"featured_media":25717,"comment_status":"open","ping_status":"closed","template":"","meta":[],"product_brand":[],"product_cat":[806],"product_tag":[744,794,807],"class_list":{"0":"post-25718","1":"product","2":"type-product","3":"status-publish","4":"has-post-thumbnail","6":"product_cat-para-control-de-acceso","7":"product_tag-biometricos","8":"product_tag-idemia-morpho","9":"product_tag-para-control-de-acceso","11":"first","12":"outofstock","13":"sale","14":"shipping-taxable","15":"purchasable","16":"product-type-simple"},"_links":{"self":[{"href":"https:\/\/soydeaqui.ddns.net\/pachuca\/index.php\/wp-json\/wp\/v2\/product\/25718","targetHints":{"allow":["GET"]}}],"collection":[{"href":"https:\/\/soydeaqui.ddns.net\/pachuca\/index.php\/wp-json\/wp\/v2\/product"}],"about":[{"href":"https:\/\/soydeaqui.ddns.net\/pachuca\/index.php\/wp-json\/wp\/v2\/types\/product"}],"replies":[{"embeddable":true,"href":"https:\/\/soydeaqui.ddns.net\/pachuca\/index.php\/wp-json\/wp\/v2\/comments?post=25718"}],"wp:featuredmedia":[{"embeddable":true,"href":"https:\/\/soydeaqui.ddns.net\/pachuca\/index.php\/wp-json\/wp\/v2\/media\/25717"}],"wp:attachment":[{"href":"https:\/\/soydeaqui.ddns.net\/pachuca\/index.php\/wp-json\/wp\/v2\/media?parent=25718"}],"wp:term":[{"taxonomy":"product_brand","embeddable":true,"href":"https:\/\/soydeaqui.ddns.net\/pachuca\/index.php\/wp-json\/wp\/v2\/product_brand?post=25718"},{"taxonomy":"product_cat","embeddable":true,"href":"https:\/\/soydeaqui.ddns.net\/pachuca\/index.php\/wp-json\/wp\/v2\/product_cat?post=25718"},{"taxonomy":"product_tag","embeddable":true,"href":"https:\/\/soydeaqui.ddns.net\/pachuca\/index.php\/wp-json\/wp\/v2\/product_tag?post=25718"}],"curies":[{"name":"wp","href":"https:\/\/api.w.org\/{rel}","templated":true}]}}