{"id":2569,"date":"2026-03-18T05:58:23","date_gmt":"2026-03-18T05:58:23","guid":{"rendered":"https:\/\/soydeaqui.ddns.net\/pachuca\/index.php\/producto\/alula-pinpad-estacion-de-armado-local-alimentacion-por-bateria-instalacion-sin-herramientas-desarmado-seguro-de-4-a-10-digitos-armado-de-1-boton\/"},"modified":"2026-03-18T05:58:23","modified_gmt":"2026-03-18T05:58:23","slug":"alula-pinpad-estacion-de-armado-local-alimentacion-por-bateria-instalacion-sin-herramientas-desarmado-seguro-de-4-a-10-digitos-armado-de-1-boton","status":"publish","type":"product","link":"https:\/\/soydeaqui.ddns.net\/pachuca\/index.php\/producto\/alula-pinpad-estacion-de-armado-local-alimentacion-por-bateria-instalacion-sin-herramientas-desarmado-seguro-de-4-a-10-digitos-armado-de-1-boton\/","title":{"rendered":"ALULA &#8211; PINPad Estaci\u00f3n de Armado Local \/ Alimentaci\u00f3n por Bater\u00eda \/ Instalaci\u00f3n Sin Herramientas \/ Desarmado seguro de 4 a 10 d\u00edgitos \/ Armado de 1 Bot\u00f3n"},"content":{"rendered":"<div style='width: 100%; max-width: 1200px; margin: 0 auto; font-family: sans-serif; line-height: 1.6; color: inherit; background-color: transparent;'>\n<div style='display: flex; flex-wrap: wrap; gap: 30px; margin-bottom: 30px;'>\n<div style='flex: 1 1 300px; min-width: 280px;'>\n<h3 style='font-size: 22px; border-bottom: 2px solid currentColor; padding-bottom: 5px; margin-top: 0; color: inherit; opacity: 0.8;'>Descripci\u00f3n General<\/h3>\n<p style='font-size: 15px; color: inherit;'>El PINPad es una estaci\u00f3n de armado simple que permite el control local del sistema de seguridad. Alimentada por bater\u00edas&comma; no requiere herramientas de instalaci\u00f3n. Se pueden instalar varias en el hogar para ofrecer un control del sistema pr\u00e1ctico y conveniente.<\/p>\n<\/p><\/div>\n<\/p><\/div>\n<div style='display: flex; flex-wrap: wrap; gap: 20px; margin-bottom: 30px;'>\n<div style='flex: 1 1 250px; border: 1px solid rgba(150&comma; 150&comma; 150&comma; 0.4); border-radius: 8px; overflow: hidden; display: flex; flex-direction: column;'>\n<div style='padding: 15px; border-bottom: 1px solid rgba(150&comma; 150&comma; 150&comma; 0.2); font-weight: bold; font-size: 18px; color: inherit;'>Caracter\u00edsticas Principales<\/div>\n<div style='padding: 15px; color: inherit;'>\n<ul style='padding-left: 20px; margin: 0; font-size: 14px; list-style-type: disc;'>\n<li style='margin-bottom: 5px;'>Desarmado seguro de 4 a 10 d\u00edgitos<\/li>\n<li style='margin-bottom: 5px;'>Soporte para armado con un solo bot\u00f3n<\/li>\n<li style='margin-bottom: 5px;'>Tama\u00f1o peque\u00f1o y c\u00f3modo<\/li>\n<\/ul><\/div>\n<\/p><\/div>\n<div style='flex: 1 1 250px; border: 1px solid rgba(150&comma; 150&comma; 150&comma; 0.4); border-radius: 8px; overflow: hidden; display: flex; flex-direction: column;'>\n<div style='padding: 15px; border-bottom: 1px solid rgba(150&comma; 150&comma; 150&comma; 0.2); font-weight: bold; font-size: 18px; color: inherit;'>Funcionalidades<\/div>\n<div style='padding: 15px; color: inherit;'>\n<ul style='padding-left: 20px; margin: 0; font-size: 14px; list-style-type: disc;'>\n<li style='margin-bottom: 5px;'>Armado en Casa y Armado Total con indicaci\u00f3n LED<\/li>\n<li style='margin-bottom: 5px;'>Alarma de p\u00e1nico mediante botones Stay y Away<\/li>\n<\/ul><\/div>\n<\/p><\/div>\n<\/p><\/div>\n<div style='display: flex; flex-wrap: wrap; gap: 20px; margin-bottom: 30px;'>\n<div style='flex: 1 1 250px; border: 1px solid rgba(150&comma; 150&comma; 150&comma; 0.4); border-radius: 8px; overflow: hidden; display: flex; flex-direction: column;'>\n<div style='padding: 15px; border-bottom: 1px solid rgba(150&comma; 150&comma; 150&comma; 0.2); font-weight: bold; font-size: 18px; color: inherit;'>Especificaciones Tecnicas<\/div>\n<div style='padding: 15px; color: inherit;'>\n<ul style='padding-left: 20px; margin: 0; font-size: 14px; list-style-type: disc;'>\n<li style='margin-bottom: 5px;'>Modo de enrolamiento inal\u00e1mbrico<\/li>\n<li style='margin-bottom: 5px;'>Frecuencia: 433.92 MHz<\/li>\n<li style='margin-bottom: 5px;'>Dimensiones: 5.8 x 5 x 1 cm<\/li>\n<li style='margin-bottom: 5px;'>Peso: 20 gramos<\/li>\n<li style='margin-bottom: 5px;'>Bateria: 1 x CR2032 (incluida)<\/li>\n<\/ul><\/div>\n<\/p><\/div>\n<div style='flex: 1 1 250px; border: 1px solid rgba(150&comma; 150&comma; 150&comma; 0.4); border-radius: 8px; overflow: hidden; display: flex; flex-direction: column;'>\n<div style='padding: 15px; border-bottom: 1px solid rgba(150&comma; 150&comma; 150&comma; 0.2); font-weight: bold; font-size: 18px; color: inherit;'>Requisitos y Compatibilidad<\/div>\n<div style='padding: 15px; color: inherit;'>\n<ul style='padding-left: 20px; margin: 0; font-size: 14px; list-style-type: disc;'>\n<li style='margin-bottom: 5px;'>Temperatura de funcionamiento: 32 a 120 \u00b0F (0 a 49 \u00b0C)<\/li>\n<li style='margin-bottom: 5px;'>Humedad m\u00e1xima: 85% relativa sin condensaci\u00f3n<\/li>\n<li style='margin-bottom: 5px;'>Certificaciones: UL634&comma; ULC634&comma; FCC&comma; IC&comma; CE&comma; RCM<\/li>\n<\/ul><\/div>\n<\/p><\/div>\n<\/p><\/div>\n<div style='display: flex; flex-wrap: wrap; gap: 30px; margin-bottom: 30px;'>\n<div style='flex: 1 1 300px; min-width: 280px;'>\n<h3 style='font-size: 22px; border-bottom: 2px solid currentColor; padding-bottom: 5px; margin-top: 0; color: inherit; opacity: 0.8;'>Aplicaciones y Casos de Uso<\/h3>\n<div style='font-size: 15px; color: inherit;'>Uso en hogares para control de sistemas de seguridad locales sin instalaci\u00f3n compleja.<\/div>\n<\/p><\/div>\n<\/p><\/div>\n<\/p><\/div>\n","protected":false},"excerpt":{"rendered":"<p>ALULA &#8211; PINPad Estaci\u00f3n de Armado Local \/ Alimentaci\u00f3n por Bater\u00eda \/ Instalaci\u00f3n Sin Herramientas \/ Desarmado seguro de 4 a 10 d\u00edgitos \/ Armado de 1 Bot\u00f3n<\/p>\n","protected":false},"featured_media":2568,"comment_status":"open","ping_status":"closed","template":"","meta":[],"product_brand":[],"product_cat":[134],"product_tag":[188,135,62],"class_list":{"0":"post-2569","1":"product","2":"type-product","3":"status-publish","4":"has-post-thumbnail","6":"product_cat-todos-teclados","7":"product_tag-m2m-services","8":"product_tag-teclados","9":"product_tag-todos","11":"first","12":"instock","13":"sale","14":"shipping-taxable","15":"purchasable","16":"product-type-simple"},"_links":{"self":[{"href":"https:\/\/soydeaqui.ddns.net\/pachuca\/index.php\/wp-json\/wp\/v2\/product\/2569","targetHints":{"allow":["GET"]}}],"collection":[{"href":"https:\/\/soydeaqui.ddns.net\/pachuca\/index.php\/wp-json\/wp\/v2\/product"}],"about":[{"href":"https:\/\/soydeaqui.ddns.net\/pachuca\/index.php\/wp-json\/wp\/v2\/types\/product"}],"replies":[{"embeddable":true,"href":"https:\/\/soydeaqui.ddns.net\/pachuca\/index.php\/wp-json\/wp\/v2\/comments?post=2569"}],"wp:featuredmedia":[{"embeddable":true,"href":"https:\/\/soydeaqui.ddns.net\/pachuca\/index.php\/wp-json\/wp\/v2\/media\/2568"}],"wp:attachment":[{"href":"https:\/\/soydeaqui.ddns.net\/pachuca\/index.php\/wp-json\/wp\/v2\/media?parent=2569"}],"wp:term":[{"taxonomy":"product_brand","embeddable":true,"href":"https:\/\/soydeaqui.ddns.net\/pachuca\/index.php\/wp-json\/wp\/v2\/product_brand?post=2569"},{"taxonomy":"product_cat","embeddable":true,"href":"https:\/\/soydeaqui.ddns.net\/pachuca\/index.php\/wp-json\/wp\/v2\/product_cat?post=2569"},{"taxonomy":"product_tag","embeddable":true,"href":"https:\/\/soydeaqui.ddns.net\/pachuca\/index.php\/wp-json\/wp\/v2\/product_tag?post=2569"}],"curies":[{"name":"wp","href":"https:\/\/api.w.org\/{rel}","templated":true}]}}