{"id":25671,"date":"2026-03-18T11:58:32","date_gmt":"2026-03-18T11:58:32","guid":{"rendered":"https:\/\/soydeaqui.ddns.net\/pachuca\/index.php\/producto\/sensor-de-presencia-para-puertas-batientes-automaticas-para-peatones-montaje-en-puerta\/"},"modified":"2026-03-18T11:58:36","modified_gmt":"2026-03-18T11:58:36","slug":"sensor-de-presencia-para-puertas-batientes-automaticas-para-peatones-montaje-en-puerta","status":"publish","type":"product","link":"https:\/\/soydeaqui.ddns.net\/pachuca\/index.php\/producto\/sensor-de-presencia-para-puertas-batientes-automaticas-para-peatones-montaje-en-puerta\/","title":{"rendered":"Sensor de presencia Para Puertas Batientes Autom\u00e1ticas Para Peatones \/ Montaje en Puerta"},"content":{"rendered":"<div style='width: 100%; max-width: 1200px; margin: 0 auto; font-family: sans-serif; line-height: 1.6; color: inherit; background-color: transparent;'>\n<div style='display: flex; flex-wrap: wrap; gap: 30px; margin-bottom: 30px;'>\n<div style='flex: 1 1 300px; min-width: 280px;'>\n<h3 style='font-size: 22px; border-bottom: 2px solid currentColor; padding-bottom: 5px; margin-top: 0; color: inherit; opacity: 0.8;'>Caracter\u00edsticas principales:<\/h3>\n<ul style='padding-left: 20px; font-size: 15px; color: inherit;'>\n<li style='margin-bottom: 5px;'>Tecnolog\u00eda infrarroja de detecci\u00f3n.<\/li>\n<li style='margin-bottom: 5px;'>Modo de detecci\u00f3n: Presencia.<\/li>\n<li style='margin-bottom: 5px;'>Distancia de detecci\u00f3n ajustable.<\/li>\n<\/ul><\/div>\n<div style='flex: 1 1 300px; min-width: 280px;'>\n<h3 style='font-size: 22px; border-bottom: 2px solid currentColor; padding-bottom: 5px; margin-top: 0; color: inherit; opacity: 0.8;'>Caracter\u00edsticas F\u00edsicas y El\u00e9ctricas:<\/h3>\n<ul style='padding-left: 20px; font-size: 15px; color: inherit;'>\n<li style='margin-bottom: 5px;'>Alimentaci\u00f3n de 12 a 24 VCA\/VCC.<\/li>\n<li style='margin-bottom: 5px;'>Consumo de corriente hasta 60mA.<\/li>\n<li style='margin-bottom: 5px;'>Temperatura de operaci\u00f3n -20 a 50\u00b0C.<\/li>\n<\/ul><\/div>\n<div style='flex: 1 1 300px; min-width: 280px;'>\n<h3 style='font-size: 22px; border-bottom: 2px solid currentColor; padding-bottom: 5px; margin-top: 0; color: inherit; opacity: 0.8;'>Caracter\u00edsticas Destacadas:<\/h3>\n<ul style='padding-left: 20px; font-size: 15px; color: inherit;'>\n<li style='margin-bottom: 5px;'>Para aplicaciones en interior.<\/li>\n<li style='margin-bottom: 5px;'>Altura m\u00e1xima de montaje 2.4 metros.<\/li>\n<li style='margin-bottom: 5px;'>Detecci\u00f3n de presencia infinita.<\/li>\n<\/ul><\/div>\n<\/p><\/div>\n<div style='display: flex; flex-wrap: wrap; gap: 20px; margin-bottom: 30px;'>\n<div style='flex: 1 1 400px; min-width: 280px;'>\n<h3 style='font-size: 22px; border-bottom: 2px solid currentColor; padding-bottom: 5px; margin-top: 0; color: inherit; opacity: 0.8;'>Caracter\u00edsticas adicionales:<\/h3>\n<ul style='padding-left: 20px; font-size: 15px; color: inherit;'>\n<li style='margin-bottom: 5px;'><strong>Ajustable a su aplicaci\u00f3n<\/strong> ya que se cuenta con diferentes versiones en diferentes dimensiones (Equipos bajo pedido y costo especial).<\/li>\n<li style='margin-bottom: 5px;'><strong>Cumplimiento con normas<\/strong> Capaz de cumplir ANSI bajo el est\u00e1ndar ANSI156.10 para la seguridad de puertas batientes. (<strong>Requiere accesorios adicionales<\/strong>)<\/li>\n<li style='margin-bottom: 5px;'><strong>Dise\u00f1o funcional<\/strong> Dise\u00f1ado para montarse en la parte superior de la puerta para reducir los da\u00f1os accidentales<\/li>\n<li style='margin-bottom: 5px;'><strong>Personalizable<\/strong> se puede configurar en el modo de an\u00e1lisis de fondo para reducir la posibilidad de errores y detecci\u00f3n de situaciones ambientales defectuosas<\/li>\n<li style='margin-bottom: 5px;'><strong>Equipo con un a\u00f1o de garant\u00eda contra defectos de fabricaci\u00f3n.<\/strong><\/li>\n<\/ul><\/div>\n<div style='flex: 1 1 400px; min-width: 280px;'> <img style='width: 100%; height: auto; border: 1px solid rgba(150&comma;150&comma;150&comma;0.3); border-radius: 8px;' src='https:\/\/ftp3.syscom.mx\/usuarios\/fotos\/10SSTI\/205174-superscan1.jpg' alt=''> <\/div>\n<\/p><\/div>\n<div style='width: 100%; max-width: 100%; margin: 30px 0;'>\n<p style='text-align: center; font-size: 15px; color: inherit;'>El SUPERSCAN-T de BEA es un sensor infrarrojo activo para montarse sobre la puerta. Este sensor de seguridad est\u00e1 dise\u00f1ado para su uso en puertas giratorias&comma; plegables y de bajo consumo energ\u00e9tico. Utiliza la triangulaci\u00f3n para detectar la presencia de un peat\u00f3n&comma; mientras la puerta se abre y se cierra.<\/p>\n<\/p><\/div>\n<div style='width: 100%; max-width: 100%; margin: 30px 0;'> <img style='width: 100%; height: auto; border: 1px solid rgba(150&comma;150&comma;150&comma;0.3); border-radius: 8px;' src='https:\/\/ftp3.syscom.mx\/usuarios\/fotos\/10SSTI\/205174-superscan.jpg' alt='Aplicaciones SuperScan'> <\/div>\n<\/p><\/div>\n","protected":false},"excerpt":{"rendered":"<p>Sensor de presencia Para Puertas Batientes Autom\u00e1ticas Para Peatones \/ Montaje en Puerta<\/p>\n","protected":false},"featured_media":25670,"comment_status":"open","ping_status":"closed","template":"","meta":[],"product_brand":[],"product_cat":[777],"product_tag":[401,93,843],"class_list":{"0":"post-25671","1":"product","2":"type-product","3":"status-publish","4":"has-post-thumbnail","6":"product_cat-accesorios-acceso-vehicular","7":"product_tag-acceso-vehicular","8":"product_tag-accesorios","9":"product_tag-bea","11":"first","12":"instock","13":"sale","14":"shipping-taxable","15":"purchasable","16":"product-type-simple"},"_links":{"self":[{"href":"https:\/\/soydeaqui.ddns.net\/pachuca\/index.php\/wp-json\/wp\/v2\/product\/25671","targetHints":{"allow":["GET"]}}],"collection":[{"href":"https:\/\/soydeaqui.ddns.net\/pachuca\/index.php\/wp-json\/wp\/v2\/product"}],"about":[{"href":"https:\/\/soydeaqui.ddns.net\/pachuca\/index.php\/wp-json\/wp\/v2\/types\/product"}],"replies":[{"embeddable":true,"href":"https:\/\/soydeaqui.ddns.net\/pachuca\/index.php\/wp-json\/wp\/v2\/comments?post=25671"}],"wp:featuredmedia":[{"embeddable":true,"href":"https:\/\/soydeaqui.ddns.net\/pachuca\/index.php\/wp-json\/wp\/v2\/media\/25670"}],"wp:attachment":[{"href":"https:\/\/soydeaqui.ddns.net\/pachuca\/index.php\/wp-json\/wp\/v2\/media?parent=25671"}],"wp:term":[{"taxonomy":"product_brand","embeddable":true,"href":"https:\/\/soydeaqui.ddns.net\/pachuca\/index.php\/wp-json\/wp\/v2\/product_brand?post=25671"},{"taxonomy":"product_cat","embeddable":true,"href":"https:\/\/soydeaqui.ddns.net\/pachuca\/index.php\/wp-json\/wp\/v2\/product_cat?post=25671"},{"taxonomy":"product_tag","embeddable":true,"href":"https:\/\/soydeaqui.ddns.net\/pachuca\/index.php\/wp-json\/wp\/v2\/product_tag?post=25671"}],"curies":[{"name":"wp","href":"https:\/\/api.w.org\/{rel}","templated":true}]}}