{"id":25669,"date":"2026-03-18T11:58:30","date_gmt":"2026-03-18T11:58:30","guid":{"rendered":"https:\/\/soydeaqui.ddns.net\/pachuca\/index.php\/producto\/sensor-de-activacion-superior-para-puertas-automaticas-2\/"},"modified":"2026-03-18T11:58:31","modified_gmt":"2026-03-18T11:58:31","slug":"sensor-de-activacion-superior-para-puertas-automaticas-2","status":"publish","type":"product","link":"https:\/\/soydeaqui.ddns.net\/pachuca\/index.php\/producto\/sensor-de-activacion-superior-para-puertas-automaticas-2\/","title":{"rendered":"Sensor de Activaci\u00f3n Superior Para Puertas Autom\u00e1ticas"},"content":{"rendered":"<div style='width: 100%; max-width: 1200px; margin: 0 auto; font-family: sans-serif; line-height: 1.6; color: inherit; background-color: transparent;'> <!-- Secci\u00f3n de caracter\u00edsticas --> <\/p>\n<div style='display: flex; flex-wrap: wrap; gap: 30px; margin-bottom: 30px;'>\n<div style='flex: 1 1 300px; min-width: 280px;'>\n<h3 style='font-size: 22px; border-bottom: 2px solid currentColor; padding-bottom: 5px; margin-top: 0; color: inherit; opacity: 0.8;'>Caracter\u00edsticas principales<\/h3>\n<ul style='padding-left: 20px; font-size: 15px; color: inherit;'>\n<li style='margin-bottom: 5px;'>Sensor basado en un radar de microondas<\/li>\n<li style='margin-bottom: 5px;'>Forma de detecci\u00f3n: Movimiento<\/li>\n<li style='margin-bottom: 5px;'>Facil montaje e instalaci\u00f3n<\/li>\n<\/ul><\/div>\n<div style='flex: 1 1 300px; min-width: 280px;'>\n<h3 style='font-size: 22px; border-bottom: 2px solid currentColor; padding-bottom: 5px; margin-top: 0; color: inherit; opacity: 0.8;'>Caracter\u00edsticas F\u00edsicas y El\u00e9ctricas<\/h3>\n<ul style='padding-left: 20px; font-size: 15px; color: inherit;'>\n<li style='margin-bottom: 5px;'>Alimentaci\u00f3n de 12 a 24 VCA\/VCC<\/li>\n<li style='margin-bottom: 5px;'>Consumo de energ\u00eda de 2W<\/li>\n<li style='margin-bottom: 5px;'>Velocidad minima de detecci\u00f3n 2in\/s<\/li>\n<\/ul><\/div>\n<div style='flex: 1 1 300px; min-width: 280px;'>\n<h3 style='font-size: 22px; border-bottom: 2px solid currentColor; padding-bottom: 5px; margin-top: 0; color: inherit; opacity: 0.8;'>Caracter\u00edsticas de operaci\u00f3n<\/h3>\n<ul style='padding-left: 20px; font-size: 15px; color: inherit;'>\n<li style='margin-bottom: 5px;'>Grado de protecci\u00f3n IP54<\/li>\n<li style='margin-bottom: 5px;'>Temperatura de operaci\u00f3n -20 a 50 \u00b0C<\/li>\n<li style='margin-bottom: 5px;'>Largo del cable 2.4 metros<\/li>\n<\/ul><\/div>\n<\/p><\/div>\n<p> <!-- Imagen de aplicaciones --> <\/p>\n<div style='margin: 30px 0;'> <img style='width: 100%; height: auto; border: 1px solid rgba(150&comma;150&comma;150&comma;0.3); border-radius: 8px;' src='https:\/\/ftp3.syscom.mx\/usuarios\/fotos\/10EAGLE\/205175-aplicaciones_eagle.jpg' alt='Aplicaciones 10Eagle'> <\/div>\n<p> <!-- Secci\u00f3n de caracter\u00edsticas adicionales y imagen --> <\/p>\n<div style='display: flex; flex-wrap: wrap; gap: 30px; margin: 30px 0;'>\n<div style='flex: 1 1 300px; min-width: 280px;'>\n<h3 style='font-size: 22px; border-bottom: 2px solid currentColor; padding-bottom: 5px; margin-top: 0; color: inherit; opacity: 0.8;'>Caracter\u00edsticas adicionales<\/h3>\n<ul style='padding-left: 20px; font-size: 15px; color: inherit;'>\n<li style='margin-bottom: 5px; text-align: justify;'>Ahorro de energ\u00eda debido a la capacidad de detecci\u00f3n unidireccional \u2022 Antenas de \u00e1ngulo amplio y estrecho incluidas<\/li>\n<li style='margin-bottom: 5px; text-align: justify;'>Microprocesador avanzados que filtra las interferencias generadas por la lluvia&comma; nieve&comma; ondas de radiofrecuencia&comma; vibraci\u00f3n del cabezal&comma; entre m\u00e1s<\/li>\n<li style='margin-bottom: 5px; text-align: justify;'>La funci\u00f3n de detecci\u00f3n de movimiento puede detectar el tr\u00e1fico en movimiento a una velocidad tan lenta como 2&comma;2 pulgadas por segundo<\/li>\n<li style='margin-bottom: 5px; text-align: justify;'>Modo de detecci\u00f3n PRM para aplicaciones utilizadas con frecuencia por personas con movilidad reducida (Es decir&comma; trafico en silla de ruedas o personas mayores) \u2022 Dise\u00f1o compacto y de bajo perfil<\/li>\n<li style='margin-bottom: 5px; text-align: justify;'>Variedad de accesorios de montaje disponibles&comma; incluido nuestro accesorio espaciador con c\u00e1mara integrada.<\/li>\n<li style='margin-bottom: 5px; text-align: justify;'><strong>Equipo con un a\u00f1o de garantia contra defectos de fabricaci\u00f3n.<\/strong><\/li>\n<\/ul><\/div>\n<div style='flex: 1 1 300px; min-width: 280px;'> <img style='width: 100%; height: auto; border: 1px solid rgba(150&comma;150&comma;150&comma;0.3); border-radius: 8px;' src='https:\/\/ftp3.syscom.mx\/usuarios\/fotos\/10EAGLE\/205175-10eagle1.jpg' alt=''> <\/div>\n<\/p><\/div>\n<p> <!-- Separador --> <\/p>\n<hr style='border: 0; border-top: 1px solid rgba(150&comma; 150&comma; 150&comma; 0.3); margin: 30px 0;'> <!-- Secci\u00f3n de videos --> <\/p>\n<div style='display: flex; flex-wrap: wrap; gap: 30px; margin-bottom: 30px;'>\n<div style='flex: 1 1 400px; min-width: 300px;'>\n<div style='position: relative; padding-bottom: 56.25%; height: 0; overflow: hidden; margin-bottom: 30px;'>   <\/div>\n<\/p><\/div>\n<div style='flex: 1 1 400px; min-width: 300px;'>\n<div style='position: relative; padding-bottom: 56.25%; height: 0; overflow: hidden; margin-bottom: 30px;'>   <\/div>\n<\/p><\/div>\n<\/p><\/div>\n<p> <!-- Separador final --> <\/p>\n<hr style='border: 0; border-top: 1px solid rgba(150&comma; 150&comma; 150&comma; 0.3); margin: 30px 0;'> <\/div>\n","protected":false},"excerpt":{"rendered":"<p>Sensor de Activaci\u00f3n Superior Para Puertas Autom\u00e1ticas<\/p>\n","protected":false},"featured_media":25668,"comment_status":"open","ping_status":"closed","template":"","meta":[],"product_brand":[],"product_cat":[777],"product_tag":[401,93,843],"class_list":{"0":"post-25669","1":"product","2":"type-product","3":"status-publish","4":"has-post-thumbnail","6":"product_cat-accesorios-acceso-vehicular","7":"product_tag-acceso-vehicular","8":"product_tag-accesorios","9":"product_tag-bea","11":"first","12":"outofstock","13":"sale","14":"shipping-taxable","15":"purchasable","16":"product-type-simple"},"_links":{"self":[{"href":"https:\/\/soydeaqui.ddns.net\/pachuca\/index.php\/wp-json\/wp\/v2\/product\/25669","targetHints":{"allow":["GET"]}}],"collection":[{"href":"https:\/\/soydeaqui.ddns.net\/pachuca\/index.php\/wp-json\/wp\/v2\/product"}],"about":[{"href":"https:\/\/soydeaqui.ddns.net\/pachuca\/index.php\/wp-json\/wp\/v2\/types\/product"}],"replies":[{"embeddable":true,"href":"https:\/\/soydeaqui.ddns.net\/pachuca\/index.php\/wp-json\/wp\/v2\/comments?post=25669"}],"wp:featuredmedia":[{"embeddable":true,"href":"https:\/\/soydeaqui.ddns.net\/pachuca\/index.php\/wp-json\/wp\/v2\/media\/25668"}],"wp:attachment":[{"href":"https:\/\/soydeaqui.ddns.net\/pachuca\/index.php\/wp-json\/wp\/v2\/media?parent=25669"}],"wp:term":[{"taxonomy":"product_brand","embeddable":true,"href":"https:\/\/soydeaqui.ddns.net\/pachuca\/index.php\/wp-json\/wp\/v2\/product_brand?post=25669"},{"taxonomy":"product_cat","embeddable":true,"href":"https:\/\/soydeaqui.ddns.net\/pachuca\/index.php\/wp-json\/wp\/v2\/product_cat?post=25669"},{"taxonomy":"product_tag","embeddable":true,"href":"https:\/\/soydeaqui.ddns.net\/pachuca\/index.php\/wp-json\/wp\/v2\/product_tag?post=25669"}],"curies":[{"name":"wp","href":"https:\/\/api.w.org\/{rel}","templated":true}]}}