{"id":25661,"date":"2026-03-18T11:58:23","date_gmt":"2026-03-18T11:58:23","guid":{"rendered":"https:\/\/soydeaqui.ddns.net\/pachuca\/index.php\/producto\/sensor-unidireccional-de-movimiento-y-presencia-para-puertas-automaticas-activacion-y-seguridad-en-el-mismo-equipo\/"},"modified":"2026-03-18T11:58:23","modified_gmt":"2026-03-18T11:58:23","slug":"sensor-unidireccional-de-movimiento-y-presencia-para-puertas-automaticas-activacion-y-seguridad-en-el-mismo-equipo","status":"publish","type":"product","link":"https:\/\/soydeaqui.ddns.net\/pachuca\/index.php\/producto\/sensor-unidireccional-de-movimiento-y-presencia-para-puertas-automaticas-activacion-y-seguridad-en-el-mismo-equipo\/","title":{"rendered":"Sensor Unidireccional de Movimiento y Presencia para Puertas Automaticas \/  Activaci\u00f3n y Seguridad en el mismo Equipo"},"content":{"rendered":"<div style='width: 100%; max-width: 1200px; margin: 0 auto; font-family: sans-serif; line-height: 1.6; color: inherit; background-color: transparent;'>\n<div style='display: flex; flex-wrap: wrap; gap: 30px; margin-bottom: 30px;'>\n<div style='flex: 1 1 300px; min-width: 280px;'>\n<h3 style='font-size: 22px; border-bottom: 2px solid currentColor; padding-bottom: 5px; margin-top: 0; color: inherit; opacity: 0.8;'>Caracter\u00edsticas principales<\/h3>\n<ul style='padding-left: 20px; font-size: 15px; color: inherit;'>\n<li style='margin-bottom: 5px;'>Microondas para Movimiento<\/li>\n<li style='margin-bottom: 5px;'>Infrarrojo para presencia<\/li>\n<li style='margin-bottom: 5px;'>Sensor de activaci\u00f3n y seguridad<\/li>\n<\/ul><\/div>\n<div style='flex: 1 1 300px; min-width: 280px;'>\n<h3 style='font-size: 22px; border-bottom: 2px solid currentColor; padding-bottom: 5px; margin-top: 0; color: inherit; opacity: 0.8;'>Caracter\u00edsticas F\u00edsicas y El\u00e9ctricas<\/h3>\n<ul style='padding-left: 20px; font-size: 15px; color: inherit;'>\n<li style='margin-bottom: 5px;'>Voltaje de alimentaci\u00f3n 12 a 30VDC<\/li>\n<li style='margin-bottom: 5px;'>Grado de protecci\u00f3n IP54<\/li>\n<li style='margin-bottom: 5px;'>Temperatura de operaci\u00f3n -25 a 55\u00b0C<\/li>\n<\/ul><\/div>\n<div style='flex: 1 1 300px; min-width: 280px;'>\n<h3 style='font-size: 22px; border-bottom: 2px solid currentColor; padding-bottom: 5px; margin-top: 0; color: inherit; opacity: 0.8;'>Caracter\u00edsticas Destacadas<\/h3>\n<ul style='padding-left: 20px; font-size: 15px; color: inherit;'>\n<li style='margin-bottom: 5px;'>Altura de montaje 1.8 a 3 metros<\/li>\n<li style='margin-bottom: 5px;'>4 DIP-Switches para ajustes<\/li>\n<li style='margin-bottom: 5px;'>Potenciometro de ajuste para campo de detecci\u00f3n<\/li>\n<\/ul><\/div>\n<\/p><\/div>\n<hr style='border: 0; border-top: 1px solid rgba(150&comma; 150&comma; 150&comma; 0.3); margin: 30px 0;'>\n<div style='display: flex; flex-wrap: wrap; gap: 30px; margin-bottom: 30px;'>\n<div style='flex: 1 1 300px; min-width: 280px;'>\n<h3 style='font-size: 22px; border-bottom: 2px solid currentColor; padding-bottom: 5px; margin-top: 0; color: inherit; opacity: 0.8;'>Caracter\u00edsticas adicionales<\/h3>\n<ul style='padding-left: 20px; font-size: 15px; color: inherit;'>\n<li style='margin-bottom: 5px;'>Ajustes sencillos mediante DIP-Switches y potenci\u00f3metro<\/li>\n<li style='margin-bottom: 5px;'>La unidireccionalidad del VIO-DT1 permite ahorrar energ\u00eda a realizar dentro del edificio. La puerta se cierra antes y reduce las p\u00e9rdidas t\u00e9rmicas<\/li>\n<li style='margin-bottom: 5px;'>Protecci\u00f3n sustancial de las personas gracias a los dos cortinas a prueba de fallas de 24 puntos infrarrojos<\/li>\n<\/ul>\n<p style='font-size: 15px; color: inherit;'>El <strong>10-VIO-DT1<\/strong> combina un sensor de radar de movimiento para abrir la puerta con una doble cortina de infrarrojos activos a prueba de fallos para la protecci\u00f3n de los usuarios&comma; en de acuerdo con la norma EN 16005. Apertura y cierre de la puerta est\u00e1 controlada por un radar unidireccional y la seguridad est\u00e1 garantizada por las dos cortinas a prueba de fallas de 24 puntos infrarrojos.<\/p>\n<\/p><\/div>\n<div style='flex: 1 1 300px; min-width: 280px;'> <img style='width: 100%; height: auto; border: 1px solid rgba(150&comma;150&comma;150&comma;0.3); border-radius: 8px;' src='https:\/\/ftp3.syscom.mx\/usuarios\/fotos\/10VIODT1\/205181-10viodt1.jpg' alt=''> <\/div>\n<\/p><\/div>\n<hr style='border: 0; border-top: 1px solid rgba(150&comma; 150&comma; 150&comma; 0.3); margin: 30px 0;'> <\/div>\n","protected":false},"excerpt":{"rendered":"<p>Sensor Unidireccional de Movimiento y Presencia para Puertas Automaticas \/  Activaci\u00f3n y Seguridad en el mismo Equipo<\/p>\n","protected":false},"featured_media":25660,"comment_status":"open","ping_status":"closed","template":"","meta":[],"product_brand":[],"product_cat":[777],"product_tag":[401,93,843],"class_list":{"0":"post-25661","1":"product","2":"type-product","3":"status-publish","4":"has-post-thumbnail","6":"product_cat-accesorios-acceso-vehicular","7":"product_tag-acceso-vehicular","8":"product_tag-accesorios","9":"product_tag-bea","11":"first","12":"instock","13":"sale","14":"shipping-taxable","15":"purchasable","16":"product-type-simple"},"_links":{"self":[{"href":"https:\/\/soydeaqui.ddns.net\/pachuca\/index.php\/wp-json\/wp\/v2\/product\/25661","targetHints":{"allow":["GET"]}}],"collection":[{"href":"https:\/\/soydeaqui.ddns.net\/pachuca\/index.php\/wp-json\/wp\/v2\/product"}],"about":[{"href":"https:\/\/soydeaqui.ddns.net\/pachuca\/index.php\/wp-json\/wp\/v2\/types\/product"}],"replies":[{"embeddable":true,"href":"https:\/\/soydeaqui.ddns.net\/pachuca\/index.php\/wp-json\/wp\/v2\/comments?post=25661"}],"wp:featuredmedia":[{"embeddable":true,"href":"https:\/\/soydeaqui.ddns.net\/pachuca\/index.php\/wp-json\/wp\/v2\/media\/25660"}],"wp:attachment":[{"href":"https:\/\/soydeaqui.ddns.net\/pachuca\/index.php\/wp-json\/wp\/v2\/media?parent=25661"}],"wp:term":[{"taxonomy":"product_brand","embeddable":true,"href":"https:\/\/soydeaqui.ddns.net\/pachuca\/index.php\/wp-json\/wp\/v2\/product_brand?post=25661"},{"taxonomy":"product_cat","embeddable":true,"href":"https:\/\/soydeaqui.ddns.net\/pachuca\/index.php\/wp-json\/wp\/v2\/product_cat?post=25661"},{"taxonomy":"product_tag","embeddable":true,"href":"https:\/\/soydeaqui.ddns.net\/pachuca\/index.php\/wp-json\/wp\/v2\/product_tag?post=25661"}],"curies":[{"name":"wp","href":"https:\/\/api.w.org\/{rel}","templated":true}]}}