{"id":25656,"date":"2026-03-18T11:58:17","date_gmt":"2026-03-18T11:58:17","guid":{"rendered":"https:\/\/soydeaqui.ddns.net\/pachuca\/index.php\/producto\/sensor-laser-de-movimiento-seguridad-y-presencia-para-puertas-industriales-evite-falsas-detcciones-en-su-acceso-industrial\/"},"modified":"2026-03-18T11:58:22","modified_gmt":"2026-03-18T11:58:22","slug":"sensor-laser-de-movimiento-seguridad-y-presencia-para-puertas-industriales-evite-falsas-detcciones-en-su-acceso-industrial","status":"publish","type":"product","link":"https:\/\/soydeaqui.ddns.net\/pachuca\/index.php\/producto\/sensor-laser-de-movimiento-seguridad-y-presencia-para-puertas-industriales-evite-falsas-detcciones-en-su-acceso-industrial\/","title":{"rendered":"Sensor Laser de Movimiento, Seguridad y Presencia Para puertas Industriales \/ Evite Falsas detcciones en su Acceso Industrial"},"content":{"rendered":"<div style='width: 100%; max-width: 1200px; margin: 0 auto; font-family: sans-serif; line-height: 1.6; color: inherit; background-color: transparent;'>\n<div style='display: flex; flex-wrap: wrap; gap: 30px; margin-bottom: 30px;'>\n<div style='flex: 1 1 300px; min-width: 280px;'>\n<h3 style='font-size: 22px; border-bottom: 2px solid currentColor; padding-bottom: 5px; margin-top: 0; color: inherit; opacity: 0.8;'>Caracter\u00edsticas principales<\/h3>\n<ul style='padding-left: 20px; font-size: 15px; color: inherit;'>\n<li style='margin-bottom: 5px;'>Tecnolog\u00eda l\u00e1ser de medici\u00f3n de tiempo de vuelo<\/li>\n<li style='margin-bottom: 5px;'>Despliega 7 cortinas<\/li>\n<li style='margin-bottom: 5px;'>Modo de detecci\u00f3n movimiento&comma; seguridad y presencia<\/li>\n<\/ul><\/div>\n<div style='flex: 1 1 300px; min-width: 280px;'>\n<h3 style='font-size: 22px; border-bottom: 2px solid currentColor; padding-bottom: 5px; margin-top: 0; color: inherit; opacity: 0.8;'>Caracter\u00edsticas F\u00edsicas y El\u00e9ctricas<\/h3>\n<ul style='padding-left: 20px; font-size: 15px; color: inherit;'>\n<li style='margin-bottom: 5px;'>Voltaje de alimentaci\u00f3n de 12 a 24 VAC\/Vcc<\/li>\n<li style='margin-bottom: 5px;'>Grado de protecci\u00f3n IP65<\/li>\n<li style='margin-bottom: 5px;'>Consumo de energ\u00eda 2.5W sin calefactor<\/li>\n<li style='margin-bottom: 5px;'>2 Salidas de relevador<\/li>\n<\/ul><\/div>\n<div style='flex: 1 1 300px; min-width: 280px;'>\n<h3 style='font-size: 22px; border-bottom: 2px solid currentColor; padding-bottom: 5px; margin-top: 0; color: inherit; opacity: 0.8;'>Caracter\u00edsticas Destacadas<\/h3>\n<ul style='padding-left: 20px; font-size: 15px; color: inherit;'>\n<li style='margin-bottom: 5px;'>Campo de detecci\u00f3n m\u00e1xima hasta 1.2 veces la altura de montaje<\/li>\n<li style='margin-bottom: 5px;'>Altura t\u00edpica de montaje de 2 a 9.7 metros<\/li>\n<li style='margin-bottom: 5px;'>2 leds indicadores de estado<\/li>\n<li style='margin-bottom: 5px;'>\u00c1ngulo de inclinaci\u00f3n en el soporte de -10 a 5\u00b0<\/li>\n<\/ul><\/div>\n<\/p><\/div>\n<hr style='border: 0; border-top: 1px solid rgba(150&comma; 150&comma; 150&comma; 0.3); margin: 30px 0;'> <img style='width: 100%; height: auto; border: 1px solid rgba(150&comma;150&comma;150&comma;0.3); border-radius: 8px;' src='https:\/\/ftp3.syscom.mx\/usuarios\/fotos\/10LZRWIDESCAN\/205183-aplicaciones_10lzrwidescan.jpg' alt='Aplicaciones 10LZRWIDESCAN'> <\/p>\n<hr style='border: 0; border-top: 1px solid rgba(150&comma; 150&comma; 150&comma; 0.3); margin: 30px 0;'>\n<div style='display: flex; flex-wrap: wrap; gap: 30px; margin-bottom: 30px;'>\n<div style='flex: 1 1 300px; min-width: 280px;'>\n<h2 style='font-size: 20px; margin-top: 0; color: inherit;'>Sensor de movimiento&comma; seguridad y presencia para puertas industriales<\/h2>\n<h2 style='font-size: 18px; margin-top: 0; color: inherit;'>Caracter\u00edsticas:<\/h2>\n<ul style='padding-left: 20px; font-size: 15px; color: inherit;'>\n<li style='margin-bottom: 5px;'>Configuraci\u00f3n sencilla<\/li>\n<li style='margin-bottom: 5px;'>Eficiencia energ\u00e9tica al reducir falsas detecciones<\/li>\n<li style='margin-bottom: 5px;'>Permite diferenciar entre peatones y veh\u00edculos<\/li>\n<li style='margin-bottom: 5px;'>Eficiente soluci\u00f3n para evitar el uso de lazos magn\u00e9ticos y obra civil<\/li>\n<li style='margin-bottom: 5px;'>Nos brinda la visualizaci\u00f3n temporal de puntos de alineaci\u00f3n para su configuraci\u00f3n<\/li>\n<li style='margin-bottom: 5px;'>Equipo con un a\u00f1o de garant\u00eda contra defectos de fabricaci\u00f3n<\/li>\n<\/ul>\n<p style='font-size: 15px; color: inherit;'>El campo de detecci\u00f3n del sensor 10-LZR-WIDESCAN no se ve alterado por condiciones de suelo&comma; lo que permite una funcionalidad superior en entornos dif\u00edciles.<\/p>\n<\/p><\/div>\n<div style='flex: 1 1 300px; min-width: 280px;'> <img style='width: 100%; height: auto; border: 1px solid rgba(150&comma;150&comma;150&comma;0.3); border-radius: 8px;' src='https:\/\/ftp3.syscom.mx\/usuarios\/fotos\/10LZRWIDESCAN\/205183-imagen_widescan.jpg' alt=''> <\/div>\n<\/p><\/div>\n<hr style='border: 0; border-top: 1px solid rgba(150&comma; 150&comma; 150&comma; 0.3); margin: 30px 0;'>\n<div style='display: flex; flex-wrap: wrap; gap: 30px; margin-bottom: 30px;'>\n<div style='flex: 1 1 300px; min-width: 280px;'>\n<div style='position: relative; padding-bottom: 56.25%; height: 0; overflow: hidden; margin-bottom: 30px;'>   <\/div>\n<\/p><\/div>\n<div style='flex: 1 1 300px; min-width: 280px;'>\n<div style='position: relative; padding-bottom: 56.25%; height: 0; overflow: hidden; margin-bottom: 30px;'>   <\/div>\n<\/p><\/div>\n<div style='flex: 1 1 300px; min-width: 280px;'>\n<div style='position: relative; padding-bottom: 56.25%; height: 0; overflow: hidden; margin-bottom: 30px;'>   <\/div>\n<\/p><\/div>\n<\/p><\/div>\n<\/p><\/div>\n","protected":false},"excerpt":{"rendered":"<p>Sensor Laser de Movimiento, Seguridad y Presencia Para puertas Industriales \/ Evite Falsas detcciones en su Acceso Industrial<\/p>\n","protected":false},"featured_media":25655,"comment_status":"open","ping_status":"closed","template":"","meta":[],"product_brand":[],"product_cat":[777],"product_tag":[401,93,843],"class_list":{"0":"post-25656","1":"product","2":"type-product","3":"status-publish","4":"has-post-thumbnail","6":"product_cat-accesorios-acceso-vehicular","7":"product_tag-acceso-vehicular","8":"product_tag-accesorios","9":"product_tag-bea","11":"first","12":"instock","13":"sale","14":"shipping-taxable","15":"purchasable","16":"product-type-simple"},"_links":{"self":[{"href":"https:\/\/soydeaqui.ddns.net\/pachuca\/index.php\/wp-json\/wp\/v2\/product\/25656","targetHints":{"allow":["GET"]}}],"collection":[{"href":"https:\/\/soydeaqui.ddns.net\/pachuca\/index.php\/wp-json\/wp\/v2\/product"}],"about":[{"href":"https:\/\/soydeaqui.ddns.net\/pachuca\/index.php\/wp-json\/wp\/v2\/types\/product"}],"replies":[{"embeddable":true,"href":"https:\/\/soydeaqui.ddns.net\/pachuca\/index.php\/wp-json\/wp\/v2\/comments?post=25656"}],"wp:featuredmedia":[{"embeddable":true,"href":"https:\/\/soydeaqui.ddns.net\/pachuca\/index.php\/wp-json\/wp\/v2\/media\/25655"}],"wp:attachment":[{"href":"https:\/\/soydeaqui.ddns.net\/pachuca\/index.php\/wp-json\/wp\/v2\/media?parent=25656"}],"wp:term":[{"taxonomy":"product_brand","embeddable":true,"href":"https:\/\/soydeaqui.ddns.net\/pachuca\/index.php\/wp-json\/wp\/v2\/product_brand?post=25656"},{"taxonomy":"product_cat","embeddable":true,"href":"https:\/\/soydeaqui.ddns.net\/pachuca\/index.php\/wp-json\/wp\/v2\/product_cat?post=25656"},{"taxonomy":"product_tag","embeddable":true,"href":"https:\/\/soydeaqui.ddns.net\/pachuca\/index.php\/wp-json\/wp\/v2\/product_tag?post=25656"}],"curies":[{"name":"wp","href":"https:\/\/api.w.org\/{rel}","templated":true}]}}