{"id":25650,"date":"2026-03-18T11:58:08","date_gmt":"2026-03-18T11:58:08","guid":{"rendered":"https:\/\/soydeaqui.ddns.net\/pachuca\/index.php\/producto\/sensor-de-seguridad-y-presencia-para-puertas-industriales-tecnologia-infrarroja-y-de-microondas-para-activacion-y-seguridad\/"},"modified":"2026-03-18T11:58:14","modified_gmt":"2026-03-18T11:58:14","slug":"sensor-de-seguridad-y-presencia-para-puertas-industriales-tecnologia-infrarroja-y-de-microondas-para-activacion-y-seguridad","status":"publish","type":"product","link":"https:\/\/soydeaqui.ddns.net\/pachuca\/index.php\/producto\/sensor-de-seguridad-y-presencia-para-puertas-industriales-tecnologia-infrarroja-y-de-microondas-para-activacion-y-seguridad\/","title":{"rendered":"Sensor de Seguridad y Presencia Para Puertas Industriales \/ Tecnologia Infrarroja y de Microondas Para Activaci\u00f3n y Seguridad"},"content":{"rendered":"<div style='width: 100%; max-width: 1200px; margin: 0 auto; font-family: sans-serif; line-height: 1.6; color: inherit; background-color: transparent;'> <!-- Secci\u00f3n de caracter\u00edsticas principales --> <\/p>\n<div style='display: flex; flex-wrap: wrap; gap: 30px; margin-bottom: 30px;'>\n<div style='flex: 1 1 300px; min-width: 280px;'>\n<h3 style='font-size: 22px; border-bottom: 2px solid currentColor; padding-bottom: 5px; margin-top: 0; color: inherit; opacity: 0.8;'>Caracter\u00edsticas principales<\/h3>\n<ul style='padding-left: 20px; font-size: 15px; color: inherit;'>\n<li style='margin-bottom: 5px;'>Tecnolog\u00eda de microondas e infrarroja<\/li>\n<li style='margin-bottom: 5px;'>Modo de detecci\u00f3n en movimiento y presencia<\/li>\n<li style='margin-bottom: 5px;'>Leds indicadores de estado<\/li>\n<\/ul><\/div>\n<div style='flex: 1 1 300px; min-width: 280px;'>\n<h3 style='font-size: 22px; border-bottom: 2px solid currentColor; padding-bottom: 5px; margin-top: 0; color: inherit; opacity: 0.8;'>Caracter\u00edsticas F\u00edsicas y El\u00e9ctricas<\/h3>\n<ul style='padding-left: 20px; font-size: 15px; color: inherit;'>\n<li style='margin-bottom: 5px;'>Voltaje de alimentaci\u00f3n 12 a 24 VAC\/VDC<\/li>\n<li style='margin-bottom: 5px;'>Consumo de hasta 3.5 W<\/li>\n<li style='margin-bottom: 5px;'>Grado de protecci\u00f3n IP65 \/ NEMA4<\/li>\n<\/ul><\/div>\n<div style='flex: 1 1 300px; min-width: 280px;'>\n<h3 style='font-size: 22px; border-bottom: 2px solid currentColor; padding-bottom: 5px; margin-top: 0; color: inherit; opacity: 0.8;'>Caracter\u00edsticas<\/h3>\n<ul style='padding-left: 20px; font-size: 15px; color: inherit;'>\n<li style='margin-bottom: 5px;'>Temperatura de operaci\u00f3n -22 a 140 \u00b0F<\/li>\n<li style='margin-bottom: 5px;'>Longitud del cable de 9.7 m<\/li>\n<li style='margin-bottom: 5px;'>Fabricado en Policarbonato<\/li>\n<\/ul><\/div>\n<\/p><\/div>\n<p> <!-- Separador --> <\/p>\n<hr style='border: 0; border-top: 1px solid rgba(150&comma; 150&comma; 150&comma; 0.3); margin: 30px 0;'> <!-- Secci\u00f3n de descripci\u00f3n detallada --> <\/p>\n<div style='display: flex; flex-wrap: wrap; gap: 30px; margin-bottom: 30px;'>\n<div style='flex: 1 1 400px; min-width: 300px;'>\n<h3 style='font-size: 22px; border-bottom: 2px solid currentColor; padding-bottom: 5px; margin-top: 0; color: inherit; opacity: 0.8;'>Caracter\u00edsticas adicionales<\/h3>\n<ul style='padding-left: 20px; font-size: 15px; color: inherit;'>\n<li style='margin-bottom: 5px;'><strong>Configuraciones de detecci\u00f3n ajustables.<\/strong> Seis modos de filtrado de detecci\u00f3n est\u00e1n disponibles para la inmunidad de microondas&comma; as\u00ed como el rechazo del tr\u00e1fico peatonal y paralelo<\/li>\n<li style='margin-bottom: 5px;'><strong>Patrones personalizables.<\/strong> Nueve patrones infrarrojos para detecci\u00f3n presencia altamente flexibles para cualquier entorno industrial<\/li>\n<li style='margin-bottom: 5px;'><strong>Reduzca las detecciones falsas.<\/strong> Los modos de inmunidad infrarroja ajustables mitigan el medio ambiente y perturbaciones tales como vibraciones sutiles de la puerta&comma; la luz y el sol<\/li>\n<li style='margin-bottom: 5px;'><strong>Programable v\u00eda control remoto.<\/strong> La programaci\u00f3n con control remoto permite al usuario realizar de forma r\u00e1pida y segura los ajustes necesarios para el correcto funcionamiento del sensor (Se vende por separado)<\/li>\n<li style='margin-bottom: 5px;'><strong>Ahorro de energ\u00eda.<\/strong> Mediante la correcta configuraci\u00f3n de aproximaci\u00f3n bidireccional&comma; unidireccional y salida unidireccional para las opciones de detecci\u00f3n de microondas<\/li>\n<li style='margin-bottom: 5px;'><strong>Equipo con un a\u00f1o de garant\u00eda contra defectos de fabricaci\u00f3n.<\/strong><\/li>\n<\/ul><\/div>\n<div style='flex: 1 1 400px; min-width: 300px;'> <img style='width: 100%; height: auto; border: 1px solid rgba(150&comma;150&comma;150&comma;0.3); border-radius: 8px;' src='https:\/\/ftp3.syscom.mx\/usuarios\/fotos\/10IS40\/205184-10is40_aplicacion.jpg' alt='Sensor de seguridad y presencia para puertas industriales BEA 10IS40'> <\/div>\n<\/p><\/div>\n<p> <!-- Separador --> <\/p>\n<hr style='border: 0; border-top: 1px solid rgba(150&comma; 150&comma; 150&comma; 0.3); margin: 30px 0;'> <!-- Secci\u00f3n de videos --> <\/p>\n<div style='display: flex; flex-wrap: wrap; gap: 30px; margin-bottom: 30px;'>\n<div style='flex: 1 1 500px; min-width: 300px;'>\n<div style='position: relative; padding-bottom: 56.25%; height: 0; overflow: hidden; margin-bottom: 30px;'>   <\/div>\n<\/p><\/div>\n<div style='flex: 1 1 500px; min-width: 300px;'>\n<div style='position: relative; padding-bottom: 56.25%; height: 0; overflow: hidden; margin-bottom: 30px;'>   <\/div>\n<\/p><\/div>\n<\/p><\/div>\n<p> <!-- Separador --> <\/p>\n<hr style='border: 0; border-top: 1px solid rgba(150&comma; 150&comma; 150&comma; 0.3); margin: 30px 0;'> <\/div>\n","protected":false},"excerpt":{"rendered":"<p>Sensor de Seguridad y Presencia Para Puertas Industriales \/ Tecnologia Infrarroja y de Microondas Para Activaci\u00f3n y Seguridad<\/p>\n","protected":false},"featured_media":25649,"comment_status":"open","ping_status":"closed","template":"","meta":[],"product_brand":[],"product_cat":[777],"product_tag":[401,93,843],"class_list":{"0":"post-25650","1":"product","2":"type-product","3":"status-publish","4":"has-post-thumbnail","6":"product_cat-accesorios-acceso-vehicular","7":"product_tag-acceso-vehicular","8":"product_tag-accesorios","9":"product_tag-bea","11":"first","12":"instock","13":"sale","14":"shipping-taxable","15":"purchasable","16":"product-type-simple"},"_links":{"self":[{"href":"https:\/\/soydeaqui.ddns.net\/pachuca\/index.php\/wp-json\/wp\/v2\/product\/25650","targetHints":{"allow":["GET"]}}],"collection":[{"href":"https:\/\/soydeaqui.ddns.net\/pachuca\/index.php\/wp-json\/wp\/v2\/product"}],"about":[{"href":"https:\/\/soydeaqui.ddns.net\/pachuca\/index.php\/wp-json\/wp\/v2\/types\/product"}],"replies":[{"embeddable":true,"href":"https:\/\/soydeaqui.ddns.net\/pachuca\/index.php\/wp-json\/wp\/v2\/comments?post=25650"}],"wp:featuredmedia":[{"embeddable":true,"href":"https:\/\/soydeaqui.ddns.net\/pachuca\/index.php\/wp-json\/wp\/v2\/media\/25649"}],"wp:attachment":[{"href":"https:\/\/soydeaqui.ddns.net\/pachuca\/index.php\/wp-json\/wp\/v2\/media?parent=25650"}],"wp:term":[{"taxonomy":"product_brand","embeddable":true,"href":"https:\/\/soydeaqui.ddns.net\/pachuca\/index.php\/wp-json\/wp\/v2\/product_brand?post=25650"},{"taxonomy":"product_cat","embeddable":true,"href":"https:\/\/soydeaqui.ddns.net\/pachuca\/index.php\/wp-json\/wp\/v2\/product_cat?post=25650"},{"taxonomy":"product_tag","embeddable":true,"href":"https:\/\/soydeaqui.ddns.net\/pachuca\/index.php\/wp-json\/wp\/v2\/product_tag?post=25650"}],"curies":[{"name":"wp","href":"https:\/\/api.w.org\/{rel}","templated":true}]}}