{"id":25621,"date":"2026-03-18T11:57:30","date_gmt":"2026-03-18T11:57:30","guid":{"rendered":"https:\/\/soydeaqui.ddns.net\/pachuca\/index.php\/producto\/operador-ats-para-puertas-abatibles-de-hasta-3-mts-y-400-kgs-uso-semi-intensivo-no-incluye-cuadro-de-mando\/"},"modified":"2026-03-18T11:57:31","modified_gmt":"2026-03-18T11:57:31","slug":"operador-ats-para-puertas-abatibles-de-hasta-3-mts-y-400-kgs-uso-semi-intensivo-no-incluye-cuadro-de-mando","status":"publish","type":"product","link":"https:\/\/soydeaqui.ddns.net\/pachuca\/index.php\/producto\/operador-ats-para-puertas-abatibles-de-hasta-3-mts-y-400-kgs-uso-semi-intensivo-no-incluye-cuadro-de-mando\/","title":{"rendered":"Operador ATS para Puertas Abatibles de hasta 3 mts y 400 Kgs \/ Uso Semi-Intensivo \/ No incluye cuadro de mando"},"content":{"rendered":"<div style='width: 100%; max-width: 1200px; margin: 0 auto; font-family: sans-serif; line-height: 1.6; color: inherit; background-color: transparent;'>\n<div style='display: flex; flex-wrap: wrap; gap: 30px; margin-bottom: 30px;'>\n<div style='flex: 1 1 300px; min-width: 280px;'>\n<h3 style='font-size: 22px; border-bottom: 2px solid currentColor; padding-bottom: 5px; margin-top: 0; color: inherit; opacity: 0.8;'>Caracter\u00edsticas principales<\/h3>\n<ul style='padding-left: 20px; font-size: 15px; color: inherit;'>\n<li style='margin-bottom: 5px;'>Longitud m\u00e1xima de la hoja 3 mts<\/li>\n<li style='margin-bottom: 5px;'>Peso m\u00e1ximo de la hoja 400 kg<\/li>\n<li style='margin-bottom: 5px;'>Operador telesc\u00f3pico<\/li>\n<\/ul><\/div>\n<div style='flex: 1 1 300px; min-width: 280px;'>\n<h3 style='font-size: 22px; border-bottom: 2px solid currentColor; padding-bottom: 5px; margin-top: 0; color: inherit; opacity: 0.8;'>Caracter\u00edsticas F\u00edsicas y El\u00e9ctricas<\/h3>\n<ul style='padding-left: 20px; font-size: 15px; color: inherit;'>\n<li style='margin-bottom: 5px;'>Voltaje de alimentaci\u00f3n 24VCC<\/li>\n<li style='margin-bottom: 5px;'>Potencia m\u00e1xima 8W<\/li>\n<li style='margin-bottom: 5px;'>Corriente m\u00e1xima 8 Amp<\/li>\n<\/ul><\/div>\n<div style='flex: 1 1 300px; min-width: 280px;'>\n<h3 style='font-size: 22px; border-bottom: 2px solid currentColor; padding-bottom: 5px; margin-top: 0; color: inherit; opacity: 0.8;'>Caracter\u00edsticas Destacadas<\/h3>\n<ul style='padding-left: 20px; font-size: 15px; color: inherit;'>\n<li style='margin-bottom: 5px;'>Tiempo de apertura a 90\u00b0 de 15 a 30 seg.<\/li>\n<li style='margin-bottom: 5px;'>Grado de protecci\u00f3n IP54<\/li>\n<li style='margin-bottom: 5px;'>Equipo de uso Semi-Intensivo<\/li>\n<\/ul><\/div>\n<\/p><\/div>\n<hr style='border: 0; border-top: 1px solid rgba(150&comma; 150&comma; 150&comma; 0.3); margin: 30px 0;'>\n<div style='display: flex; flex-wrap: wrap; gap: 30px; margin-bottom: 30px;'>\n<div style='flex: 1 1 300px; min-width: 280px;'>\n<h3 style='font-size: 22px; border-bottom: 2px solid currentColor; padding-bottom: 5px; margin-top: 0; color: inherit; opacity: 0.8;'>Contenido del paquete<\/h3>\n<ul style='padding-left: 20px; font-size: 15px; color: inherit;'>\n<li style='margin-bottom: 5px;'>1 x Brazo telesc\u00f3pico para puertas abatibles <strong>801MP-0070<\/strong><\/li>\n<li style='margin-bottom: 5px;'>1 x Juego de accesorios para el montaje del brazo<\/li>\n<\/ul><\/div>\n<div style='flex: 1 1 300px; min-width: 280px;'> <img style='width: 100%; height: auto; border: 1px solid rgba(150&comma;150&comma;150&comma;0.3); border-radius: 8px;' src='https:\/\/ftp3.syscom.mx\/usuarios\/fotos\/801MP0070\/205325-medidas_801mp0070.jpg' alt=''> <\/div>\n<\/p><\/div>\n<hr style='border: 0; border-top: 1px solid rgba(150&comma; 150&comma; 150&comma; 0.3); margin: 30px 0;'>\n<div style='margin-bottom: 30px;'>\n<h3 style='font-size: 22px; text-align: center; margin-bottom: 15px; color: inherit; opacity: 0.8;'>Notas adicionales<\/h3>\n<div style='display: flex; flex-direction: column; gap: 15px; font-size: 15px; color: inherit;'>\n<p style='text-align: center; margin: 0;'>Equipo con un a\u00f1o de garant\u00eda contra defectos de fabricaci\u00f3n<\/p>\n<p style='text-align: center; margin: 0;'>Cuadro de mando y accesorios se adquiere por separado<\/p>\n<p style='text-align: center; margin: 0;'><strong>Siempre se deben colocar topes mec\u00e1nicos sobre la puerta en apertura y cierre.<\/strong><\/p>\n<p style='text-align: center; margin: 0;'><strong>Para evitar accidentes colocar fotoceldas de seguridad<\/strong><\/p>\n<\/p><\/div>\n<\/p><\/div>\n<hr style='border: 0; border-top: 1px solid rgba(150&comma; 150&comma; 150&comma; 0.3); margin: 30px 0;'>\n<div style='margin-bottom: 30px;'>\n<h3 style='font-size: 22px; text-align: center; margin-bottom: 15px; color: inherit; opacity: 0.8;'>Componentes para instalaci\u00f3n b\u00e1sica<\/h3>\n<div style='display: flex; flex-direction: column; gap: 10px; font-size: 15px; color: inherit;'>\n<p style='text-align: center; margin: 0;'>1 x <strong>801MP-0070<\/strong> Brazo ATS para puertas abatibles<\/p>\n<p style='text-align: center; margin: 0;'>1 x <strong>801QA-0080<\/strong> Cuadro de mando para brazos CAME a 24V<\/p>\n<p style='text-align: center; margin: 0;'>1 x <strong>001-DIR10<\/strong> Fotoceldas de seguridad para dispositivos CAME<\/p>\n<p style='text-align: center; margin: 0;'>1 x <strong>XBSS-W01<\/strong> Botonera triple de uso rudo<\/p>\n<\/p><\/div>\n<\/p><\/div>\n<hr style='border: 0; border-top: 1px solid rgba(150&comma; 150&comma; 150&comma; 0.3); margin: 30px 0;'>\n<div style='margin-bottom: 30px;'>\n<p style='text-align: center; font-size: 15px; color: inherit; margin: 0; padding: 15px; background-color: rgba(150&comma; 150&comma; 150&comma; 0.05); border-left: 4px solid #0091ff;'> Es importante tener en cuenta la resistencia que el viento puede generar en los portones sin ranuras de ventilaci\u00f3n al operar los motores en apertura y cierre de puertas abatibles. Recomendamos considerar la instalaci\u00f3n de rejillas que permitan la adecuada ventilaci\u00f3n para facilitar el correcto funcionamiento de los dispositivos. <\/p>\n<\/p><\/div>\n<\/p><\/div>\n","protected":false},"excerpt":{"rendered":"<p>Operador ATS para Puertas Abatibles de hasta 3 mts y 400 Kgs \/ Uso Semi-Intensivo \/ No incluye cuadro de mando<\/p>\n","protected":false},"featured_media":25620,"comment_status":"open","ping_status":"closed","template":"","meta":[],"product_brand":[],"product_cat":[821],"product_tag":[401,779,822],"class_list":{"0":"post-25621","1":"product","2":"type-product","3":"status-publish","4":"has-post-thumbnail","6":"product_cat-puertas-abatibles","7":"product_tag-acceso-vehicular","8":"product_tag-came","9":"product_tag-puertas-abatibles","11":"first","12":"instock","13":"sale","14":"shipping-taxable","15":"purchasable","16":"product-type-simple"},"_links":{"self":[{"href":"https:\/\/soydeaqui.ddns.net\/pachuca\/index.php\/wp-json\/wp\/v2\/product\/25621","targetHints":{"allow":["GET"]}}],"collection":[{"href":"https:\/\/soydeaqui.ddns.net\/pachuca\/index.php\/wp-json\/wp\/v2\/product"}],"about":[{"href":"https:\/\/soydeaqui.ddns.net\/pachuca\/index.php\/wp-json\/wp\/v2\/types\/product"}],"replies":[{"embeddable":true,"href":"https:\/\/soydeaqui.ddns.net\/pachuca\/index.php\/wp-json\/wp\/v2\/comments?post=25621"}],"wp:featuredmedia":[{"embeddable":true,"href":"https:\/\/soydeaqui.ddns.net\/pachuca\/index.php\/wp-json\/wp\/v2\/media\/25620"}],"wp:attachment":[{"href":"https:\/\/soydeaqui.ddns.net\/pachuca\/index.php\/wp-json\/wp\/v2\/media?parent=25621"}],"wp:term":[{"taxonomy":"product_brand","embeddable":true,"href":"https:\/\/soydeaqui.ddns.net\/pachuca\/index.php\/wp-json\/wp\/v2\/product_brand?post=25621"},{"taxonomy":"product_cat","embeddable":true,"href":"https:\/\/soydeaqui.ddns.net\/pachuca\/index.php\/wp-json\/wp\/v2\/product_cat?post=25621"},{"taxonomy":"product_tag","embeddable":true,"href":"https:\/\/soydeaqui.ddns.net\/pachuca\/index.php\/wp-json\/wp\/v2\/product_tag?post=25621"}],"curies":[{"name":"wp","href":"https:\/\/api.w.org\/{rel}","templated":true}]}}