{"id":25602,"date":"2026-03-18T11:57:08","date_gmt":"2026-03-18T11:57:08","guid":{"rendered":"https:\/\/soydeaqui.ddns.net\/pachuca\/index.php\/producto\/operador-para-puertas-abatibles-de-hasta-5-48-metros-no-incluye-cuadro-de-mando\/"},"modified":"2026-03-18T11:57:10","modified_gmt":"2026-03-18T11:57:10","slug":"operador-para-puertas-abatibles-de-hasta-5-48-metros-no-incluye-cuadro-de-mando","status":"publish","type":"product","link":"https:\/\/soydeaqui.ddns.net\/pachuca\/index.php\/producto\/operador-para-puertas-abatibles-de-hasta-5-48-metros-no-incluye-cuadro-de-mando\/","title":{"rendered":"Operador Para Puertas Abatibles de Hasta 5.48 Metros  \/  No Incluye Cuadro de Mando"},"content":{"rendered":"<div style='width: 100%; max-width: 1200px; margin: 0 auto; font-family: sans-serif; line-height: 1.6; color: inherit; background-color: transparent;'>\n<div style='display: flex; flex-wrap: wrap; gap: 30px; margin-bottom: 30px;'>\n<div style='flex: 1 1 300px; min-width: 280px;'>\n<h3 style='font-size: 22px; border-bottom: 2px solid currentColor; padding-bottom: 5px; margin-top: 0; color: inherit; opacity: 0.8;'>Caracteristicas de funcionamiento<\/h3>\n<ul style='padding-left: 20px; font-size: 15px; color: inherit;'>\n<li style='margin-bottom: 5px;'>2.43 metros hasta 700 kgs<\/li>\n<li style='margin-bottom: 5px;'>4.87 metros hasta 360 kgs<\/li>\n<li style='margin-bottom: 5px;'>5.48 metros hasta 272 kgs<\/li>\n<\/ul><\/div>\n<div style='flex: 1 1 300px; min-width: 280px;'>\n<h3 style='font-size: 22px; border-bottom: 2px solid currentColor; padding-bottom: 5px; margin-top: 0; color: inherit; opacity: 0.8;'>Caracter\u00edsticas F\u00edsicas y El\u00e9ctricas<\/h3>\n<ul style='padding-left: 20px; font-size: 15px; color: inherit;'>\n<li style='margin-bottom: 5px;'>Alimentaci\u00f3n del cuadro de mando 110VAC<\/li>\n<li style='margin-bottom: 5px;'>Voltaje de operaci\u00f3n de los brazos 24VDC<\/li>\n<li style='margin-bottom: 5px;'>Limites de carrera ajustables<\/li>\n<\/ul><\/div>\n<div style='flex: 1 1 300px; min-width: 280px;'>\n<h3 style='font-size: 22px; border-bottom: 2px solid currentColor; padding-bottom: 5px; margin-top: 0; color: inherit; opacity: 0.8;'>Caracter\u00edsticas Destacadas<\/h3>\n<ul style='padding-left: 20px; font-size: 15px; color: inherit;'>\n<li style='margin-bottom: 5px;'>Soporta respaldo de baterias (No incluidas)<\/li>\n<li style='margin-bottom: 5px;'>Liberacion manual por medio de llave.<\/li>\n<li style='margin-bottom: 5px;'>Cumplimiento con norma UL325<\/li>\n<\/ul><\/div>\n<\/p><\/div>\n<hr style='border: 0; border-top: 1px solid rgba(150&comma; 150&comma; 150&comma; 0.3); margin: 30px 0;'>\n<div style='display: flex; flex-wrap: wrap; gap: 30px; align-items: flex-start;'>\n<div style='flex: 1 1 400px; min-width: 300px;'>\n<h2 style='font-size: 20px; margin-top: 0; color: inherit;'>Brazo para puertas abatibles:<\/h2>\n<p style='text-align: justify; font-size: 15px; color: inherit;'>El actuador de puerta batiente DKS ofrece conveniencia y confiabilidad en un dise\u00f1o compacto. Este se monta directamente en su puerta y pilar&comma; simplificando la instalaci\u00f3n y eliminando la necesidad de plataformas de concreto. Las l\u00edneas elegantes brindan un perfil limpio que combinar\u00e1 con cualquier dise\u00f1o de puerta. El potente pist\u00f3n accionado por tornillo est\u00e1 encerrado y protegido para evitar que la suciedad y otros corrosivos transportados por el aire contaminen el tornillo sin fin.<\/p>\n<\/p><\/div>\n<div style='flex: 1 1 400px; min-width: 300px;'> <img style='width: 100%; height: auto; border: 1px solid rgba(150&comma;150&comma;150&comma;0.3); border-radius: 8px;' src='https:\/\/ftp3.syscom.mx\/usuarios\/fotos\/6006380\/205099-medidas_6006.jpg' alt=''> <\/div>\n<\/p><\/div>\n<hr style='border: 0; border-top: 1px solid rgba(150&comma; 150&comma; 150&comma; 0.3); margin: 30px 0;'>\n<div style='text-align: center; margin: 30px 0;'>\n<h2 style='font-size: 20px; margin-top: 0; margin-bottom: 15px; color: inherit;'>\u00bfQue requiero para la instalaci\u00f3n de una puerta?<\/h2>\n<p style='font-size: 16px; margin: 8px 0; color: inherit;'><strong>6006-380<\/strong> Operador Doorking para puertas abatibles<\/p>\n<p style='font-size: 16px; margin: 8px 0; color: inherit;'><strong>4302-311<\/strong> Cuadro de mando para operadores 6006<\/p>\n<\/p><\/div>\n<hr style='border: 0; border-top: 1px solid rgba(150&comma; 150&comma; 150&comma; 0.3); margin: 30px 0;'>\n<div style='text-align: center; margin: 30px 0;'>\n<h2 style='font-size: 20px; margin-top: 0; margin-bottom: 15px; color: inherit;'>Accesorios Opcionales<\/h2>\n<p style='font-size: 16px; margin: 8px 0; color: inherit;'><strong>XBS-SW-01<\/strong> Botonera triple de uso rudo<\/p>\n<\/p><\/div>\n<hr style='border: 0; border-top: 1px solid rgba(150&comma; 150&comma; 150&comma; 0.3); margin: 30px 0;'>\n<div style='text-align: center; margin: 30px 0;'>\n<h2 style='font-size: 20px; margin-top: 0; margin-bottom: 15px; color: inherit;'>Para una soluci\u00f3n de dos puertas puede revisar el kit <a title='Kit para 2 puertas' href='https:\/\/www.syscom.mx\/producto\/KIT-6006-DKS-DKS%20DOORKING-208544.html' target='_blank' rel='noopener' style='color: #3598db; text-decoration: none;'>KIT-6006-DKS<\/a><\/h2>\n<\/p><\/div>\n<hr style='border: 0; border-top: 1px solid rgba(150&comma; 150&comma; 150&comma; 0.3); margin: 30px 0;'>\n<div style='text-align: center; margin: 30px 0;'>\n<h2 style='font-size: 14px; margin-top: 0; margin-bottom: 15px; color: inherit;'>Es importante tener en cuenta la resistencia que el viento puede generar en los portones sin ranuras de ventilaci\u00f3n al operar los motores en apertura y cierre de puertas abatibles. Recomendamos considerar la instalaci\u00f3n de rejillas que permitan la adecuada ventilaci\u00f3n para facilitar el correcto funcionamiento de los dispositivos.<\/h2>\n<\/p><\/div>\n<hr style='border: 0; border-top: 1px solid rgba(150&comma; 150&comma; 150&comma; 0.3); margin: 30px 0;'> <\/div>\n","protected":false},"excerpt":{"rendered":"<p>Operador Para Puertas Abatibles de Hasta 5.48 Metros  \/  No Incluye Cuadro de Mando<\/p>\n","protected":false},"featured_media":25601,"comment_status":"open","ping_status":"closed","template":"","meta":[],"product_brand":[],"product_cat":[821],"product_tag":[401,781,822],"class_list":{"0":"post-25602","1":"product","2":"type-product","3":"status-publish","4":"has-post-thumbnail","6":"product_cat-puertas-abatibles","7":"product_tag-acceso-vehicular","8":"product_tag-dks-doorking","9":"product_tag-puertas-abatibles","11":"first","12":"instock","13":"sale","14":"shipping-taxable","15":"purchasable","16":"product-type-simple"},"_links":{"self":[{"href":"https:\/\/soydeaqui.ddns.net\/pachuca\/index.php\/wp-json\/wp\/v2\/product\/25602","targetHints":{"allow":["GET"]}}],"collection":[{"href":"https:\/\/soydeaqui.ddns.net\/pachuca\/index.php\/wp-json\/wp\/v2\/product"}],"about":[{"href":"https:\/\/soydeaqui.ddns.net\/pachuca\/index.php\/wp-json\/wp\/v2\/types\/product"}],"replies":[{"embeddable":true,"href":"https:\/\/soydeaqui.ddns.net\/pachuca\/index.php\/wp-json\/wp\/v2\/comments?post=25602"}],"wp:featuredmedia":[{"embeddable":true,"href":"https:\/\/soydeaqui.ddns.net\/pachuca\/index.php\/wp-json\/wp\/v2\/media\/25601"}],"wp:attachment":[{"href":"https:\/\/soydeaqui.ddns.net\/pachuca\/index.php\/wp-json\/wp\/v2\/media?parent=25602"}],"wp:term":[{"taxonomy":"product_brand","embeddable":true,"href":"https:\/\/soydeaqui.ddns.net\/pachuca\/index.php\/wp-json\/wp\/v2\/product_brand?post=25602"},{"taxonomy":"product_cat","embeddable":true,"href":"https:\/\/soydeaqui.ddns.net\/pachuca\/index.php\/wp-json\/wp\/v2\/product_cat?post=25602"},{"taxonomy":"product_tag","embeddable":true,"href":"https:\/\/soydeaqui.ddns.net\/pachuca\/index.php\/wp-json\/wp\/v2\/product_tag?post=25602"}],"curies":[{"name":"wp","href":"https:\/\/api.w.org\/{rel}","templated":true}]}}