{"id":25580,"date":"2026-03-18T11:56:38","date_gmt":"2026-03-18T11:56:38","guid":{"rendered":"https:\/\/soydeaqui.ddns.net\/pachuca\/index.php\/producto\/videoportero-sip-i61-2-relevadores-con-boton-para-llamada-anti-vandalico-ip66-y-ik07-poe-boton-touch\/"},"modified":"2026-03-18T11:56:42","modified_gmt":"2026-03-18T11:56:42","slug":"videoportero-sip-i61-2-relevadores-con-boton-para-llamada-anti-vandalico-ip66-y-ik07-poe-boton-touch","status":"publish","type":"product","link":"https:\/\/soydeaqui.ddns.net\/pachuca\/index.php\/producto\/videoportero-sip-i61-2-relevadores-con-boton-para-llamada-anti-vandalico-ip66-y-ik07-poe-boton-touch\/","title":{"rendered":"Videoportero SIP i61, 2 relevadores con bot\u00f3n para llamada, anti-vand\u00e1lico, IP66 y IK07, PoE, Bot\u00f3n touch"},"content":{"rendered":"<div style='width: 100%; max-width: 1200px; margin: 0 auto; font-family: sans-serif; line-height: 1.6; color: inherit; background-color: transparent;'>\n<div style='display: flex; flex-wrap: wrap; gap: 30px; margin-bottom: 30px;'>\n<div style='flex: 1 1 300px; min-width: 280px;'>\n<h3 style='font-size: 22px; border-bottom: 2px solid currentColor; padding-bottom: 5px; margin-top: 0; color: inherit; opacity: 0.8;'>Descripci\u00f3n<\/h3>\n<p style='font-size: 15px; color: inherit;'>Basado en los protocolos SIP y ONVIF&comma; i61 es un videoportero que integra potentes funcionalidades de control de acceso&comma; intercomunicaci\u00f3n y protecci\u00f3n de seguridad. Con un dise\u00f1o de aleaci\u00f3n de aluminio y un solo bot\u00f3n touch de marcaci\u00f3n r\u00e1pida&comma; i61 ofrece una apariencia lujosa de alta calidad. Con alto nivel de protecci\u00f3n IP66 e IK07&comma; es resistente al agua&comma; al polvo y anticolisi\u00f3n en la mayor\u00eda de los entornos al aire libre. i61 permite a los usuarios realizar llamadas de audio\/video a trav\u00e9s de un bot\u00f3n de marcaci\u00f3n r\u00e1pida y una c\u00e1mara de 2 megap\u00edxeles y lograr el control de acceso mediante diferentes modos. Con ricas interfaces de entrada y salida&comma; i61 es f\u00e1cil de vincular con otros dispositivos de seguridad y personalizar en varias soluciones en apartamentos&comma; edificios comerciales&comma; comunidades y parques industriales.<\/p>\n<\/p><\/div>\n<\/p><\/div>\n<div style='display: flex; flex-wrap: wrap; gap: 20px; margin-bottom: 30px;'>\n<div style='flex: 1 1 250px; border: 1px solid rgba(150&comma; 150&comma; 150&comma; 0.4); border-radius: 8px; overflow: hidden; display: flex; flex-direction: column;'>\n<div style='padding: 15px; border-bottom: 1px solid rgba(150&comma; 150&comma; 150&comma; 0.2); font-weight: bold; font-size: 18px; color: inherit;'>Caracter\u00edsticas principales<\/div>\n<div style='padding: 15px; color: inherit;'>\n<ul style='padding-left: 20px; margin: 0; font-size: 14px; list-style-type: disc;'>\n<li style='margin-bottom: 5px;'>C\u00e1mara 2 Mega-pixel<\/li>\n<li style='margin-bottom: 5px;'>2 Cuentas SIP<\/li>\n<li style='margin-bottom: 5px;'>PoE Habilitado<\/li>\n<li style='margin-bottom: 5px;'>Aleaci\u00f3n de aluminio<\/li>\n<li style='margin-bottom: 5px;'>Nivel de protecci\u00f3n IP66 &#8211; IK07<\/li>\n<li style='margin-bottom: 5px;'>Rango de temperatura &#8211; 40\u00b0C a 70\u00b0C<\/li>\n<li style='margin-bottom: 5px;'>Bot\u00f3n t\u00e1ctil de marcaci\u00f3n r\u00e1pida \u00fanica<\/li>\n<li style='margin-bottom: 5px;'>10000 tarjetas de acceso<\/li>\n<li style='margin-bottom: 5px;'>Reducci\u00f3n de Ruido integrado con MICs dual<\/li>\n<li style='margin-bottom: 5px;'>2 Salida de cortocircuito<\/li>\n<li style='margin-bottom: 5px;'>3 Entrada de cortocircuito<\/li>\n<li style='margin-bottom: 5px;'>Alimentaci\u00f3n con fuente de poder externa (fuente no incluida)<\/li>\n<li style='margin-bottom: 5px;'>Formas de desbloquear la puerta: DTMF&comma; Tarjeta RFID&comma; Apertura temporizada<\/li>\n<\/ul><\/div>\n<\/p><\/div>\n<div style='flex: 1 1 250px; border: 1px solid rgba(150&comma; 150&comma; 150&comma; 0.4); border-radius: 8px; overflow: hidden; display: flex; flex-direction: column;'>\n<div style='padding: 15px; border-bottom: 1px solid rgba(150&comma; 150&comma; 150&comma; 0.2); font-weight: bold; font-size: 18px; color: inherit;'>Caracter\u00edsticas F\u00edsicas y El\u00e9ctricas<\/div>\n<div style='padding: 15px; color: inherit;'>\n<ul style='padding-left: 20px; margin: 0; font-size: 14px; list-style-type: disc;'>\n<li style='margin-bottom: 5px;'>Alimentacion v\u00eda PoE 802.3af o 12Vcc&comma; 1.0A (fuente no incluida)<\/li>\n<li style='margin-bottom: 5px;'>Montaje en pared<\/li>\n<li style='margin-bottom: 5px;'>Nivel de protecci\u00f3n: IP66 y IK07<\/li>\n<li style='margin-bottom: 5px;'>Temperatura de operaci\u00f3n: -40\u00ba ~ 70\u00ba C<\/li>\n<li style='margin-bottom: 5px;'>Dimensiones: 159.7 x 88 x 36.15 mm<\/li>\n<li style='margin-bottom: 5px;'>Puerto de control de cortocircuito x2 (rel\u00e9 incorporado)<\/li>\n<li style='margin-bottom: 5px;'>Rel\u00e9: MAX DC30V \/ 2A&comma; AC125V \/ 0.5A<\/li>\n<\/ul><\/div>\n<\/p><\/div>\n<div style='flex: 1 1 250px; border: 1px solid rgba(150&comma; 150&comma; 150&comma; 0.4); border-radius: 8px; overflow: hidden; display: flex; flex-direction: column;'>\n<div style='padding: 15px; border-bottom: 1px solid rgba(150&comma; 150&comma; 150&comma; 0.2); font-weight: bold; font-size: 18px; color: inherit;'>Caracter\u00edsticas de Red<\/div>\n<div style='padding: 15px; color: inherit;'>\n<ul style='padding-left: 20px; margin: 0; font-size: 14px; list-style-type: disc;'>\n<li style='margin-bottom: 5px;'>Puerto Ethernet 10\/100 Mbps<\/li>\n<li style='margin-bottom: 5px;'>Configuraci\u00f3n IP: Est\u00e1tico \/ DHCP\/ PPPoE<\/li>\n<li style='margin-bottom: 5px;'>VPN: L2TP \/ OpenVPN<\/li>\n<li style='margin-bottom: 5px;'>VLAN<\/li>\n<li style='margin-bottom: 5px;'>OpenVPN<\/li>\n<li style='margin-bottom: 5px;'>SIP v1 (RFC2543)&comma; v2 (RFC3261) over UDP\/TCP\/<\/li>\n<\/ul><\/div>\n<\/p><\/div>\n<\/p><\/div>\n<div style='display: flex; flex-wrap: wrap; gap: 30px; margin-bottom: 30px;'>\n<div style='flex: 1 1 300px; min-width: 280px;'>\n<h3 style='font-size: 22px; border-bottom: 2px solid currentColor; padding-bottom: 5px; margin-top: 0; color: inherit; opacity: 0.8;'>Compatibilidad con las marcas lideres en el mercado de Comunicaciones Unificadas<\/h3>\n<p style='font-size: 15px; color: inherit; margin-top: 0;'><strong>Compatibilidad con IP-PBX como:<\/strong><\/p>\n<ul style='padding-left: 20px; font-size: 15px; color: inherit;'>\n<li style='margin-bottom: 5px;'>3CX<\/li>\n<li style='margin-bottom: 5px;'>Grandstream (compatibilidad total)<\/li>\n<li style='margin-bottom: 5px;'>Avaya<\/li>\n<li style='margin-bottom: 5px;'>Yeastar<\/li>\n<li style='margin-bottom: 5px;'>Asterisk<\/li>\n<\/ul><\/div>\n<\/p><\/div>\n<div style='display: flex; flex-wrap: wrap; gap: 30px; margin-bottom: 30px;'>\n<div style='flex: 1 1 300px; min-width: 280px;'>\n<h3 style='font-size: 22px; border-bottom: 2px solid currentColor; padding-bottom: 5px; margin-top: 0; color: inherit; opacity: 0.8;'>Topolog\u00eda de conexi\u00f3n de bot\u00f3n de p\u00e1nico<\/h3>\n<p style='font-size: 15px; color: inherit; margin-top: 0; margin-bottom: 15px;'>* Se puede utilizar sin conmutador IP o con conmutador IP para funciones especiales (grupo de timbrado&comma; contestar desde el celular por medio de softphone&comma; etc.)<\/p>\n<\/p><\/div>\n<\/p><\/div>\n<div style='display: flex; flex-wrap: wrap; gap: 30px; margin-bottom: 30px;'>\n<div style='flex: 1 1 300px; min-width: 280px;'> <img style='width: 100%; height: auto; border: 1px solid rgba(150&comma;150&comma;150&comma;0.3); border-radius: 8px;' src='https:\/\/www.fanvil.com\/upload\/images\/20220321\/15238v6p40.jpg' alt=''> <\/div>\n<\/p><\/div>\n<div style='display: flex; flex-wrap: wrap; gap: 30px; margin-bottom: 30px;'>\n<div style='flex: 1 1 300px; min-width: 280px;'> <img style='width: 100%; height: auto; border: 1px solid rgba(150&comma;150&comma;150&comma;0.3); border-radius: 8px;' src='https:\/\/www.fanvil.com\/upload\/images\/20240125\/1115tjj2fl.jpg' alt=''> <\/div>\n<\/p><\/div>\n<div style='display: flex; flex-wrap: wrap; gap: 30px; margin-bottom: 30px;'>\n<div style='flex: 1 1 300px; min-width: 280px;'> <img style='width: 100%; height: auto; border: 1px solid rgba(150&comma;150&comma;150&comma;0.3); border-radius: 8px;' src='https:\/\/ftp3.syscom.mx\/usuarios\/fotos\/X3U\/174449-marcas.png' alt=''> <\/div>\n<\/p><\/div>\n<div style='display: flex; flex-wrap: wrap; gap: 30px; margin-bottom: 30px;'>\n<div style='flex: 1 1 300px; min-width: 280px;'> <img style='width: 100%; height: auto; border: 1px solid rgba(150&comma;150&comma;150&comma;0.3); border-radius: 8px;' src='https:\/\/ftp3.syscom.mx\/usuarios\/esanchez\/FANVIL\/I12\/Captura%20de%20pantalla%202019-11-01%20a%20la%28s%29%2013.51.37.png' alt=''> <\/div>\n<\/p><\/div>\n<hr style='border: 0; border-top: 1px solid rgba(150&comma; 150&comma; 150&comma; 0.3); margin: 30px 0;'> <\/div>\n","protected":false},"excerpt":{"rendered":"<p>Videoportero SIP i61, 2 relevadores con bot\u00f3n para llamada, anti-vand\u00e1lico, IP66 y IK07, PoE, Bot\u00f3n touch<\/p>\n","protected":false},"featured_media":25579,"comment_status":"open","ping_status":"closed","template":"","meta":[],"product_brand":[],"product_cat":[907],"product_tag":[859,908,557],"class_list":{"0":"post-25580","1":"product","2":"type-product","3":"status-publish","4":"has-post-thumbnail","6":"product_cat-interfones","7":"product_tag-fanvil","8":"product_tag-interfones","9":"product_tag-videoporteros-e-interfonos","11":"first","12":"outofstock","13":"sale","14":"shipping-taxable","15":"purchasable","16":"product-type-simple"},"_links":{"self":[{"href":"https:\/\/soydeaqui.ddns.net\/pachuca\/index.php\/wp-json\/wp\/v2\/product\/25580","targetHints":{"allow":["GET"]}}],"collection":[{"href":"https:\/\/soydeaqui.ddns.net\/pachuca\/index.php\/wp-json\/wp\/v2\/product"}],"about":[{"href":"https:\/\/soydeaqui.ddns.net\/pachuca\/index.php\/wp-json\/wp\/v2\/types\/product"}],"replies":[{"embeddable":true,"href":"https:\/\/soydeaqui.ddns.net\/pachuca\/index.php\/wp-json\/wp\/v2\/comments?post=25580"}],"wp:featuredmedia":[{"embeddable":true,"href":"https:\/\/soydeaqui.ddns.net\/pachuca\/index.php\/wp-json\/wp\/v2\/media\/25579"}],"wp:attachment":[{"href":"https:\/\/soydeaqui.ddns.net\/pachuca\/index.php\/wp-json\/wp\/v2\/media?parent=25580"}],"wp:term":[{"taxonomy":"product_brand","embeddable":true,"href":"https:\/\/soydeaqui.ddns.net\/pachuca\/index.php\/wp-json\/wp\/v2\/product_brand?post=25580"},{"taxonomy":"product_cat","embeddable":true,"href":"https:\/\/soydeaqui.ddns.net\/pachuca\/index.php\/wp-json\/wp\/v2\/product_cat?post=25580"},{"taxonomy":"product_tag","embeddable":true,"href":"https:\/\/soydeaqui.ddns.net\/pachuca\/index.php\/wp-json\/wp\/v2\/product_tag?post=25580"}],"curies":[{"name":"wp","href":"https:\/\/api.w.org\/{rel}","templated":true}]}}