{"id":25568,"date":"2026-03-18T11:56:25","date_gmt":"2026-03-18T11:56:25","guid":{"rendered":"https:\/\/soydeaqui.ddns.net\/pachuca\/index.php\/producto\/bolardo-faac-faac-j275-2k20-diametro-de-275-mm-resistencia-al-impacto-de-673000-joules\/"},"modified":"2026-03-18T11:56:26","modified_gmt":"2026-03-18T11:56:26","slug":"bolardo-faac-faac-j275-2k20-diametro-de-275-mm-resistencia-al-impacto-de-673000-joules","status":"publish","type":"product","link":"https:\/\/soydeaqui.ddns.net\/pachuca\/index.php\/producto\/bolardo-faac-faac-j275-2k20-diametro-de-275-mm-resistencia-al-impacto-de-673000-joules\/","title":{"rendered":"Bolardo FAAC FAAC J275 2K20 \/ Diametro de 275 mm \/ Resistencia al Impacto de 673,000 Joules"},"content":{"rendered":"<div style='width: 100%; max-width: 1200px; margin: 0 auto; font-family: sans-serif; line-height: 1.6; color: inherit; background-color: transparent;'>\n<div style='display: flex; flex-wrap: wrap; gap: 30px; margin-bottom: 30px;'>\n<div style='flex: 1 1 300px; min-width: 280px;'>\n<h3 style='font-size: 22px; border-bottom: 2px solid currentColor; padding-bottom: 5px; margin-top: 0; color: inherit; opacity: 0.8;'>Caracter\u00edsticas Principales:<\/h3>\n<ul style='padding-left: 20px; font-size: 15px; color: inherit;'>\n<li style='margin-bottom: 5px;'>Principio de operaci\u00f3n hidr\u00e1ulica<\/li>\n<li style='margin-bottom: 5px;'>Requiere contenedor para su instalaci\u00f3n<\/li>\n<li style='margin-bottom: 5px;'>Di\u00e1metro del cilindro 275 mm<\/li>\n<li style='margin-bottom: 5px;'>Altura del cilindro 800 mm<\/li>\n<\/ul><\/div>\n<div style='flex: 1 1 300px; min-width: 280px;'>\n<h3 style='font-size: 22px; border-bottom: 2px solid currentColor; padding-bottom: 5px; margin-top: 0; color: inherit; opacity: 0.8;'>Caracter\u00edsticas El\u00e9ctricas:<\/h3>\n<ul style='padding-left: 20px; font-size: 15px; color: inherit;'>\n<li style='margin-bottom: 5px;'>Voltaje de alimentaci\u00f3n 220-240 VAC<\/li>\n<li style='margin-bottom: 5px;'>Potencia m\u00e1xima de 575W<\/li>\n<li style='margin-bottom: 5px;'>Tiempo de subida 8 seg.<\/li>\n<li style='margin-bottom: 5px;'>Tiempo de bajada 4.5 segundos<\/li>\n<\/ul><\/div>\n<div style='flex: 1 1 300px; min-width: 280px;'>\n<h3 style='font-size: 22px; border-bottom: 2px solid currentColor; padding-bottom: 5px; margin-top: 0; color: inherit; opacity: 0.8;'>Caracter\u00edsticas Destacadas:<\/h3>\n<ul style='padding-left: 20px; font-size: 15px; color: inherit;'>\n<li style='margin-bottom: 5px;'>Resistencia al impacto de 673&comma;000 Joules<\/li>\n<li style='margin-bottom: 5px;'>Temperatura de operaci\u00f3n de -15 a 55\u00b0C<\/li>\n<li style='margin-bottom: 5px;'>Grado de protecci\u00f3n IP67<\/li>\n<li style='margin-bottom: 5px;'>Fabricado en acero con recubrimiento de pintura<\/li>\n<\/ul><\/div>\n<\/p><\/div>\n<hr style='border: 0; border-top: 1px solid rgba(150&comma; 150&comma; 150&comma; 0.3); margin: 30px 0;'>\n<div style='margin-bottom: 30px;'>\n<h3 style='font-size: 22px; border-bottom: 2px solid currentColor; padding-bottom: 5px; margin-top: 0; color: inherit; opacity: 0.8; text-align: center;'>\u00bfQu\u00e9 elementos requiero para una instalaci\u00f3n?<\/h3>\n<div style='display: flex; flex-direction: column; gap: 15px; margin-top: 20px;'>\n<p style='text-align: center; margin: 0; font-size: 15px; color: inherit;'><strong>116401<\/strong> Bolardo J275 2K20 HA H800 FAAC di\u00e1metro de 275 mm<\/p>\n<p style='text-align: center; margin: 0; font-size: 15px; color: inherit;'><strong>116140<\/strong> Pit o Contenedor de bolardos FAAC<\/p>\n<p style='text-align: center; margin: 0; font-size: 15px; color: inherit;'><strong>117300<\/strong> Tarjeta para bolardos FAAC (Soporta la conexi\u00f3n de hasta 3 bolardos)<\/p>\n<p style='text-align: center; margin: 0; font-size: 15px; color: inherit;'><strong>720119<\/strong> Contenedor de tarjeta electronica<\/p>\n<\/p><\/div>\n<\/p><\/div>\n<hr style='border: 0; border-top: 1px solid rgba(150&comma; 150&comma; 150&comma; 0.3); margin: 30px 0;'>\n<div>\n<h3 style='font-size: 22px; border-bottom: 2px solid currentColor; padding-bottom: 5px; margin-top: 0; color: inherit; opacity: 0.8; text-align: center;'>Notas adicionales<\/h3>\n<div style='display: flex; flex-direction: column; gap: 15px; margin-top: 20px;'>\n<p style='text-align: center; margin: 0; font-size: 15px; color: inherit;'>Equipo con un a\u00f1o de garant\u00eda contra defectos de f\u00e1brica<\/p>\n<p style='text-align: center; margin: 0; font-size: 15px; color: inherit;'>Se requiere contenedor y tarjeta electr\u00f3nica para su puesta en marcha<\/p>\n<\/p><\/div>\n<\/p><\/div>\n<\/p><\/div>\n","protected":false},"excerpt":{"rendered":"<p>Bolardo FAAC FAAC J275 2K20 \/ Diametro de 275 mm \/ Resistencia al Impacto de 673,000 Joules<\/p>\n","protected":false},"featured_media":25567,"comment_status":"open","ping_status":"closed","template":"","meta":[],"product_brand":[],"product_cat":[883],"product_tag":[401,778,884],"class_list":{"0":"post-25568","1":"product","2":"type-product","3":"status-publish","4":"has-post-thumbnail","6":"product_cat-pilonas-o-bolardos","7":"product_tag-acceso-vehicular","8":"product_tag-faac","9":"product_tag-pilonas-o-bolardos","11":"first","12":"outofstock","13":"sale","14":"shipping-taxable","15":"purchasable","16":"product-type-simple"},"_links":{"self":[{"href":"https:\/\/soydeaqui.ddns.net\/pachuca\/index.php\/wp-json\/wp\/v2\/product\/25568","targetHints":{"allow":["GET"]}}],"collection":[{"href":"https:\/\/soydeaqui.ddns.net\/pachuca\/index.php\/wp-json\/wp\/v2\/product"}],"about":[{"href":"https:\/\/soydeaqui.ddns.net\/pachuca\/index.php\/wp-json\/wp\/v2\/types\/product"}],"replies":[{"embeddable":true,"href":"https:\/\/soydeaqui.ddns.net\/pachuca\/index.php\/wp-json\/wp\/v2\/comments?post=25568"}],"wp:featuredmedia":[{"embeddable":true,"href":"https:\/\/soydeaqui.ddns.net\/pachuca\/index.php\/wp-json\/wp\/v2\/media\/25567"}],"wp:attachment":[{"href":"https:\/\/soydeaqui.ddns.net\/pachuca\/index.php\/wp-json\/wp\/v2\/media?parent=25568"}],"wp:term":[{"taxonomy":"product_brand","embeddable":true,"href":"https:\/\/soydeaqui.ddns.net\/pachuca\/index.php\/wp-json\/wp\/v2\/product_brand?post=25568"},{"taxonomy":"product_cat","embeddable":true,"href":"https:\/\/soydeaqui.ddns.net\/pachuca\/index.php\/wp-json\/wp\/v2\/product_cat?post=25568"},{"taxonomy":"product_tag","embeddable":true,"href":"https:\/\/soydeaqui.ddns.net\/pachuca\/index.php\/wp-json\/wp\/v2\/product_tag?post=25568"}],"curies":[{"name":"wp","href":"https:\/\/api.w.org\/{rel}","templated":true}]}}