{"id":25566,"date":"2026-03-18T11:56:23","date_gmt":"2026-03-18T11:56:23","guid":{"rendered":"https:\/\/soydeaqui.ddns.net\/pachuca\/index.php\/producto\/tarjeta-electronica-para-bolardos-faac-conexion-de-hasta-3-bolardos-simultaneos\/"},"modified":"2026-03-18T11:56:24","modified_gmt":"2026-03-18T11:56:24","slug":"tarjeta-electronica-para-bolardos-faac-conexion-de-hasta-3-bolardos-simultaneos","status":"publish","type":"product","link":"https:\/\/soydeaqui.ddns.net\/pachuca\/index.php\/producto\/tarjeta-electronica-para-bolardos-faac-conexion-de-hasta-3-bolardos-simultaneos\/","title":{"rendered":"Tarjeta Electronica Para Bolardos FAAC \/ Conexi\u00f3n de Hasta 3 Bolardos Simultaneos"},"content":{"rendered":"<div style='width: 100%; max-width: 1200px; margin: 0 auto; font-family: sans-serif; line-height: 1.6; color: inherit; background-color: transparent;'>\n<div style='display: flex; flex-wrap: wrap; gap: 30px; margin-bottom: 30px;'>\n<div style='flex: 1 1 300px; min-width: 280px;'>\n<h3 style='font-size: 22px; border-bottom: 2px solid currentColor; padding-bottom: 5px; margin-top: 0; color: inherit; opacity: 0.8;'>Caracter\u00edsticas<\/h3>\n<ul style='padding-left: 20px; font-size: 15px; color: inherit;'>\n<li style='margin-bottom: 5px;'>Voltaje de alimentaci\u00f3n a 220 VAC<\/li>\n<li style='margin-bottom: 5px;'>Soporta hasta 3 bolardos<\/li>\n<\/ul><\/div>\n<\/p><\/div>\n<div style='display: flex; flex-wrap: wrap; gap: 30px; margin-bottom: 30px;'>\n<div style='flex: 1 1 300px; min-width: 280px;'>\n<h3 style='font-size: 22px; border-bottom: 2px solid currentColor; padding-bottom: 5px; margin-top: 0; color: inherit; opacity: 0.8;'>Compatible con los modelos<\/h3>\n<ul style='padding-left: 20px; font-size: 15px; color: inherit;'>\n<li style='margin-bottom: 5px;'><strong>116401:<\/strong> Bolardo J275 2K20 HA H800 FAAC&comma; di\u00e1metro de 275 mm<\/li>\n<li style='margin-bottom: 5px;'><strong>116431:<\/strong> Bolardo de acero inoxidable J275 2K20 HA H800 FAAC&comma; di\u00e1metro de 275 mm<\/li>\n<\/ul><\/div>\n<\/p><\/div>\n<div style='display: flex; flex-wrap: wrap; gap: 30px; margin-bottom: 30px;'>\n<div style='flex: 1 1 300px; min-width: 280px;'>\n<h3 style='font-size: 22px; border-bottom: 2px solid currentColor; padding-bottom: 5px; margin-top: 0; color: inherit; opacity: 0.8;'>Elementos requeridos para instalaci\u00f3n<\/h3>\n<ul style='padding-left: 20px; font-size: 15px; color: inherit;'>\n<li style='margin-bottom: 5px;'><strong>116401 u 116431:<\/strong> Bolardos FAAC J275 2K20 HA H800 di\u00e1metro de 275 mm<\/li>\n<li style='margin-bottom: 5px;'><strong>116140:<\/strong> Pit o Contenedor de bolardos FAAC<\/li>\n<li style='margin-bottom: 5px;'><strong>117300:<\/strong> Tarjeta para bolardos FAAC (Soporta la conexi\u00f3n de hasta 3 bolardos)<\/li>\n<li style='margin-bottom: 5px;'><strong>720119:<\/strong> Contenedor de tarjeta electr\u00f3nica<\/li>\n<\/ul><\/div>\n<\/p><\/div>\n<div style='display: flex; flex-wrap: wrap; gap: 30px; margin-bottom: 30px;'>\n<div style='flex: 1 1 300px; min-width: 280px;'>\n<h3 style='font-size: 22px; border-bottom: 2px solid currentColor; padding-bottom: 5px; margin-top: 0; color: inherit; opacity: 0.8;'>Notas adicionales<\/h3>\n<ul style='padding-left: 20px; font-size: 15px; color: inherit;'>\n<li style='margin-bottom: 5px;'>Equipo con un a\u00f1o de garant\u00eda contra defectos de f\u00e1brica<\/li>\n<li style='margin-bottom: 5px;'>Tarjeta electr\u00f3nica para conexi\u00f3n de m\u00e1ximo 3 bolardos<\/li>\n<li style='margin-bottom: 5px;'>Bolardos conectados trabajan simult\u00e1neamente<\/li>\n<\/ul><\/div>\n<\/p><\/div>\n<hr style='border: 0; border-top: 1px solid rgba(150&comma; 150&comma; 150&comma; 0.3); margin: 30px 0;'> <\/div>\n","protected":false},"excerpt":{"rendered":"<p>Tarjeta Electronica Para Bolardos FAAC \/ Conexi\u00f3n de Hasta 3 Bolardos Simultaneos<\/p>\n","protected":false},"featured_media":25565,"comment_status":"open","ping_status":"closed","template":"","meta":[],"product_brand":[],"product_cat":[883],"product_tag":[401,778,884],"class_list":{"0":"post-25566","1":"product","2":"type-product","3":"status-publish","4":"has-post-thumbnail","6":"product_cat-pilonas-o-bolardos","7":"product_tag-acceso-vehicular","8":"product_tag-faac","9":"product_tag-pilonas-o-bolardos","11":"first","12":"outofstock","13":"sale","14":"shipping-taxable","15":"purchasable","16":"product-type-simple"},"_links":{"self":[{"href":"https:\/\/soydeaqui.ddns.net\/pachuca\/index.php\/wp-json\/wp\/v2\/product\/25566","targetHints":{"allow":["GET"]}}],"collection":[{"href":"https:\/\/soydeaqui.ddns.net\/pachuca\/index.php\/wp-json\/wp\/v2\/product"}],"about":[{"href":"https:\/\/soydeaqui.ddns.net\/pachuca\/index.php\/wp-json\/wp\/v2\/types\/product"}],"replies":[{"embeddable":true,"href":"https:\/\/soydeaqui.ddns.net\/pachuca\/index.php\/wp-json\/wp\/v2\/comments?post=25566"}],"wp:featuredmedia":[{"embeddable":true,"href":"https:\/\/soydeaqui.ddns.net\/pachuca\/index.php\/wp-json\/wp\/v2\/media\/25565"}],"wp:attachment":[{"href":"https:\/\/soydeaqui.ddns.net\/pachuca\/index.php\/wp-json\/wp\/v2\/media?parent=25566"}],"wp:term":[{"taxonomy":"product_brand","embeddable":true,"href":"https:\/\/soydeaqui.ddns.net\/pachuca\/index.php\/wp-json\/wp\/v2\/product_brand?post=25566"},{"taxonomy":"product_cat","embeddable":true,"href":"https:\/\/soydeaqui.ddns.net\/pachuca\/index.php\/wp-json\/wp\/v2\/product_cat?post=25566"},{"taxonomy":"product_tag","embeddable":true,"href":"https:\/\/soydeaqui.ddns.net\/pachuca\/index.php\/wp-json\/wp\/v2\/product_tag?post=25566"}],"curies":[{"name":"wp","href":"https:\/\/api.w.org\/{rel}","templated":true}]}}