{"id":25522,"date":"2026-03-18T11:55:31","date_gmt":"2026-03-18T11:55:31","guid":{"rendered":"https:\/\/soydeaqui.ddns.net\/pachuca\/index.php\/producto\/gateway-para-voceo-paging-y-video-soporte-1-camara-amplificador-integrado-de-hasta-30-w\/"},"modified":"2026-03-18T11:55:38","modified_gmt":"2026-03-18T11:55:38","slug":"gateway-para-voceo-paging-y-video-soporte-1-camara-amplificador-integrado-de-hasta-30-w","status":"publish","type":"product","link":"https:\/\/soydeaqui.ddns.net\/pachuca\/index.php\/producto\/gateway-para-voceo-paging-y-video-soporte-1-camara-amplificador-integrado-de-hasta-30-w\/","title":{"rendered":"Gateway para Voceo, Paging y Video \/ Soporte 1 C\u00e1mara \/ Amplificador integrado de hasta 30 W"},"content":{"rendered":"<div style='width: 100%; max-width: 1200px; margin: 0 auto; font-family: sans-serif; line-height: 1.6; color: inherit; background-color: transparent;'> <!-- Encabezado rojo con t\u00edtulo --> <\/p>\n<div style='background-color: #cb3234; color: white; text-align: center; padding: 30px 15px;'>\n<h1 style='margin: 0; font-size: 32px; color: inherit; opacity: 0.9;'>Gateway de Voceo Fanvil PA2S<\/h1>\n<p style='margin: 0; font-size: 18px; color: inherit; opacity: 0.9;'>2 l\u00edneas SIP | Amplificador 30W | PoE integrado | Intercomunicaci\u00f3n industrial<\/p>\n<\/p><\/div>\n<p> <!-- Gu\u00edas de configuraci\u00f3n --> <\/p>\n<div style='margin-top: 30px; margin-bottom: 40px;'>\n<h2 style='color: inherit; opacity: 0.8; font-size: 24px; text-align: center; margin-bottom: 20px;'>Gu\u00edas de Configuraci\u00f3n<\/h2>\n<ul style='list-style-type: none; padding: 0; text-align: center; font-size: 16px; margin: 0;'>\n<li style='margin-bottom: 10px;'><a style='color: inherit; opacity: 0.8; text-decoration: none;' href='https:\/\/soporte.syscom.mx\/es\/articles\/2612033-fanvil-registro-de-extensiones-sip-en-telefonos-fanvil' target='_blank' rel='noopener'>Gu\u00eda para Registrar gateway de voceo FANVIL en Conmutadores GRANDSTREAM<\/a><\/li>\n<li style='margin-bottom: 10px;'><a style='color: inherit; opacity: 0.8; text-decoration: none;' href='https:\/\/soporte.syscom.mx\/es\/articles\/7892816-yeastar-aprovisionar-telefonos-fanvil-con-conmutador-yeastar' target='_blank' rel='noopener'>Gu\u00eda para registrar gateway de voceo FANVIL en conmutadores YEASTAR<\/a><\/li>\n<li style='margin-bottom: 10px;'><a style='color: inherit; opacity: 0.8; text-decoration: none;' href='https:\/\/soporte.syscom.mx\/es\/articles\/8975938-fanvil-como-realizar-voceo-con-gateway-pa2s-y-un-amplificador' target='_blank' rel='noopener'>Como realizar voceo con gateway PA2S y un amplificador<\/a><\/li>\n<\/ul><\/div>\n<p> <!-- Videos del Producto --> <\/p>\n<div style='margin-top: 40px; text-align: center;'>\n<h2 style='color: inherit; opacity: 0.8; font-size: 24px; margin-bottom: 20px;'>Videos del Producto<\/h2>\n<div style='display: flex; flex-wrap: wrap; gap: 20px; justify-content: center;'> <!-- Primer Video --> <\/p>\n<div style='flex: 1 1 45%; min-width: 300px;'>\n<div style='position: relative; padding-bottom: 56.25%; height: 0; overflow: hidden;'>   <\/div>\n<\/p><\/div>\n<p> <!-- Segundo Video --> <\/p>\n<div style='flex: 1 1 45%; min-width: 300px;'>\n<div style='position: relative; padding-bottom: 56.25%; height: 0; overflow: hidden;'>   <\/div>\n<\/p><\/div>\n<\/p><\/div>\n<\/p><\/div>\n<p> <!-- Separador --> <\/p>\n<hr style='border: 0; border-top: 1px solid rgba(150&comma; 150&comma; 150&comma; 0.3); margin: 30px 0;'> <!-- Descripci\u00f3n general --> <\/p>\n<div style='margin-bottom: 30px;'>\n<p style='font-size: 18pt; text-align: justify; color: inherit; opacity: 0.9;'>\n<p style='font-size: 18pt; text-align: justify; color: inherit; opacity: 0.9;'>Fanvil PA2S es un dispositivo SIP de voceo para aplicaciones industriales que utiliza el protocolo IP\/RTP\/RTSP est\u00e1ndar para la transmisi\u00f3n de medios. Hereda las ventajas de la estabilidad y la calidad de sonido del Tel\u00e9fono FANVIL VOIP. Establece una variedad de interfaces funcionales en una: transmisi\u00f3n&comma; grabaci\u00f3n&comma; intercomunicaci\u00f3n&comma; seguridad. A trav\u00e9s de la conexi\u00f3n de dispositivos externos para lograr intercomunicaci\u00f3n de audio y video&comma; transmisi\u00f3n&comma; disparador de seguridad y otras funciones pr\u00e1cticas. El tama\u00f1o del dispositivo es peque\u00f1o&comma; lo que es adecuado para aplicaciones de bricolaje de varias soluciones integradas.<\/p>\n<\/p><\/div>\n<p> <!-- Caracter\u00edsticas --> <\/p>\n<div style='display: flex; flex-wrap: wrap; gap: 30px; margin-bottom: 30px;'> <!-- Caracter\u00edsticas principales --> <\/p>\n<div style='flex: 1 1 30%; min-width: 280px; border: 1px solid rgba(150&comma; 150&comma; 150&comma; 0.4); border-radius: 8px; overflow: hidden;'>\n<div style='padding: 15px; background-color: rgba(203&comma;50&comma;52&comma;0.1); border-bottom: 1px solid rgba(150&comma;150&comma;150&comma;0.2); font-weight: bold; font-size: 18px; color: inherit;'>Caracter\u00edsticas principales:<\/div>\n<div style='padding: 15px; color: inherit;'>\n<ul style='padding-left: 20px; margin: 0; font-size: 14px; list-style-type: disc;'>\n<li style='margin-bottom: 8px;'>Tama\u00f1o compacto&comma; integrable en otros equipos<\/li>\n<li style='margin-bottom: 8px;'>Interfaz de bot\u00f3n de llamada de emergencia<\/li>\n<li style='margin-bottom: 8px;'>Salida de grabaci\u00f3n (audio 3.5 mm)<\/li>\n<li style='margin-bottom: 8px;'>Puerto de salida de l\u00ednea de audio<\/li>\n<li style='margin-bottom: 8px;'>Amplificador de potencia mono 10W~30W<\/li>\n<li style='margin-bottom: 8px;'>Puerto de red 10\/100 Mbps con PoE<\/li>\n<li style='margin-bottom: 8px;'>Compatible con protocolo SIP est\u00e1ndar<\/li>\n<li style='margin-bottom: 8px;'>Dise\u00f1o todo en uno montado en pared<\/li>\n<li style='margin-bottom: 8px;'>Amplificador de potencia Max 30W (requiere 24V)<\/li>\n<li style='margin-bottom: 8px;'>Ajuste de volumen en l\u00ednea o teclado<\/li>\n<li style='margin-bottom: 8px;'>Entrada\/salida de audio incorporada<\/li>\n<li style='margin-bottom: 8px;'>Puertos de detecci\u00f3n y control<\/li>\n<li style='margin-bottom: 8px;'>2 puertos RJ45 (1 WAN)<\/li>\n<li style='margin-bottom: 8px;'>2 L\u00edneas SIP con soporte SRTP<\/li>\n<\/ul><\/div>\n<\/p><\/div>\n<p> <!-- Caracter\u00edsticas f\u00edsicas y el\u00e9ctricas --> <\/p>\n<div style='flex: 1 1 30%; min-width: 280px; border: 1px solid rgba(150&comma; 150&comma; 150&comma; 0.4); border-radius: 8px; overflow: hidden;'>\n<div style='padding: 15px; background-color: rgba(203&comma;50&comma;52&comma;0.1); border-bottom: 1px solid rgba(150&comma;150&comma;150&comma;0.2); font-weight: bold; font-size: 18px; color: inherit;'>Caracter\u00edsticas F\u00edsicas y El\u00e9ctricas:<\/div>\n<div style='padding: 15px; color: inherit;'>\n<ul style='padding-left: 20px; margin: 0; font-size: 14px; list-style-type: disc;'>\n<li style='margin-bottom: 8px;'>Salida grabaci\u00f3n: 3.5 mm&comma; 15 ohmios<\/li>\n<li style='margin-bottom: 8px;'>Altavoz pasivo: 4\u03a9 (10W-30W seg\u00fan voltaje)<\/li>\n<li style='margin-bottom: 8px;'>Bloque terminales enchufable (18 AWG)<\/li>\n<li style='margin-bottom: 8px;'>Salida auriculares: 32\u03a9 1.2V<\/li>\n<li style='margin-bottom: 8px;'>Entrada micr\u00f3fono: -38dB&comma; 2.2K\u03a9<\/li>\n<li style='margin-bottom: 8px;'>Rel\u00e9 incorporado: MAX DC30V\/1A<\/li>\n<li style='margin-bottom: 8px;'>Entrada alimentaci\u00f3n: 12V-24V\/2A DC<\/li>\n<li style='margin-bottom: 8px;'>Consumo en espera: 1.32W (12V) \/ 1.78W (PoE)<\/li>\n<li style='margin-bottom: 8px;'>Material: aleaci\u00f3n de aluminio<\/li>\n<li style='margin-bottom: 8px;'>Temperatura operaci\u00f3n: -30\u00b0C ~ 60\u00b0C<\/li>\n<li style='margin-bottom: 8px;'>Humedad: 10% &#8211; 95%<\/li>\n<li style='margin-bottom: 8px;'>Tama\u00f1o equipo: 113 x 83 x 28mm<\/li>\n<li style='margin-bottom: 8px;'>Tama\u00f1o paquete: 138 x 108 x 77mm<\/li>\n<li style='margin-bottom: 8px;'>Peso: 250 g<\/li>\n<\/ul><\/div>\n<\/p><\/div>\n<p> <!-- Caracter\u00edsticas de red --> <\/p>\n<div style='flex: 1 1 30%; min-width: 280px; border: 1px solid rgba(150&comma; 150&comma; 150&comma; 0.4); border-radius: 8px; overflow: hidden;'>\n<div style='padding: 15px; background-color: rgba(203&comma;50&comma;52&comma;0.1); border-bottom: 1px solid rgba(150&comma;150&comma;150&comma;0.2); font-weight: bold; font-size: 18px; color: inherit;'>Caracter\u00edsticas de Red:<\/div>\n<div style='padding: 15px; color: inherit;'>\n<ul style='padding-left: 20px; margin: 0; font-size: 14px; list-style-type: disc;'>\n<li style='margin-bottom: 8px;'>Ethernet 10\/100 Mbps<\/li>\n<li style='margin-bottom: 8px;'>Soporta PoE<\/li>\n<li style='margin-bottom: 8px;'>Configuraci\u00f3n IP: Est\u00e1tico\/DHCP\/PPPoE<\/li>\n<li style='margin-bottom: 8px;'>VPN: L2TP \/ OpenVPN<\/li>\n<li style='margin-bottom: 8px;'>VLAN<\/li>\n<li style='margin-bottom: 8px;'>OpenVPN<\/li>\n<\/ul><\/div>\n<\/p><\/div>\n<\/p><\/div>\n<p> <!-- Galer\u00eda de im\u00e1genes --> <\/p>\n<div style='margin-top: 40px;'>\n<h2 style='color: inherit; opacity: 0.8; font-size: 24px; text-align: center; margin-bottom: 20px;'>Galer\u00eda de Im\u00e1genes<\/h2>\n<div style='display: flex; flex-direction: column; gap: 30px; align-items: center;'> <img style='width: 100%; max-width: 1200px; height: auto; border: 1px solid rgba(150&comma;150&comma;150&comma;0.3); border-radius: 8px;' src='http:\/\/www.hk-matrix.com\/wp-content\/uploads\/2018\/04\/5a8fd61c8b582.png' alt='Diagrama de conexiones PA2S'> <img style='width: 100%; max-width: 1000px; height: auto; border: 1px solid rgba(150&comma;150&comma;150&comma;0.3); border-radius: 8px;' src='http:\/\/www.hk-matrix.com\/wp-content\/uploads\/2018\/04\/5a8fd658b0a53.png' alt='Especificaciones t\u00e9cnicas PA2S'> <img style='width: 100%; max-width: 1200px; height: auto; border: 1px solid rgba(150&comma;150&comma;150&comma;0.3); border-radius: 8px;' src='http:\/\/www.hk-matrix.com\/wp-content\/uploads\/2018\/04\/5a8fd68ea4715.png' alt='Aplicaciones del PA2S'> <\/div>\n<\/p><\/div>\n<\/p><\/div>\n","protected":false},"excerpt":{"rendered":"<p>Gateway para Voceo, Paging y Video \/ Soporte 1 C\u00e1mara \/ Amplificador integrado de hasta 30 W<\/p>\n","protected":false},"featured_media":25521,"comment_status":"open","ping_status":"closed","template":"","meta":[],"product_brand":[],"product_cat":[907],"product_tag":[859,908,557],"class_list":{"0":"post-25522","1":"product","2":"type-product","3":"status-publish","4":"has-post-thumbnail","6":"product_cat-interfones","7":"product_tag-fanvil","8":"product_tag-interfones","9":"product_tag-videoporteros-e-interfonos","11":"first","12":"instock","13":"sale","14":"shipping-taxable","15":"purchasable","16":"product-type-simple"},"_links":{"self":[{"href":"https:\/\/soydeaqui.ddns.net\/pachuca\/index.php\/wp-json\/wp\/v2\/product\/25522","targetHints":{"allow":["GET"]}}],"collection":[{"href":"https:\/\/soydeaqui.ddns.net\/pachuca\/index.php\/wp-json\/wp\/v2\/product"}],"about":[{"href":"https:\/\/soydeaqui.ddns.net\/pachuca\/index.php\/wp-json\/wp\/v2\/types\/product"}],"replies":[{"embeddable":true,"href":"https:\/\/soydeaqui.ddns.net\/pachuca\/index.php\/wp-json\/wp\/v2\/comments?post=25522"}],"wp:featuredmedia":[{"embeddable":true,"href":"https:\/\/soydeaqui.ddns.net\/pachuca\/index.php\/wp-json\/wp\/v2\/media\/25521"}],"wp:attachment":[{"href":"https:\/\/soydeaqui.ddns.net\/pachuca\/index.php\/wp-json\/wp\/v2\/media?parent=25522"}],"wp:term":[{"taxonomy":"product_brand","embeddable":true,"href":"https:\/\/soydeaqui.ddns.net\/pachuca\/index.php\/wp-json\/wp\/v2\/product_brand?post=25522"},{"taxonomy":"product_cat","embeddable":true,"href":"https:\/\/soydeaqui.ddns.net\/pachuca\/index.php\/wp-json\/wp\/v2\/product_cat?post=25522"},{"taxonomy":"product_tag","embeddable":true,"href":"https:\/\/soydeaqui.ddns.net\/pachuca\/index.php\/wp-json\/wp\/v2\/product_tag?post=25522"}],"curies":[{"name":"wp","href":"https:\/\/api.w.org\/{rel}","templated":true}]}}