{"id":25520,"date":"2026-03-18T11:55:29","date_gmt":"2026-03-18T11:55:29","guid":{"rendered":"https:\/\/soydeaqui.ddns.net\/pachuca\/index.php\/producto\/llavero-iclass-2-k-memoria-garantia-de-por-vida\/"},"modified":"2026-03-18T11:55:30","modified_gmt":"2026-03-18T11:55:30","slug":"llavero-iclass-2-k-memoria-garantia-de-por-vida","status":"publish","type":"product","link":"https:\/\/soydeaqui.ddns.net\/pachuca\/index.php\/producto\/llavero-iclass-2-k-memoria-garantia-de-por-vida\/","title":{"rendered":"Llavero iClass \/ 2 k memoria \/ Garant\u00eda de por Vida"},"content":{"rendered":"<div style='width: 100%; max-width: 1200px; margin: 0 auto; font-family: sans-serif; line-height: 1.6; color: inherit; background-color: transparent;'> <!-- Descripci\u00f3n principal --> <\/p>\n<div style='margin-bottom: 30px; font-size: 14px; color: inherit;'>\n<p>La Llave iCLASS II proporciona la seguridad y comodidad de la tecnolog\u00eda de tarjetas inteligentes sin contacto de iCLASS 13&comma;56 Mhz en un llavero de pl\u00e1stico moldeado y resistente a entornos adversos. Esta credencial inteligente puede ubicarse en un llavero o portacredencial para aplicaciones de control de acceso que no requieran de una identificaci\u00f3n con foto.<\/p>\n<\/p><\/div>\n<p> <!-- Caracter\u00edsticas principales --> <\/p>\n<div style='display: flex; flex-wrap: wrap; gap: 30px; margin-bottom: 30px;'>\n<div style='flex: 1 1 300px; min-width: 280px;'>\n<h3 style='font-size: 22px; border-bottom: 2px solid currentColor; padding-bottom: 5px; margin-top: 0; color: inherit; opacity: 0.8;'>Caracter\u00edsticas principales<\/h3>\n<ul style='padding-left: 20px; font-size: 15px; color: inherit;'>\n<li style='margin-bottom: 5px;'>2050HNNMN<\/li>\n<li style='margin-bottom: 5px;'>2k Bits (256 Bytes) with 2 Application Areas<\/li>\n<li style='margin-bottom: 5px;'>Programado con SIO Objeto Seguro.<\/li>\n<li style='margin-bottom: 5px;'>Color Negro con Logo Azul.<\/li>\n<li style='margin-bottom: 5px;'>31.75 x 39.4 mm<\/li>\n<li style='margin-bottom: 5px;'>Ancho de 6 mm<\/li>\n<li style='margin-bottom: 5px; background-color: rgba(241&comma; 196&comma; 15&comma; 0.3); padding: 5px; border-radius: 4px; color: inherit;'><strong style='color: inherit;'>Producto Bajo Pedido:<\/strong><\/li>\n<\/ul><\/div>\n<\/p><\/div>\n<p> <!-- Informaci\u00f3n de compra --> <\/p>\n<div style='margin-bottom: 30px; font-size: 14px; color: inherit;'>\n<p style='margin-bottom: 15px; background-color: rgba(241&comma; 196&comma; 15&comma; 0.3); padding: 10px; border-radius: 4px; color: inherit;'> No puede comprarse en l\u00ednea puesto que es <em style='font-style: italic;'>indispensable<\/em> para ordenar indicar <strong style='color: inherit;'>formato&comma; c\u00f3digo de sitio&comma; consecutivo de tarjeta.<\/strong> Por favor llenar el siguiente <a style='color: inherit; text-decoration: underline;' href='https:\/\/ftp3.syscom.mx\/usuarios\/ftp\/2021\/05\/04\/4ba4d\/FOR%208.4%20025%20CMP%20Formato%20para%20solicitud%20de%20tarjetas%20REV.%20002.docx' target='_blank' rel='noopener'><strong style='color: inherit;'>FORMULARIO<\/strong><\/a> y enviarlo a su Ejecutivo de Cuenta&comma; de lo contrario ninguna compra ser\u00e1 procesada. <\/p>\n<ul style='padding-left: 20px; margin-bottom: 15px; color: inherit;'>\n<li style='margin-bottom: 5px;'>El m\u00ednimo de orden es 100 pzs.<\/li>\n<li style='margin-bottom: 5px;'>Producto sobre pedido<\/li>\n<\/ul><\/div>\n<p> <!-- C\u00f3mo comprar tarjetas HID --> <\/p>\n<div style='margin-bottom: 30px; color: inherit;'>\n<h3 style='font-size: 20px; margin-top: 25px; margin-bottom: 15px; color: inherit; border-bottom: 1px solid rgba(150&comma;150&comma;150&comma;0.3); padding-bottom: 5px;'>\u00bfC\u00f3mo comprar tarjetas HID?<\/h3>\n<p style='margin-bottom: 15px; color: inherit;'>Todas las tarjetas de HID son de programaci\u00f3n personalizadas por lo que es necesario proporcionar informaci\u00f3n adicional.<\/p>\n<ul style='padding-left: 20px; margin-bottom: 15px; color: inherit;'>\n<li style='margin-bottom: 10px;'>Es <strong style='color: inherit;'>indispensable<\/strong> para procesar cualquier orden de compra:<\/li>\n<li style='margin-bottom: 10px;'>Para formatos abiertos:\n<ul style='padding-left: 20px; margin-top: 5px; margin-bottom: 5px; color: inherit;'>\n<li style='margin-bottom: 5px;'><strong style='color: inherit;'>Formato:<\/strong> Confirmar que es H10301&comma; es decir&comma; 26 bits.<\/li>\n<li style='margin-bottom: 5px;'><strong style='color: inherit;'>C\u00f3digo de sitio<\/strong> (Site Code \/ Facility Code): (0 a 255&comma; si es formato 26 bits H10301).<\/li>\n<li style='margin-bottom: 5px;'><strong style='color: inherit;'>Consecutivo<\/strong> (rango): La numeraci\u00f3n que tendr\u00e1n las tarjetas (Entre 0-65535 si es a 26 bits H10301).<\/li>\n<li style='margin-bottom: 5px;'>Se puede llenar el siguiente <a style='color: inherit; text-decoration: underline;' href='https:\/\/ftp3.syscom.mx\/usuarios\/ftp\/2021\/05\/04\/4ba4d\/FOR%208.4%20025%20CMP%20Formato%20para%20solicitud%20de%20tarjetas%20REV.%20002.docx' target='_blank' rel='noopener'>formulario<\/a> y enviarlo a su ejecutivo de ventas para procesar su solicitud.<\/li>\n<\/ul>\n<\/li>\n<\/ul>\n<ul style='padding-left: 20px; margin-bottom: 15px; color: inherit;'>\n<li style='margin-bottom: 10px;'>En formatos <strong style='color: inherit;'>corporativos<\/strong> el m\u00ednimo de compra es de 100 pzs&comma; deber\u00e1 cotizar <a style='color: inherit; text-decoration: underline; font-size: 12px; font-weight: 600;' href='https:\/\/www.syscom.mx\/principal\/searchcont?route=MC-1000-HID-156476&#038;autodetect=mc1000'>MC-1000<\/a> y seguir el proceso ah\u00ed descrito.<\/li>\n<li style='margin-bottom: 10px;'>Cualquier variaci\u00f3n en el modelo o formato el tiempo de entrega estimado es de 3 semanas.<\/li>\n<li style='margin-bottom: 10px; background-color: rgba(241&comma; 196&comma; 15&comma; 0.3); padding: 5px; border-radius: 4px; color: inherit;'><strong style='color: inherit;'>Todas las compras de este modelo a trav\u00e9s de este portal est\u00e1n sujetas al env\u00edo de la informaci\u00f3n indispensable para procesar la compra.<\/strong><\/li>\n<li style='margin-bottom: 10px;'><strong style='color: inherit;'>Es recomendable si se tiene una tarjeta existente enviar a SYSCOM para su identificaci\u00f3n previa a la compra.<\/strong><\/li>\n<\/ul><\/div>\n<p> <!-- Informaci\u00f3n Corporate 1000 --> <\/p>\n<div style='margin-bottom: 30px; color: inherit;'>\n<h3 style='font-size: 20px; margin-top: 25px; margin-bottom: 15px; color: inherit; border-bottom: 1px solid rgba(150&comma;150&comma;150&comma;0.3); padding-bottom: 5px;'>Conozca que es <a style='color: inherit; text-decoration: underline;' href='http:\/\/ftp3.syscom.mx\/usuarios\/ftp\/2017\/09\/08\/ae5a5\/corporate1000_ds_es.pdf' target='_blank' rel='noopener'>Corporate 1000<\/a>.<\/h3>\n<ul style='padding-left: 20px; margin-bottom: 15px; color: inherit;'>\n<li style='margin-bottom: 5px;'>Agregue un formato controlado por el usuario.<\/li>\n<li style='margin-bottom: 5px;'>Disponible en SYSCOM a 48 bits.<\/li>\n<li style='margin-bottom: 10px;'>Para formatos Corporate 1000 es necesario llenar una documentaci\u00f3n adicional al momento de la compra:\n<ul style='padding-left: 20px; margin-top: 5px; margin-bottom: 5px; color: inherit;'>\n<li style='margin-bottom: 5px;'>Nuevos proyecto: <a style='color: inherit; text-decoration: underline;' href='http:\/\/ftp3.syscom.mx\/usuarios\/ftp\/2017\/09\/15\/96cc8\/Corporate_1000_nuevo.pdf' target='_blank' rel='noopener'>Solicitud<\/a> <a style='color: inherit; text-decoration: underline;' href='http:\/\/ftp3.syscom.mx\/usuarios\/ftp\/2018\/01\/16\/6a208\/Credential_Program_License_Agreement%20(1).pdf' target='_blank' rel='noopener'>Credential Program<\/a><\/li>\n<li style='margin-bottom: 5px;'><a style='color: inherit; text-decoration: underline;' href='http:\/\/ftp3.syscom.mx\/usuarios\/ftp\/2017\/09\/15\/e939a\/Corporate_1000_existente.pdf' target='_top'>Proyectos existentes<\/a><\/li>\n<\/ul>\n<\/li>\n<li style='margin-bottom: 5px;'>Debe considerarse un <strong style='color: inherit;'>costo adicional <\/strong>cuando se solicita este formato Corporativo&comma; al precio de lista de la tarjeta agregar el modelo <a style='color: inherit; text-decoration: underline; font-size: 12px; font-weight: 600;' href='https:\/\/www.syscom.mx\/principal\/searchcont?route=MC-1000-HID-156476&#038;autodetect=mc100' rel='noopener'>MC-1000<\/a> correspondiente a un cargo por tarjeta por programar en C1000.<\/li>\n<\/ul><\/div>\n<\/p><\/div>\n","protected":false},"excerpt":{"rendered":"<p>Llavero iClass \/ 2 k memoria \/ Garant\u00eda de por Vida<\/p>\n","protected":false},"featured_media":25519,"comment_status":"open","ping_status":"closed","template":"","meta":[],"product_brand":[],"product_cat":[770],"product_tag":[814,466,771],"class_list":{"0":"post-25520","1":"product","2":"type-product","3":"status-publish","4":"has-post-thumbnail","6":"product_cat-mifare-iclass-13-56-mhz","7":"product_tag-hid","8":"product_tag-lectoras-y-tarjetas","9":"product_tag-mifare-iclass-13-56-mhz","11":"first","12":"outofstock","13":"sale","14":"shipping-taxable","15":"purchasable","16":"product-type-simple"},"_links":{"self":[{"href":"https:\/\/soydeaqui.ddns.net\/pachuca\/index.php\/wp-json\/wp\/v2\/product\/25520","targetHints":{"allow":["GET"]}}],"collection":[{"href":"https:\/\/soydeaqui.ddns.net\/pachuca\/index.php\/wp-json\/wp\/v2\/product"}],"about":[{"href":"https:\/\/soydeaqui.ddns.net\/pachuca\/index.php\/wp-json\/wp\/v2\/types\/product"}],"replies":[{"embeddable":true,"href":"https:\/\/soydeaqui.ddns.net\/pachuca\/index.php\/wp-json\/wp\/v2\/comments?post=25520"}],"wp:featuredmedia":[{"embeddable":true,"href":"https:\/\/soydeaqui.ddns.net\/pachuca\/index.php\/wp-json\/wp\/v2\/media\/25519"}],"wp:attachment":[{"href":"https:\/\/soydeaqui.ddns.net\/pachuca\/index.php\/wp-json\/wp\/v2\/media?parent=25520"}],"wp:term":[{"taxonomy":"product_brand","embeddable":true,"href":"https:\/\/soydeaqui.ddns.net\/pachuca\/index.php\/wp-json\/wp\/v2\/product_brand?post=25520"},{"taxonomy":"product_cat","embeddable":true,"href":"https:\/\/soydeaqui.ddns.net\/pachuca\/index.php\/wp-json\/wp\/v2\/product_cat?post=25520"},{"taxonomy":"product_tag","embeddable":true,"href":"https:\/\/soydeaqui.ddns.net\/pachuca\/index.php\/wp-json\/wp\/v2\/product_tag?post=25520"}],"curies":[{"name":"wp","href":"https:\/\/api.w.org\/{rel}","templated":true}]}}