{"id":2549,"date":"2026-03-18T05:58:13","date_gmt":"2026-03-18T05:58:13","guid":{"rendered":"https:\/\/soydeaqui.ddns.net\/pachuca\/index.php\/producto\/terminal-inalambrico-de-bano-boton-de-alarma-boton-de-presencia-boton-de-medico-ip65-transmision-400-metros-linea-de-vista-protocolo-pocsag-alarma-acustica-luminosa\/"},"modified":"2026-03-18T05:58:13","modified_gmt":"2026-03-18T05:58:13","slug":"terminal-inalambrico-de-bano-boton-de-alarma-boton-de-presencia-boton-de-medico-ip65-transmision-400-metros-linea-de-vista-protocolo-pocsag-alarma-acustica-luminosa","status":"publish","type":"product","link":"https:\/\/soydeaqui.ddns.net\/pachuca\/index.php\/producto\/terminal-inalambrico-de-bano-boton-de-alarma-boton-de-presencia-boton-de-medico-ip65-transmision-400-metros-linea-de-vista-protocolo-pocsag-alarma-acustica-luminosa\/","title":{"rendered":"Terminal Inal\u00e1mbrico de Ba\u00f1o \/ Bot\u00f3n de Alarma \/ Bot\u00f3n de Presencia \/ Bot\u00f3n de M\u00e9dico \/ IP65 \/ Transmisi\u00f3n 400 Metros (linea de vista) \/ Protocolo POCSAG \/ Alarma Ac\u00fastica-Luminosa"},"content":{"rendered":"<div style='width: 100%; max-width: 1200px; margin: 0 auto; font-family: sans-serif; line-height: 1.6; color: inherit; background-color: transparent;'>\n<div style='display: flex; flex-wrap: wrap; gap: 30px; margin-bottom: 30px;'>\n<div style='flex: 1 1 300px; min-width: 280px;'>\n<h3 style='font-size: 22px; border-bottom: 2px solid currentColor; padding-bottom: 5px; margin-top: 0; color: inherit; opacity: 0.8;'>Descripci\u00f3n General<\/h3>\n<p style='font-size: 15px; color: inherit; margin-top: 10px; margin-bottom: 10px;'>El NX8809\/B es un terminal inal\u00e1mbrico dise\u00f1ado para instalaci\u00f3n en ba\u00f1os&comma; permitiendo al usuario solicitar ayuda con facilidad. Est\u00e1 equipado con botones de alarma&comma; presencia y m\u00e9dico&comma; y se comunica a trav\u00e9s del protocolo POCSAG&comma; asegurando una transmisi\u00f3n confiable de hasta 400 metros en campo abierto. Su construcci\u00f3n en ABS antibacteriano y su grado de protecci\u00f3n IP65 lo hacen ideal para entornos h\u00famedos y de alto uso como instalaciones de salud.<\/p>\n<\/div>\n<\/div>\n<\/div>\n<div style='display: flex; flex-wrap: wrap; gap: 20px; margin-bottom: 30px;'>\n<div style='flex: 1 1 250px; border: 1px solid rgba(150&comma; 150&comma; 150&comma; 0.4); border-radius: 8px; overflow: hidden; display: flex; flex-direction: column;'>\n<div style='padding: 15px; border-bottom: 1px solid rgba(150&comma; 150&comma; 150&comma; 0.2); font-weight: bold; font-size: 18px; color: inherit;'>Caracter\u00edsticas Principales<\/div>\n<div style='padding: 15px; color: inherit;'>\n<ul style='padding-left: 20px; margin: 0; font-size: 14px; list-style-type: disc;'>\n<li style='margin-bottom: 5px;'>Pilas 2xAAA con duraci\u00f3n de 5 a\u00f1os<\/li>\n<li style='margin-bottom: 5px;'>Botones de ayuda en rojo&comma; verde&comma; azul y gris<\/li>\n<li style='margin-bottom: 5px;'>Indicador LED y alarma ac\u00fastica\/luminosa<\/li>\n<li style='margin-bottom: 5px;'>Texto configurable para personalizaci\u00f3n<\/li>\n<li style='margin-bottom: 5px;'>Alarma de bater\u00eda baja<\/li>\n<li style='margin-bottom: 5px;'>NO INCLUYE TIRADOR DE BA\u00d1O NX0073<\/li>\n<\/ul>\n<\/div>\n<\/div>\n<div style='flex: 1 1 250px; border: 1px solid rgba(150&comma; 150&comma; 150&comma; 0.4); border-radius: 8px; overflow: hidden; display: flex; flex-direction: column;'>\n<div style='padding: 15px; border-bottom: 1px solid rgba(150&comma; 150&comma; 150&comma; 0.2); font-weight: bold; font-size: 18px; color: inherit;'>Funcionalidades<\/div>\n<div style='padding: 15px; color: inherit;'>\n<ul style='padding-left: 20px; margin: 0; font-size: 14px; list-style-type: disc;'>\n<li style='margin-bottom: 5px;'>Conexi\u00f3n con tirador de ba\u00f1o NX0073<\/li>\n<li style='margin-bottom: 5px;'>Se\u00f1al de emergencia en caso de desconexi\u00f3n<\/li>\n<\/ul>\n<\/div>\n<\/div>\n<div style='flex: 1 1 250px; border: 1px solid rgba(150&comma; 150&comma; 150&comma; 0.4); border-radius: 8px; overflow: hidden; display: flex; flex-direction: column;'>\n<div style='padding: 15px; border-bottom: 1px solid rgba(150&comma; 150&comma; 150&comma; 0.2); font-weight: bold; font-size: 18px; color: inherit;'>Interfaces y Conectividad<\/div>\n<div style='padding: 15px; color: inherit;'>\n<ul style='padding-left: 20px; margin: 0; font-size: 14px; list-style-type: disc;'>\n<li style='margin-bottom: 5px;'>Transmisi\u00f3n a trav\u00e9s del protocolo POCSAG en frecuencia RF de 433 MHz<\/li>\n<li style='margin-bottom: 5px;'>Distancia m\u00e1xima de transmisi\u00f3n de 400 metros<\/li>\n<\/ul>\n<\/div>\n<\/div>\n<div style='flex: 1 1 250px; border: 1px solid rgba(150&comma; 150&comma; 150&comma; 0.4); border-radius: 8px; overflow: hidden; display: flex; flex-direction: column;'>\n<div style='padding: 15px; border-bottom: 1px solid rgba(150&comma; 150&comma; 150&comma; 0.2); font-weight: bold; font-size: 18px; color: inherit;'>Requisitos y Compatibilidad<\/div>\n<div style='padding: 15px; color: inherit;'>\n<ul style='padding-left: 20px; margin: 0; font-size: 14px; list-style-type: disc;'>\n<li style='margin-bottom: 5px;'>Funciona con pilas 2xAAA<\/li>\n<li style='margin-bottom: 5px;'>Compatible con tirador de ba\u00f1o NX0073<\/li>\n<\/ul>\n<\/div>\n<\/div>\n<div style='flex: 1 1 250px; border: 1px solid rgba(150&comma; 150&comma; 150&comma; 0.4); border-radius: 8px; overflow: hidden; display: flex; flex-direction: column;'>\n<div style='padding: 15px; border-bottom: 1px solid rgba(150&comma; 150&comma; 150&comma; 0.2); font-weight: bold; font-size: 18px; color: inherit;'>Entornos Hospitalarios<\/div>\n<div style='padding: 15px; color: inherit;'>\n<ul style='padding-left: 20px; margin: 0; font-size: 14px; list-style-type: disc;'>\n<li style='margin-bottom: 5px;'>Permite a los pacientes solicitar ayuda r\u00e1pidamente<\/li>\n<\/ul>\n<\/div>\n<\/div>\n<div style='flex: 1 1 250px; border: 1px solid rgba(150&comma; 150&comma; 150&comma; 0.4); border-radius: 8px; overflow: hidden; display: flex; flex-direction: column;'>\n<div style='padding: 15px; border-bottom: 1px solid rgba(150&comma; 150&comma; 150&comma; 0.2); font-weight: bold; font-size: 18px; color: inherit;'>Instalaciones Sanitarias<\/div>\n<div style='padding: 15px; color: inherit;'>\n<ul style='padding-left: 20px; margin: 0; font-size: 14px; list-style-type: disc;'>\n<li style='margin-bottom: 5px;'>Soluciones para ba\u00f1os en residencias asistidas y hospitales<\/li>\n<\/ul>\n<\/div>\n<\/div>\n<\/div>\n<hr style='border: 0; border-top: 1px solid rgba(150&comma; 150&comma; 150&comma; 0.3); margin: 30px 0;'><\/div>\n","protected":false},"excerpt":{"rendered":"<p>Terminal Inal\u00e1mbrico de Ba\u00f1o \/ Bot\u00f3n de Alarma \/ Bot\u00f3n de Presencia \/ Bot\u00f3n de M\u00e9dico \/ IP65 \/ Transmisi\u00f3n 400 Metros (linea de vista) \/ Protocolo POCSAG \/ Alarma Ac\u00fastica-Luminosa<\/p>\n","protected":false},"featured_media":2548,"comment_status":"open","ping_status":"closed","template":"","meta":[],"product_brand":[],"product_cat":[151],"product_tag":[152,153,126],"class_list":{"0":"post-2549","1":"product","2":"type-product","3":"status-publish","4":"has-post-thumbnail","6":"product_cat-atencion-sociosanitaria","7":"product_tag-atencion-sociosanitaria","8":"product_tag-ibernex","9":"product_tag-sistemas-de-emergencia","11":"first","12":"outofstock","13":"sale","14":"shipping-taxable","15":"purchasable","16":"product-type-simple"},"_links":{"self":[{"href":"https:\/\/soydeaqui.ddns.net\/pachuca\/index.php\/wp-json\/wp\/v2\/product\/2549","targetHints":{"allow":["GET"]}}],"collection":[{"href":"https:\/\/soydeaqui.ddns.net\/pachuca\/index.php\/wp-json\/wp\/v2\/product"}],"about":[{"href":"https:\/\/soydeaqui.ddns.net\/pachuca\/index.php\/wp-json\/wp\/v2\/types\/product"}],"replies":[{"embeddable":true,"href":"https:\/\/soydeaqui.ddns.net\/pachuca\/index.php\/wp-json\/wp\/v2\/comments?post=2549"}],"wp:featuredmedia":[{"embeddable":true,"href":"https:\/\/soydeaqui.ddns.net\/pachuca\/index.php\/wp-json\/wp\/v2\/media\/2548"}],"wp:attachment":[{"href":"https:\/\/soydeaqui.ddns.net\/pachuca\/index.php\/wp-json\/wp\/v2\/media?parent=2549"}],"wp:term":[{"taxonomy":"product_brand","embeddable":true,"href":"https:\/\/soydeaqui.ddns.net\/pachuca\/index.php\/wp-json\/wp\/v2\/product_brand?post=2549"},{"taxonomy":"product_cat","embeddable":true,"href":"https:\/\/soydeaqui.ddns.net\/pachuca\/index.php\/wp-json\/wp\/v2\/product_cat?post=2549"},{"taxonomy":"product_tag","embeddable":true,"href":"https:\/\/soydeaqui.ddns.net\/pachuca\/index.php\/wp-json\/wp\/v2\/product_tag?post=2549"}],"curies":[{"name":"wp","href":"https:\/\/api.w.org\/{rel}","templated":true}]}}