{"id":25487,"date":"2026-03-18T11:54:49","date_gmt":"2026-03-18T11:54:49","guid":{"rendered":"https:\/\/soydeaqui.ddns.net\/pachuca\/index.php\/producto\/tarjeta-iclass-prox-2k-con-sio-delgada-garantia-de-por-vida-delgada-imprimible\/"},"modified":"2026-03-18T11:54:49","modified_gmt":"2026-03-18T11:54:49","slug":"tarjeta-iclass-prox-2k-con-sio-delgada-garantia-de-por-vida-delgada-imprimible","status":"publish","type":"product","link":"https:\/\/soydeaqui.ddns.net\/pachuca\/index.php\/producto\/tarjeta-iclass-prox-2k-con-sio-delgada-garantia-de-por-vida-delgada-imprimible\/","title":{"rendered":"Tarjeta iCLASS+ Prox  2k con SIO\/ Delgada \/ Garant\u00eda de por Vida\/Delgada (imprimible)"},"content":{"rendered":"<div style='width: 100%; max-width: 1200px; margin: 0 auto; font-family: sans-serif; line-height: 1.6; color: inherit; background-color: transparent;'> <!-- Secci\u00f3n de caracter\u00edsticas --> <\/p>\n<div style='display: flex; flex-wrap: wrap; gap: 30px; margin-bottom: 30px;'>\n<div style='flex: 1 1 300px; min-width: 280px;'>\n<h3 style='font-size: 22px; border-bottom: 2px solid currentColor; padding-bottom: 5px; margin-top: 0; color: inherit; opacity: 0.8;'>Caracter\u00edsticas<\/h3>\n<ul style='padding-left: 20px; font-size: 15px; color: inherit;'>\n<li style='margin-bottom: 5px;'>Tarjeta iClass (2120HPGGMNM)<\/li>\n<li style='margin-bottom: 5px;'>iCLASS (13.56 MHz) + PROX (125 KHz)<\/li>\n<li style='margin-bottom: 5px;'>Memoria de 2KB<\/li>\n<li style='margin-bottom: 5px;'>Material PVC<\/li>\n<li style='margin-bottom: 5px;'>Dimensiones: 5.40 x 8.57 x 0.084 cm<\/li>\n<li style='margin-bottom: 5px; background-color: rgba(241&comma; 196&comma; 15&comma; 0.3); padding: 5px; border-radius: 4px;'><strong style='color: inherit;'>Producto Bajo Pedido:<\/strong><\/li>\n<\/ul><\/div>\n<\/p><\/div>\n<p> <!-- Informaci\u00f3n de pedido --> <\/p>\n<div style='margin-bottom: 30px; font-size: 15px; color: inherit;'>\n<p style='margin-bottom: 15px; background-color: rgba(241&comma; 196&comma; 15&comma; 0.3); padding: 10px; border-radius: 4px;'> No puede comprarse en l\u00ednea puesto que es <em style='font-style: italic;'>indispensable<\/em> para ordenar indicar <strong style='color: inherit;'>formato&comma; c\u00f3digo de sitio&comma; consecutivo de tarjeta.<\/strong> Por favor llenar el siguiente <a style='color: inherit; text-decoration: underline;' href='https:\/\/ftp3.syscom.mx\/usuarios\/ftp\/2021\/05\/04\/4ba4d\/FOR%208.4%20025%20CMP%20Formato%20para%20solicitud%20de%20tarjetas%20REV.%20002.docx' target='_blank' rel='noopener'><strong>FORMULARIO<\/strong><\/a> y enviarlo a su Ejecutivo de Cuenta&comma; de lo contrario ninguna compra ser\u00e1 procesada. <\/p>\n<ul style='padding-left: 20px; margin-bottom: 15px;'>\n<li style='margin-bottom: 5px;'>El m\u00ednimo de orden es 100 pzs<\/li>\n<li style='margin-bottom: 5px;'>Garant\u00eda de por Vida<\/li>\n<li style='margin-bottom: 5px;'><strong>Para perforar debe tener en cuenta lo siguiente:<\/strong> Las ubicaciones de perforaci\u00f3n disponibles est\u00e1n marcadas por 3 puntos en la parte posterior de la tarjeta. Si los puntos no est\u00e1n presentes&comma; la tarjeta no se puede perforar con seguridad<\/li>\n<\/ul>\n<p style='margin-bottom: 15px;'><strong>Producto sobre pedido<\/strong><\/p>\n<\/p><\/div>\n<p> <!-- C\u00f3mo comprar tarjetas HID --> <\/p>\n<div style='margin-bottom: 30px;'>\n<h3 style='font-size: 20px; margin-bottom: 15px; color: inherit; opacity: 0.8;'>\u00bfC\u00f3mo comprar tarjetas HID?<\/h3>\n<p style='margin-bottom: 15px;'>Todas las tarjetas de HID son de programaci\u00f3n personalizadas por lo que es necesario proporcionar informaci\u00f3n adicional.<\/p>\n<ul style='padding-left: 20px; margin-bottom: 15px;'>\n<li style='margin-bottom: 5px;'>Es <strong style='color: inherit;'>indispensable<\/strong> para procesar cualquier orden de compra:<\/li>\n<li style='margin-bottom: 5px;'>Para formatos abiertos:\n<ul style='padding-left: 20px; margin-top: 10px; margin-bottom: 10px;'>\n<li style='margin-bottom: 5px;'><strong>Formato:<\/strong> Confirmar que es H10301&comma; es decir&comma; 26 bits<\/li>\n<li style='margin-bottom: 5px;'><strong>C\u00f3digo de sitio<\/strong> (Site Code \/ Facility Code): (0 a 255&comma; si es formato 26 bits H10301)<\/li>\n<li style='margin-bottom: 5px;'><strong>Consecutivo<\/strong> (rango): La numeraci\u00f3n que tendr\u00e1n las tarjetas (Entre 0-65535 si es a 26 bits H10301)<\/li>\n<li style='margin-bottom: 5px;'>Se puede llenar el siguiente <a style='color: inherit; text-decoration: underline;' href='https:\/\/ftp3.syscom.mx\/usuarios\/ftp\/2021\/05\/04\/4ba4d\/FOR%208.4%20025%20CMP%20Formato%20para%20solicitud%20de%20tarjetas%20REV.%20002.docx' target='_blank' rel='noopener'>formulario<\/a> y enviarlo a su ejecutivo de ventas para procesar su solicitud<\/li>\n<\/ul>\n<\/li>\n<li style='margin-bottom: 5px;'>En formatos diferentes a H10301 (26 bits) es necesario solicitar validaci\u00f3n y tiempo de entrega al Cualquier variaci\u00f3n en el modelo o formato el tiempo de entrega estimado es de 3 semanas<\/li>\n<li style='margin-bottom: 5px; background-color: rgba(241&comma; 196&comma; 15&comma; 0.3); padding: 10px; border-radius: 4px;'><strong>Todas las compras de este modelo a trav\u00e9s de este portal est\u00e1n sujetas al env\u00edo de la informaci\u00f3n indispensable para procesar la compra.<\/strong><\/li>\n<li style='margin-bottom: 5px;'><strong>Es recomendable si se tiene un tarjeta existente enviar a SYSCOM para su identificaci\u00f3n previa a la compra.<\/strong><\/li>\n<\/ul><\/div>\n<p> <!-- Secci\u00f3n Corporate 1000 --> <\/p>\n<div style='margin-bottom: 30px;'>\n<h3 style='font-size: 20px; margin-bottom: 15px; color: inherit; opacity: 0.8;'>Conozca que es <a style='color: inherit; text-decoration: underline;' href='http:\/\/ftp3.syscom.mx\/usuarios\/ftp\/2017\/09\/08\/ae5a5\/corporate1000_ds_es.pdf' target='_blank' rel='noopener'>Corporate 1000<\/a><\/h3>\n<ul style='padding-left: 20px; margin-bottom: 15px;'>\n<li style='margin-bottom: 5px;'>Agregue un formato controlado por el usuario<\/li>\n<li style='margin-bottom: 5px;'>Disponible en SYSCOM a 48 bits<\/li>\n<li style='margin-bottom: 5px;'>Para formatos Corporate 1000 es necesario llenar una documentaci\u00f3n adicional al momento de la compra:\n<ul style='padding-left: 20px; margin-top: 10px; margin-bottom: 10px;'>\n<li style='margin-bottom: 5px;'>Nuevos proyecto: <a style='color: inherit; text-decoration: underline;' href='http:\/\/ftp3.syscom.mx\/usuarios\/ftp\/2017\/09\/15\/96cc8\/Corporate_1000_nuevo.pdf' target='_blank' rel='noopener'>Solicitud<\/a> <a style='color: inherit; text-decoration: underline;' href='http:\/\/ftp3.syscom.mx\/usuarios\/ftp\/2018\/01\/16\/6a208\/Credential_Program_License_Agreement%20(1).pdf' target='_blank' rel='noopener'>Credential Program<\/a><\/li>\n<li style='margin-bottom: 5px;'><a style='color: inherit; text-decoration: underline;' href='http:\/\/ftp3.syscom.mx\/usuarios\/ftp\/2017\/09\/15\/e939a\/Corporate_1000_existente.pdf' target='_top'>Proyectos existentes<\/a><\/li>\n<\/ul>\n<\/li>\n<li style='margin-bottom: 5px;'>Debe considerarse un costo adicional cuando se solicita este formato Corporativo&comma; al precio de lista de la tarjeta agregar el modelo <a style='color: inherit; text-decoration: underline; font-size: 14px; font-weight: bold;' href='https:\/\/www.syscom.mx\/principal\/searchcont?route=MC-1000-HID-156476&#038;autodetect=mc100'>MC-1000<\/a> correspondiente a un cargo por tarjeta por programar en C1000<\/li>\n<\/ul><\/div>\n<p> <!-- Secci\u00f3n de impresi\u00f3n --> <\/p>\n<div style='margin-bottom: 30px;'>\n<h3 style='font-size: 18px; margin-bottom: 15px; color: inherit;'> <strong>\u00bfCon qu\u00e9 va a imprimir sus tarjetas? Mayor informaci\u00f3n <a style='color: inherit; text-decoration: underline;' href='https:\/\/www.syscom.mx\/principal\/listadoportadasazul\/control-de-acceso-credencializacion-434.html'>aqu\u00ed<\/a><\/strong> <\/h3>\n<\/p><\/div>\n<p> <!-- Nota final --> <\/p>\n<div style='margin-bottom: 30px; font-size: 15px; color: inherit;'>\n<p>Producto sobre pedido<\/p>\n<\/p><\/div>\n<\/p><\/div>\n","protected":false},"excerpt":{"rendered":"<p>Tarjeta iCLASS+ Prox  2k con SIO\/ Delgada \/ Garant\u00eda de por Vida\/Delgada (imprimible)<\/p>\n","protected":false},"featured_media":25486,"comment_status":"open","ping_status":"closed","template":"","meta":[],"product_brand":[],"product_cat":[770],"product_tag":[814,466,771],"class_list":{"0":"post-25487","1":"product","2":"type-product","3":"status-publish","4":"has-post-thumbnail","6":"product_cat-mifare-iclass-13-56-mhz","7":"product_tag-hid","8":"product_tag-lectoras-y-tarjetas","9":"product_tag-mifare-iclass-13-56-mhz","11":"first","12":"outofstock","13":"sale","14":"shipping-taxable","15":"purchasable","16":"product-type-simple"},"_links":{"self":[{"href":"https:\/\/soydeaqui.ddns.net\/pachuca\/index.php\/wp-json\/wp\/v2\/product\/25487","targetHints":{"allow":["GET"]}}],"collection":[{"href":"https:\/\/soydeaqui.ddns.net\/pachuca\/index.php\/wp-json\/wp\/v2\/product"}],"about":[{"href":"https:\/\/soydeaqui.ddns.net\/pachuca\/index.php\/wp-json\/wp\/v2\/types\/product"}],"replies":[{"embeddable":true,"href":"https:\/\/soydeaqui.ddns.net\/pachuca\/index.php\/wp-json\/wp\/v2\/comments?post=25487"}],"wp:featuredmedia":[{"embeddable":true,"href":"https:\/\/soydeaqui.ddns.net\/pachuca\/index.php\/wp-json\/wp\/v2\/media\/25486"}],"wp:attachment":[{"href":"https:\/\/soydeaqui.ddns.net\/pachuca\/index.php\/wp-json\/wp\/v2\/media?parent=25487"}],"wp:term":[{"taxonomy":"product_brand","embeddable":true,"href":"https:\/\/soydeaqui.ddns.net\/pachuca\/index.php\/wp-json\/wp\/v2\/product_brand?post=25487"},{"taxonomy":"product_cat","embeddable":true,"href":"https:\/\/soydeaqui.ddns.net\/pachuca\/index.php\/wp-json\/wp\/v2\/product_cat?post=25487"},{"taxonomy":"product_tag","embeddable":true,"href":"https:\/\/soydeaqui.ddns.net\/pachuca\/index.php\/wp-json\/wp\/v2\/product_tag?post=25487"}],"curies":[{"name":"wp","href":"https:\/\/api.w.org\/{rel}","templated":true}]}}