{"id":25475,"date":"2026-03-18T11:54:33","date_gmt":"2026-03-18T11:54:33","guid":{"rendered":"https:\/\/soydeaqui.ddns.net\/pachuca\/index.php\/producto\/boton-multiproposito-salida-de-emergencia-girar-para-reset-bocina-integrada-espanol-cubierta-de-policarbonato-2-relevadores-no-nc-interior-exterior\/"},"modified":"2026-03-18T11:54:34","modified_gmt":"2026-03-18T11:54:34","slug":"boton-multiproposito-salida-de-emergencia-girar-para-reset-bocina-integrada-espanol-cubierta-de-policarbonato-2-relevadores-no-nc-interior-exterior","status":"publish","type":"product","link":"https:\/\/soydeaqui.ddns.net\/pachuca\/index.php\/producto\/boton-multiproposito-salida-de-emergencia-girar-para-reset-bocina-integrada-espanol-cubierta-de-policarbonato-2-relevadores-no-nc-interior-exterior\/","title":{"rendered":"Bot\u00f3n Multiprop\u00f3sito, Salida De Emergencia, Girar Para Reset, Bocina Integrada, Espa\u00f1ol, Cubierta De Policarbonato, 2 Relevadores NO\/NC, Interior\/exterior"},"content":{"rendered":"<div style='width: 100%; max-width: 1200px; margin: 0 auto; font-family: sans-serif; line-height: 1.6; color: inherit; background-color: transparent;'> <!-- T\u00edtulos de la serie --> <\/p>\n<div style='text-align: center; margin-bottom: 30px;'>\n<h1 style='font-size: 24px; color: inherit; margin: 0 0 10px 0;'><span style='color: #34495e;'>Botones Multiprop\u00f3sito con Rel\u00e9s<\/span><\/h1>\n<h2 style='font-size: 20px; color: inherit; margin: 0;'><span style='color: #34495e;'>Serie Stopper\u00ae Station<\/span><\/h2>\n<\/p><\/div>\n<p> <!-- Secci\u00f3n de descripci\u00f3n --> <\/p>\n<div style='margin-bottom: 30px; font-size: 15px;'>\n<p>Estos interruptores de bot\u00f3n pulsador multiusos son <strong>ADA compatibles<\/strong> y cubren una amplia gama de aplicaciones tanto en interiores como en exteriores. Se llaman <strong>Stopper Stations o estaciones de parada<\/strong>. Incorporan un exclusivo dise\u00f1o patentado que ayuda dram\u00e1ticamente a evitar la activaci\u00f3n accidental. Un n\u00famero de modelos est\u00e1ndar est\u00e1n disponibles o podemos crear unidades personalizadas para satisfacer sus necesidades. Usted tiene la elecci\u00f3n de cualquiera de los cinco colores universales del exterior&comma; varios estilos de bot\u00f3n&comma; as\u00ed como textos e idiomas est\u00e1ndar o personalizados.<\/p>\n<\/p><\/div>\n<p> <!-- Secci\u00f3n de caracter\u00edsticas generales --> <\/p>\n<div style='margin-bottom: 30px;'>\n<h3 style='font-size: 22px; border-bottom: 2px solid currentColor; padding-bottom: 5px; margin-top: 0; color: inherit; opacity: 0.8;'>Caracter\u00edsticas Generales Serie Stopper\u00ae Station<\/h3>\n<ul style='padding-left: 20px; font-size: 15px; color: inherit;'>\n<li style='margin-bottom: 5px;'>Ayudan a prevenir activaciones accidentales gracias a su dise\u00f1o curvo y tapa protectora de policarbonato.<\/li>\n<li style='margin-bottom: 5px;'><strong>Listados UL\/cUL&comma; Cumplimiento ADA&comma; CE<\/strong>.<\/li>\n<li style='margin-bottom: 5px;'>Botones multiprop\u00f3sito con rel\u00e9s NO\/NC tipo C para activaciones.<\/li>\n<li style='margin-bottom: 5px;'>Disponibles en seis diferentes colores&comma; textos personalizables y cualquier idioma.<\/li>\n<li style='margin-bottom: 5px;'>Iluminaci\u00f3n con LED opcional para indicar la activaci\u00f3n.<\/li>\n<li style='margin-bottom: 5px;'>Diferentes modos de restablecimiento como: Moment\u00e1neo&comma; Girar para Restablecer&comma; Llave para Restablecer.<\/li>\n<li style='margin-bottom: 5px;'>Con o sin cubierta de policarbonato.<\/li>\n<li style='margin-bottom: 5px;'>Tres a\u00f1os de garant\u00eda contra rotura del policarbonato en uso normal. Un a\u00f1o en los componentes electr\u00f3nicos y electromec\u00e1nicos.<\/li>\n<li style='margin-bottom: 5px;'>Carcasa de policarbonato super resistente.<\/li>\n<li style='margin-bottom: 5px;'>Placa posterior de acero inoxidable.<\/li>\n<li style='margin-bottom: 5px;'>Propiedades de trabajo t\u00edpicas del policarbonato son de -40 a 121\u00baC.<\/li>\n<li style='margin-bottom: 5px;'>El policarbonato cumple con las normas de la <strong>FDA<\/strong> para aplicaciones en contacto con alimentos.<\/li>\n<\/ul><\/div>\n<p> <!-- Secci\u00f3n de caracter\u00edsticas espec\u00edficas --> <\/p>\n<div style='margin-bottom: 30px;'>\n<h3 style='font-size: 22px; border-bottom: 2px solid currentColor; padding-bottom: 5px; margin-top: 0; color: inherit; opacity: 0.8;'>Caracter\u00edsticas del Bot\u00f3n<\/h3>\n<ul style='padding-left: 20px; font-size: 15px; color: inherit;'>\n<li style='margin-bottom: 5px;'><strong>Serie:<\/strong> SS2xy1<\/li>\n<li style='margin-bottom: 5px;'><strong>Color:<\/strong> Rojo<\/li>\n<li style='margin-bottom: 5px;'><strong>Frase de texto:<\/strong> SALIDA DE EMERGENCIA<\/li>\n<li style='margin-bottom: 5px;'><strong>Cubierta protectora:<\/strong> Policarbonato para interior\/exterior<\/li>\n<li style='margin-bottom: 5px;'><strong>Bocina de advertencia integrada:<\/strong> S\u00ed<\/li>\n<li style='margin-bottom: 5px;'><strong>Funcionamiento de bot\u00f3n:<\/strong> Girar para restablecer<\/li>\n<li style='margin-bottom: 5px;'><strong>Idioma:<\/strong> Espa\u00f1ol<\/li>\n<\/ul><\/div>\n<p> <!-- Separador final --> <\/p>\n<hr style='border: 0; border-top: 1px solid rgba(150&comma; 150&comma; 150&comma; 0.3); margin: 30px 0;'> <\/div>\n","protected":false},"excerpt":{"rendered":"<p>Bot\u00f3n Multiprop\u00f3sito, Salida De Emergencia, Girar Para Reset, Bocina Integrada, Espa\u00f1ol, Cubierta De Policarbonato, 2 Relevadores NO\/NC, Interior\/exterior<\/p>\n","protected":false},"featured_media":25474,"comment_status":"open","ping_status":"closed","template":"","meta":[],"product_brand":[],"product_cat":[190],"product_tag":[93,191,169],"class_list":{"0":"post-25475","1":"product","2":"type-product","3":"status-publish","4":"has-post-thumbnail","6":"product_cat-botones-de-salida","7":"product_tag-accesorios","8":"product_tag-botones-de-salida","9":"product_tag-sti","11":"first","12":"outofstock","13":"sale","14":"shipping-taxable","15":"purchasable","16":"product-type-simple"},"_links":{"self":[{"href":"https:\/\/soydeaqui.ddns.net\/pachuca\/index.php\/wp-json\/wp\/v2\/product\/25475","targetHints":{"allow":["GET"]}}],"collection":[{"href":"https:\/\/soydeaqui.ddns.net\/pachuca\/index.php\/wp-json\/wp\/v2\/product"}],"about":[{"href":"https:\/\/soydeaqui.ddns.net\/pachuca\/index.php\/wp-json\/wp\/v2\/types\/product"}],"replies":[{"embeddable":true,"href":"https:\/\/soydeaqui.ddns.net\/pachuca\/index.php\/wp-json\/wp\/v2\/comments?post=25475"}],"wp:featuredmedia":[{"embeddable":true,"href":"https:\/\/soydeaqui.ddns.net\/pachuca\/index.php\/wp-json\/wp\/v2\/media\/25474"}],"wp:attachment":[{"href":"https:\/\/soydeaqui.ddns.net\/pachuca\/index.php\/wp-json\/wp\/v2\/media?parent=25475"}],"wp:term":[{"taxonomy":"product_brand","embeddable":true,"href":"https:\/\/soydeaqui.ddns.net\/pachuca\/index.php\/wp-json\/wp\/v2\/product_brand?post=25475"},{"taxonomy":"product_cat","embeddable":true,"href":"https:\/\/soydeaqui.ddns.net\/pachuca\/index.php\/wp-json\/wp\/v2\/product_cat?post=25475"},{"taxonomy":"product_tag","embeddable":true,"href":"https:\/\/soydeaqui.ddns.net\/pachuca\/index.php\/wp-json\/wp\/v2\/product_tag?post=25475"}],"curies":[{"name":"wp","href":"https:\/\/api.w.org\/{rel}","templated":true}]}}