{"id":2545,"date":"2026-03-18T05:58:11","date_gmt":"2026-03-18T05:58:11","guid":{"rendered":"https:\/\/soydeaqui.ddns.net\/pachuca\/index.php\/producto\/terminal-de-cama-inalambrico-boton-de-alarma-presencia-y-medico-ip54-material-abs-antibacteriano-rf-433mhz-400-metros-distancia-transmision-linea-de-vista-alimentacion-2xaaa-protocolo-p\/"},"modified":"2026-03-18T05:58:12","modified_gmt":"2026-03-18T05:58:12","slug":"terminal-de-cama-inalambrico-boton-de-alarma-presencia-y-medico-ip54-material-abs-antibacteriano-rf-433mhz-400-metros-distancia-transmision-linea-de-vista-alimentacion-2xaaa-protocolo-p","status":"publish","type":"product","link":"https:\/\/soydeaqui.ddns.net\/pachuca\/index.php\/producto\/terminal-de-cama-inalambrico-boton-de-alarma-presencia-y-medico-ip54-material-abs-antibacteriano-rf-433mhz-400-metros-distancia-transmision-linea-de-vista-alimentacion-2xaaa-protocolo-p\/","title":{"rendered":"Terminal de Cama Inal\u00e1mbrico \/ Bot\u00f3n de Alarma Presencia y M\u00e9dico \/ IP54 \/ Material ABS Antibacteriano \/ RF 433MHz \/ 400 metros Distancia Transmisi\u00f3n (linea de vista)\/ Alimentaci\u00f3n 2xAAA \/ Protocolo POCSAG"},"content":{"rendered":"<div style='width: 100%; max-width: 1200px; margin: 0 auto; font-family: sans-serif; line-height: 1.6; color: inherit; background-color: transparent;'>\n<div style='display: flex; flex-direction: column; gap: 30px;'>\n<div style='flex: 1 1 100%;'>\n<h3 style='font-size: 22px; border-bottom: 2px solid currentColor; padding-bottom: 5px; margin-top: 0; color: inherit; opacity: 0.8;'>Descripci\u00f3n General<\/h3>\n<p style='font-size: 15px; margin-top: 10px; color: inherit;'>El Terminal de Cama Inal\u00e1mbrico NX8809 permite a los usuarios solicitar ayuda al personal m\u00e9dico mediante un pulsador de cama NX8809\/C o a trav\u00e9s de los botones integrados en el dispositivo. Dise\u00f1ado para montaje en pared&comma; este terminal es ideal para aplicaciones m\u00e9dicas donde se requiere confiabilidad y facilidad de uso.<\/p>\n<\/p><\/div>\n<div style='display: flex; flex-wrap: wrap; gap: 30px; margin-bottom: 30px;'>\n<div style='flex: 1 1 300px; min-width: 280px;'>\n<h3 style='font-size: 20px; border-bottom: 2px solid currentColor; padding-bottom: 5px; margin-top: 0; color: inherit; opacity: 0.8;'>Caracter\u00edsticas Principales<\/h3>\n<ul style='padding-left: 20px; font-size: 14px; color: inherit;'>\n<li style='margin-bottom: 5px;'>Grado de Protecci\u00f3n IP54<\/li>\n<li style='margin-bottom: 5px;'>Material ABS Antibacteriano<\/li>\n<li style='margin-bottom: 5px;'>Dimensiones: 115x75x21 mm<\/li>\n<li style='margin-bottom: 5px;'>Peso: 0.11 kg<\/li>\n<\/ul><\/div>\n<div style='flex: 1 1 300px; min-width: 280px;'>\n<h3 style='font-size: 20px; border-bottom: 2px solid currentColor; padding-bottom: 5px; margin-top: 0; color: inherit; opacity: 0.8;'>Funcionalidades<\/h3>\n<ul style='padding-left: 20px; font-size: 14px; color: inherit;'>\n<li style='margin-bottom: 5px;'>Bot\u00f3n de Alarma (Rojo)&comma; Presencia (Verde) y M\u00e9dico (Azul)<\/li>\n<li style='margin-bottom: 5px;'>Alarma Ac\u00fastica\/Luminosa<\/li>\n<li style='margin-bottom: 5px;'>Alarma por Desconexi\u00f3n de Cable<\/li>\n<li style='margin-bottom: 5px;'>Alarma de Bater\u00eda Baja<\/li>\n<li style='margin-bottom: 5px;'>Luz LED<\/li>\n<\/ul><\/div>\n<\/p><\/div>\n<div style='display: flex; flex-wrap: wrap; gap: 30px; margin-bottom: 30px;'>\n<div style='flex: 1 1 300px; min-width: 280px;'>\n<h3 style='font-size: 20px; border-bottom: 2px solid currentColor; padding-bottom: 5px; margin-top: 0; color: inherit; opacity: 0.8;'>Interfaces y Conectividad<\/h3>\n<ul style='padding-left: 20px; font-size: 14px; color: inherit;'>\n<li style='margin-bottom: 5px;'>Transmisi\u00f3n RF 433MHz<\/li>\n<li style='margin-bottom: 5px;'>Protocolo POCSAG<\/li>\n<li style='margin-bottom: 5px;'>Distancia de Transmisi\u00f3n M\u00e1xima de 400 metros en Campo Abierto<\/li>\n<\/ul><\/div>\n<div style='flex: 1 1 300px; min-width: 280px;'>\n<h3 style='font-size: 20px; border-bottom: 2px solid currentColor; padding-bottom: 5px; margin-top: 0; color: inherit; opacity: 0.8;'>Requisitos y Compatibilidad<\/h3>\n<ul style='padding-left: 20px; font-size: 14px; color: inherit;'>\n<li style='margin-bottom: 5px;'>Alimentaci\u00f3n mediante 2xAAA Pilas<\/li>\n<li style='margin-bottom: 5px;'>Compatibilidad con Ranura de Extensi\u00f3n NX 8809\/C<\/li>\n<\/ul><\/div>\n<\/p><\/div>\n<div style='display: flex; flex-direction: column; gap: 15px;'>\n<h3 style='font-size: 20px; border-bottom: 2px solid currentColor; padding-bottom: 5px; margin-top: 0; color: inherit; opacity: 0.8;'>Aplicaciones y Casos de Uso<\/h3>\n<p style='font-size: 14px; color: inherit;'>Este terminal es ideal para entornos m\u00e9dicos donde el acceso r\u00e1pido a la asistencia es crucial. Sus botones de alarma personalizados y distancia de transmisi\u00f3n de hasta 400 metros lo convierten en una soluci\u00f3n eficaz para hospitales y residencias de ancianos.<\/p>\n<\/p><\/div>\n<p> <!-- Separador --> <\/p>\n<hr style='border: 0; border-top: 1px solid rgba(150&comma; 150&comma; 150&comma; 0.3); margin: 30px 0;'> <\/div>\n<\/p><\/div>\n","protected":false},"excerpt":{"rendered":"<p>Terminal de Cama Inal\u00e1mbrico \/ Bot\u00f3n de Alarma Presencia y M\u00e9dico \/ IP54 \/ Material ABS Antibacteriano \/ RF 433MHz \/ 400 metros Distancia Transmisi\u00f3n (linea de vista)\/ Alimentaci\u00f3n 2xAAA \/ Protocolo POCSAG<\/p>\n","protected":false},"featured_media":2544,"comment_status":"open","ping_status":"closed","template":"","meta":[],"product_brand":[],"product_cat":[151],"product_tag":[152,153,126],"class_list":{"0":"post-2545","1":"product","2":"type-product","3":"status-publish","4":"has-post-thumbnail","6":"product_cat-atencion-sociosanitaria","7":"product_tag-atencion-sociosanitaria","8":"product_tag-ibernex","9":"product_tag-sistemas-de-emergencia","11":"first","12":"outofstock","13":"sale","14":"shipping-taxable","15":"purchasable","16":"product-type-simple"},"_links":{"self":[{"href":"https:\/\/soydeaqui.ddns.net\/pachuca\/index.php\/wp-json\/wp\/v2\/product\/2545","targetHints":{"allow":["GET"]}}],"collection":[{"href":"https:\/\/soydeaqui.ddns.net\/pachuca\/index.php\/wp-json\/wp\/v2\/product"}],"about":[{"href":"https:\/\/soydeaqui.ddns.net\/pachuca\/index.php\/wp-json\/wp\/v2\/types\/product"}],"replies":[{"embeddable":true,"href":"https:\/\/soydeaqui.ddns.net\/pachuca\/index.php\/wp-json\/wp\/v2\/comments?post=2545"}],"wp:featuredmedia":[{"embeddable":true,"href":"https:\/\/soydeaqui.ddns.net\/pachuca\/index.php\/wp-json\/wp\/v2\/media\/2544"}],"wp:attachment":[{"href":"https:\/\/soydeaqui.ddns.net\/pachuca\/index.php\/wp-json\/wp\/v2\/media?parent=2545"}],"wp:term":[{"taxonomy":"product_brand","embeddable":true,"href":"https:\/\/soydeaqui.ddns.net\/pachuca\/index.php\/wp-json\/wp\/v2\/product_brand?post=2545"},{"taxonomy":"product_cat","embeddable":true,"href":"https:\/\/soydeaqui.ddns.net\/pachuca\/index.php\/wp-json\/wp\/v2\/product_cat?post=2545"},{"taxonomy":"product_tag","embeddable":true,"href":"https:\/\/soydeaqui.ddns.net\/pachuca\/index.php\/wp-json\/wp\/v2\/product_tag?post=2545"}],"curies":[{"name":"wp","href":"https:\/\/api.w.org\/{rel}","templated":true}]}}