{"id":25430,"date":"2026-03-18T11:53:43","date_gmt":"2026-03-18T11:53:43","guid":{"rendered":"https:\/\/soydeaqui.ddns.net\/pachuca\/index.php\/producto\/convertidor-de-lectora-para-control-de-acceso-cableado-a-inalambrico-1-wiegand-2-relevadores-2-entradas-hasta-1-6-km-de-distancia\/"},"modified":"2026-03-18T11:53:48","modified_gmt":"2026-03-18T11:53:48","slug":"convertidor-de-lectora-para-control-de-acceso-cableado-a-inalambrico-1-wiegand-2-relevadores-2-entradas-hasta-1-6-km-de-distancia","status":"publish","type":"product","link":"https:\/\/soydeaqui.ddns.net\/pachuca\/index.php\/producto\/convertidor-de-lectora-para-control-de-acceso-cableado-a-inalambrico-1-wiegand-2-relevadores-2-entradas-hasta-1-6-km-de-distancia\/","title":{"rendered":"Convertidor de lectora para control de acceso (cableado a inal\u00e1mbrico) \/ 1 Wiegand \/ 2 Relevadores \/ 2 Entradas \/ Hasta 1.6 KM de distancia"},"content":{"rendered":"<div style='width: 100%; max-width: 1200px; margin: 0 auto; font-family: sans-serif; line-height: 1.6; color: inherit; background-color: transparent;'>\n<p style='text-align: center; margin: 0; padding: 0;'><img style='width: 100%; height: auto; border: 1px solid rgba(150&comma;150&comma;150&comma;0.3); border-radius: 8px;' src='https:\/\/ftp3.syscom.mx\/usuarios\/vvega\/yonusa\/equipos\/wie01\/WIE01.jpg' alt=''><\/p>\n<div style='display: flex; flex-wrap: wrap; gap: 30px; margin: 30px 0;'>\n<div style='flex: 1 1 300px; min-width: 280px;'>\n<ul style='padding-left: 20px; font-size: 15px; color: inherit; list-style-type: disc;'>\n<li style='margin-bottom: 5px;'>Adem\u00e1s&comma; cuenta con la funci\u00f3n de transmitir el encendido o apagado de relevadores de contacto seco tanto en el dispositivo transmisor como en el receptor. Reemplaza el cableado de un sistema nuevo o ya existente ahorrando tiempo y dinero en las instalaciones de sistemas de control de acceso.<\/li>\n<li style='margin-bottom: 5px;'>Reemplaza el cableado en un sistema nuevo o existente de relevadores. Ideal para el control de dispositivos de alto voltaje como motores&comma; reflectores&comma; aire acondicionado&comma; calentador de agua o se\u00f1ales de control como un panel de alarma ya que el receptor entrega una salida de relevador a contacto seco.<\/li>\n<li style='margin-bottom: 5px;'>El equipo consta de dos m\u00f3dulos&comma; cada uno con un transceptor RF y cuenta con una seguridad de cifrado.<\/li>\n<\/ul><\/div>\n<\/p><\/div>\n<div style='display: flex; flex-wrap: wrap; gap: 20px; margin: 30px 0;'>\n<div style='flex: 1 1 250px; border: 1px solid rgba(150&comma; 150&comma; 150&comma; 0.4); border-radius: 8px; overflow: hidden; display: flex; flex-direction: column;'>\n<div style='padding: 15px; border-bottom: 1px solid rgba(150&comma; 150&comma; 150&comma; 0.2); font-weight: bold; font-size: 18px; color: inherit;'>Contenido de la Caja<\/div>\n<div style='padding: 15px; color: inherit;'>\n<ul style='padding-left: 20px; margin: 0; font-size: 14px; list-style-type: disc;'>\n<li style='margin-bottom: 5px;'>1 m\u00f3dulo Maestro (Transmisor)<\/li>\n<li style='margin-bottom: 5px;'>1 m\u00f3dulo Esclavo (Receptor)<\/li>\n<li style='margin-bottom: 5px;'>2 fuentes de alimentaci\u00f3n<\/li>\n<li style='margin-bottom: 5px;'>2 antenas Dipolo Omnidireccional<\/li>\n<\/ul><\/div>\n<\/p><\/div>\n<div style='flex: 1 1 250px; border: 1px solid rgba(150&comma; 150&comma; 150&comma; 0.4); border-radius: 8px; overflow: hidden; display: flex; flex-direction: column;'>\n<div style='padding: 15px; border-bottom: 1px solid rgba(150&comma; 150&comma; 150&comma; 0.2); font-weight: bold; font-size: 18px; color: inherit;'>Funcionalidad<\/div>\n<div style='padding: 15px; color: inherit;'>\n<ul style='padding-left: 20px; margin: 0; font-size: 14px; list-style-type: disc;'>\n<li style='margin-bottom: 5px;'>Evita tendidos largos de cableado&comma; tuber\u00eda y mano de obra extra en instalaciones<\/li>\n<li style='margin-bottom: 5px;'>Se instala en cuesti\u00f3n de minutos<\/li>\n<li style='margin-bottom: 5px;'>Hasta 1.6KM de distancia<\/li>\n<li style='margin-bottom: 5px;'>Excelente costo\/beneficio comparado con instalaciones cableadas<\/li>\n<li style='margin-bottom: 5px;'>Compatible con cualquier dispositivo que funcione a trav\u00e9s de protocolo Wiegand<\/li>\n<li style='margin-bottom: 5px;'>Compatible con sistemas 8&comma; 26 y 34 bits<\/li>\n<li style='margin-bottom: 5px;'>Funci\u00f3n TEST para comprobar si hay comunicaci\u00f3n en las tarjetas<\/li>\n<li style='margin-bottom: 5px;'>Control de acceso por tarjeta&comma; biom\u00e9trico o por teclado<\/li>\n<\/ul><\/div>\n<\/p><\/div>\n<div style='flex: 1 1 250px; border: 1px solid rgba(150&comma; 150&comma; 150&comma; 0.4); border-radius: 8px; overflow: hidden; display: flex; flex-direction: column;'>\n<div style='padding: 15px; border-bottom: 1px solid rgba(150&comma; 150&comma; 150&comma; 0.2); font-weight: bold; font-size: 18px; color: inherit;'>Caracter\u00edsticas F\u00edsicas y El\u00e9ctricas<\/div>\n<div style='padding: 15px; color: inherit;'>\n<ul style='padding-left: 20px; margin: 0; font-size: 14px; list-style-type: disc;'>\n<li style='margin-bottom: 5px;'>Contiene Transmisor y Receptor WIEGAND<\/li>\n<li style='margin-bottom: 5px;'>Frecuencia central: 915MHz<\/li>\n<li style='margin-bottom: 5px;'>Voltaje de entrada: 12 Vcc (ya incluye eliminador)<\/li>\n<li style='margin-bottom: 5px;'>Potencia de transmisi\u00f3n: 27 dBm<\/li>\n<li style='margin-bottom: 5px;'>Sensibilidad de recepci\u00f3n: -132 dBm<\/li>\n<li style='margin-bottom: 5px;'>Intervalo de temperatura: -40 a 85 \u00b0C<\/li>\n<li style='margin-bottom: 5px;'>Salida Wiegand: 1<\/li>\n<li style='margin-bottom: 5px;'>Salidas Relevador: 2<\/li>\n<li style='margin-bottom: 5px;'>Dimensiones: 9.5 x 9 x 4 cm<\/li>\n<\/ul><\/div>\n<\/p><\/div>\n<div style='flex: 1 1 250px; border: 1px solid rgba(150&comma; 150&comma; 150&comma; 0.4); border-radius: 8px; overflow: hidden; display: flex; flex-direction: column;'>\n<div style='padding: 15px; border-bottom: 1px solid rgba(150&comma; 150&comma; 150&comma; 0.2); font-weight: bold; font-size: 18px; color: inherit;'>Caracter\u00edsticas Destacadas<\/div>\n<div style='padding: 15px; color: inherit;'>\n<p style='margin: 0 0 15px 0;'>Consta de 2 equipos (Maestro y Esclavo)<\/p>\n<p style='margin: 0 0 15px 0;'><strong>Maestro:<\/strong> Es el encargado de recibir los datos de alg\u00fan dispositivo&comma; este se conectar\u00e1 a un dispositivo de control de acceso&comma; ya sea por medio de un teclado&comma; una tarjeta o un sistema biom\u00e9trico&comma; al recibir estos datos los transmitir\u00e1 de forma inal\u00e1mbrica al m\u00f3dulo esclavo (receptor) para efectuar la tarea pertinente.<\/p>\n<p style='margin: 0;'><strong>Esclavo:<\/strong> El receptor es el dispositivo encargado de recibir los comandos cifrados enviados por el m\u00f3dulo maestro (transmisor) y reproducir la informaci\u00f3n en protocolo Wiegand&comma; as\u00ed como activar los relevadores que se requieran de conmutar la carga conectada. Adem\u00e1s de utilizar un actuador para abrir una puerta o conectar el protocolo Wiegand hacia el lugar deseado.<\/p>\n<\/p><\/div>\n<\/p><\/div>\n<\/p><\/div>\n<p style='text-align: center; margin: 30px 0 0 0; padding: 0;'><img style='width: 100%; height: auto; border: 1px solid rgba(150&comma;150&comma;150&comma;0.3); border-radius: 8px;' src='http:\/\/ftp3.syscom.mx\/usuarios\/maguilar\/Yonusa\/WIE01\/WIE01-3.jpg' alt=''><\/p>\n<p style='text-align: center; margin: 30px 0; padding: 0;'><img style='width: 100%; height: auto; border: 1px solid rgba(150&comma;150&comma;150&comma;0.3); border-radius: 8px;' src='https:\/\/ftp3.syscom.mx\/usuarios\/vvega\/yonusa\/equipos\/wie01\/wiegand.jpg' alt=''><\/p>\n<\/p><\/div>\n","protected":false},"excerpt":{"rendered":"<p>Convertidor de lectora para control de acceso (cableado a inal\u00e1mbrico) \/ 1 Wiegand \/ 2 Relevadores \/ 2 Entradas \/ Hasta 1.6 KM de distancia<\/p>\n","protected":false},"featured_media":25429,"comment_status":"open","ping_status":"closed","template":"","meta":[],"product_brand":[],"product_cat":[837],"product_tag":[93,838,84],"class_list":{"0":"post-25430","1":"product","2":"type-product","3":"status-publish","4":"has-post-thumbnail","6":"product_cat-cables-para-control-de-acceso","7":"product_tag-accesorios","8":"product_tag-cables-para-control-de-acceso","9":"product_tag-yonusa","11":"first","12":"instock","13":"sale","14":"shipping-taxable","15":"purchasable","16":"product-type-simple"},"_links":{"self":[{"href":"https:\/\/soydeaqui.ddns.net\/pachuca\/index.php\/wp-json\/wp\/v2\/product\/25430","targetHints":{"allow":["GET"]}}],"collection":[{"href":"https:\/\/soydeaqui.ddns.net\/pachuca\/index.php\/wp-json\/wp\/v2\/product"}],"about":[{"href":"https:\/\/soydeaqui.ddns.net\/pachuca\/index.php\/wp-json\/wp\/v2\/types\/product"}],"replies":[{"embeddable":true,"href":"https:\/\/soydeaqui.ddns.net\/pachuca\/index.php\/wp-json\/wp\/v2\/comments?post=25430"}],"wp:featuredmedia":[{"embeddable":true,"href":"https:\/\/soydeaqui.ddns.net\/pachuca\/index.php\/wp-json\/wp\/v2\/media\/25429"}],"wp:attachment":[{"href":"https:\/\/soydeaqui.ddns.net\/pachuca\/index.php\/wp-json\/wp\/v2\/media?parent=25430"}],"wp:term":[{"taxonomy":"product_brand","embeddable":true,"href":"https:\/\/soydeaqui.ddns.net\/pachuca\/index.php\/wp-json\/wp\/v2\/product_brand?post=25430"},{"taxonomy":"product_cat","embeddable":true,"href":"https:\/\/soydeaqui.ddns.net\/pachuca\/index.php\/wp-json\/wp\/v2\/product_cat?post=25430"},{"taxonomy":"product_tag","embeddable":true,"href":"https:\/\/soydeaqui.ddns.net\/pachuca\/index.php\/wp-json\/wp\/v2\/product_tag?post=25430"}],"curies":[{"name":"wp","href":"https:\/\/api.w.org\/{rel}","templated":true}]}}