{"id":2543,"date":"2026-03-18T05:58:10","date_gmt":"2026-03-18T05:58:10","guid":{"rendered":"https:\/\/soydeaqui.ddns.net\/pachuca\/index.php\/producto\/contactos-magneticos-de-montaje-superficial-miniatura-lazo-cerrado-gap-3-4-cables-laterales-blanco-o-cafe-alta-resistencia\/"},"modified":"2026-03-18T05:58:10","modified_gmt":"2026-03-18T05:58:10","slug":"contactos-magneticos-de-montaje-superficial-miniatura-lazo-cerrado-gap-3-4-cables-laterales-blanco-o-cafe-alta-resistencia","status":"publish","type":"product","link":"https:\/\/soydeaqui.ddns.net\/pachuca\/index.php\/producto\/contactos-magneticos-de-montaje-superficial-miniatura-lazo-cerrado-gap-3-4-cables-laterales-blanco-o-cafe-alta-resistencia\/","title":{"rendered":"Contactos Magn\u00e9ticos de Montaje Superficial \/ Miniatura \/ Lazo Cerrado \/ Gap 3\/4&#8243; \/ Cables Laterales \/ Blanco o Caf\u00e9 \/ Alta Resistencia"},"content":{"rendered":"<div style='width: 100%; max-width: 1200px; margin: 0 auto; font-family: sans-serif; line-height: 1.6; color: inherit; background-color: transparent;'>\n<div style='margin-bottom: 30px;'>\n<p style='font-size: 18px; line-height: 1.6; margin: 0; color: inherit;'> Los contactos magn\u00e9ticos de montaje en superficie de SECO-LARM est\u00e1n dise\u00f1ados para espacios reducidos&comma; ideales para puertas corredizas y ventanas. Con una carcasa de pl\u00e1stico ABS resistente a la intemperie y contactos chapados en oro&comma; aseguran una larga vida \u00fatil y un rendimiento confiable. Disponible en colores blanco y caf\u00e9. <\/p>\n<\/p><\/div>\n<div style='display: flex; flex-wrap: wrap; gap: 20px; margin-bottom: 30px;'>\n<div style='flex: 1 1 250px; border: 1px solid rgba(150&comma; 150&comma; 150&comma; 0.4); border-radius: 8px; overflow: hidden; display: flex; flex-direction: column;'>\n<div style='padding: 15px; border-bottom: 1px solid rgba(150&comma; 150&comma; 150&comma; 0.2); font-weight: bold; font-size: 18px; color: inherit;'>Caracter\u00edsticas Principales:<\/div>\n<div style='padding: 15px; color: inherit;'>\n<ul style='padding-left: 20px; margin: 0; font-size: 14px; list-style-type: disc;'>\n<li style='margin-bottom: 5px;'>Montaje en superficie tipo brida<\/li>\n<li style='margin-bottom: 5px;'>ABS resistente al impacto<\/li>\n<li style='margin-bottom: 5px;'>Contactos chapados en oro<\/li>\n<li style='margin-bottom: 5px;'>Brecha operacional de 3\/4&#8242;<\/li>\n<\/ul><\/div>\n<\/p><\/div>\n<div style='flex: 1 1 250px; border: 1px solid rgba(150&comma; 150&comma; 150&comma; 0.4); border-radius: 8px; overflow: hidden; display: flex; flex-direction: column;'>\n<div style='padding: 15px; border-bottom: 1px solid rgba(150&comma; 150&comma; 150&comma; 0.2); font-weight: bold; font-size: 18px; color: inherit;'>Caracter\u00edsticas F\u00edsicas y El\u00e9ctricas:<\/div>\n<div style='padding: 15px; color: inherit;'>\n<ul style='padding-left: 20px; margin: 0; font-size: 14px; list-style-type: disc;'>\n<li style='margin-bottom: 5px;'>Contacto: 1.0A@10VDC m\u00e1ximo<\/li>\n<li style='margin-bottom: 5px;'>Tipo de Montaje: Superficie<\/li>\n<li style='margin-bottom: 5px;'>F\u00e1cil montaje con tornillo o adhesivo<\/li>\n<li style='margin-bottom: 5px;'>50 millones de ciclos de conmutaci\u00f3n<\/li>\n<\/ul><\/div>\n<\/p><\/div>\n<div style='flex: 1 1 250px; border: 1px solid rgba(150&comma; 150&comma; 150&comma; 0.4); border-radius: 8px; overflow: hidden; display: flex; flex-direction: column;'>\n<div style='padding: 15px; border-bottom: 1px solid rgba(150&comma; 150&comma; 150&comma; 0.2); font-weight: bold; font-size: 18px; color: inherit;'>Caracter\u00edsticas Destacadas:<\/div>\n<div style='padding: 15px; color: inherit;'>\n<ul style='padding-left: 20px; margin: 0; font-size: 14px; list-style-type: disc;'>\n<li style='margin-bottom: 5px;'>Cables de 15&#8242; desde el lado<\/li>\n<li style='margin-bottom: 5px;'>Circuito cerrado (Lazo cerrado)<\/li>\n<li style='margin-bottom: 5px;'>Conmutaci\u00f3n SPST<\/li>\n<li style='margin-bottom: 5px;'>Dimensiones (32x8x6 mm)<\/li>\n<li style='margin-bottom: 5px;'>Rango de temperatura: -25\u00b0~70\u00b0 C<\/li>\n<\/ul><\/div>\n<\/p><\/div>\n<\/p><\/div>\n<hr style='border: 0; border-top: 1px solid rgba(150&comma; 150&comma; 150&comma; 0.3); margin: 30px 0;'>\n<div style='margin-bottom: 30px;'>\n<h2 style='font-size: 20px; margin: 0 0 15px 0; color: inherit; opacity: 0.8; text-align: center;'>Aplicaciones y Casos de Uso<\/h2>\n<div style='margin: 20px 0;'>\n<h3 style='font-size: 18px; margin: 0 0 10px 0; color: inherit; text-align: center;'>Puertas Correderas<\/h3>\n<p style='margin: 0; font-size: 14px; text-align: center; color: inherit;'>Ideal para usar en puertas correderas donde el espacio es una limitaci\u00f3n.<\/p>\n<\/p><\/div>\n<div style='margin: 20px 0;'>\n<h3 style='font-size: 18px; margin: 0 0 10px 0; color: inherit; text-align: center;'>Ventanas<\/h3>\n<p style='margin: 0; font-size: 14px; text-align: center; color: inherit;'>Adecuados para instalaciones en ventanas por su tama\u00f1o reducido<\/p>\n<\/p><\/div>\n<\/p><\/div>\n<hr style='border: 0; border-top: 1px solid rgba(150&comma; 150&comma; 150&comma; 0.3); margin: 30px 0;'> <\/div>\n","protected":false},"excerpt":{"rendered":"<p>Contactos Magn\u00e9ticos de Montaje Superficial \/ Miniatura \/ Lazo Cerrado \/ Gap 3\/4&#8243; \/ Cables Laterales \/ Blanco o Caf\u00e9 \/ Alta Resistencia<\/p>\n","protected":false},"featured_media":2542,"comment_status":"open","ping_status":"closed","template":"","meta":[],"product_brand":[],"product_cat":[113],"product_tag":[115,114,116],"class_list":{"0":"post-2543","1":"product","2":"type-product","3":"status-publish","4":"has-post-thumbnail","6":"product_cat-contacto-magnetico-cableado","7":"product_tag-contacto-magnetico-cableado","8":"product_tag-contactos-magneticos","9":"product_tag-enforcer-secolarm","11":"first","12":"outofstock","13":"sale","14":"shipping-taxable","15":"purchasable","16":"product-type-simple"},"_links":{"self":[{"href":"https:\/\/soydeaqui.ddns.net\/pachuca\/index.php\/wp-json\/wp\/v2\/product\/2543","targetHints":{"allow":["GET"]}}],"collection":[{"href":"https:\/\/soydeaqui.ddns.net\/pachuca\/index.php\/wp-json\/wp\/v2\/product"}],"about":[{"href":"https:\/\/soydeaqui.ddns.net\/pachuca\/index.php\/wp-json\/wp\/v2\/types\/product"}],"replies":[{"embeddable":true,"href":"https:\/\/soydeaqui.ddns.net\/pachuca\/index.php\/wp-json\/wp\/v2\/comments?post=2543"}],"wp:featuredmedia":[{"embeddable":true,"href":"https:\/\/soydeaqui.ddns.net\/pachuca\/index.php\/wp-json\/wp\/v2\/media\/2542"}],"wp:attachment":[{"href":"https:\/\/soydeaqui.ddns.net\/pachuca\/index.php\/wp-json\/wp\/v2\/media?parent=2543"}],"wp:term":[{"taxonomy":"product_brand","embeddable":true,"href":"https:\/\/soydeaqui.ddns.net\/pachuca\/index.php\/wp-json\/wp\/v2\/product_brand?post=2543"},{"taxonomy":"product_cat","embeddable":true,"href":"https:\/\/soydeaqui.ddns.net\/pachuca\/index.php\/wp-json\/wp\/v2\/product_cat?post=2543"},{"taxonomy":"product_tag","embeddable":true,"href":"https:\/\/soydeaqui.ddns.net\/pachuca\/index.php\/wp-json\/wp\/v2\/product_tag?post=2543"}],"curies":[{"name":"wp","href":"https:\/\/api.w.org\/{rel}","templated":true}]}}