{"id":25413,"date":"2026-03-18T11:53:25","date_gmt":"2026-03-18T11:53:25","guid":{"rendered":"https:\/\/soydeaqui.ddns.net\/pachuca\/index.php\/producto\/lector-autonomo-de-reconocimiento-facial-y-codigo-qr-para-exterior\/"},"modified":"2026-03-18T11:53:26","modified_gmt":"2026-03-18T11:53:26","slug":"lector-autonomo-de-reconocimiento-facial-y-codigo-qr-para-exterior","status":"publish","type":"product","link":"https:\/\/soydeaqui.ddns.net\/pachuca\/index.php\/producto\/lector-autonomo-de-reconocimiento-facial-y-codigo-qr-para-exterior\/","title":{"rendered":"Lector Autonomo de Reconocimiento Facial y C\u00f3digo QR para Exterior"},"content":{"rendered":"<div style='width: 100%; max-width: 1200px; margin: 0 auto; font-family: sans-serif; line-height: 1.6; color: inherit; background-color: transparent;'>\n<div style='display: flex; flex-wrap: wrap; gap: 30px; margin-bottom: 30px;'>\n<div style='flex: 1 1 300px; min-width: 280px;'>\n<p style='font-size: 15px; color: inherit; margin-bottom: 15px;'>ProMA es un terminal independiente de control de acceso de gama alta&comma; equipado con visible light y construido en metal resistente para exteriores.<\/p>\n<p style='font-size: 15px; color: inherit; margin-bottom: 15px;'>ProMa es IP66 a prueba de agua y anticolisi\u00f3n IK07. Esta serie incluye tres modelos&comma; ProMA&comma; que admite reconocimiento facial&comma; reconocimiento de huellas dactilares y RFID&comma; ProMA-RF&comma; con reconocimiento facial y RFID y ProMA-QR con reconocimiento facial y m\u00f3dulo de c\u00f3digo QR. Admiten el protocolo de comunicaci\u00f3n PUSH y est\u00e1n equipados con la \u00faltima tecnolog\u00eda biom\u00e9trica h\u00edbrida y software ZKBio CVSecurity<\/p>\n<\/p><\/div>\n<\/p><\/div>\n<div style='display: flex; flex-wrap: wrap; gap: 20px; margin-bottom: 30px;'>\n<div style='flex: 1 1 250px; border: 1px solid rgba(150&comma; 150&comma; 150&comma; 0.4); border-radius: 8px; overflow: hidden; display: flex; flex-direction: column;'>\n<div style='padding: 15px; border-bottom: 1px solid rgba(150&comma; 150&comma; 150&comma; 0.2); font-weight: bold; font-size: 18px; color: inherit;'>Caracter\u00edsticas principales:<\/div>\n<div style='padding: 15px; color: inherit;'>\n<ul style='padding-left: 20px; margin: 0; font-size: 14px; list-style-type: disc;'>\n<li style='margin-bottom: 5px;'>Reconocimiento facial<\/li>\n<li style='margin-bottom: 5px;'>Lectura codigos QR Dinamico<\/li>\n<li style='margin-bottom: 5px;'>Capacidad de usuarios 50&comma;000<\/li>\n<li style='margin-bottom: 5px;'>Capacidad facial 30&comma;000<\/li>\n<li style='margin-bottom: 5px;'>Capacidad de eventos 500&comma;000<\/li>\n<\/ul><\/div>\n<\/p><\/div>\n<div style='flex: 1 1 250px; border: 1px solid rgba(150&comma; 150&comma; 150&comma; 0.4); border-radius: 8px; overflow: hidden; display: flex; flex-direction: column;'>\n<div style='padding: 15px; border-bottom: 1px solid rgba(150&comma; 150&comma; 150&comma; 0.2); font-weight: bold; font-size: 18px; color: inherit;'>Caracter\u00edsticas F\u00edsicas y El\u00e9ctricas:<\/div>\n<div style='padding: 15px; color: inherit;'>\n<ul style='padding-left: 20px; margin: 0; font-size: 14px; list-style-type: disc;'>\n<li style='margin-bottom: 5px;'>Alimentacion 12v 3Amp (No incluida)<\/li>\n<li style='margin-bottom: 5px;'>Proteccion: IP66\/ IK07<\/li>\n<li style='margin-bottom: 5px;'>Dimensiones 68.7*194.7*28.3mm<\/li>\n<\/ul><\/div>\n<\/p><\/div>\n<div style='flex: 1 1 250px; border: 1px solid rgba(150&comma; 150&comma; 150&comma; 0.4); border-radius: 8px; overflow: hidden; display: flex; flex-direction: column;'>\n<div style='padding: 15px; border-bottom: 1px solid rgba(150&comma; 150&comma; 150&comma; 0.2); font-weight: bold; font-size: 18px; color: inherit;'>Caracter\u00edsticas Destacadas:<\/div>\n<div style='padding: 15px; color: inherit;'>\n<ul style='padding-left: 20px; margin: 0; font-size: 14px; list-style-type: disc;'>\n<li style='margin-bottom: 5px;'>Comunicaci\u00f3n: TCP\/IP&comma; Wiegand &#038; RS485<\/li>\n<li style='margin-bottom: 5px;'>Sistema operativo: Linux<\/li>\n<li style='margin-bottom: 5px;'>Funcion estandar: ADMS&comma; DST&comma; C\u00e1mara&comma; ID de usuario de 14 d\u00edgitos&comma; Niveles de acceso&comma; Grupos&comma; D\u00edas festivos&comma; Anti passback&comma; Consulta de registro&comma; Alarma de interruptor de sabotaje<\/li>\n<li style='margin-bottom: 5px;'>Software compatibles: ZKBIOCVSECURITY &#038; ZKBIOACCESS<\/li>\n<\/ul><\/div>\n<\/p><\/div>\n<\/p><\/div>\n<\/p><\/div>\n","protected":false},"excerpt":{"rendered":"<p>Lector Autonomo de Reconocimiento Facial y C\u00f3digo QR para Exterior<\/p>\n","protected":false},"featured_media":25412,"comment_status":"open","ping_status":"closed","template":"","meta":[],"product_brand":[],"product_cat":[806],"product_tag":[744,807,844],"class_list":{"0":"post-25413","1":"product","2":"type-product","3":"status-publish","4":"has-post-thumbnail","6":"product_cat-para-control-de-acceso","7":"product_tag-biometricos","8":"product_tag-para-control-de-acceso","9":"product_tag-zkteco","11":"first","12":"instock","13":"sale","14":"shipping-taxable","15":"purchasable","16":"product-type-simple"},"_links":{"self":[{"href":"https:\/\/soydeaqui.ddns.net\/pachuca\/index.php\/wp-json\/wp\/v2\/product\/25413","targetHints":{"allow":["GET"]}}],"collection":[{"href":"https:\/\/soydeaqui.ddns.net\/pachuca\/index.php\/wp-json\/wp\/v2\/product"}],"about":[{"href":"https:\/\/soydeaqui.ddns.net\/pachuca\/index.php\/wp-json\/wp\/v2\/types\/product"}],"replies":[{"embeddable":true,"href":"https:\/\/soydeaqui.ddns.net\/pachuca\/index.php\/wp-json\/wp\/v2\/comments?post=25413"}],"wp:featuredmedia":[{"embeddable":true,"href":"https:\/\/soydeaqui.ddns.net\/pachuca\/index.php\/wp-json\/wp\/v2\/media\/25412"}],"wp:attachment":[{"href":"https:\/\/soydeaqui.ddns.net\/pachuca\/index.php\/wp-json\/wp\/v2\/media?parent=25413"}],"wp:term":[{"taxonomy":"product_brand","embeddable":true,"href":"https:\/\/soydeaqui.ddns.net\/pachuca\/index.php\/wp-json\/wp\/v2\/product_brand?post=25413"},{"taxonomy":"product_cat","embeddable":true,"href":"https:\/\/soydeaqui.ddns.net\/pachuca\/index.php\/wp-json\/wp\/v2\/product_cat?post=25413"},{"taxonomy":"product_tag","embeddable":true,"href":"https:\/\/soydeaqui.ddns.net\/pachuca\/index.php\/wp-json\/wp\/v2\/product_tag?post=25413"}],"curies":[{"name":"wp","href":"https:\/\/api.w.org\/{rel}","templated":true}]}}