{"id":25406,"date":"2026-03-18T11:53:19","date_gmt":"2026-03-18T11:53:19","guid":{"rendered":"https:\/\/soydeaqui.ddns.net\/pachuca\/index.php\/producto\/lector-wiegand-de-codigo-qr-y-tarjeta-de-proximidad-em\/"},"modified":"2026-03-18T11:53:20","modified_gmt":"2026-03-18T11:53:20","slug":"lector-wiegand-de-codigo-qr-y-tarjeta-de-proximidad-em","status":"publish","type":"product","link":"https:\/\/soydeaqui.ddns.net\/pachuca\/index.php\/producto\/lector-wiegand-de-codigo-qr-y-tarjeta-de-proximidad-em\/","title":{"rendered":"Lector Wiegand de Codigo QR y Tarjeta de Proximidad EM"},"content":{"rendered":"<div style='width: 100%; max-width: 1200px; margin: 0 auto; font-family: sans-serif; line-height: 1.6; color: inherit; background-color: transparent;'>\n<p style='font-size: 15px; margin-bottom: 20px; color: inherit;'>La serie QR600 de lectores de c\u00f3digos QR y tarjetas RFID est\u00e1 fabricada en metal&comma; con clasificaci\u00f3n IP65 (resistente al agua y al polvo). El lector QR soporta el reconocimiento din\u00e1mico de c\u00f3digos QR con la aplicaci\u00f3n m\u00f3vil ZKBioSecurity.<\/p>\n<div style='display: flex; flex-wrap: wrap; gap: 30px; margin-bottom: 30px;'>\n<div style='flex: 1 1 300px; min-width: 280px;'>\n<h3 style='font-size: 20px; border-bottom: 2px solid currentColor; padding-bottom: 5px; margin-top: 0; color: inherit; opacity: 0.8;'>Caracter\u00edsticas principales<\/h3>\n<ul style='padding-left: 20px; font-size: 15px; color: inherit; list-style-type: disc;'>\n<li style='margin-bottom: 5px;'>Carcasa met\u00e1lica robusta e impermeable<\/li>\n<li style='margin-bottom: 5px;'>C\u00f3digos QR din\u00e1micos en la aplicaci\u00f3n m\u00f3vil ZKBioSecurity<\/li>\n<li style='margin-bottom: 5px;'>C\u00f3digo QR&comma; PDF417&comma; Data Matrix&comma; MicroPDF417&comma; Aztec<\/li>\n<li style='margin-bottom: 5px;'>Tarjetas compatibles 125kHz<\/li>\n<\/ul><\/div>\n<div style='flex: 1 1 300px; min-width: 280px;'>\n<h3 style='font-size: 20px; border-bottom: 2px solid currentColor; padding-bottom: 5px; margin-top: 0; color: inherit; opacity: 0.8;'>Caracter\u00edsticas F\u00edsicas y El\u00e9ctricas<\/h3>\n<ul style='padding-left: 20px; font-size: 15px; color: inherit; list-style-type: disc;'>\n<li style='margin-bottom: 5px;'>IP65 a prueba de agua<\/li>\n<li style='margin-bottom: 5px;'>Wiegand a 26 bits<\/li>\n<\/ul><\/div>\n<div style='flex: 1 1 300px; min-width: 280px;'>\n<h3 style='font-size: 20px; border-bottom: 2px solid currentColor; padding-bottom: 5px; margin-top: 0; color: inherit; opacity: 0.8;'>Caracter\u00edsticas Destacadas<\/h3>\n<div style='font-size: 15px; color: inherit;'>\n<p style='margin: 10px 0;'>Comunicaci\u00f3n: Wiegand &#038; RS485 (OSDP s\u00f3lo para RFID)<\/p>\n<p style='margin: 10px 0;'>Distancia de lectura: QR 5cm y Tarjeta RFID 4cm.<\/p>\n<p style='margin: 10px 0;'>Tarjetas compatibles: <a style='color: inherit; text-decoration: underline; background-color: transparent; font-size: 14px; font-weight: 600;' href='https:\/\/www.syscom.mx\/principal\/searchcont?route=ACCESS-ISO-CARD-AccessPRO-158546&#038;autodetect=tarjetas_prox'>ACCESS-ISO-CARD<\/a>&comma; <a style='color: inherit; text-decoration: underline; background-color: transparent; font-size: 14px; font-weight: 600;' href='https:\/\/www.syscom.mx\/principal\/searchcont?route=ACCESS-PROX-CARD-AccessPRO-158545&#038;autodetect=tarjetas_prox'>ACCESS-PROX-CARD&comma; ACCESSDUALUP.<\/a> <\/p>\n<\/p><\/div>\n<\/p><\/div>\n<\/p><\/div>\n<\/p><\/div>\n","protected":false},"excerpt":{"rendered":"<p>Lector Wiegand de Codigo QR y Tarjeta de Proximidad EM<\/p>\n","protected":false},"featured_media":25405,"comment_status":"open","ping_status":"closed","template":"","meta":[],"product_brand":[],"product_cat":[465],"product_tag":[466,467,844],"class_list":{"0":"post-25406","1":"product","2":"type-product","3":"status-publish","4":"has-post-thumbnail","6":"product_cat-proximidad-125-khz","7":"product_tag-lectoras-y-tarjetas","8":"product_tag-proximidad-125-khz","9":"product_tag-zkteco","11":"first","12":"instock","13":"sale","14":"shipping-taxable","15":"purchasable","16":"product-type-simple"},"_links":{"self":[{"href":"https:\/\/soydeaqui.ddns.net\/pachuca\/index.php\/wp-json\/wp\/v2\/product\/25406","targetHints":{"allow":["GET"]}}],"collection":[{"href":"https:\/\/soydeaqui.ddns.net\/pachuca\/index.php\/wp-json\/wp\/v2\/product"}],"about":[{"href":"https:\/\/soydeaqui.ddns.net\/pachuca\/index.php\/wp-json\/wp\/v2\/types\/product"}],"replies":[{"embeddable":true,"href":"https:\/\/soydeaqui.ddns.net\/pachuca\/index.php\/wp-json\/wp\/v2\/comments?post=25406"}],"wp:featuredmedia":[{"embeddable":true,"href":"https:\/\/soydeaqui.ddns.net\/pachuca\/index.php\/wp-json\/wp\/v2\/media\/25405"}],"wp:attachment":[{"href":"https:\/\/soydeaqui.ddns.net\/pachuca\/index.php\/wp-json\/wp\/v2\/media?parent=25406"}],"wp:term":[{"taxonomy":"product_brand","embeddable":true,"href":"https:\/\/soydeaqui.ddns.net\/pachuca\/index.php\/wp-json\/wp\/v2\/product_brand?post=25406"},{"taxonomy":"product_cat","embeddable":true,"href":"https:\/\/soydeaqui.ddns.net\/pachuca\/index.php\/wp-json\/wp\/v2\/product_cat?post=25406"},{"taxonomy":"product_tag","embeddable":true,"href":"https:\/\/soydeaqui.ddns.net\/pachuca\/index.php\/wp-json\/wp\/v2\/product_tag?post=25406"}],"curies":[{"name":"wp","href":"https:\/\/api.w.org\/{rel}","templated":true}]}}