{"id":25404,"date":"2026-03-18T11:53:18","date_gmt":"2026-03-18T11:53:18","guid":{"rendered":"https:\/\/soydeaqui.ddns.net\/pachuca\/index.php\/producto\/lector-wiegand-de-codigo-qr-tarjeta-de-proximidad-em-y-teclado\/"},"modified":"2026-03-18T11:53:18","modified_gmt":"2026-03-18T11:53:18","slug":"lector-wiegand-de-codigo-qr-tarjeta-de-proximidad-em-y-teclado","status":"publish","type":"product","link":"https:\/\/soydeaqui.ddns.net\/pachuca\/index.php\/producto\/lector-wiegand-de-codigo-qr-tarjeta-de-proximidad-em-y-teclado\/","title":{"rendered":"Lector Wiegand de C\u00f3digo QR Tarjeta de Proximidad EM y Teclado"},"content":{"rendered":"<div style='width: 100%; max-width: 1200px; margin: 0 auto; font-family: sans-serif; line-height: 1.6; color: inherit; background-color: transparent;'>\n<p style='margin-bottom: 1.5em;'>La serie QR600 de lectores de c\u00f3digos QR y tarjetas RFID est\u00e1 fabricada en metal&comma; con clasificaci\u00f3n IP65 (resistente al agua y al polvo). El lector QR soporta el reconocimiento din\u00e1mico de c\u00f3digos QR con la aplicaci\u00f3n m\u00f3vil ZKBioSecurity.<\/p>\n<div style='display: flex; flex-wrap: wrap; gap: 30px; margin-bottom: 30px;'>\n<div style='flex: 1 1 300px; min-width: 280px;'>\n<div style='border-left: 5px solid #0091ff; border-radius: 5px; padding: 15px; box-shadow: 2px 2px 10px rgba(216&comma; 216&comma; 216&comma; 0.5);'>\n<h3 style='font-size: 20px; margin-top: 0; margin-bottom: 15px; color: inherit; opacity: 0.8;'>Caracter\u00edsticas principales:<\/h3>\n<ul style='padding-left: 20px; font-size: 15px; color: inherit; list-style-type: disc;'>\n<li style='margin-bottom: 8px;'>Carcasa met\u00e1lica robusta e impermeable<\/li>\n<li style='margin-bottom: 8px;'>Teclado<\/li>\n<li style='margin-bottom: 8px;'>C\u00f3digo QR&comma; PDF417&comma; Data Matrix&comma; MicroPDF417&comma; Aztec<\/li>\n<li style='margin-bottom: 8px;'>Tarjetas compatibles 125kHz<\/li>\n<\/ul><\/div>\n<\/p><\/div>\n<div style='flex: 1 1 300px; min-width: 280px;'>\n<div style='border-left: 5px solid #0091ff; border-radius: 5px; padding: 15px; box-shadow: 2px 2px 10px rgba(216&comma; 216&comma; 216&comma; 0.5);'>\n<h3 style='font-size: 20px; margin-top: 0; margin-bottom: 15px; color: inherit; opacity: 0.8;'>Caracter\u00edsticas F\u00edsicas y El\u00e9ctricas:<\/h3>\n<ul style='padding-left: 20px; font-size: 15px; color: inherit; list-style-type: disc;'>\n<li style='margin-bottom: 8px;'>IP65 a prueba de agua<\/li>\n<li style='margin-bottom: 8px;'>Wiegand a 26 bits<\/li>\n<\/ul><\/div>\n<\/p><\/div>\n<div style='flex: 1 1 300px; min-width: 280px;'>\n<div style='border-left: 5px solid #0091ff; border-radius: 5px; padding: 15px; box-shadow: 2px 2px 10px rgba(216&comma; 216&comma; 216&comma; 0.5);'>\n<h3 style='font-size: 20px; margin-top: 0; margin-bottom: 15px; color: inherit; opacity: 0.8;'>Caracter\u00edsticas Destacadas:<\/h3>\n<div style='font-size: 15px; color: inherit;'>\n<p style='margin-bottom: 8px;'>Comunicaci\u00f3n: Wiegand &#038; RS485 (OSDP s\u00f3lo para RFID)<\/p>\n<p style='margin-bottom: 8px;'>Distancia de lectura: QR 5cm y Tarjeta RFID 4cm.<\/p>\n<p style='margin-bottom: 0;'>Tarjetas compatibles: <a style='color: inherit; text-decoration: underline; font-weight: 600;' href='https:\/\/www.syscom.mx\/principal\/searchcont?route=ACCESS-ISO-CARD-AccessPRO-158546&#038;autodetect=tarjetas_prox'> ACCESS-ISO-CARD <\/a> y <a style='color: inherit; text-decoration: underline; font-weight: 600;' href='https:\/\/www.syscom.mx\/principal\/searchcont?route=ACCESS-PROX-CARD-AccessPRO-158545&#038;autodetect=tarjetas_prox'> ACCESS-PROX-CARD <\/a> <\/p>\n<\/p><\/div>\n<\/p><\/div>\n<\/p><\/div>\n<\/p><\/div>\n<\/p><\/div>\n","protected":false},"excerpt":{"rendered":"<p>Lector Wiegand de C\u00f3digo QR Tarjeta de Proximidad EM y Teclado<\/p>\n","protected":false},"featured_media":25403,"comment_status":"open","ping_status":"closed","template":"","meta":[],"product_brand":[],"product_cat":[927],"product_tag":[466,928,844],"class_list":{"0":"post-25404","1":"product","2":"type-product","3":"status-publish","4":"has-post-thumbnail","6":"product_cat-qr","7":"product_tag-lectoras-y-tarjetas","8":"product_tag-qr","9":"product_tag-zkteco","11":"first","12":"instock","13":"sale","14":"shipping-taxable","15":"purchasable","16":"product-type-simple"},"_links":{"self":[{"href":"https:\/\/soydeaqui.ddns.net\/pachuca\/index.php\/wp-json\/wp\/v2\/product\/25404","targetHints":{"allow":["GET"]}}],"collection":[{"href":"https:\/\/soydeaqui.ddns.net\/pachuca\/index.php\/wp-json\/wp\/v2\/product"}],"about":[{"href":"https:\/\/soydeaqui.ddns.net\/pachuca\/index.php\/wp-json\/wp\/v2\/types\/product"}],"replies":[{"embeddable":true,"href":"https:\/\/soydeaqui.ddns.net\/pachuca\/index.php\/wp-json\/wp\/v2\/comments?post=25404"}],"wp:featuredmedia":[{"embeddable":true,"href":"https:\/\/soydeaqui.ddns.net\/pachuca\/index.php\/wp-json\/wp\/v2\/media\/25403"}],"wp:attachment":[{"href":"https:\/\/soydeaqui.ddns.net\/pachuca\/index.php\/wp-json\/wp\/v2\/media?parent=25404"}],"wp:term":[{"taxonomy":"product_brand","embeddable":true,"href":"https:\/\/soydeaqui.ddns.net\/pachuca\/index.php\/wp-json\/wp\/v2\/product_brand?post=25404"},{"taxonomy":"product_cat","embeddable":true,"href":"https:\/\/soydeaqui.ddns.net\/pachuca\/index.php\/wp-json\/wp\/v2\/product_cat?post=25404"},{"taxonomy":"product_tag","embeddable":true,"href":"https:\/\/soydeaqui.ddns.net\/pachuca\/index.php\/wp-json\/wp\/v2\/product_tag?post=25404"}],"curies":[{"name":"wp","href":"https:\/\/api.w.org\/{rel}","templated":true}]}}