{"id":25401,"date":"2026-03-18T11:53:15","date_gmt":"2026-03-18T11:53:15","guid":{"rendered":"https:\/\/soydeaqui.ddns.net\/pachuca\/index.php\/producto\/lector-wiegand-de-reconocimiento-facial-y-tarjeta-de-proximidad\/"},"modified":"2026-03-18T11:53:16","modified_gmt":"2026-03-18T11:53:16","slug":"lector-wiegand-de-reconocimiento-facial-y-tarjeta-de-proximidad","status":"publish","type":"product","link":"https:\/\/soydeaqui.ddns.net\/pachuca\/index.php\/producto\/lector-wiegand-de-reconocimiento-facial-y-tarjeta-de-proximidad\/","title":{"rendered":"Lector Wiegand de Reconocimiento Facial y Tarjeta de Proximidad"},"content":{"rendered":"<div style='width: 100%; max-width: 1200px; margin: 0 auto; font-family: sans-serif; line-height: 1.6; color: inherit; background-color: transparent;'> <!-- Descripci\u00f3n principal --> <\/p>\n<div style='margin-bottom: 30px; font-size: 15px; color: inherit;'>\n<p style='margin-top: 0; margin-bottom: 15px;'>La serie KF1000 es un innovador lector de reconocimiento facial de visible light dedicado al controlador biom\u00e9trico de la serie InBio que adopta la tecnolog\u00eda de reconocimiento facial r\u00e1pida&comma; estable y precisa. Como lector biom\u00e9trico de la nueva era&comma; la serie KF1000 est\u00e1 equipada con un puerto TCP\/IP de alta velocidad de 100 Mb\/s para plantillas faciales y sincronizaci\u00f3n de datos. Wiegand y RS485 (pr\u00f3ximamente) disponibles para comunicarse con los controladores InBio para uso de autenticaci\u00f3n. Todo el sistema est\u00e1 vinculado con ZKTeco Cyber Security Base Line (ZKCSBL) para garantizar que los datos de los usuarios est\u00e9n bajo la mejor protecci\u00f3n que ZKTeco puede ofrecer<\/p>\n<\/p><\/div>\n<p> <!-- Secci\u00f3n de caracter\u00edsticas --> <\/p>\n<div style='display: flex; flex-wrap: wrap; gap: 20px; margin-bottom: 30px;'>\n<div style='flex: 1 1 300px; min-width: 280px;'>\n<h3 style='font-size: 22px; border-bottom: 2px solid currentColor; padding-bottom: 5px; margin-top: 0; color: inherit; opacity: 0.8;'>Caracter\u00edsticas principales<\/h3>\n<ul style='padding-left: 20px; font-size: 15px; color: inherit;'>\n<li style='margin-bottom: 5px;'>Usuarios 30&comma;000<\/li>\n<li style='margin-bottom: 5px;'>Capacidad de tarjetas 30&comma;000<\/li>\n<li style='margin-bottom: 5px;'>Capacidad de rostros 1&comma;500<\/li>\n<li style='margin-bottom: 5px;'>Capacidad de registros 100&comma;000<\/li>\n<\/ul><\/div>\n<div style='flex: 1 1 300px; min-width: 280px;'>\n<h3 style='font-size: 22px; border-bottom: 2px solid currentColor; padding-bottom: 5px; margin-top: 0; color: inherit; opacity: 0.8;'>Caracter\u00edsticas F\u00edsicas y El\u00e9ctricas<\/h3>\n<ul style='padding-left: 20px; font-size: 15px; color: inherit;'>\n<li style='margin-bottom: 5px;'>Alimentacion 12v .5mA<\/li>\n<li style='margin-bottom: 5px;'>Conexion TCP\/IP&comma; Wiegand<\/li>\n<\/ul><\/div>\n<div style='flex: 1 1 300px; min-width: 280px;'>\n<h3 style='font-size: 22px; border-bottom: 2px solid currentColor; padding-bottom: 5px; margin-top: 0; color: inherit; opacity: 0.8;'>Caracter\u00edsticas Destacadas<\/h3>\n<ul style='padding-left: 20px; font-size: 15px; color: inherit;'>\n<li style='margin-bottom: 5px;'>Equipado con reconocimiento facial de visible light de ZKTeco&comma; que ofrece una de las mejores tecnolog\u00edas de reconocimiento facial en la industria<\/li>\n<\/ul><\/div>\n<\/p><\/div>\n<p> <!-- Separador --> <\/p>\n<hr style='border: 0; border-top: 1px solid rgba(150&comma; 150&comma; 150&comma; 0.3); margin: 30px 0;'> <\/div>\n","protected":false},"excerpt":{"rendered":"<p>Lector Wiegand de Reconocimiento Facial y Tarjeta de Proximidad<\/p>\n","protected":false},"featured_media":25400,"comment_status":"open","ping_status":"closed","template":"","meta":[],"product_brand":[],"product_cat":[465],"product_tag":[466,467,844],"class_list":{"0":"post-25401","1":"product","2":"type-product","3":"status-publish","4":"has-post-thumbnail","6":"product_cat-proximidad-125-khz","7":"product_tag-lectoras-y-tarjetas","8":"product_tag-proximidad-125-khz","9":"product_tag-zkteco","11":"first","12":"instock","13":"sale","14":"shipping-taxable","15":"purchasable","16":"product-type-simple"},"_links":{"self":[{"href":"https:\/\/soydeaqui.ddns.net\/pachuca\/index.php\/wp-json\/wp\/v2\/product\/25401","targetHints":{"allow":["GET"]}}],"collection":[{"href":"https:\/\/soydeaqui.ddns.net\/pachuca\/index.php\/wp-json\/wp\/v2\/product"}],"about":[{"href":"https:\/\/soydeaqui.ddns.net\/pachuca\/index.php\/wp-json\/wp\/v2\/types\/product"}],"replies":[{"embeddable":true,"href":"https:\/\/soydeaqui.ddns.net\/pachuca\/index.php\/wp-json\/wp\/v2\/comments?post=25401"}],"wp:featuredmedia":[{"embeddable":true,"href":"https:\/\/soydeaqui.ddns.net\/pachuca\/index.php\/wp-json\/wp\/v2\/media\/25400"}],"wp:attachment":[{"href":"https:\/\/soydeaqui.ddns.net\/pachuca\/index.php\/wp-json\/wp\/v2\/media?parent=25401"}],"wp:term":[{"taxonomy":"product_brand","embeddable":true,"href":"https:\/\/soydeaqui.ddns.net\/pachuca\/index.php\/wp-json\/wp\/v2\/product_brand?post=25401"},{"taxonomy":"product_cat","embeddable":true,"href":"https:\/\/soydeaqui.ddns.net\/pachuca\/index.php\/wp-json\/wp\/v2\/product_cat?post=25401"},{"taxonomy":"product_tag","embeddable":true,"href":"https:\/\/soydeaqui.ddns.net\/pachuca\/index.php\/wp-json\/wp\/v2\/product_tag?post=25401"}],"curies":[{"name":"wp","href":"https:\/\/api.w.org\/{rel}","templated":true}]}}