{"id":25399,"date":"2026-03-18T11:53:13","date_gmt":"2026-03-18T11:53:13","guid":{"rendered":"https:\/\/soydeaqui.ddns.net\/pachuca\/index.php\/producto\/biometrico-para-control-de-acceso-y-tiempo-y-asistencia-con-reconocimiento-facial-y-llectura-de-codigo-qr-con-salida-de-relevador-para-1-puerta\/"},"modified":"2026-03-18T11:53:14","modified_gmt":"2026-03-18T11:53:14","slug":"biometrico-para-control-de-acceso-y-tiempo-y-asistencia-con-reconocimiento-facial-y-llectura-de-codigo-qr-con-salida-de-relevador-para-1-puerta","status":"publish","type":"product","link":"https:\/\/soydeaqui.ddns.net\/pachuca\/index.php\/producto\/biometrico-para-control-de-acceso-y-tiempo-y-asistencia-con-reconocimiento-facial-y-llectura-de-codigo-qr-con-salida-de-relevador-para-1-puerta\/","title":{"rendered":"Biometrico Para Control de Acceso y Tiempo y Asistencia con Reconocimiento Facial y lLectura de C\u00f3digo QR \/ Con Salida de Relevador Para 1 Puerta"},"content":{"rendered":"<div style='width: 100%; max-width: 1200px; margin: 0 auto; font-family: sans-serif; line-height: 1.6; color: inherit; background-color: transparent;'> <!-- Descripci\u00f3n principal --> <\/p>\n<p style='color: inherit; font-size: 16px; letter-spacing: -0.16px;'> SpeedFace-V3L[QR] con un m\u00f3dulo de c\u00f3digo QR admite reconocimiento facial y C\u00f3digo QR. Esta serie de productos tambi\u00e9n est\u00e1 equipada con el \u00faltimo algoritmo antispoofing para reconocimiento facial contra casi todos los tipos de ataques de fotos y videos falsos. SpeedFace-V3L La serie admite videoporteros tanto a trav\u00e9s de la aplicaci\u00f3n m\u00f3vil ZSmart como a trav\u00e9s del software para PC ZKBioTalk. Tambi\u00e9n soporte conectado al software ZKBio Access. <\/p>\n<p> <!-- Separador --> <\/p>\n<hr style='border: 0; border-top: 1px solid rgba(150&comma; 150&comma; 150&comma; 0.3); margin: 30px 0;'> <!-- Secci\u00f3n de caracter\u00edsticas --> <\/p>\n<div style='display: flex; flex-wrap: wrap; gap: 30px; margin-bottom: 30px;'>\n<div style='flex: 1 1 300px; min-width: 280px;'>\n<h3 style='font-size: 22px; border-bottom: 2px solid currentColor; padding-bottom: 5px; margin-top: 0; color: inherit; opacity: 0.8;'>Caracter\u00edsticas principales<\/h3>\n<ul style='padding-left: 20px; font-size: 15px; color: inherit;'>\n<li style='margin-bottom: 5px;'>Pantalla tactil de 2.4 pulgadas<\/li>\n<li style='margin-bottom: 5px;'>Capacidad de usuarios 3&comma;000<\/li>\n<li style='margin-bottom: 5px;'>Capacidad facial 500<\/li>\n<li style='margin-bottom: 5px;'>Capacidad de eventos 200&comma;000<\/li>\n<li style='margin-bottom: 5px;'>Lectura de codigos QR<\/li>\n<li style='margin-bottom: 5px;'>Funcion ADMS<\/li>\n<\/ul><\/div>\n<div style='flex: 1 1 300px; min-width: 280px;'>\n<h3 style='font-size: 22px; border-bottom: 2px solid currentColor; padding-bottom: 5px; margin-top: 0; color: inherit; opacity: 0.8;'>Caracter\u00edsticas F\u00edsicas y El\u00e9ctricas<\/h3>\n<ul style='padding-left: 20px; font-size: 15px; color: inherit;'>\n<li style='margin-bottom: 5px;'>Alimentacion 12v 3Amp<\/li>\n<li style='margin-bottom: 5px;'>IP65 a prueba de agua y al polvo<\/li>\n<li style='margin-bottom: 5px;'>Dimensiones 185*58.5*20mm<\/li>\n<\/ul><\/div>\n<div style='flex: 1 1 300px; min-width: 280px;'>\n<h3 style='font-size: 22px; border-bottom: 2px solid currentColor; padding-bottom: 5px; margin-top: 0; color: inherit; opacity: 0.8;'>Caracter\u00edsticas Destacadas<\/h3>\n<ul style='padding-left: 20px; font-size: 15px; color: inherit;'>\n<li style='margin-bottom: 5px;'>Comunicaci\u00f3n: Entrada\/Salida Wiegand &#038; RS485<\/li>\n<li style='margin-bottom: 5px;'>1.2GHz Dual Core CPU&comma; 256MB RAM\/512MB FLASH&comma;1MP<\/li>\n<li style='margin-bottom: 5px;'>C\u00e1mara Binocular&comma; Luz Led ajustable<\/li>\n<li style='margin-bottom: 5px;'>Software compatibles ZKBiocvsecurity&comma; ZKBioaccess y ZKBiotimePRO<\/li>\n<\/ul><\/div>\n<\/p><\/div>\n<p> <!-- Separador --> <\/p>\n<hr style='border: 0; border-top: 1px solid rgba(150&comma; 150&comma; 150&comma; 0.3); margin: 30px 0;'> <\/div>\n","protected":false},"excerpt":{"rendered":"<p>Biometrico Para Control de Acceso y Tiempo y Asistencia con Reconocimiento Facial y lLectura de C\u00f3digo QR \/ Con Salida de Relevador Para 1 Puerta<\/p>\n","protected":false},"featured_media":25398,"comment_status":"open","ping_status":"closed","template":"","meta":[],"product_brand":[],"product_cat":[806],"product_tag":[744,807,844],"class_list":{"0":"post-25399","1":"product","2":"type-product","3":"status-publish","4":"has-post-thumbnail","6":"product_cat-para-control-de-acceso","7":"product_tag-biometricos","8":"product_tag-para-control-de-acceso","9":"product_tag-zkteco","11":"first","12":"outofstock","13":"sale","14":"shipping-taxable","15":"purchasable","16":"product-type-simple"},"_links":{"self":[{"href":"https:\/\/soydeaqui.ddns.net\/pachuca\/index.php\/wp-json\/wp\/v2\/product\/25399","targetHints":{"allow":["GET"]}}],"collection":[{"href":"https:\/\/soydeaqui.ddns.net\/pachuca\/index.php\/wp-json\/wp\/v2\/product"}],"about":[{"href":"https:\/\/soydeaqui.ddns.net\/pachuca\/index.php\/wp-json\/wp\/v2\/types\/product"}],"replies":[{"embeddable":true,"href":"https:\/\/soydeaqui.ddns.net\/pachuca\/index.php\/wp-json\/wp\/v2\/comments?post=25399"}],"wp:featuredmedia":[{"embeddable":true,"href":"https:\/\/soydeaqui.ddns.net\/pachuca\/index.php\/wp-json\/wp\/v2\/media\/25398"}],"wp:attachment":[{"href":"https:\/\/soydeaqui.ddns.net\/pachuca\/index.php\/wp-json\/wp\/v2\/media?parent=25399"}],"wp:term":[{"taxonomy":"product_brand","embeddable":true,"href":"https:\/\/soydeaqui.ddns.net\/pachuca\/index.php\/wp-json\/wp\/v2\/product_brand?post=25399"},{"taxonomy":"product_cat","embeddable":true,"href":"https:\/\/soydeaqui.ddns.net\/pachuca\/index.php\/wp-json\/wp\/v2\/product_cat?post=25399"},{"taxonomy":"product_tag","embeddable":true,"href":"https:\/\/soydeaqui.ddns.net\/pachuca\/index.php\/wp-json\/wp\/v2\/product_tag?post=25399"}],"curies":[{"name":"wp","href":"https:\/\/api.w.org\/{rel}","templated":true}]}}