{"id":25389,"date":"2026-03-18T11:52:59","date_gmt":"2026-03-18T11:52:59","guid":{"rendered":"https:\/\/soydeaqui.ddns.net\/pachuca\/index.php\/producto\/1-almacen-para-open-desk-pro-inventarios-ventas-cotizaciones-compras-facturacion-4-0-ilimitada-importacion-masiva-suscripcion-anual\/"},"modified":"2026-03-18T11:52:59","modified_gmt":"2026-03-18T11:52:59","slug":"1-almacen-para-open-desk-pro-inventarios-ventas-cotizaciones-compras-facturacion-4-0-ilimitada-importacion-masiva-suscripcion-anual","status":"publish","type":"product","link":"https:\/\/soydeaqui.ddns.net\/pachuca\/index.php\/producto\/1-almacen-para-open-desk-pro-inventarios-ventas-cotizaciones-compras-facturacion-4-0-ilimitada-importacion-masiva-suscripcion-anual\/","title":{"rendered":"1 Almac\u00e9n para Open Desk PRO \/ Inventarios \/ Ventas \/ Cotizaciones \/ Compras \/ Facturaci\u00f3n 4.0 ilimitada \/ Importaci\u00f3n Masiva \/ Suscripci\u00f3n Anual"},"content":{"rendered":"<div style='width: 100%; max-width: 1200px; margin: 0 auto; font-family: sans-serif; line-height: 1.6; color: inherit; background-color: transparent;'> <!-- Logo --> <\/p>\n<div style='width: 100%; background: #019ef7; border-radius: 5px;'> <img style='width: 50%; height: auto; margin-left: 25%; margin-top: 30px; margin-bottom: 30px; border: none; border-radius: 0;' src='https:\/\/ftp3.syscom.mx\/usuarios\/xguereque\/opendesk\/Logo-blanco.svg' alt='Logo Open Desk PRO'> <\/div>\n<p> <!-- Demo en l\u00ednea --> <\/p>\n<div style='width: 100%; text-align: center; padding: 10px; font-size: 26px;'> <a style='color: inherit; text-decoration: none; font-weight: bold;' href='https:\/\/syscom.opendesk.mx\/desk?u=ZGVtb0BvcGVuZGVzay5teA==&#038;p=MTIzNDU=' target='_blank' rel='noopener'>Ver demo en l\u00ednea aqu\u00ed<\/a> <\/div>\n<p> <!-- Caracter\u00edsticas principales --> <\/p>\n<div style='display: flex; flex-wrap: wrap; gap: 30px; margin: 30px 0;'>\n<div style='flex: 1 1 300px; min-width: 280px;'>\n<div style='border-left: 5px solid #009EF7; border-right: 5px solid #009EF7; border-radius: 5px; padding: 20px; box-shadow: 2px 2px 10px rgba(216&comma;216&comma;216&comma;0.4); -webkit-box-shadow: 2px 2px 10px rgba(216&comma;216&comma;216&comma;0.4); background-color: rgba(216&comma;216&comma;216&comma;0.1);'> <strong style='font-size: 18px; margin-bottom: 15px; display: block; color: inherit;'>Caracter\u00edsticas principales:<\/strong> <\/p>\n<ul style='padding-left: 20px; font-size: 15px; color: inherit;'>\n<li style='margin-bottom: 5px;'>Software ERP 100% en la nube (AWS).<\/li>\n<li style='margin-bottom: 5px;'>Sistema modular: Active\/desactive funciones dependiendo el tipo de implementaci\u00f3n.<\/li>\n<li style='margin-bottom: 5px;'>Cartera de clientes&comma; generaci\u00f3n de cotizaciones&comma; ventas y cuentas por cobrar.<\/li>\n<li style='margin-bottom: 5px;'>Administraci\u00f3n por suscripciones de clubes&comma; gimnasios&comma; fraccionamientos&comma; condominios&comma; estacionamientos&comma; etc. <span style='color: #e74c3c;'>(Requiere licencia de dispositivo de acceso)<\/span>.<\/li>\n<li style='margin-bottom: 5px;'>Facturaci\u00f3n CFDi 4.0 ilimitada.<\/li>\n<li style='margin-bottom: 5px;'>Control de inventarios.<\/li>\n<li style='margin-bottom: 5px;'>Punto de venta.<\/li>\n<li style='margin-bottom: 5px;'><em>Tienda en l\u00ednea (pr\u00f3ximamente).<\/em><\/li>\n<li style='margin-bottom: 5px;'>Pagos en l\u00ednea<\/li>\n<li style='margin-bottom: 5px;'>Administraci\u00f3n de art\u00edculos y listas de precios.<\/li>\n<li style='margin-bottom: 5px;'>Reportes de ventas&comma; de existencias&comma; etc.<\/li>\n<li style='margin-bottom: 5px;'>Control del flujo de caja y cuentas bancarias.<\/li>\n<li style='margin-bottom: 5px;'>Suscripci\u00f3n de 1 a\u00f1o.<\/li>\n<\/ul>\n<p style='margin-top: 20px; margin-bottom: 10px;'><strong style='color: inherit;'>Notas:<\/strong><\/p>\n<ul style='padding-left: 20px; font-size: 15px; color: inherit;'>\n<li style='margin-bottom: 5px;'>El m\u00f3dulo de control de acceso s\u00f3lo es compatible con biom\u00e9tricos Hikvision.<\/li>\n<li style='margin-bottom: 5px;'>Cada almac\u00e9n puede tener una raz\u00f3n social diferente.<\/li>\n<li style='margin-bottom: 5px;'>No requiere licencia de usuarios a menos que se requieran usuarios adicionales.<\/li>\n<\/ul><\/div>\n<\/p><\/div>\n<\/p><\/div>\n<p> <!-- Soluciones para negocios modernos --> <\/p>\n<div style='width: 100%; text-align: center; margin: 40px 0;'>\n<h1 style='font-size: 24px; margin: 0; color: inherit;'><strong>Soluciones para negocios modernos<\/strong><\/h1>\n<p style='font-size: 16px; margin-top: 10px; color: inherit;'><em>Un sistema modular ajustable para infinitas soluciones<\/em><\/p>\n<\/p><\/div>\n<p> <!-- Im\u00e1genes con descripciones --> <\/p>\n<div style='display: flex; flex-wrap: wrap; gap: 30px; margin-bottom: 40px;'>\n<div style='flex: 1 1 300px; min-width: 280px; text-align: center;'> <img style='width: 100%; height: auto; border: 1px solid rgba(150&comma;150&comma;150&comma;0.3); border-radius: 8px;' src='https:\/\/ftp3.syscom.mx\/usuarios\/xguereque\/opendesk\/imagen1.png' alt='Todas las sucursales en l\u00ednea'> <\/p>\n<h2 style='margin-top: 15px; margin-bottom: 10px; font-size: 20px; color: inherit;'>Todas las sucursales en l\u00ednea<\/h2>\n<p style='font-size: 15px; color: inherit;'>Tenga en orden las existencias de todos sus almacenes&comma; valor del inventario&comma; genere cotizaciones y ventas sin instalar apps. Solo unos cuantos clics se requieren para saber el estado de sus operaciones en tiempo real.<\/p>\n<\/p><\/div>\n<div style='flex: 1 1 300px; min-width: 280px; text-align: center;'> <img style='width: 100%; height: auto; border: 1px solid rgba(150&comma;150&comma;150&comma;0.3); border-radius: 8px;' src='https:\/\/ftp3.syscom.mx\/usuarios\/xguereque\/opendesk\/imagen2.png' alt='Accesos con biom\u00e9tricos'> <\/p>\n<h2 style='margin-top: 15px; margin-bottom: 10px; font-size: 20px; color: inherit;'>Accesos con biom\u00e9tricos<\/h2>\n<p style='font-size: 15px; color: inherit;'>Administre el acceso con dispositivos de control de acceso desde la nube a clubes&comma; gimnasios&comma; fraccionamientos&comma; Aribnb&comma; etc. Registros de ingreso&comma; tiempo y asistencia.<\/p>\n<\/p><\/div>\n<\/p><\/div>\n<p> <!-- Cobro en l\u00ednea --> <\/p>\n<div style='width: 100%; text-align: center; margin: 40px 0;'> <img style='width: 100%; height: auto; border: 1px solid rgba(150&comma;150&comma;150&comma;0.3); border-radius: 8px;' src='https:\/\/ftp3.syscom.mx\/usuarios\/xguereque\/opendesk\/imagen3.png' alt='Cobre en l\u00ednea'> <\/p>\n<h2 style='margin-top: 15px; margin-bottom: 10px; font-size: 20px; color: inherit;'>Cobre en l\u00ednea<\/h2>\n<p style='font-size: 15px; color: inherit;'>Acepte pagos con tarjeta de cr\u00e9dito o d\u00e9bito.<\/p>\n<\/p><\/div>\n<p> <!-- Software de calidad --> <\/p>\n<div style='width: 100%; margin: 40px 0; padding: 20px; color: #ffff; background: #009EF7; text-align: center; border-radius: 5px;'>\n<h3 style='margin-top: 0; margin-bottom: 10px; font-size: 20px; color: inherit;'>Software de calidad&comma; servicio de primera<\/h3>\n<p style='margin: 0; font-size: 15px; color: inherit;'>100% confiable y seguro&comma; desarrollado en M\u00e9xico con infraestructura en AWS<\/p>\n<\/p><\/div>\n<p> <!-- Caracter\u00edsticas \u00fanicas --> <\/p>\n<div style='width: 100%; text-align: center; margin: 40px 0;'>\n<h1 style='font-size: 24px; margin: 0; color: inherit;'><strong>Caracter\u00edsticas \u00fanicas&comma; tecnolog\u00eda creciente<\/strong><\/h1>\n<p style='font-size: 16px; margin-top: 10px; color: inherit;'><em>Todos los d\u00edas desarrollamos nuevos m\u00f3dulos&comma; la innovaci\u00f3n est\u00e1 en nuestro ADN<\/em><\/p>\n<\/p><\/div>\n<p> <!-- Iconos con caracter\u00edsticas adicionales --> <\/p>\n<div style='display: flex; flex-wrap: wrap; gap: 20px; margin-bottom: 40px;'>\n<div style='flex: 1 1 250px; min-width: 230px; border: 1px solid rgba(150&comma; 150&comma; 150&comma; 0.4); border-radius: 8px; overflow: hidden; display: flex; flex-direction: column;'>\n<div style='padding: 15px; border-bottom: 1px solid rgba(150&comma; 150&comma; 150&comma; 0.2); font-weight: bold; font-size: 18px; color: inherit;'>Notificaciones en tiempo real<\/div>\n<div style='padding: 15px; color: inherit;'> <img style='width: 50px; height: 50px; margin: 0 auto 10px; display: block; border: none; border-radius: 0;' src='https:\/\/ftp3.syscom.mx\/usuarios\/xguereque\/opendesk\/icono1.png' alt='Notificaciones en tiempo real'> <\/p>\n<p style='font-size: 14px; color: inherit; margin-top: 15px;'>Los servidores de Open Desk PRO le notifican en el momento aquellas situaciones que requieren su atenci\u00f3n.<\/p>\n<\/p><\/div>\n<\/p><\/div>\n<div style='flex: 1 1 250px; min-width: 230px; border: 1px solid rgba(150&comma; 150&comma; 150&comma; 0.4); border-radius: 8px; overflow: hidden; display: flex; flex-direction: column;'>\n<div style='padding: 15px; border-bottom: 1px solid rgba(150&comma; 150&comma; 150&comma; 0.2); font-weight: bold; font-size: 18px; color: inherit;'>P2P para control de acceso<\/div>\n<div style='padding: 15px; color: inherit;'> <img style='width: 50px; height: 50px; margin: 0 auto 10px; display: block; border: none; border-radius: 0;' src='https:\/\/ftp3.syscom.mx\/usuarios\/xguereque\/opendesk\/icono2.png' alt='P2P para control de acceso'> <\/p>\n<p style='font-size: 14px; color: inherit; margin-top: 15px;'>Comunique sus dispositivos de detecci\u00f3n de rostro&comma; huella o tarjeta con Open Desk en segundos.<\/p>\n<\/p><\/div>\n<\/p><\/div>\n<div style='flex: 1 1 250px; min-width: 230px; border: 1px solid rgba(150&comma; 150&comma; 150&comma; 0.4); border-radius: 8px; overflow: hidden; display: flex; flex-direction: column;'>\n<div style='padding: 15px; border-bottom: 1px solid rgba(150&comma; 150&comma; 150&comma; 0.2); font-weight: bold; font-size: 18px; color: inherit;'>Timbrado CFDi 4.0<\/div>\n<div style='padding: 15px; color: inherit;'> <img style='width: 50px; height: 50px; margin: 0 auto 10px; display: block; border: none; border-radius: 0;' src='https:\/\/ftp3.syscom.mx\/usuarios\/xguereque\/opendesk\/icono3.png' alt='Timbrado CFDi 4.0'> <\/p>\n<p style='font-size: 14px; color: inherit; margin-top: 15px;'>Timbre sus comprobantes fiscales en el momento desde Open Desk con las \u00faltimas disposiciones del SAT.<\/p>\n<\/p><\/div>\n<\/p><\/div>\n<div style='flex: 1 1 250px; min-width: 230px; border: 1px solid rgba(150&comma; 150&comma; 150&comma; 0.4); border-radius: 8px; overflow: hidden; display: flex; flex-direction: column;'>\n<div style='padding: 15px; border-bottom: 1px solid rgba(150&comma; 150&comma; 150&comma; 0.2); font-weight: bold; font-size: 18px; color: inherit;'>C\u00e1lculo de costos de env\u00edo<\/div>\n<div style='padding: 15px; color: inherit;'> <img style='width: 50px; height: 50px; margin: 0 auto 10px; display: block; border: none; border-radius: 0;' src='https:\/\/ftp3.syscom.mx\/usuarios\/xguereque\/opendesk\/icono4.png' alt='C\u00e1lculo de costos de env\u00edo'> <\/p>\n<p style='font-size: 14px; color: inherit; margin-top: 15px;'>Automatice el c\u00e1lculo de costos de env\u00edo con todas las paqueter\u00edas del pa\u00eds en segundos y genere gu\u00edas para sus ventas.<\/p>\n<\/p><\/div>\n<\/p><\/div>\n<div style='flex: 1 1 250px; min-width: 230px; border: 1px solid rgba(150&comma; 150&comma; 150&comma; 0.4); border-radius: 8px; overflow: hidden; display: flex; flex-direction: column;'>\n<div style='padding: 15px; border-bottom: 1px solid rgba(150&comma; 150&comma; 150&comma; 0.2); font-weight: bold; font-size: 18px; color: inherit;'>Optimice su cobranza<\/div>\n<div style='padding: 15px; color: inherit;'> <img style='width: 50px; height: 50px; margin: 0 auto 10px; display: block; border: none; border-radius: 0;' src='https:\/\/ftp3.syscom.mx\/usuarios\/xguereque\/opendesk\/icono5.png' alt='Optimice su cobranza'> <\/p>\n<p style='font-size: 14px; color: inherit; margin-top: 15px;'>Genere ligas de pago para tarjetas de cr\u00e9dito o d\u00e9bito.<\/p>\n<\/p><\/div>\n<\/p><\/div>\n<div style='flex: 1 1 250px; min-width: 230px; border: 1px solid rgba(150&comma; 150&comma; 150&comma; 0.4); border-radius: 8px; overflow: hidden; display: flex; flex-direction: column;'>\n<div style='padding: 15px; border-bottom: 1px solid rgba(150&comma; 150&comma; 150&comma; 0.2); font-weight: bold; font-size: 18px; color: inherit;'>Seguridad bancaria<\/div>\n<div style='padding: 15px; color: inherit;'> <img style='width: 50px; height: 50px; margin: 0 auto 10px; display: block; border: none; border-radius: 0;' src='https:\/\/ftp3.syscom.mx\/usuarios\/xguereque\/opendesk\/icono6.png' alt='Seguridad bancaria'> <\/p>\n<p style='font-size: 14px; color: inherit; margin-top: 15px;'>Administre listas negras y limite el acceso a sus colaboradores desde ubicaciones espec\u00edficas.<\/p>\n<\/p><\/div>\n<\/p><\/div>\n<\/p><\/div>\n<p> <!-- Banner final --> <\/p>\n<div style='width: 100%; margin: 40px 0;'> <img style='width: 100%; height: auto; border: 1px solid rgba(150&comma;150&comma;150&comma;0.3); border-radius: 8px;' src='https:\/\/ftp3.syscom.mx\/usuarios\/xguereque\/opendesk\/banner-final.png' alt='Banner final'> <\/div>\n<\/p><\/div>\n","protected":false},"excerpt":{"rendered":"<p>1 Almac\u00e9n para Open Desk PRO \/ Inventarios \/ Ventas \/ Cotizaciones \/ Compras \/ Facturaci\u00f3n 4.0 ilimitada \/ Importaci\u00f3n Masiva \/ Suscripci\u00f3n Anual<\/p>\n","protected":false},"featured_media":25388,"comment_status":"open","ping_status":"closed","template":"","meta":[],"product_brand":[],"product_cat":[846],"product_tag":[926,792,847],"class_list":{"0":"post-25389","1":"product","2":"type-product","3":"status-publish","4":"has-post-thumbnail","6":"product_cat-tiempo-y-asistencia","7":"product_tag-open-desk-pro","8":"product_tag-software-de-asistencia","9":"product_tag-tiempo-y-asistencia","11":"first","12":"instock","13":"sale","14":"shipping-taxable","15":"purchasable","16":"product-type-simple"},"_links":{"self":[{"href":"https:\/\/soydeaqui.ddns.net\/pachuca\/index.php\/wp-json\/wp\/v2\/product\/25389","targetHints":{"allow":["GET"]}}],"collection":[{"href":"https:\/\/soydeaqui.ddns.net\/pachuca\/index.php\/wp-json\/wp\/v2\/product"}],"about":[{"href":"https:\/\/soydeaqui.ddns.net\/pachuca\/index.php\/wp-json\/wp\/v2\/types\/product"}],"replies":[{"embeddable":true,"href":"https:\/\/soydeaqui.ddns.net\/pachuca\/index.php\/wp-json\/wp\/v2\/comments?post=25389"}],"wp:featuredmedia":[{"embeddable":true,"href":"https:\/\/soydeaqui.ddns.net\/pachuca\/index.php\/wp-json\/wp\/v2\/media\/25388"}],"wp:attachment":[{"href":"https:\/\/soydeaqui.ddns.net\/pachuca\/index.php\/wp-json\/wp\/v2\/media?parent=25389"}],"wp:term":[{"taxonomy":"product_brand","embeddable":true,"href":"https:\/\/soydeaqui.ddns.net\/pachuca\/index.php\/wp-json\/wp\/v2\/product_brand?post=25389"},{"taxonomy":"product_cat","embeddable":true,"href":"https:\/\/soydeaqui.ddns.net\/pachuca\/index.php\/wp-json\/wp\/v2\/product_cat?post=25389"},{"taxonomy":"product_tag","embeddable":true,"href":"https:\/\/soydeaqui.ddns.net\/pachuca\/index.php\/wp-json\/wp\/v2\/product_tag?post=25389"}],"curies":[{"name":"wp","href":"https:\/\/api.w.org\/{rel}","templated":true}]}}