{"id":25381,"date":"2026-03-18T11:52:50","date_gmt":"2026-03-18T11:52:50","guid":{"rendered":"https:\/\/soydeaqui.ddns.net\/pachuca\/index.php\/producto\/integracion-de-solucion-lectores-nedap-y-controladores-de-acceso-rosslare\/"},"modified":"2026-03-18T11:52:50","modified_gmt":"2026-03-18T11:52:50","slug":"integracion-de-solucion-lectores-nedap-y-controladores-de-acceso-rosslare","status":"publish","type":"product","link":"https:\/\/soydeaqui.ddns.net\/pachuca\/index.php\/producto\/integracion-de-solucion-lectores-nedap-y-controladores-de-acceso-rosslare\/","title":{"rendered":"Integraci\u00f3n de soluci\u00f3n lectores Nedap y controladores de acceso Rosslare"},"content":{"rendered":"<div style='width: 100%; max-width: 1200px; margin: 0 auto; font-family: sans-serif; line-height: 1.6; color: inherit; background-color: transparent;'> <!-- T\u00edtulo del curso --> <\/p>\n<div style='margin-bottom: 30px;'>\n<h2 style='font-size: 24px; color: inherit; margin-top: 0; margin-bottom: 15px; font-weight: bold; color: #1f1f1f; background: white; padding: 10px; border-radius: 6px; display: inline-block;'>INTEGRACION DE SOLUCION LECTORES NEDAP y CONTROLADORES DE ACCESO ROSSLARE<\/h2>\n<\/p><\/div>\n<p> <!-- Descripci\u00f3n general --> <\/p>\n<div style='margin-bottom: 30px;'>\n<p style='font-size: 15px; color: inherit; margin: 0 0 15px;'>El curso de integraci\u00f3n de control de acceso le ayudara a comprender todos los conceptos y elementos requeridos para implementar una soluci\u00f3n de Control de Acceso tanto peatonal como vehicular con el apoyo de las tecnolog\u00edas mostradas. Y le permitir\u00e1 seleccionar y recomendar de forma profesional este tipo de productos a sus clientes.<\/p>\n<\/p><\/div>\n<p> <!-- Secci\u00f3n de requisitos --> <\/p>\n<div style='margin-bottom: 30px;'>\n<h3 style='font-size: 20px; border-bottom: 2px solid currentColor; padding-bottom: 5px; margin-top: 0; margin-bottom: 15px; color: inherit; opacity: 0.8;'>Requisitos:<\/h3>\n<ul style='padding-left: 20px; font-size: 15px; color: inherit; margin: 0;'>\n<li style='margin-bottom: 5px;'>Ser Distribuidor SYSCOM<\/li>\n<li style='margin-bottom: 5px;'>Conocimientos b\u00e1sicos de control de acceso<\/li>\n<li style='margin-bottom: 5px;'>Identificaci\u00f3n de la empresa que representa<\/li>\n<\/ul><\/div>\n<p> <!-- A quien va dirigido --> <\/p>\n<div style='margin-bottom: 30px;'>\n<h3 style='font-size: 20px; border-bottom: 2px solid currentColor; padding-bottom: 5px; margin-top: 0; margin-bottom: 15px; color: inherit; opacity: 0.8;'>A quien est\u00e1 dirigido:<\/h3>\n<p style='font-size: 15px; color: inherit; margin: 0;'>A todos los que desean incorporar soluciones de integraci\u00f3n de tecnolog\u00edas de control de acceso aplicadas a necesidades del control de visitantes para el control de Acceso<\/p>\n<\/p><\/div>\n<p> <!-- Objetivos del curso --> <\/p>\n<div style='margin-bottom: 30px;'>\n<h3 style='font-size: 20px; border-bottom: 2px solid currentColor; padding-bottom: 5px; margin-top: 0; margin-bottom: 15px; color: inherit; opacity: 0.8;'>Objetivos del Curso:<\/h3>\n<p style='font-size: 15px; color: inherit; margin: 0;'>El participante aprender\u00e1 y conocer\u00e1 como realizar la integraci\u00f3n e implementaci\u00f3n de un sistema de Control e Acceso con las tecnolog\u00edas de tarjetas f\u00edsicas y m\u00f3viles con las marcas de NEDAP y ROSSLARE<\/p>\n<\/p><\/div>\n<p> <!-- Contenido del curso --> <\/p>\n<div style='margin-bottom: 30px;'>\n<h3 style='font-size: 20px; border-bottom: 2px solid currentColor; padding-bottom: 5px; margin-top: 0; margin-bottom: 15px; color: inherit; opacity: 0.8;'>Contenido del Curso:<\/h3>\n<ol style='padding-left: 25px; font-size: 15px; color: inherit; margin: 0;'>\n<li style='margin-bottom: 10px;'>Conceptos b\u00e1sicos de Control de Acceso<\/li>\n<li style='margin-bottom: 10px;'>Soluciones de Controladores de ROSSLARE<\/li>\n<li style='margin-bottom: 10px;'>Soluciones de Lectoras de NEDAP<\/li>\n<li style='margin-bottom: 10px;'>Conexi\u00f3n de lectores NEDAP y controlador de acceso ROSSLARE<\/li>\n<li style='margin-bottom: 10px;'>Operaci\u00f3n completa del sistema<\/li>\n<\/ol><\/div>\n<\/p><\/div>\n","protected":false},"excerpt":{"rendered":"<p>Integraci\u00f3n de soluci\u00f3n lectores Nedap y controladores de acceso Rosslare<\/p>\n","protected":false},"featured_media":32,"comment_status":"open","ping_status":"closed","template":"","meta":[],"product_brand":[],"product_cat":[764],"product_tag":[765,744,63],"class_list":{"0":"post-25381","1":"product","2":"type-product","3":"status-publish","4":"has-post-thumbnail","6":"product_cat-biometricos-acceso-sin-contacto","7":"product_tag-acceso-sin-contacto","8":"product_tag-biometricos","9":"product_tag-syscom","11":"first","12":"outofstock","13":"sale","14":"shipping-taxable","15":"purchasable","16":"product-type-simple"},"_links":{"self":[{"href":"https:\/\/soydeaqui.ddns.net\/pachuca\/index.php\/wp-json\/wp\/v2\/product\/25381","targetHints":{"allow":["GET"]}}],"collection":[{"href":"https:\/\/soydeaqui.ddns.net\/pachuca\/index.php\/wp-json\/wp\/v2\/product"}],"about":[{"href":"https:\/\/soydeaqui.ddns.net\/pachuca\/index.php\/wp-json\/wp\/v2\/types\/product"}],"replies":[{"embeddable":true,"href":"https:\/\/soydeaqui.ddns.net\/pachuca\/index.php\/wp-json\/wp\/v2\/comments?post=25381"}],"wp:featuredmedia":[{"embeddable":true,"href":"https:\/\/soydeaqui.ddns.net\/pachuca\/index.php\/wp-json\/wp\/v2\/media\/32"}],"wp:attachment":[{"href":"https:\/\/soydeaqui.ddns.net\/pachuca\/index.php\/wp-json\/wp\/v2\/media?parent=25381"}],"wp:term":[{"taxonomy":"product_brand","embeddable":true,"href":"https:\/\/soydeaqui.ddns.net\/pachuca\/index.php\/wp-json\/wp\/v2\/product_brand?post=25381"},{"taxonomy":"product_cat","embeddable":true,"href":"https:\/\/soydeaqui.ddns.net\/pachuca\/index.php\/wp-json\/wp\/v2\/product_cat?post=25381"},{"taxonomy":"product_tag","embeddable":true,"href":"https:\/\/soydeaqui.ddns.net\/pachuca\/index.php\/wp-json\/wp\/v2\/product_tag?post=25381"}],"curies":[{"name":"wp","href":"https:\/\/api.w.org\/{rel}","templated":true}]}}