{"id":25367,"date":"2026-03-18T11:52:33","date_gmt":"2026-03-18T11:52:33","guid":{"rendered":"https:\/\/soydeaqui.ddns.net\/pachuca\/index.php\/producto\/video-intercomunicador-ip-sip-apertura-por-codigo-antivandalico-ik10-2-relevadores-ip66-poe\/"},"modified":"2026-03-18T11:52:39","modified_gmt":"2026-03-18T11:52:39","slug":"video-intercomunicador-ip-sip-apertura-por-codigo-antivandalico-ik10-2-relevadores-ip66-poe","status":"publish","type":"product","link":"https:\/\/soydeaqui.ddns.net\/pachuca\/index.php\/producto\/video-intercomunicador-ip-sip-apertura-por-codigo-antivandalico-ik10-2-relevadores-ip66-poe\/","title":{"rendered":"Video Intercomunicador IP (SIP), apertura por c\u00f3digo, Antivand\u00e1lico IK10, 2 relevadores, IP66, PoE"},"content":{"rendered":"<div style='width: 100%; max-width: 1200px; margin: 0 auto; font-family: sans-serif; line-height: 1.6; color: inherit; background-color: transparent;'> <!-- Descripci\u00f3n principal --> <\/p>\n<div style='margin-bottom: 30px; font-size: 15px;'>\n<p style='text-align: justify; color: inherit; margin-bottom: 15px;'>El GDS3712 es un Sistema de Videoportero IP hemisf\u00e9rico que sirve tambi\u00e9n como una c\u00e1mara IP de vigilancia de alta definici\u00f3n para ofrecer control de acceso a instalaciones y monitoreo de seguridad para edificios de todos los tama\u00f1os. Con tecnolog\u00eda de un avanzado procesador de sensor de im\u00e1genes (ISP) y modernos algoritmos de imagen&comma; proporciona un rendimiento excepcional sin puntos ciegos.<\/p>\n<p style='text-align: justify; color: inherit; margin-bottom: 15px;'>El sistema de videoportero IP GDS3712 incorpora SIP\/VoIP l\u00edder en la industria para la transmisi\u00f3n bidireccional de audio y video a smartphones y tel\u00e9fonos SIP y el software de gesti\u00f3n GDS. Este sistema est\u00e1 equipado con PoE integrado para instalaci\u00f3n sin problemas&comma; detecci\u00f3n de movimiento para protecci\u00f3n de seguridad&comma; interruptor de control de iluminaci\u00f3n y m\u00e1s. El GDS3712 se puede gestionar tambi\u00e9n con GSURF Pro o cualquier sistema de gesti\u00f3n de video compatible con ONVIF.<\/p>\n<p style='text-align: justify; color: inherit; margin-bottom: 15px;'>Tambi\u00e9n ofrece una API HTTP flexible para f\u00e1cil integraci\u00f3n con aplicaciones de terceros y otros sistemas de vigilancia. La combinaci\u00f3n del GDS3712&comma; los tel\u00e9fonos IP&comma; videotel\u00e9fonos y la aplicaci\u00f3n m\u00f3vil Wave de Grandstream proporciona una soluci\u00f3n integral para las necesidades de control de acceso&comma; videoportero y grabaciones de seguridad. Es un sistema de intercomunicaci\u00f3n IP de audio HD para ofrecer control de acceso a instalaciones remotas para edificios de todos los tama\u00f1os.<\/p>\n<\/p><\/div>\n<p> <!-- Caracter\u00edsticas principales --> <\/p>\n<div style='margin-bottom: 30px;'>\n<h3 style='font-size: 22px; border-bottom: 2px solid currentColor; padding-bottom: 5px; margin-top: 0; margin-bottom: 15px; color: inherit; opacity: 0.8;'>Caracter\u00edsticas principales<\/h3>\n<ul style='padding-left: 20px; font-size: 15px; color: inherit;'>\n<li style='margin-bottom: 5px;'>Poderosas resoluciones de video de hasta 1080p<\/li>\n<li style='margin-bottom: 5px;'>Admite llamadas SIP a tel\u00e9fonos IP para facilitar la comunicaci\u00f3n<\/li>\n<li style='margin-bottom: 5px;'>2 Rel\u00e9s para bloqueo el\u00e9ctrico y salida de alarma&comma; 2 entradas de alarma para bot\u00f3n de salida y sensor de puerta<\/li>\n<li style='margin-bottom: 5px;'>Transmisi\u00f3n de video SIP a estaciones de videoportero&comma; tel\u00e9fonos IP&comma; o smartphones simult\u00e1neamente<\/li>\n<li style='margin-bottom: 5px;'>Fabricado con una carcasa de metal para hacerlo resistente a la intemperie y a prueba de vandalismo<\/li>\n<li style='margin-bottom: 5px;'>La c\u00e1mara hemisf\u00e9rica integrada ofrece una cobertura de pared a pared de 180 grados<\/li>\n<li style='margin-bottom: 5px;'>Permite la detecci\u00f3n de movimiento<\/li>\n<li style='margin-bottom: 5px;'>PoE integrado para alimentar al dispositivo y proporcionar una conexi\u00f3n de red<\/li>\n<li style='margin-bottom: 5px;'>El micr\u00f3fono y el altavoz incorporados ofrecen opciones de voz y funci\u00f3n de intercomunicador<\/li>\n<\/ul><\/div>\n<p> <!-- Especificaciones t\u00e9cnicas --> <\/p>\n<div style='margin-bottom: 30px;'>\n<h3 style='font-size: 22px; border-bottom: 2px solid currentColor; padding-bottom: 5px; margin-top: 0; margin-bottom: 15px; color: inherit; opacity: 0.8;'>Especificaciones t\u00e9cnicas<\/h3>\n<div style='display: flex; flex-wrap: wrap; gap: 20px;'>\n<div style='flex: 1 1 250px; border: 1px solid rgba(150&comma; 150&comma; 150&comma; 0.4); border-radius: 8px; overflow: hidden; display: flex; flex-direction: column;'>\n<div style='padding: 15px; border-bottom: 1px solid rgba(150&comma; 150&comma; 150&comma; 0.2); font-weight: bold; font-size: 18px; color: inherit;'>Video<\/div>\n<div style='padding: 15px; color: inherit;'>\n<ul style='padding-left: 20px; margin: 0; font-size: 14px; list-style-type: disc;'>\n<li style='margin-bottom: 5px;'><strong>Compresi\u00f3n de video:<\/strong> H.264 High Profile \/ Main Profile \/ Baseline Profile&comma; Motion JPEG<\/li>\n<li style='margin-bottom: 5px;'><strong>Resoluci\u00f3n M\u00e1xima de Video:<\/strong> 1920 x 1080<\/li>\n<li style='margin-bottom: 5px;'><strong>Velocidad de Bits de Video:<\/strong> 128 Kbps a 4 Mbps&comma; velocidad m\u00faltiple para vista previa y grabaci\u00f3n<\/li>\n<\/ul><\/div>\n<\/p><\/div>\n<div style='flex: 1 1 250px; border: 1px solid rgba(150&comma; 150&comma; 150&comma; 0.4); border-radius: 8px; overflow: hidden; display: flex; flex-direction: column;'>\n<div style='padding: 15px; border-bottom: 1px solid rgba(150&comma; 150&comma; 150&comma; 0.2); font-weight: bold; font-size: 18px; color: inherit;'>C\u00e1mara<\/div>\n<div style='padding: 15px; color: inherit;'>\n<ul style='padding-left: 20px; margin: 0; font-size: 14px; list-style-type: disc;'>\n<li style='margin-bottom: 5px;'><strong>Tipo de Lente:<\/strong> 1\/2\u201d&comma; F2.5&comma; campo de visi\u00f3n: 180\u00b0 (Ancho) x 150\u00b0 (Alto)<\/li>\n<\/ul><\/div>\n<\/p><\/div>\n<div style='flex: 1 1 250px; border: 1px solid rgba(150&comma; 150&comma; 150&comma; 0.4); border-radius: 8px; overflow: hidden; display: flex; flex-direction: column;'>\n<div style='padding: 15px; border-bottom: 1px solid rgba(150&comma; 150&comma; 150&comma; 0.2); font-weight: bold; font-size: 18px; color: inherit;'>Conectividad<\/div>\n<div style='padding: 15px; color: inherit;'>\n<ul style='padding-left: 20px; margin: 0; font-size: 14px; list-style-type: disc;'>\n<li style='margin-bottom: 5px;'><strong>Interfaces de Red \/ PoE:<\/strong> 1 puerto Ethernet RJ45 de 10\/100 Mbps con detecci\u00f3n autom\u00e1tica \/ PoE IEEE 802.3af Class3<\/li>\n<\/ul><\/div>\n<\/p><\/div>\n<div style='flex: 1 1 250px; border: 1px solid rgba(150&comma; 150&comma; 150&comma; 0.4); border-radius: 8px; overflow: hidden; display: flex; flex-direction: column;'>\n<div style='padding: 15px; border-bottom: 1px solid rgba(150&comma; 150&comma; 150&comma; 0.2); font-weight: bold; font-size: 18px; color: inherit;'>Conexiones<\/div>\n<div style='padding: 15px; color: inherit;'>\n<ul style='padding-left: 20px; margin: 0; font-size: 14px; list-style-type: disc;'>\n<li style='margin-bottom: 5px;'><strong>Entrada:<\/strong> 2 Entrada de optoacoplador&comma; Vin<15V&comma; para sensor de puerta u otro dispositivo de bajo voltaje<\/li>\n<li style='margin-bottom: 5px;'><strong>Salida:<\/strong> 2 rel\u00e9s&comma; 125 V CA\/0&comma;5 A o 30 V CC\/2 A&comma; normalmente abierto o normalmente cerrado&comma; para cerradura el\u00e9ctrica&comma; interruptor de luz u otro dispositivo de alto voltaje relativo<\/li>\n<\/ul><\/div>\n<\/p><\/div>\n<div style='flex: 1 1 250px; border: 1px solid rgba(150&comma; 150&comma; 150&comma; 0.4); border-radius: 8px; overflow: hidden; display: flex; flex-direction: column;'>\n<div style='padding: 15px; border-bottom: 1px solid rgba(150&comma; 150&comma; 150&comma; 0.2); font-weight: bold; font-size: 18px; color: inherit;'>Caracter\u00edsticas f\u00edsicas<\/div>\n<div style='padding: 15px; color: inherit;'>\n<ul style='padding-left: 20px; margin: 0; font-size: 14px; list-style-type: disc;'>\n<li style='margin-bottom: 5px;'><strong>Certificaciones:<\/strong> IP66 e IK10<\/li>\n<li style='margin-bottom: 5px;'><strong>Voltaje:<\/strong> 12VDC \/1A (AC adaptador no incluido)<\/li>\n<\/ul><\/div>\n<\/p><\/div>\n<div style='flex: 1 1 250px; border: 1px solid rgba(150&comma; 150&comma; 150&comma; 0.4); border-radius: 8px; overflow: hidden; display: flex; flex-direction: column;'>\n<div style='padding: 15px; border-bottom: 1px solid rgba(150&comma; 150&comma; 150&comma; 0.2); font-weight: bold; font-size: 18px; color: inherit;'>Audio<\/div>\n<div style='padding: 15px; color: inherit;'>\n<ul style='padding-left: 20px; margin: 0; font-size: 14px; list-style-type: disc;'>\n<li style='margin-bottom: 5px;'><strong>Entrada de audio:<\/strong> Micr\u00f3fonos integrados de hasta 1&comma;5 m<\/li>\n<li style='margin-bottom: 5px;'><strong>Salida de audio:<\/strong> Altavoz HD 2W&comma; hasta 3m<\/li>\n<\/ul><\/div>\n<\/p><\/div>\n<div style='flex: 1 1 250px; border: 1px solid rgba(150&comma; 150&comma; 150&comma; 0.4); border-radius: 8px; overflow: hidden; display: flex; flex-direction: column;'>\n<div style='padding: 15px; border-bottom: 1px solid rgba(150&comma; 150&comma; 150&comma; 0.2); font-weight: bold; font-size: 18px; color: inherit;'>Contenido del Paquete<\/div>\n<div style='padding: 15px; color: inherit;'>\n<ul style='padding-left: 20px; margin: 0; font-size: 14px; list-style-type: disc;'>\n<li style='margin-bottom: 5px;'><strong>Contenido del Paquete:<\/strong> Intercomunicador GDS3712&comma; accesorios para instalar.<\/li>\n<\/ul><\/div>\n<\/p><\/div>\n<\/p><\/div>\n<\/p><\/div>\n<p> <!-- PDF Embed --> <\/p>\n<div style='margin-bottom: 30px;'>\n<h3 style='font-size: 22px; border-bottom: 2px solid currentColor; padding-bottom: 5px; margin-top: 0; margin-bottom: 15px; color: inherit; opacity: 0.8;'>Documentaci\u00f3n<\/h3>\n<p style='margin-bottom: 15px; font-size: 15px; color: inherit;'>Descargue la documentaci\u00f3n t\u00e9cnica del producto:<\/p>\n<div style='display: flex; flex-wrap: wrap; gap: 15px; align-items: center;'> <a style='display: inline-block; padding: 10px 20px; background-color: #1056BC; color: white; text-decoration: none; border-radius: 4px; font-size: 14px;' href='file:\/\/\/C%3A\/Users\/Jorge%20Moctezuma\/Desktop\/gds3710_use_cases.pdf' target='_blank'>Descargar PDF<\/a> <\/div>\n<\/p><\/div>\n<p> <!-- Separador final --> <\/p>\n<hr style='border: 0; border-top: 1px solid rgba(150&comma; 150&comma; 150&comma; 0.3); margin: 30px 0;'> <\/div>\n","protected":false},"excerpt":{"rendered":"<p>Video Intercomunicador IP (SIP), apertura por c\u00f3digo, Antivand\u00e1lico IK10, 2 relevadores, IP66, PoE<\/p>\n","protected":false},"featured_media":25366,"comment_status":"open","ping_status":"closed","template":"","meta":[],"product_brand":[],"product_cat":[907],"product_tag":[909,908,557],"class_list":{"0":"post-25367","1":"product","2":"type-product","3":"status-publish","4":"has-post-thumbnail","6":"product_cat-interfones","7":"product_tag-grandstream","8":"product_tag-interfones","9":"product_tag-videoporteros-e-interfonos","11":"first","12":"instock","13":"sale","14":"shipping-taxable","15":"purchasable","16":"product-type-simple"},"_links":{"self":[{"href":"https:\/\/soydeaqui.ddns.net\/pachuca\/index.php\/wp-json\/wp\/v2\/product\/25367","targetHints":{"allow":["GET"]}}],"collection":[{"href":"https:\/\/soydeaqui.ddns.net\/pachuca\/index.php\/wp-json\/wp\/v2\/product"}],"about":[{"href":"https:\/\/soydeaqui.ddns.net\/pachuca\/index.php\/wp-json\/wp\/v2\/types\/product"}],"replies":[{"embeddable":true,"href":"https:\/\/soydeaqui.ddns.net\/pachuca\/index.php\/wp-json\/wp\/v2\/comments?post=25367"}],"wp:featuredmedia":[{"embeddable":true,"href":"https:\/\/soydeaqui.ddns.net\/pachuca\/index.php\/wp-json\/wp\/v2\/media\/25366"}],"wp:attachment":[{"href":"https:\/\/soydeaqui.ddns.net\/pachuca\/index.php\/wp-json\/wp\/v2\/media?parent=25367"}],"wp:term":[{"taxonomy":"product_brand","embeddable":true,"href":"https:\/\/soydeaqui.ddns.net\/pachuca\/index.php\/wp-json\/wp\/v2\/product_brand?post=25367"},{"taxonomy":"product_cat","embeddable":true,"href":"https:\/\/soydeaqui.ddns.net\/pachuca\/index.php\/wp-json\/wp\/v2\/product_cat?post=25367"},{"taxonomy":"product_tag","embeddable":true,"href":"https:\/\/soydeaqui.ddns.net\/pachuca\/index.php\/wp-json\/wp\/v2\/product_tag?post=25367"}],"curies":[{"name":"wp","href":"https:\/\/api.w.org\/{rel}","templated":true}]}}