{"id":25346,"date":"2026-03-18T11:52:10","date_gmt":"2026-03-18T11:52:10","guid":{"rendered":"https:\/\/soydeaqui.ddns.net\/pachuca\/index.php\/producto\/kit-de-control-de-acceso-todo-incluido-con-lector-de-rostros-qrs-tarjetas-y-huellas-3000-rostros-compatible-con-app-hik-connect-videoportero-incluye-electroiman-boton-de-salida-y-montajes\/"},"modified":"2026-03-18T11:52:14","modified_gmt":"2026-03-18T11:52:14","slug":"kit-de-control-de-acceso-todo-incluido-con-lector-de-rostros-qrs-tarjetas-y-huellas-3000-rostros-compatible-con-app-hik-connect-videoportero-incluye-electroiman-boton-de-salida-y-montajes","status":"publish","type":"product","link":"https:\/\/soydeaqui.ddns.net\/pachuca\/index.php\/producto\/kit-de-control-de-acceso-todo-incluido-con-lector-de-rostros-qrs-tarjetas-y-huellas-3000-rostros-compatible-con-app-hik-connect-videoportero-incluye-electroiman-boton-de-salida-y-montajes\/","title":{"rendered":"Kit de Control de Acceso TODO INCLUIDO con Lector de Rostros, QRs , Tarjetas y Huellas \/ 3,000 Rostros \/ Compatible con App Hik-Connect \/ Videoportero \/ Incluye Electroim\u00e1n  Bot\u00f3n de Salida y Montajes Z y L para im\u00e1n \/ HIK-IA"},"content":{"rendered":"<div style='width: 100%; max-width: 1200px; margin: 0 auto; font-family: sans-serif; line-height: 1.6; color: inherit; background-color: transparent;'> <!-- Imagen principal --> <\/p>\n<div style='width: 100%; margin-bottom: 30px;'> <img style='width: 100%; height: auto; border: 1px solid rgba(150&comma;150&comma;150&comma;0.3); border-radius: 8px;' src='https:\/\/ftp3.syscom.mx\/usuarios\/fespinoza\/HIKVISION\/Dispositivos\/Banners\/Deep-learning-2.jpg' alt=''> <\/div>\n<p> <!-- Videos --> <\/p>\n<div style='display: flex; flex-wrap: wrap; gap: 30px; margin-bottom: 30px;'>\n<div style='flex: 1 1 300px; min-width: 280px;'>\n<div style='position: relative; padding-bottom: 56.25%; height: 0; overflow: hidden; margin-bottom: 15px;'>   <\/div>\n<h3 style='font-size: 22px; text-align: center; margin-top: 10px; margin-bottom: 0; color: inherit; opacity: 0.8;'>Demostraci\u00f3n de Velocidad Deep Learning<\/h3>\n<\/p><\/div>\n<div style='flex: 1 1 300px; min-width: 280px;'>\n<div style='position: relative; padding-bottom: 56.25%; height: 0; overflow: hidden; margin-bottom: 15px;'>   <\/div>\n<h3 style='font-size: 22px; text-align: center; margin-top: 10px; margin-bottom: 0; color: inherit; opacity: 0.8;'>Prueba en Gemelos con Deep Learning<\/h3>\n<\/p><\/div>\n<div style='flex: 1 1 300px; min-width: 280px;'>\n<div style='position: relative; padding-bottom: 56.25%; height: 0; overflow: hidden; margin-bottom: 15px;'>   <\/div>\n<h3 style='font-size: 22px; text-align: center; margin-top: 10px; margin-bottom: 0; color: inherit; opacity: 0.8;'>Velocidad en Torniquetes con Deep Learning<\/h3>\n<\/p><\/div>\n<\/p><\/div>\n<p> <!-- Secciones de caracter\u00edsticas --> <\/p>\n<div style='display: flex; flex-wrap: wrap; gap: 30px; margin-bottom: 30px;'>\n<div style='flex: 1 1 300px; min-width: 280px;'>\n<h3 style='font-size: 22px; border-bottom: 2px solid currentColor; padding-bottom: 5px; margin-top: 0; color: inherit; opacity: 0.8;'>Caracter\u00edsticas principales<\/h3>\n<ul style='padding-left: 20px; font-size: 15px; color: inherit;'>\n<li style='margin-bottom: 5px;'>Pantalla t\u00e1ctil de 4.3 pulgadas<\/li>\n<li style='margin-bottom: 5px;'>C\u00e1mara 2 MP con lente doble&comma; de gran angular<\/li>\n<li style='margin-bottom: 5px;'>Distancia de detecci\u00f3n de los rostros: 0.3 mts hasta 3 mts<\/li>\n<li style='margin-bottom: 5px;'>Distancia de Reconocimiento 0.3 a 1.5 m<\/li>\n<li style='margin-bottom: 5px;'>Soporta hasta 3&comma;000 rostros<\/li>\n<li style='margin-bottom: 5px;'>Capacidad para 150&comma;000 eventos<\/li>\n<li style='margin-bottom: 5px;'>Soporta hasta 3&comma;000 huellas<\/li>\n<li style='margin-bottom: 5px;'>Soporta hasta 3&comma;000 tarjetas (Mifare)<\/li>\n<li style='margin-bottom: 5px;'>Tarjetas recomendadas: ACCESSCARM1K&comma; ACCESSCARDM4K&comma; ACCESKFBM1K&comma; ACCESSWB65M1K&comma; ACCESSWB74M1K <a style='color: inherit; text-decoration: underline;' href='https:\/\/www.syscom.mx\/principal\/promociones\/tarjetas_mifare-7359.html?ordenar=Relevancia&#038;pag=1'>Ver aqu\u00ed<\/a><\/li>\n<li style='margin-bottom: 5px;'>Funcionamiento Aut\u00f3nomo o con IVMS4200<\/li>\n<\/ul><\/div>\n<div style='flex: 1 1 300px; min-width: 280px;'>\n<h3 style='font-size: 22px; border-bottom: 2px solid currentColor; padding-bottom: 5px; margin-top: 0; color: inherit; opacity: 0.8;'>Caracter\u00edsticas F\u00edsicas y El\u00e9ctricas<\/h3>\n<ul style='padding-left: 20px; font-size: 15px; color: inherit;'>\n<li style='margin-bottom: 5px;'>Alimentaci\u00f3n: 12 Vcc \/ 2 Amp \/ 24 W. (Incluido)<\/li>\n<li style='margin-bottom: 5px;'>Aplicaci\u00f3n: Interior \/ Exterior protegido (IP65 solo el biometrico)<\/li>\n<li style='margin-bottom: 5px;'>Temperatura: -30 \u00b0C to 60 \u00b0C (-22 \u00b0F to 140 \u00b0F)<\/li>\n<li style='margin-bottom: 5px;'>Dimensiones: 172.5 mm \u00d7 83.2 mm \u00d7 22.7 mm<\/li>\n<\/ul>\n<h4 style='font-size: 18px; margin-top: 20px; margin-bottom: 10px; color: inherit; opacity: 0.8;'>Interfaces:<\/h4>\n<ul style='padding-left: 20px; font-size: 15px; color: inherit;'>\n<li style='margin-bottom: 5px;'>Cerradura El\u00e9ctrica: 1<\/li>\n<li style='margin-bottom: 5px;'>USB 2.0: 1<\/li>\n<li style='margin-bottom: 5px;'>RS-485: 1<\/li>\n<li style='margin-bottom: 5px;'>Bot\u00f3n de salida: 1<\/li>\n<li style='margin-bottom: 5px;'>Wiegand Configurable (Entrada\/Salida)<\/li>\n<\/ul><\/div>\n<div style='flex: 1 1 300px; min-width: 280px;'>\n<h3 style='font-size: 22px; border-bottom: 2px solid currentColor; padding-bottom: 5px; margin-top: 0; color: inherit; opacity: 0.8;'>Caracter\u00edsticas Destacadas<\/h3>\n<p style='font-size: 15px; color: inherit; margin-top: 10px; margin-bottom: 15px;'>El terminal frontal de la serie DS-K1T341 adopta un algoritmo DEEP LEARNING con HIK-IA que ayuda a reconocer el rostro de las personas m\u00e1s r\u00e1pido y con mayor precisi\u00f3n. Aplicable en escenarios&comma; como edificios&comma; empresas&comma; industrias y otras \u00e1reas importantes.<\/p>\n<h4 style='font-size: 18px; margin-top: 20px; margin-bottom: 10px; color: inherit; opacity: 0.8;'>El kit incluye:<\/h4>\n<ul style='padding-left: 20px; font-size: 15px; color: inherit;'>\n<li style='margin-bottom: 5px;'>Biometrico <a style='color: inherit; text-decoration: underline;' href='https:\/\/www.syscom.mx\/principal\/searchcont?route=DS-K1T341AMF-HIKVISION-183642&#038;autodetect=dsk1t341'>DS-K1T341AMF \/ DSK1T341CMF<\/a><\/li>\n<li style='margin-bottom: 5px;'>Chapa magn\u00e9tica <a style='color: inherit; text-decoration: underline;' href='https:\/\/www.syscom.mx\/principal\/searchcont?route=DS-K4H258S-HIKVISION-176625&#038;autodetect=dsk4h'>DS-K4H258S<\/a><\/li>\n<li style='margin-bottom: 5px;'>Montajes Z y L para chapa <a style='color: inherit; text-decoration: underline;' href='https:\/\/www.syscom.mx\/principal\/searchcont?route=DS-K4H258-L\/Z-HIKVISION-176632&#038;autodetect=dsk4h'>DS-K4H258-L\/Z<\/a><\/li>\n<li style='margin-bottom: 5px;'>Bot\u00f3n sin contacto <a style='color: inherit; text-decoration: underline;' href='https:\/\/www.syscom.mx\/principal\/searchcont?route=DS-K7P03-HIKVISION-163079&#038;autodetect=dsk7p03'>DS-K7P03<\/a><\/li>\n<li style='margin-bottom: 5px;'>1x Tarjeta Mifare<\/li>\n<li style='margin-bottom: 5px;'>Fuente de alimentaci\u00f3n 12 Vcc<\/li>\n<\/ul>\n<h4 style='font-size: 18px; margin-top: 20px; margin-bottom: 10px; color: inherit; opacity: 0.8;'>Monitores compatibles:<\/h4>\n<ul style='padding-left: 20px; font-size: 15px; color: inherit;'>\n<li style='margin-bottom: 5px;'><a style='color: inherit; text-decoration: underline;' href='https:\/\/www.syscom.mx\/principal\/searchcont?route=DS-KH6220-LE1-HIKVISION-189752&#038;autodetect=dskh6220'>DS-KH6220-LE1<\/a> (solo local&comma; sin llamada a la App)<\/li>\n<li style='margin-bottom: 5px;'><a style='color: inherit; text-decoration: underline;' href='https:\/\/www.syscom.mx\/principal\/searchcont?route=DS-KH6320-WTE1-HIKVISION-170761&#038;autodetect=DSKH6310'>DS-KH6320-WTE1<\/a><\/li>\n<li style='margin-bottom: 5px;'><a style='color: inherit; text-decoration: underline;' href='https:\/\/www.syscom.mx\/principal\/searchcont?route=DS-KH8520-WTE1-HIKVISION-170927&#038;autodetect=DSKH'>DS-KH8520-WTE1<\/a><\/li>\n<li style='margin-bottom: 5px;'><a style='color: inherit; text-decoration: underline;' href='https:\/\/www.syscom.mx\/principal\/searchcont?route=DS-KH9510-WTE1-HIKVISION-194544&#038;autodetect=dskh9'>DS-KH9510-WTE1<\/a><\/li>\n<li style='margin-bottom: 5px;'><a style='color: inherit; text-decoration: underline;' href='https:\/\/www.syscom.mx\/principal\/searchcont?route=DS-KH9310-WTE1-HIKVISION-194536&#038;autodetect=dskh9'>DS-KH9310-WTE1<\/a><\/li>\n<\/ul><\/div>\n<\/p><\/div>\n<p> <!-- Consideraciones --> <\/p>\n<div style='margin-bottom: 30px;'>\n<h3 style='font-size: 22px; border-bottom: 2px solid currentColor; padding-bottom: 5px; margin-top: 0; color: inherit; opacity: 0.8;'>Consideraciones<\/h3>\n<ul style='padding-left: 20px; font-size: 15px; color: inherit;'>\n<li style='margin-bottom: 5px;'>Compatible con P2P a trav\u00e9s de APP Hik-Connect solo para apertura y monitoreo de c\u00e1mara remotamente desde cualquier parte del mundo<\/li>\n<li style='margin-bottom: 5px;'>Recepci\u00f3n de llamada de videoportero (1 sola cuenta)<\/li>\n<li style='margin-bottom: 5px;'>Sin IP p\u00fablica fija \/ Sin DDNS (En la NUBE)<\/li>\n<\/ul><\/div>\n<p> <!-- Imagen final --> <\/p>\n<div style='width: 100%; margin-bottom: 30px;'> <img style='width: 100%; height: auto; border: 1px solid rgba(150&comma;150&comma;150&comma;0.3); border-radius: 8px;' src='https:\/\/ftp3.syscom.mx\/usuarios\/fotos\/DSK1T607E\/171893-hikvision-controlacceso.png' alt=''> <\/div>\n<p> <!-- Video final --> <\/p>\n<div style='position: relative; padding-bottom: 56.25%; height: 0; overflow: hidden; margin-bottom: 30px;'>   <\/div>\n<\/p><\/div>\n","protected":false},"excerpt":{"rendered":"<p>Kit de Control de Acceso TODO INCLUIDO con Lector de Rostros, QRs , Tarjetas y Huellas \/ 3,000 Rostros \/ Compatible con App Hik-Connect \/ Videoportero \/ Incluye Electroim\u00e1n  Bot\u00f3n de Salida y Montajes Z y L para im\u00e1n \/ HIK-IA<\/p>\n","protected":false},"featured_media":25345,"comment_status":"open","ping_status":"closed","template":"","meta":[],"product_brand":[],"product_cat":[806],"product_tag":[744,54,807],"class_list":{"0":"post-25346","1":"product","2":"type-product","3":"status-publish","4":"has-post-thumbnail","6":"product_cat-para-control-de-acceso","7":"product_tag-biometricos","8":"product_tag-hikvision","9":"product_tag-para-control-de-acceso","11":"first","12":"outofstock","13":"sale","14":"shipping-taxable","15":"purchasable","16":"product-type-simple"},"_links":{"self":[{"href":"https:\/\/soydeaqui.ddns.net\/pachuca\/index.php\/wp-json\/wp\/v2\/product\/25346","targetHints":{"allow":["GET"]}}],"collection":[{"href":"https:\/\/soydeaqui.ddns.net\/pachuca\/index.php\/wp-json\/wp\/v2\/product"}],"about":[{"href":"https:\/\/soydeaqui.ddns.net\/pachuca\/index.php\/wp-json\/wp\/v2\/types\/product"}],"replies":[{"embeddable":true,"href":"https:\/\/soydeaqui.ddns.net\/pachuca\/index.php\/wp-json\/wp\/v2\/comments?post=25346"}],"wp:featuredmedia":[{"embeddable":true,"href":"https:\/\/soydeaqui.ddns.net\/pachuca\/index.php\/wp-json\/wp\/v2\/media\/25345"}],"wp:attachment":[{"href":"https:\/\/soydeaqui.ddns.net\/pachuca\/index.php\/wp-json\/wp\/v2\/media?parent=25346"}],"wp:term":[{"taxonomy":"product_brand","embeddable":true,"href":"https:\/\/soydeaqui.ddns.net\/pachuca\/index.php\/wp-json\/wp\/v2\/product_brand?post=25346"},{"taxonomy":"product_cat","embeddable":true,"href":"https:\/\/soydeaqui.ddns.net\/pachuca\/index.php\/wp-json\/wp\/v2\/product_cat?post=25346"},{"taxonomy":"product_tag","embeddable":true,"href":"https:\/\/soydeaqui.ddns.net\/pachuca\/index.php\/wp-json\/wp\/v2\/product_tag?post=25346"}],"curies":[{"name":"wp","href":"https:\/\/api.w.org\/{rel}","templated":true}]}}